{"id":5918,"date":"2023-09-19T08:58:43","date_gmt":"2023-09-19T06:58:43","guid":{"rendered":"https:\/\/archive.displayeurope.eu\/dotacje\/"},"modified":"2023-12-11T22:30:32","modified_gmt":"2023-12-11T21:30:32","slug":"dotacje","status":"publish","type":"page","link":"https:\/\/archive.displayeurope.eu\/pl\/dotacje\/","title":{"rendered":"Dotacje"},"content":{"rendered":"<h1>Dotacje<\/h1>\n<p>W ramach projektu Display Europe og\u0142oszono dwa nabory grantowe &#8211; <a href=\"https:\/\/culturalfoundation.eu\/programmes\/display-europe\/\"><br \/>\n  <u><br \/>\n    <em>Display Europe Grant Call<\/em><br \/>\n  <\/u><br \/>\n<\/a> oraz konkurs na <em>mikrogranty <\/em>Display Europe, koordynowane przez Europejsk\u0105 Fundacj\u0119 Kultury (jednego z partner\u00f3w konsorcjum Display Europe).<em> <\/em>zaprosi\u0142 cz\u0142onk\u00f3w spo\u0142eczno\u015bci medialnej do zg\u0142aszania propozycji, kt\u00f3re, je\u015bli zostan\u0105 wybrane, stan\u0105 si\u0119 oryginaln\u0105 tre\u015bci\u0105 stworzon\u0105 i dost\u0119pn\u0105 na platformie displayeurope.eu. Ta suwerenna platforma cyfrowa o otwartym kodzie \u017ar\u00f3d\u0142owym promuje demokracj\u0119, wzmacniaj\u0105c pozycj\u0119 obywateli dzi\u0119ki autentycznym obrazom wieloaspektowej rzeczywisto\u015bci Europy. Wsp\u00f3\u0142praca transgraniczna, zaanga\u017cowanie w d\u0105\u017cenie do doskona\u0142o\u015bci dziennikarskiej i ciekawe podej\u015bcie do temat\u00f3w og\u00f3lnoeuropejskich by\u0142y jednymi z kryteri\u00f3w nagrodzonych wniosk\u00f3w, ocenianych przez niezale\u017cne jury.<\/p>\n<p>Poniewa\u017c Display reprezentuje niezale\u017cne media, kt\u00f3re daj\u0105 g\u0142os i twarz dyskryminowanym i uciskanym mniejszo\u015bciom, kt\u00f3re staj\u0105 w obronie praw podstawowych i swob\u00f3d obywatelskich, wyb\u00f3r siedmiu inicjatyw maj\u0105cych na celu kszta\u0142towanie przysz\u0142o\u015bci europejskiej narracji medialnej zosta\u0142 przedstawiony w ramach Display Europe Grant Call. Projekty te, pochodz\u0105ce z W\u0142och, Holandii, S\u0142owenii, Portugalii i Francji, zosta\u0142y wybrane ze wzgl\u0119du na ich niezachwiane zaanga\u017cowanie w kszta\u0142towanie europejskiej historii.<\/p>\n<h2>Wybrane propozycje to:<\/h2>\n<p>\t\t\t\t<a href=\"https:\/\/spheranetwork.com\/\" tabindex=\"-1\"><br \/>\n\t\t\t\t\t\t\t\t<\/a><\/p>\n<h4>\n\t\t\t\t\t<a href=\"https:\/\/spheranetwork.com\/\" ><br \/>\n\t\t\t\t\t\tTo jest nag\u0142\u00f3wek\t\t\t\t\t<\/a><br \/>\n\t\t\t\t<\/h4>\n<p>\n\t\t\t\t\t\t&#8222;European Youth and the Climate Emergency&#8221; to wci\u0105gaj\u0105ca seria wideo, dost\u0119pna w siedmiu j\u0119zykach UE, zag\u0142\u0119biaj\u0105ca si\u0119 w kryzys klimatyczny w Europie i podkre\u015blaj\u0105ca odporno\u015b\u0107 i determinacj\u0119 m\u0142odych Europejczyk\u00f3w.\t\t\t\t\t<\/p>\n<p>\t\t\t\t<a href=\"https:\/\/www.heretosupport.nl\/cityrightsradio\" tabindex=\"-1\"><br \/>\n\t\t\t\t\t\t\t\t<\/a><\/p>\n<h4>\n\t\t\t\t\t<a href=\"https:\/\/www.heretosupport.nl\/cityrightsradio\" ><br \/>\n\t\t\t\t\t\tTo jest nag\u0142\u00f3wek\t\t\t\t\t<\/a><br \/>\n\t\t\t\t<\/h4>\n<p>\n\t\t\t\t\t\tTen podcast, stworzony przez nieudokumentowanych obywateli Amsterdamu, wzmacnia g\u0142osy zmarginalizowanych, k\u0142ad\u0105c nacisk na do\u015bwiadczenia \u017cyciowe, analizy polityczne i sojusze spo\u0142eczno\u015bci.\t\t\t\t\t<\/p>\n<h4>\n\t\t\t\t\t\tTo jest nag\u0142\u00f3wek<br \/>\n\t\t\t\t<\/h4>\n<p>\n\t\t\t\t\t\t&#8222;Migration IRL&#8221; rzuca wyzwanie dominuj\u0105cym narracjom o migrantach, badaj\u0105c prawdziwe historie, pokazuj\u0105c \u017cywy wk\u0142ad migrant\u00f3w w S\u0142owenii, Bo\u015bni i Hercegowinie, Serbii i Polsce oraz ich reprezentacj\u0119 i integracj\u0119 w spo\u0142ecze\u0144stwie.\t\t\t\t\t<\/p>\n<p>\t\t\t\t<a href=\"https:\/\/divergente.pt\/abstencao-de-voto\/?lang=en\" tabindex=\"-1\"><br \/>\n\t\t\t\t\t\t\t\t<\/a><\/p>\n<h4>\n\t\t\t\t\t<a href=\"https:\/\/divergente.pt\/abstencao-de-voto\/?lang=en\" ><br \/>\n\t\t\t\t\t\tBomba zegarowa dla nieg\u0142osuj\u0105cych (Portugalia)\t\t\t\t\t<\/a><br \/>\n\t\t\t\t<\/h4>\n<p>\n\t\t\t\t\t\tBadaj\u0105c wzrost liczby os\u00f3b nieg\u0142osuj\u0105cych, inicjatywa ta humanizuje statystyki, zag\u0142\u0119biaj\u0105c si\u0119 w osobiste historie i czynniki spo\u0142eczne, aby zrozumie\u0107 brak zaanga\u017cowania obywatelskiego i jego konsekwencje dla demokracji.\t\t\t\t\t<\/p>\n<h4>\n\t\t\t\t\t\tOsoby transp\u0142ciowe w wi\u0119zieniach (Francja)<br \/>\n\t\t\t\t<\/h4>\n<p>\n\t\t\t\t\t\tTa seria podcast\u00f3w rzuca \u015bwiat\u0142o na wyzwania stoj\u0105ce przed osobami transp\u0142ciowymi w europejskich wi\u0119zieniach, opowiadaj\u0105c si\u0119 za widoczno\u015bci\u0105, integracj\u0105 i prawami cz\u0142owieka.\t\t\t\t\t<\/p>\n<h4>\n\t\t\t\t\t\tInclusive Ondes (Francja)<br \/>\n\t\t\t\t<\/h4>\n<p>\n\t\t\t\t\t\tPoprzez podcasty i filmy w j\u0119zyku baskijskim, &#8222;Inclusive Ondes&#8221; wype\u0142nia luki kulturowe, omawiaj\u0105c kwestie zwi\u0105zane z lokalnymi falami migracyjnymi przez historyczn\u0105 rzek\u0119 Bidasoa, a tak\u017ce globalne konteksty migracyjne, z udzia\u0142em lider\u00f3w instytucjonalnych, sieci obywatelskich i imigrant\u00f3w.\t\t\t\t\t<\/p>\n<h4>\n\t\t\t\t\t\t&#8222;Jak sobie radzi\u0107&#8221; w Europie Zachodniej: Do\u015bwiadczenia m\u0142odych kobiet z Europy Wschodniej (Francja)<br \/>\n\t\t\t\t<\/h4>\n<p>\n\t\t\t\t\t\tInicjatywa ta pokazuje wyzwania i do\u015bwiadczenia m\u0142odych kobiet z Europy Wschodniej w Europie Zachodniej, wspieraj\u0105c zrozumienie i empati\u0119, jednocze\u015bnie niweluj\u0105c podzia\u0142y kulturowe.\t\t\t\t\t<\/p>\n<p>D\u0105\u017c\u0105c do zrewolucjonizowania krajobrazu medialnego poprzez dostarczanie Europejczykom r\u00f3\u017cnorodnych, wiarygodnych informacji spoza g\u0142\u00f3wnego nurtu narracji, Display Europe publikuje r\u00f3wnie\u017c w listopadzie <em>zaproszenie do mikrogrant\u00f3w Display<\/em> Europe, kt\u00f3re zaprasza ma\u0142e organizacje medialne i dziennikarzy zainteresowanych wsp\u00f3\u0142prac\u0105 transgraniczn\u0105. Wi\u0119cej informacji o zaproszeniu tutaj (TBC). <\/p>\n<p>Je\u015bli masz jakiekolwiek pytania dotycz\u0105ce procesu aplikacji lub inne pytania, skontaktuj si\u0119 z <a href=\"mailto:grants@displayeurope.eu\"><br \/>\n  <u>grants@displayeurope.eu<\/u><br \/>\n<\/a>.<\/p>\n<p>W\u015br\u00f3d kryteri\u00f3w przyznawania nagr\u00f3d, ocenianych przez niezale\u017cne jury, znalaz\u0142o si\u0119 d\u0105\u017cenie do doskona\u0142o\u015bci dziennikarskiej i ciekawe podej\u015bcie do temat\u00f3w og\u00f3lnoeuropejskich.<\/p>\n","protected":false},"excerpt":{"rendered":"<p>Dotacje W ramach projektu Display Europe og\u0142oszono dwa nabory grantowe &#8211; Display Europe Grant Call oraz konkurs na mikrogranty Display Europe, koordynowane przez Europejsk\u0105 Fundacj\u0119 Kultury (jednego z partner\u00f3w konsorcjum Display Europe). zaprosi\u0142 cz\u0142onk\u00f3w spo\u0142eczno\u015bci medialnej do zg\u0142aszania propozycji, kt\u00f3re, je\u015bli zostan\u0105 wybrane, stan\u0105 si\u0119 oryginaln\u0105 tre\u015bci\u0105 stworzon\u0105 i dost\u0119pn\u0105 na platformie displayeurope.eu. Ta suwerenna [&hellip;]<\/p>\n","protected":false},"author":1,"featured_media":0,"parent":0,"menu_order":0,"comment_status":"closed","ping_status":"closed","template":"","meta":{"footnotes":""},"class_list":["post-5918","page","type-page","status-publish","hentry"],"_links":{"self":[{"href":"https:\/\/archive.displayeurope.eu\/pl\/wp-json\/wp\/v2\/pages\/5918","targetHints":{"allow":["GET"]}}],"collection":[{"href":"https:\/\/archive.displayeurope.eu\/pl\/wp-json\/wp\/v2\/pages"}],"about":[{"href":"https:\/\/archive.displayeurope.eu\/pl\/wp-json\/wp\/v2\/types\/page"}],"author":[{"embeddable":true,"href":"https:\/\/archive.displayeurope.eu\/pl\/wp-json\/wp\/v2\/users\/1"}],"replies":[{"embeddable":true,"href":"https:\/\/archive.displayeurope.eu\/pl\/wp-json\/wp\/v2\/comments?post=5918"}],"version-history":[{"count":0,"href":"https:\/\/archive.displayeurope.eu\/pl\/wp-json\/wp\/v2\/pages\/5918\/revisions"}],"wp:attachment":[{"href":"https:\/\/archive.displayeurope.eu\/pl\/wp-json\/wp\/v2\/media?parent=5918"}],"curies":[{"name":"wp","href":"https:\/\/api.w.org\/{rel}","templated":true}]}}