{"id":6007,"date":"2023-05-18T09:40:46","date_gmt":"2023-05-18T07:40:46","guid":{"rendered":"https:\/\/archive.displayeurope.eu\/home\/"},"modified":"2024-08-28T15:04:28","modified_gmt":"2024-08-28T13:04:28","slug":"dom","status":"publish","type":"page","link":"https:\/\/archive.displayeurope.eu\/pl\/","title":{"rendered":"Strona g\u0142\u00f3wna"},"content":{"rendered":"\r\n\t<div class=\"post-list\">\r\n\r\n\t\t\r\n\r\n\t\t\r\n\t\t\t<div class=\"post-item post-item-eayxfvdhdab4ari457n5iy4nnhm\">\r\n\t\t\t\t<div class=\"thumbnail-wrapper\">\r\n\t\t\t\t\t<a href=\"https:\/\/archive.displayeurope.eu\/pl\/preview\/eayxfvdhdab4ari457n5iy4nnhm-gdy-zbliza-sie-dzien-wyborow-skrajnie-prawicowa-zapora-ogniowa-w-niemczech-drzy-ale-trzyma-sie-mocno\/\">\r\n\t\t\t\t\t\t<img decoding=\"async\" class=\"thumbnail-image\" src=\"https:\/\/voxeurop.eu\/wp-content\/uploads\/2025\/02\/voxeurop-germany-Rahma.png\">\r\n\t\t\t\t\t<\/a>\r\n\t\t\t\t<\/div>\r\n\t\t\t\t<div class=\"post-content\">\r\n\t\t\t\t\t<div class=\"author-meta\">\r\n\t\t\t\t\t\t\r\n\t\t\t\t\t\t\t\t\t\t\t\t\t\t<a target=\"_blank\" href=\"https:\/\/archive.displayeurope.eu\/pl\/authors\/voxeurop\/\">\r\n\t\t\t\t\t\t\t\r\n\t\t\t\t\t\t\t\t\t\t\t\t\t\t\t<img decoding=\"async\" class=\"author-image-in-list\" src=\"https:\/\/archive.displayeurope.eu\/wp-content\/uploads\/2023\/12\/Logo_actuel_de_Voxeurop.png\" alt=\"Voxeurop\">\r\n\t\t\t\t\t\t\t\r\n\t\t\t\t\t\t\t\t\t\t\t\t\t\t<\/a>\r\n\t\t\t\t\t\t\t\r\n\t\t\t\t\t\t\r\n\t\t\t\t\t\t\t\t\t\t\t\t\t<span class=\"origin-badge origin-badge-federated\">Tre\u015bci federacyjne<\/span>\r\n\t\t\t\t\t\t\t\t\t\t\t<\/div>\r\n\t\t\t\t\t<h2 class=\"post-title\"><a href=\"https:\/\/archive.displayeurope.eu\/pl\/preview\/eayxfvdhdab4ari457n5iy4nnhm-gdy-zbliza-sie-dzien-wyborow-skrajnie-prawicowa-zapora-ogniowa-w-niemczech-drzy-ale-trzyma-sie-mocno\/\">Gdy zbli\u017ca si\u0119 dzie\u0144 wybor\u00f3w, skrajnie prawicowa zapora ogniowa w Niemczech dr\u017cy, ale trzyma si\u0119 mocno<\/a><\/h2>\r\n\t\t\t\t\t<div class=\"post-excerpt\">\r\n\t\t\t\t\t\t\"Je\u015bli ma si\u0119 to nazywa\u0107 remigracj\u0105, to b\u0119dzie to oznacza\u0107 re-mi-gracj\u0119\", og\u0142osi\u0142a Alice Weidel na konferencji partyjnej AfD w Riesa na pocz\u0105tku stycznia, przy entuzjastycznym aplauzie - zaledwie rok po tym, jak to samo okre\u015blenie wywo\u0142a\u0142o fale uderzeniowe w Niemczech. Weidel jest pierwsz\u0105 kandydatk\u0105 AfD na urz\u0105d kanclerza od czasu jej za\u0142o\u017cenia w 2013 r.,&hellip;\t\t\t\t\t<\/div>\r\n\t\t\t\t\t<div class=\"post-meta\">\r\n\t\t\t\t\t\t<span class=\"post-date\">\r\n\t\t\t\t\t\t\t17 February, 2025\t\t\t\t\t\t<\/span>\r\n\r\n\t\t\t\t\t\t<div class=\"post-icons\">\r\n\t\t\t\t\t\t\t\t\t\t\t\t\t\t\t\t\t\t\t\t<\/div>\r\n\t\t\t\t\t<\/div>\r\n\t\t\t\t<\/div>\r\n\t\t\t<\/div>\r\n\r\n\t\t\r\n\t\t\t<div class=\"post-item post-item-eayxdeagmuyyqrpfqvxmcupvsso\">\r\n\t\t\t\t<div class=\"thumbnail-wrapper\">\r\n\t\t\t\t\t<a href=\"https:\/\/archive.displayeurope.eu\/pl\/preview\/eayxdeagmuyyqrpfqvxmcupvsso-czy-europa-moze-stawic-czola-amerykanskiemu-gigantowi-technologicznemu\/\">\r\n\t\t\t\t\t\t<img decoding=\"async\" class=\"thumbnail-image\" src=\"https:\/\/voxeurop.eu\/wp-content\/uploads\/2025\/02\/Nardi-Maga-Europe.png\">\r\n\t\t\t\t\t<\/a>\r\n\t\t\t\t<\/div>\r\n\t\t\t\t<div class=\"post-content\">\r\n\t\t\t\t\t<div class=\"author-meta\">\r\n\t\t\t\t\t\t\r\n\t\t\t\t\t\t\t\t\t\t\t\t\t\t<a target=\"_blank\" href=\"https:\/\/archive.displayeurope.eu\/pl\/authors\/voxeurop\/\">\r\n\t\t\t\t\t\t\t\r\n\t\t\t\t\t\t\t\t\t\t\t\t\t\t\t<img decoding=\"async\" class=\"author-image-in-list\" src=\"https:\/\/archive.displayeurope.eu\/wp-content\/uploads\/2023\/12\/Logo_actuel_de_Voxeurop.png\" alt=\"Voxeurop\">\r\n\t\t\t\t\t\t\t\r\n\t\t\t\t\t\t\t\t\t\t\t\t\t\t<\/a>\r\n\t\t\t\t\t\t\t\r\n\t\t\t\t\t\t\r\n\t\t\t\t\t\t\t\t\t\t\t\t\t<span class=\"origin-badge origin-badge-federated\">Tre\u015bci federacyjne<\/span>\r\n\t\t\t\t\t\t\t\t\t\t\t<\/div>\r\n\t\t\t\t\t<h2 class=\"post-title\"><a href=\"https:\/\/archive.displayeurope.eu\/pl\/preview\/eayxdeagmuyyqrpfqvxmcupvsso-czy-europa-moze-stawic-czola-amerykanskiemu-gigantowi-technologicznemu\/\">Czy Europa mo\u017ce stawi\u0107 czo\u0142a ameryka\u0144skiemu gigantowi technologicznemu?<\/a><\/h2>\r\n\t\t\t\t\t<div class=\"post-excerpt\">\r\n\t\t\t\t\t\tPowtarzaj\u0105ce si\u0119 interwencje Elona Muska, szefa portalu spo\u0142eczno\u015bciowego X (a tak\u017ce Tesli i SpaceX), rodz\u0105 trudne pytania. Czy europejska debata publiczna i wybory mog\u0105 by\u0107 kiedykolwiek wolne od plagi zagranicznej dezinformacji? A teraz do Muska do\u0142\u0105czy\u0142 TikTok, chi\u0144ska platforma, oraz Meta, firma kontrolowana przez Marka Zuckerberga, kt\u00f3ra obejmuje Facebook, Instagram, WhatsApp i Threads. Pisz\u0105c w&hellip;\t\t\t\t\t<\/div>\r\n\t\t\t\t\t<div class=\"post-meta\">\r\n\t\t\t\t\t\t<span class=\"post-date\">\r\n\t\t\t\t\t\t\t15 February, 2025\t\t\t\t\t\t<\/span>\r\n\r\n\t\t\t\t\t\t<div class=\"post-icons\">\r\n\t\t\t\t\t\t\t\t\t\t\t\t\t\t\t\t\t\t\t\t<\/div>\r\n\t\t\t\t\t<\/div>\r\n\t\t\t\t<\/div>\r\n\t\t\t<\/div>\r\n\r\n\t\t\r\n\t\t\t<div class=\"post-item post-item-eayw6dsd66slarnibq2iytafyzi\">\r\n\t\t\t\t<div class=\"thumbnail-wrapper\">\r\n\t\t\t\t\t<a href=\"https:\/\/archive.displayeurope.eu\/pl\/preview\/eayw6dsd66slarnibq2iytafyzi-hanna-perekhoda-walka-o-wolnosc-w-ukrainie-jest-scisle-zwiazana-z-globalna-walka-z-silami-faszystowskimi\/\">\r\n\t\t\t\t\t\t<img decoding=\"async\" class=\"thumbnail-image\" src=\"https:\/\/voxeurop.eu\/wp-content\/uploads\/2025\/02\/Hanna-Perekhoda-4.png\">\r\n\t\t\t\t\t<\/a>\r\n\t\t\t\t<\/div>\r\n\t\t\t\t<div class=\"post-content\">\r\n\t\t\t\t\t<div class=\"author-meta\">\r\n\t\t\t\t\t\t\r\n\t\t\t\t\t\t\t\t\t\t\t\t\t\t<a target=\"_blank\" href=\"https:\/\/archive.displayeurope.eu\/pl\/authors\/voxeurop\/\">\r\n\t\t\t\t\t\t\t\r\n\t\t\t\t\t\t\t\t\t\t\t\t\t\t\t<img decoding=\"async\" class=\"author-image-in-list\" src=\"https:\/\/archive.displayeurope.eu\/wp-content\/uploads\/2023\/12\/Logo_actuel_de_Voxeurop.png\" alt=\"Voxeurop\">\r\n\t\t\t\t\t\t\t\r\n\t\t\t\t\t\t\t\t\t\t\t\t\t\t<\/a>\r\n\t\t\t\t\t\t\t\r\n\t\t\t\t\t\t\r\n\t\t\t\t\t\t\t\t\t\t\t\t\t<span class=\"origin-badge origin-badge-federated\">Tre\u015bci federacyjne<\/span>\r\n\t\t\t\t\t\t\t\t\t\t\t<\/div>\r\n\t\t\t\t\t<h2 class=\"post-title\"><a href=\"https:\/\/archive.displayeurope.eu\/pl\/preview\/eayw6dsd66slarnibq2iytafyzi-hanna-perekhoda-walka-o-wolnosc-w-ukrainie-jest-scisle-zwiazana-z-globalna-walka-z-silami-faszystowskimi\/\">Hanna Perekhoda: \"Walka o wolno\u015b\u0107 w Ukrainie jest \u015bci\u015ble zwi\u0105zana z globaln\u0105 walk\u0105 z si\u0142ami faszystowskimi<\/a><\/h2>\r\n\t\t\t\t\t<div class=\"post-excerpt\">\r\n\t\t\t\t\t\tHanna Perekhoda jest historykiem i badaczem na Uniwersytecie w Lozannie - Instytut Studi\u00f3w Politycznych iCentrum Historii Mi\u0119dzynarodowej i Studi\u00f3w Politycznych nad Globalizacj\u0105, specjalizuj\u0105cym si\u0119 w nacjonalizmie w kontek\u015bcie Imperium Rosyjskiego i Zwi\u0105zku Radzieckiego. Jej badania doktoranckie analizuj\u0105 strategie polityczne bolszewik\u00f3w w Ukrainie w latach 1917-1920. Perekhoda bada r\u00f3wnie\u017c historyczny rozw\u00f3j rosyjskiej wyobra\u017ani politycznej, ze szczeg\u00f3lnym&hellip;\t\t\t\t\t<\/div>\r\n\t\t\t\t\t<div class=\"post-meta\">\r\n\t\t\t\t\t\t<span class=\"post-date\">\r\n\t\t\t\t\t\t\t11 February, 2025\t\t\t\t\t\t<\/span>\r\n\r\n\t\t\t\t\t\t<div class=\"post-icons\">\r\n\t\t\t\t\t\t\t\t\t\t\t\t\t\t\t\t\t\t\t\t<\/div>\r\n\t\t\t\t\t<\/div>\r\n\t\t\t\t<\/div>\r\n\t\t\t<\/div>\r\n\r\n\t\t\r\n\t\t\t<div class=\"post-item post-item-eayw43fil2nzqrmzlqo435k24ha\">\r\n\t\t\t\t<div class=\"thumbnail-wrapper\">\r\n\t\t\t\t\t<a href=\"https:\/\/archive.displayeurope.eu\/pl\/preview\/eayw43fil2nzqrmzlqo435k24ha-ci-ktorzy-walcza-i-ci-ktorzy-nie-walcza-ukraincy-wezwani-na-front-i-pokolenie-putina-w-rosji\/\">\r\n\t\t\t\t\t\t<img decoding=\"async\" class=\"thumbnail-image\" src=\"https:\/\/voxeurop.eu\/wp-content\/uploads\/2025\/02\/RUSSIA-UKRAINE-MOV-1-4.jpg\">\r\n\t\t\t\t\t<\/a>\r\n\t\t\t\t<\/div>\r\n\t\t\t\t<div class=\"post-content\">\r\n\t\t\t\t\t<div class=\"author-meta\">\r\n\t\t\t\t\t\t\r\n\t\t\t\t\t\t\t\t\t\t\t\t\t\t<a target=\"_blank\" href=\"https:\/\/archive.displayeurope.eu\/pl\/authors\/voxeurop\/\">\r\n\t\t\t\t\t\t\t\r\n\t\t\t\t\t\t\t\t\t\t\t\t\t\t\t<img decoding=\"async\" class=\"author-image-in-list\" src=\"https:\/\/archive.displayeurope.eu\/wp-content\/uploads\/2023\/12\/Logo_actuel_de_Voxeurop.png\" alt=\"Voxeurop\">\r\n\t\t\t\t\t\t\t\r\n\t\t\t\t\t\t\t\t\t\t\t\t\t\t<\/a>\r\n\t\t\t\t\t\t\t\r\n\t\t\t\t\t\t\r\n\t\t\t\t\t\t\t\t\t\t\t\t\t<span class=\"origin-badge origin-badge-federated\">Tre\u015bci federacyjne<\/span>\r\n\t\t\t\t\t\t\t\t\t\t\t<\/div>\r\n\t\t\t\t\t<h2 class=\"post-title\"><a href=\"https:\/\/archive.displayeurope.eu\/pl\/preview\/eayw43fil2nzqrmzlqo435k24ha-ci-ktorzy-walcza-i-ci-ktorzy-nie-walcza-ukraincy-wezwani-na-front-i-pokolenie-putina-w-rosji\/\">Ci, kt\u00f3rzy walcz\u0105 i ci, kt\u00f3rzy nie walcz\u0105: Ukrai\u0144cy wezwani na front i \"Pokolenie Putina\" w Rosji<\/a><\/h2>\r\n\t\t\t\t\t<div class=\"post-excerpt\">\r\n\t\t\t\t\t\tNiezale\u017cna rosyjska gazeta na uchod\u017astwie Meduza po\u015bwi\u0119ca d\u0142ugi artyku\u0142 (oryginalnie opublikowany w Signal, rosyjskoj\u0119zycznym biuletynie) o \"ludziach, kt\u00f3rzy osi\u0105gn\u0119li pe\u0142noletno\u015b\u0107, a teraz tworz\u0105 kohort\u0119 m\u0142odych doros\u0142ych, kt\u00f3rzy odziedzicz\u0105 wszystko po W\u0142adimirze Putinie w Rosji\". Jest to grupa, kt\u00f3r\u0105 prasa nazwa\u0142a \"Pokoleniem Putina\", co jest by\u0107 mo\u017ce niew\u0142a\u015bciwe, bior\u0105c pod uwag\u0119, \u017ce rosyjski przyw\u00f3dca jest u&hellip;\t\t\t\t\t<\/div>\r\n\t\t\t\t\t<div class=\"post-meta\">\r\n\t\t\t\t\t\t<span class=\"post-date\">\r\n\t\t\t\t\t\t\t10 February, 2025\t\t\t\t\t\t<\/span>\r\n\r\n\t\t\t\t\t\t<div class=\"post-icons\">\r\n\t\t\t\t\t\t\t\t\t\t\t\t\t\t\t\t\t\t\t\t<\/div>\r\n\t\t\t\t\t<\/div>\r\n\t\t\t\t<\/div>\r\n\t\t\t<\/div>\r\n\r\n\t\t\r\n\t\t\t<div class=\"post-item post-item-eayw42hwmynzarwlsnjj6rxd4uo\">\r\n\t\t\t\t<div class=\"thumbnail-wrapper\">\r\n\t\t\t\t\t<a href=\"https:\/\/archive.displayeurope.eu\/pl\/preview\/eayw42hwmynzarwlsnjj6rxd4uo-andriej-kurkow-potrzebowalismy-wojny-aby-pokazac-ze-ukraina-rozni-sie-od-rosji\/\">\r\n\t\t\t\t\t\t<img decoding=\"async\" class=\"thumbnail-image\" src=\"https:\/\/voxeurop.eu\/wp-content\/uploads\/2025\/02\/Kurkov-Ferrara-3.jpg\">\r\n\t\t\t\t\t<\/a>\r\n\t\t\t\t<\/div>\r\n\t\t\t\t<div class=\"post-content\">\r\n\t\t\t\t\t<div class=\"author-meta\">\r\n\t\t\t\t\t\t\r\n\t\t\t\t\t\t\t\t\t\t\t\t\t\t<a target=\"_blank\" href=\"https:\/\/archive.displayeurope.eu\/pl\/authors\/voxeurop\/\">\r\n\t\t\t\t\t\t\t\r\n\t\t\t\t\t\t\t\t\t\t\t\t\t\t\t<img decoding=\"async\" class=\"author-image-in-list\" src=\"https:\/\/archive.displayeurope.eu\/wp-content\/uploads\/2023\/12\/Logo_actuel_de_Voxeurop.png\" alt=\"Voxeurop\">\r\n\t\t\t\t\t\t\t\r\n\t\t\t\t\t\t\t\t\t\t\t\t\t\t<\/a>\r\n\t\t\t\t\t\t\t\r\n\t\t\t\t\t\t\r\n\t\t\t\t\t\t\t\t\t\t\t\t\t<span class=\"origin-badge origin-badge-federated\">Tre\u015bci federacyjne<\/span>\r\n\t\t\t\t\t\t\t\t\t\t\t<\/div>\r\n\t\t\t\t\t<h2 class=\"post-title\"><a href=\"https:\/\/archive.displayeurope.eu\/pl\/preview\/eayw42hwmynzarwlsnjj6rxd4uo-andriej-kurkow-potrzebowalismy-wojny-aby-pokazac-ze-ukraina-rozni-sie-od-rosji\/\">Andriej Kurkow: \"Potrzebowali\u015bmy wojny, aby pokaza\u0107, \u017ce Ukraina r\u00f3\u017cni si\u0119 od Rosji<\/a><\/h2>\r\n\t\t\t\t\t<div class=\"post-excerpt\">\r\n\t\t\t\t\t\tAndrea Pipino: Od pocz\u0105tku wieku stopniowo pe\u0142ni Pan rol\u0119 ambasadora ukrai\u0144skiej literatury za granic\u0105. Co sprawia, \u017ce jest to tak specyficzne? Dlaczego, Twoim zdaniem, tak si\u0119 sta\u0142o, zw\u0142aszcza bior\u0105c pod uwag\u0119 to, co sta\u0142o si\u0119 z Ukrain\u0105 po rosyjskiej inwazji w 2014 roku Andriej Kurkow: W\u0142a\u015bciwie zacz\u0105\u0142em w 1999 roku. W tamtym czasie nie by\u0142o&hellip;\t\t\t\t\t<\/div>\r\n\t\t\t\t\t<div class=\"post-meta\">\r\n\t\t\t\t\t\t<span class=\"post-date\">\r\n\t\t\t\t\t\t\t10 February, 2025\t\t\t\t\t\t<\/span>\r\n\r\n\t\t\t\t\t\t<div class=\"post-icons\">\r\n\t\t\t\t\t\t\t\t\t\t\t\t\t\t\t\t\t\t\t\t<\/div>\r\n\t\t\t\t\t<\/div>\r\n\t\t\t\t<\/div>\r\n\t\t\t<\/div>\r\n\r\n\t\t\t<\/div>\r\n\r\n\t\t\t<div class=\"autload-on-scroll\">\r\n\t\t\t<div class=\"text-center loading\" style=\"display: none;\">\r\n\t\t\t\t<div class=\"lds-ellipsis\"><div><\/div><div><\/div><div><\/div><div><\/div><\/div>\r\n\t\t\t<\/div>\r\n\t\t\t<form action=\"https:\/\/archive.displayeurope.eu\/wp-admin\/admin-ajax.php\" method=\"POST\" class=\"form-autoload\">\r\n\t\t\t\t<input type=\"hidden\" name=\"action\" value=\"dispeu_load_more\">\r\n\t\t\t\t\t\t\t\t\t<input type=\"hidden\" name=\"dispeu_group_id\" value=\"42976\">\r\n\t\t\t\t\t\t\t\t\t<input type=\"hidden\" name=\"dispeu_group_page\" value=\"2\">\r\n\t\t\t\t\t\t\t<\/form>\r\n\t\t<\/div>\r\n\t\r\n\n","protected":false},"excerpt":{"rendered":"","protected":false},"author":1,"featured_media":0,"parent":0,"menu_order":0,"comment_status":"closed","ping_status":"closed","template":"","meta":{"footnotes":""},"class_list":["post-6007","page","type-page","status-publish","hentry"],"_links":{"self":[{"href":"https:\/\/archive.displayeurope.eu\/pl\/wp-json\/wp\/v2\/pages\/6007","targetHints":{"allow":["GET"]}}],"collection":[{"href":"https:\/\/archive.displayeurope.eu\/pl\/wp-json\/wp\/v2\/pages"}],"about":[{"href":"https:\/\/archive.displayeurope.eu\/pl\/wp-json\/wp\/v2\/types\/page"}],"author":[{"embeddable":true,"href":"https:\/\/archive.displayeurope.eu\/pl\/wp-json\/wp\/v2\/users\/1"}],"replies":[{"embeddable":true,"href":"https:\/\/archive.displayeurope.eu\/pl\/wp-json\/wp\/v2\/comments?post=6007"}],"version-history":[{"count":1,"href":"https:\/\/archive.displayeurope.eu\/pl\/wp-json\/wp\/v2\/pages\/6007\/revisions"}],"predecessor-version":[{"id":44614,"href":"https:\/\/archive.displayeurope.eu\/pl\/wp-json\/wp\/v2\/pages\/6007\/revisions\/44614"}],"wp:attachment":[{"href":"https:\/\/archive.displayeurope.eu\/pl\/wp-json\/wp\/v2\/media?parent=6007"}],"curies":[{"name":"wp","href":"https:\/\/api.w.org\/{rel}","templated":true}]}}