{"id":6630,"date":"2023-09-19T09:10:14","date_gmt":"2023-09-19T07:10:14","guid":{"rendered":"https:\/\/archive.displayeurope.eu\/copyleft\/"},"modified":"2024-08-29T02:01:33","modified_gmt":"2024-08-29T00:01:33","slug":"prawa-autorskie","status":"publish","type":"page","link":"https:\/\/archive.displayeurope.eu\/pl\/prawa-autorskie\/","title":{"rendered":"Prawa autorskie"},"content":{"rendered":"<style>\/*! elementor - v3.18.0 - 08-12-2023 *\/\n.elementor-heading-title{padding:0;margin:0;line-height:1}.elementor-widget-heading .elementor-heading-title[class*=elementor-size-]>a{color:inherit;font-size:inherit;line-height:inherit}.elementor-widget-heading .elementor-heading-title.elementor-size-small{font-size:15px}.elementor-widget-heading .elementor-heading-title.elementor-size-medium{font-size:19px}.elementor-widget-heading .elementor-heading-title.elementor-size-large{font-size:29px}.elementor-widget-heading .elementor-heading-title.elementor-size-xl{font-size:39px}.elementor-widget-heading .elementor-heading-title.elementor-size-xxl{font-size:59px}<\/style>\n<h1>Copyleft<\/h1>\n<p>.<\/p>\n<p>Staramy si\u0119 by\u0107 tak otwarci, jak to tylko mo\u017cliwe. Ruch <a href=\"https:\/\/en.wikipedia.org\/wiki\/Copyleft\">copyleft<\/a> udowodni\u0142, \u017ce prawa autorskie mog\u0105 by\u0107 r\u00f3wnie\u017c dobrze oprawione dla dobrze prosperuj\u0105cej kultury wsp\u00f3\u0142pracy i ekonomii dzielenia si\u0119.<\/p>\n<\/p>\n<h2>Open Content<\/h2>\n<p>Pozwalamy innym na ponowne wykorzystanie naszych tre\u015bci. Orygina\u0142y stworzone dla Display Europe s\u0105 nawet obj\u0119te licencj\u0105 Creative Commons <a href=\"http:\/\/creativecommons.org\/licenses\/by\/4.0\/?ref=chooser-v1\" target=\"_blank\" rel=\"license noopener noreferrer\"><img loading=\"lazy\" decoding=\"async\" src=\"https:\/\/chooser-beta.creativecommons.org\/img\/cc-logo.f0ab4ebe.svg\" width=\"20\" height=\"20\" data-v-a0d4e8a8=\"\" \/><img loading=\"lazy\" decoding=\"async\" src=\"https:\/\/chooser-beta.creativecommons.org\/img\/cc-by.21b728bb.svg\" width=\"20\" height=\"20\" data-v-a0d4e8a8=\"\" \/><\/a>. Je\u015bli ponownie wykorzystujesz nasz\u0105 zawarto\u015b\u0107, musisz doda\u0107 dobrze widoczne: <a href=\"http:\/\/creativecommons.org\/licenses\/by\/4.0\/\">CC-by<\/a> <a href=\"https:\/\/archive.displayeurope.eu\">DisplayEurope<\/a><\/p>\n<\/p>\n<h2>Open Source<\/h2>\n<p>Nasz stos technologiczny jest ca\u0142kowicie zbudowany na frameworkach i narz\u0119dziach open source, takich jak Kubernetes, Minio, Matomo, WordPress, PeerTube, Mastodon, Keycloak i wiele innych.<\/p>\n<p>Oprogramowanie, kt\u00f3re rozwijamy, jest publikowane na licencjach open source GPLv3 lub AGPLv3. Nasze repozytoria kodu mo\u017cna znale\u017a\u0107 pod adresem <a href=\"https:\/\/git.fairkom.net\/emb\/displ.eu\">git.fairkom.net<\/a>.<\/p>\n<\/p>\n<h2>Otwarte standardy<\/h2>\n<p>U\u017cywamy <a href=\"https:\/\/en.wikipedia.org\/wiki\/ActivityPub\">ActivityPub<\/a> jako standardu de-facto dla medi\u00f3w interaktywnych i wdro\u017cyli\u015bmy go do syndykacji WordPress, federacji PeerTube i rozproszonych medi\u00f3w spo\u0142eczno\u015bciowych Mastodon. Od partner\u00f3w tre\u015bci, kt\u00f3rzy nie s\u0105 jeszcze w stanie sfederowa\u0107 si\u0119 z ActivityPub, subskrybujemy ich kana\u0142y RSS.<\/p>\n<h2>Open AI<\/h2>\n<p>Korzystaj\u0105c z narz\u0119dzi sztucznej inteligencji, zawsze b\u0119dziemy preferowa\u0107 modele open source. <\/p>\n<\/p>\n<h2>Open Governance<\/h2>\n<p>Display Europe jest w\u0142asno\u015bci\u0105 sp\u00f3\u0142dzielni non-profit. Nie tylko partnerzy merytoryczni, ale nawet nasi u\u017cytkownicy mog\u0105 zosta\u0107 jej cz\u0142onkami i w ten spos\u00f3b uczestniczy\u0107 w procesach decyzyjnych. <\/p>\n","protected":false},"excerpt":{"rendered":"<p>Copyleft . Staramy si\u0119 by\u0107 tak otwarci, jak to tylko mo\u017cliwe. Ruch copyleft udowodni\u0142, \u017ce prawa autorskie mog\u0105 by\u0107 r\u00f3wnie\u017c dobrze oprawione dla dobrze prosperuj\u0105cej kultury wsp\u00f3\u0142pracy i ekonomii dzielenia si\u0119. Open Content Pozwalamy innym na ponowne wykorzystanie naszych tre\u015bci. Orygina\u0142y stworzone dla Display Europe s\u0105 nawet obj\u0119te licencj\u0105 Creative Commons . Je\u015bli ponownie wykorzystujesz [&hellip;]<\/p>\n","protected":false},"author":1,"featured_media":0,"parent":0,"menu_order":0,"comment_status":"closed","ping_status":"closed","template":"","meta":{"footnotes":""},"class_list":["post-6630","page","type-page","status-publish","hentry"],"_links":{"self":[{"href":"https:\/\/archive.displayeurope.eu\/pl\/wp-json\/wp\/v2\/pages\/6630","targetHints":{"allow":["GET"]}}],"collection":[{"href":"https:\/\/archive.displayeurope.eu\/pl\/wp-json\/wp\/v2\/pages"}],"about":[{"href":"https:\/\/archive.displayeurope.eu\/pl\/wp-json\/wp\/v2\/types\/page"}],"author":[{"embeddable":true,"href":"https:\/\/archive.displayeurope.eu\/pl\/wp-json\/wp\/v2\/users\/1"}],"replies":[{"embeddable":true,"href":"https:\/\/archive.displayeurope.eu\/pl\/wp-json\/wp\/v2\/comments?post=6630"}],"version-history":[{"count":2,"href":"https:\/\/archive.displayeurope.eu\/pl\/wp-json\/wp\/v2\/pages\/6630\/revisions"}],"predecessor-version":[{"id":47120,"href":"https:\/\/archive.displayeurope.eu\/pl\/wp-json\/wp\/v2\/pages\/6630\/revisions\/47120"}],"wp:attachment":[{"href":"https:\/\/archive.displayeurope.eu\/pl\/wp-json\/wp\/v2\/media?parent=6630"}],"curies":[{"name":"wp","href":"https:\/\/api.w.org\/{rel}","templated":true}]}}