{"id":9239,"date":"2023-09-19T09:10:34","date_gmt":"2023-09-19T07:10:34","guid":{"rendered":"https:\/\/archive.displayeurope.eu\/nadruk\/"},"modified":"2024-09-05T07:49:23","modified_gmt":"2024-09-05T05:49:23","slug":"imprint-conflict-resolution","status":"publish","type":"page","link":"https:\/\/archive.displayeurope.eu\/pl\/imprint-conflict-resolution\/","title":{"rendered":"Odcisk i rozwi\u0105zywanie konflikt\u00f3w"},"content":{"rendered":"\n<h1 class=\"wp-block-heading\">Nadruk<\/h1>\n\n<p>Obowi\u0105zek ujawnienia zgodnie z \u00a7 25 (5) ustawy o mediach (\u00d6sterreichisches Mediengesetz)<\/p>\n\n<h2 class=\"wp-block-heading\">Operator platformy \/ w\u0142a\u015bciciel medi\u00f3w<\/h2>\n\n<p>Display Europe<br\/>c\/o OKTO.TV<br\/>Missindorfstra\u00dfe 19<br\/>1140 Wiede\u0144<br\/>Austria<\/p>\n\n<p>E-mail: <a href=\"mailto:coop@displayeurope.eu\">coop@displayeurope.eu<\/a><\/p>\n\n<h2 class=\"wp-block-heading\">Szczeg\u00f3\u0142y organizacji<\/h2>\n\n<p>Zgromadzenie za\u0142o\u017cycielskie odby\u0142o si\u0119 16 pa\u017adziernika 2023 roku. Sp\u00f3\u0142ka zosta\u0142a wpisana do rejestru handlowego 8 lutego 2024 roku.<\/p>\n\n<p>Dyrektor zarz\u0105dzaj\u0105cy: Alexander Baratsits<\/p>\n\n<p>Cz\u0142onkowie Rady Nadzorczej: Menno Weijs (Europejska Fundacja Kultury), Vladimir Radinovi\u0107 (EMCF), Paul Salvan\u00e8s (Voxeurop), Roland Alton-Scheidl (fairkom)<\/p>\n\n<p>Numer rejestracyjny firmy: FN619589k (Handelsgericht Wien)<\/p>\n\n<p>UID: ATU80768689<\/p>\n\n<h2 class=\"wp-block-heading\">Szczeg\u00f3\u0142y prawne<\/h2>\n\n<p>Obowi\u0105zuj\u0105ce przepisy prawne: Ustawa o audiowizualnych us\u0142ugach medialnych (AMD-G), Ustawa o mediach<\/p>\n\n<p>Organ regulacyjny: KommAustria, Mariahilfer Strasse 77-79, 1060 Wiede\u0144<\/p>\n\n<h2 class=\"wp-block-heading\">Cel organizacji i deklaracja dotycz\u0105ca orientacji<\/h2>\n\n<p>Display Europe prowadzi platform\u0119 medialn\u0105, kt\u00f3ra (i) publikuje og\u00f3lnoeuropejskie tre\u015bci medialne, jest zorientowana na prawa podstawowe i d\u0105\u017cy do zgodno\u015bci z ramami Journalism Trust Initiative. (ii) hostuje tre\u015bci medialne, w szczeg\u00f3lno\u015bci pochodz\u0105ce z inicjatyw spo\u0142ecze\u0144stwa obywatelskiego, i zapewnia otwarty dost\u0119p do publikacji takich tre\u015bci.<\/p>\n\n<h2 class=\"wp-block-heading\">displayeurope.eu<\/h2>\n\n<p>displayeurope.eu to prze\u0142omowa platforma medialna zakorzeniona w warto\u015bciach publicznych. Platforma zapewnia obywatelom na ca\u0142ym kontynencie dost\u0119p do wiarygodnych informacji i obrazu Europy, kt\u00f3ry zwykle nie jest przekazywany przez media g\u0142\u00f3wnego nurtu lub media krajowe. Dzi\u0119ki t\u0142umaczeniom, syndykacji i oryginalnym tre\u015bciom displayeurope.eu gromadzi i rozpowszechnia godne zaufania media z ca\u0142ej Europy. Zbudowany w oparciu o suwerenn\u0105, samorz\u0105dn\u0105, otwart\u0105 infrastruktur\u0119 cyfrow\u0105, Displayeurope.eu uwolni si\u0119 od medi\u00f3w spo\u0142eczno\u015bciowych i platform streamingowych Big Tech, kt\u00f3re obecnie filtruj\u0105 i kszta\u0142tuj\u0105 produkcj\u0119 medialn\u0105. W tej bardziej demokratycznej ods\u0142onie Europy, displayeurope.eu b\u0119dzie si\u0142\u0105 nap\u0119dow\u0105 demokracji na ca\u0142ym kontynencie.<\/p>\n\n<hr class=\"wp-block-separator has-alpha-channel-opacity\"\/>\n\n<h1 class=\"wp-block-heading\">Rozwi\u0105zywanie konflikt\u00f3w<\/h1>\n\n<p>Je\u015bli napotkasz jakiekolwiek naruszenia prawa, prze\u015blij nam swoje \u017c\u0105danie w formie wiadomo\u015bci e-mail. Wa\u017cne jest, aby by\u0107 jak najbardziej precyzyjnym (zrzut ekranu, link itp.), Aby\u015bmy dok\u0142adnie wiedzieli, czego dotyczy problem.<br\/>Po wys\u0142aniu otrzymasz potwierdzenie otrzymania wiadomo\u015bci e-mail.<\/p>\n\n<p>Prosimy o wys\u0142anie tego e-maila na adres <a href=\"mailto:support@displayeurope.eu\">support@displayeurope.eu<\/a> lub napisanie zg\u0142oszenia z nast\u0119puj\u0105cym tematem <\/p>\n\n<button id=\"zammad-feedback-form\">Formularz opinii<\/button><script id=\"zammad_form_script\" src=\"https:\/\/helpdesk.displayeurope.eu\/assets\/form\/form.js\"><\/script><script>\njQuery(document).ready(function($) {\n$(function() {\n  $('#zammad-feedback-form').ZammadForm({\n    messageTitle: 'Feedback-Formular',\n    messageSubmit: 'Send',\n    messageThankYou: 'Ticket #%s.',\n    modal: true\n  });\n});\n});\n<\/script>\n\n<hr class=\"wp-block-separator has-alpha-channel-opacity\"\/>\n\n<script src=\"https:\/\/helpdesk.displayeurope.eu\/assets\/chat\/chat.min.js\"><\/script>\n<script>\njQuery(document).ready(function($) {\n$(function() {\n  new ZammadChat({\n    fontSize: '12px',\n    chatId: 1\n  });\n});\n});\n<\/script>\n\n<p>Ostatnia aktualizacja: 03 wrze\u015bnia 2024 r.<\/p>\n\n<p><\/p>\n\n<figure class=\"wp-block-image size-full\"><img loading=\"lazy\" decoding=\"async\" width=\"611\" height=\"204\" src=\"https:\/\/archive.displayeurope.eu\/wp-content\/uploads\/2023\/06\/DisplayLogo_Tag.png\" alt=\"\" class=\"wp-image-7674\" srcset=\"https:\/\/archive.displayeurope.eu\/wp-content\/uploads\/2023\/06\/DisplayLogo_Tag.png 611w, https:\/\/archive.displayeurope.eu\/wp-content\/uploads\/2023\/06\/DisplayLogo_Tag-360x120.png 360w\" sizes=\"auto, (max-width: 611px) 100vw, 611px\" \/><\/figure>\n","protected":false},"excerpt":{"rendered":"<p>Nadruk Obowi\u0105zek ujawnienia zgodnie z \u00a7 25 (5) ustawy o mediach (\u00d6sterreichisches Mediengesetz) Operator platformy \/ w\u0142a\u015bciciel medi\u00f3w Display Europec\/o OKTO.TVMissindorfstra\u00dfe 191140 Wiede\u0144Austria E-mail: coop@displayeurope.eu Szczeg\u00f3\u0142y organizacji Zgromadzenie za\u0142o\u017cycielskie odby\u0142o si\u0119 16 pa\u017adziernika 2023 roku. Sp\u00f3\u0142ka zosta\u0142a wpisana do rejestru handlowego 8 lutego 2024 roku. Dyrektor zarz\u0105dzaj\u0105cy: Alexander Baratsits Cz\u0142onkowie Rady Nadzorczej: Menno Weijs (Europejska [&hellip;]<\/p>\n","protected":false},"author":1,"featured_media":0,"parent":0,"menu_order":0,"comment_status":"closed","ping_status":"closed","template":"","meta":{"footnotes":""},"class_list":["post-9239","page","type-page","status-publish","hentry"],"_links":{"self":[{"href":"https:\/\/archive.displayeurope.eu\/pl\/wp-json\/wp\/v2\/pages\/9239","targetHints":{"allow":["GET"]}}],"collection":[{"href":"https:\/\/archive.displayeurope.eu\/pl\/wp-json\/wp\/v2\/pages"}],"about":[{"href":"https:\/\/archive.displayeurope.eu\/pl\/wp-json\/wp\/v2\/types\/page"}],"author":[{"embeddable":true,"href":"https:\/\/archive.displayeurope.eu\/pl\/wp-json\/wp\/v2\/users\/1"}],"replies":[{"embeddable":true,"href":"https:\/\/archive.displayeurope.eu\/pl\/wp-json\/wp\/v2\/comments?post=9239"}],"version-history":[{"count":11,"href":"https:\/\/archive.displayeurope.eu\/pl\/wp-json\/wp\/v2\/pages\/9239\/revisions"}],"predecessor-version":[{"id":49168,"href":"https:\/\/archive.displayeurope.eu\/pl\/wp-json\/wp\/v2\/pages\/9239\/revisions\/49168"}],"wp:attachment":[{"href":"https:\/\/archive.displayeurope.eu\/pl\/wp-json\/wp\/v2\/media?parent=9239"}],"curies":[{"name":"wp","href":"https:\/\/api.w.org\/{rel}","templated":true}]}}