{"id":15162,"date":"2023-06-27T14:23:20","date_gmt":"2023-06-27T12:23:20","guid":{"rendered":"https:\/\/archive.displayeurope.eu\/a-nossa-visao\/"},"modified":"2024-09-25T08:01:20","modified_gmt":"2024-09-25T06:01:20","slug":"nossa-visao-faq","status":"publish","type":"page","link":"https:\/\/archive.displayeurope.eu\/pt-pt\/nossa-visao-faq\/","title":{"rendered":"A nossa vis\u00e3o e FAQ"},"content":{"rendered":"\n<h1 class=\"wp-block-heading\">A nossa vis\u00e3o e FAQ<\/h1>\n\n<h2 class=\"wp-block-heading\">\u00a0<\/h2>\n\n<h2 class=\"wp-block-heading\">A nossa vis\u00e3o<\/h2>\n\n<p><strong>Os arquitectos do Display acreditam num meio de comunica\u00e7\u00e3o social europeu, assente em valores p\u00fablicos e inclusivos. <\/strong><\/p>\n\n<p>Contribuem para uma comunica\u00e7\u00e3o social europeia partilhada, porque as for\u00e7as que ignoram as fronteiras moldam a vida dos europeus. Constroem um espa\u00e7o, independente dos governos e das influ\u00eancias comerciais, onde os europeus &#8211; independentemente da sua origem &#8211; podem estabelecer contactos, partilhar ideias, debater opini\u00f5es e encontrar informa\u00e7\u00f5es fi\u00e1veis para responsabilizar os poderosos.<\/p>\n\n<h2 class=\"wp-block-heading\">\u00a0<\/h2>\n\n<h3 class=\"wp-block-heading\">Gratuito e fi\u00e1vel<\/h3>\n\n<p>O objetivo do Display Europe \u00e9 fornecer aos cidad\u00e3os de todo o continente informa\u00e7\u00f5es fi\u00e1veis e perspectivas muitas vezes ignoradas pelos meios de comunica\u00e7\u00e3o social nacionais e tradicionais. Centrando-se na tradu\u00e7\u00e3o, na sindica\u00e7\u00e3o e em conte\u00fados criados originalmente, Display Europe procura oferecer uma vis\u00e3o abrangente da Europa, desde o Cabo da Roca at\u00e9 \u00e0 bacia hidrogr\u00e1fica dos Urais. Os conte\u00fados originais incluir\u00e3o an\u00e1lises mensais da imprensa regional e tem\u00e1tica, bem como projectos multim\u00e9dia transfronteiri\u00e7os sobre temas de relev\u00e2ncia europeia e um talk show semanal sobre a Europa. Ser\u00e1 um portal central e gratuito para conte\u00fados selecionados, pesquis\u00e1veis e traduz\u00edveis em 15 l\u00ednguas europeias.<\/p>\n\n<h2 class=\"wp-block-heading\">\u00a0<\/h2>\n\n<h3 class=\"wp-block-heading\">Participar e partilhar<\/h3>\n\n<p>Empenhada na participa\u00e7\u00e3o ativa do p\u00fablico, a plataforma incentivar\u00e1 os cidad\u00e3os europeus a moldarem ativamente os meios de comunica\u00e7\u00e3o social e os seus valores. Funcionalidades como o Clube de Artigos ligar\u00e3o os leitores aos jornalistas, promovendo uma mentalidade comunit\u00e1ria na produ\u00e7\u00e3o dos media. Al\u00e9m disso, um modelo din\u00e2mico de conte\u00fados gerados pelos utilizadores encorajar\u00e1 estes \u00faltimos a partilharem as suas perspectivas europeias \u00fanicas, com o apoio dos meios de comunica\u00e7\u00e3o social e de parcerias com campe\u00f5es e organiza\u00e7\u00f5es alinhados.<\/p>\n\n<h2 class=\"wp-block-heading\">\u00a0<\/h2>\n\n<h3 class=\"wp-block-heading\">Seguro e \u00e9tico<\/h3>\n\n<p>Enquanto rede federada de plataformas existentes, o Display Europe utiliza software de fonte aberta e protocolos abertos baseados em processos que respeitam a privacidade. A plataforma assenta numa infraestrutura digital soberana, aut\u00f3noma e de fonte aberta, assegurando a independ\u00eancia em rela\u00e7\u00e3o \u00e0s redes sociais e \u00e0s plataformas de streaming da Big Tech. Ao contr\u00e1rio de outras plataformas, os algoritmos de recomenda\u00e7\u00e3o de conte\u00fados da Display guiam os utilizadores numa viagem de conte\u00fados mistos e equilibrados. A Display s\u00f3 recolhe dados pessoais quando lhes \u00e9 dada luz verde, e os utilizadores podem optar por n\u00e3o recolher dados na totalidade.<\/p>\n\n<h2 class=\"wp-block-heading\">Perguntas mais frequentes<\/h2>\n\n<h3 class=\"wp-block-heading\">O que \u00e9 o Display Europe?<\/h3>\n\n<p>A Display Europe \u00e9 uma plataforma de media que oferece uma perspetiva europeia em 15 l\u00ednguas. Oferece Display Originals e conte\u00fados de media federados fornecidos por uma rede de organiza\u00e7\u00f5es de media independentes de todo o continente. Ancorada em valores p\u00fablicos e na inclus\u00e3o, a Display Europe \u00e9 feita de software de fonte aberta e afasta-se das pr\u00e1ticas pouco \u00e9ticas de recolha de dados das grandes empresas tecnol\u00f3gicas. Os seus algoritmos guiam os utilizadores numa experi\u00eancia de conte\u00fados mistos e equilibrados.<\/p>\n\n<p>Displayeurope.eu \u00e9 uma plataforma \u00fanica que d\u00e1 acesso a uma vasta gama de conte\u00fados dos meios de comunica\u00e7\u00e3o social europeus. O seu objetivo \u00e9 quebrar as bolhas de filtragem e dar aos cidad\u00e3os de toda a Europa acesso a informa\u00e7\u00f5es fi\u00e1veis. A plataforma abrange v\u00e1rios aspectos da Europa que podem n\u00e3o ser tradicionalmente cobertos pelos principais meios de comunica\u00e7\u00e3o social nacionais. A Display Europe est\u00e1 a revolucionar o panorama dos meios de comunica\u00e7\u00e3o social europeus, centrando-se na tradu\u00e7\u00e3o, na sindica\u00e7\u00e3o e na produ\u00e7\u00e3o de conte\u00fados originais. <\/p>\n\n<p>O desenvolvimento do displayeurope.eu \u00e9 gerido por um cons\u00f3rcio com dezassete membros de meios de comunica\u00e7\u00e3o independentes e do sector \u00e9tico tecnol\u00f3gico, sob o t\u00edtulo Display Europe &#8211; Democracy Runs on Screens. O projeto foi cofinanciado com uma subven\u00e7\u00e3o da Uni\u00e3o Europeia.<\/p>\n\n<p>Al\u00e9m disso, a Display Europe &#8211; Democracy Runs on Screens tamb\u00e9m gere dois regimes de subven\u00e7\u00f5es &#8211; o concurso de subven\u00e7\u00f5es da Display Europe (encerrado) e o concurso de micro-subven\u00e7\u00f5es da Display Europe (aberto mensalmente at\u00e9 31 de mar\u00e7o de 2023). Para mais informa\u00e7\u00f5es sobre o concurso de micro-subven\u00e7\u00f5es, consulte <a href=\"https:\/\/culturalfoundation.eu\/programmes\/display-europe\/\"><u>aqui<\/u><\/a>. Os bolseiros que obtiverem estas subven\u00e7\u00f5es criar\u00e3o conte\u00fados que ser\u00e3o apresentados na plataforma Display Europe. <\/p>\n\n<h3 class=\"wp-block-heading\">Como funciona o Display Europe?<\/h3>\n\n<p>O Display Europe \u00e9 uma pe\u00e7a crucial da infraestrutura digital que liga e d\u00e1 acesso a uma nova camada de conte\u00fados em todos os meios de comunica\u00e7\u00e3o social, formatos de publica\u00e7\u00e3o e difus\u00e3o, regi\u00f5es e l\u00ednguas. Funciona como uma rede federada de plataformas existentes que funciona com software de fonte aberta e protocolos abertos baseados em processos que respeitam a privacidade. Constituir\u00e1 uma plataforma de nivelamento para os meios de comunica\u00e7\u00e3o social que podem n\u00e3o ser capazes de construir e manter infra-estruturas digitais dispendiosas e caras, mas que t\u00eam conte\u00fados relevantes para oferecer a audi\u00eancias internacionais. O cons\u00f3rcio envolve os meios de comunica\u00e7\u00e3o comunit\u00e1rios e os criadores de conte\u00fados de pequena e m\u00e9dia dimens\u00e3o, facilitando-os como uma comunidade profissional internacional em expans\u00e3o.<\/p>\n\n<h3 class=\"wp-block-heading\">Quem gere o Display Europe?<\/h3>\n\n<p><a href=\"https:\/\/culturalfoundation.eu\/programmes\/display-europe\/\"><u>Display Europe<\/u><\/a> \u00e9 gerido por um cons\u00f3rcio de <a href=\"https:\/\/culturalfoundation.eu\/\"><u>Funda\u00e7\u00e3o Cultural Europeia<\/u><\/a> (ECF), <a href=\"https:\/\/cba.media\/what-is-the-cba\"><u>Arquivo Cultural de Radiodifus\u00e3o<\/u><\/a> (CBA), fairkom, Eurozine, Voxeurop, Hostwriter, Krytyka Polityczna, <a href=\"https:\/\/www.eldiario.es\/\"><u>El <\/u><u>Diario<\/u><\/a>, Good Conversations, <a href=\"https:\/\/publicspaces.net\/\"><u>Espa\u00e7os p\u00fablicos<\/u><\/a>, <a href=\"https:\/\/www.cmfe.eu\/\"><u>F\u00f3rum Europeu dos Media Comunit\u00e1rios<\/u><\/a> (CMFE), <a href=\"https:\/\/www.human.nl\/\"><u>Humanos<\/u><\/a>, <a href=\"https:\/\/www.vpro.nl\/\"><u>VPRO<\/u><\/a>, <a href=\"https:\/\/www.soundandvision.com\/\"><u>Som e Vis\u00e3o<\/u><\/a>, <a href=\"https:\/\/yepp.it\/ita\"><u>YEPP It\u00e1lia<\/u><\/a>, Fanzingo e <a href=\"https:\/\/www.schumanshow.eu\/\"><u>Schuman Show<\/u><\/a>.<\/p>\n\n<h3 class=\"wp-block-heading\">O site displayeurope.eu est\u00e1 dispon\u00edvel gratuitamente?<\/h3>\n\n<p>O conte\u00fado do portal \u00e9 de fonte aberta e de acesso livre, sem qualquer acesso pago. No entanto, as recomenda\u00e7\u00f5es permitir\u00e3o o direcionamento para conte\u00fados de qualidade por detr\u00e1s de paywalls nas p\u00e1ginas Web dos pr\u00f3prios parceiros. Isto tamb\u00e9m permitir\u00e1 aos <strong>parceiros<\/strong> promover os seus conte\u00fados atrav\u00e9s da plataforma. A plataforma funciona com base num modelo de c\u00f3digo aberto e permite que os parceiros promovam os seus conte\u00fados atrav\u00e9s de v\u00e1rios canais, incluindo as redes sociais, a televis\u00e3o, a r\u00e1dio e os jornais. Esta abordagem privilegia a colabora\u00e7\u00e3o e o conte\u00fado original, em vez de material exclusivo.<\/p>\n\n<h3 class=\"wp-block-heading\">De onde prov\u00e9m o financiamento do Display Europe?<\/h3>\n\n<p>Display Europe &#8211; Democracy Runs on Screens \u00e9 cofinanciado pela Dire\u00e7\u00e3o-Geral das Redes de Comunica\u00e7\u00e3o, Conte\u00fados e Tecnologias no \u00e2mbito do convite \u00e0 apresenta\u00e7\u00e3o de projectos-piloto &#8220;European Media Platforms&#8221;. O financiamento adicional prov\u00e9m da Funda\u00e7\u00e3o Europeia da Cultura e de outros parceiros do cons\u00f3rcio. A longo prazo, o Display Europe ser\u00e1 financiado atrav\u00e9s de uma combina\u00e7\u00e3o de financiamento p\u00fablico (europeu), financiamento filantr\u00f3pico e ades\u00f5es, donativos e assinaturas.<\/p>\n\n<h3 class=\"wp-block-heading\">Posso participar em displayeurope.eu?<\/h3>\n\n<p><strong>Sim,<\/strong><strong> \u00e9 poss\u00edvel. <\/strong>O Display Europe proporciona uma fun\u00e7\u00e3o ativa de f\u00f3rum p\u00fablico em que os cidad\u00e3os europeus s\u00e3o incentivados a partilhar e a experimentar informa\u00e7\u00f5es.<\/p>\n\n<p><strong>PALESTRAS SOBRE A EUROPA<\/strong><\/p>\n\n<p>O Display Europe ir\u00e1 aumentar gradualmente as oportunidades de participa\u00e7\u00e3o ativa na plataforma. A partir da primavera de 2024, os leitores poder\u00e3o tamb\u00e9m exprimir as suas opini\u00f5es e debater temas pol\u00edticos mais vastos com outros leitores. Em cada um dos artigos do Display, haver\u00e1 question\u00e1rios para conhecer os pontos de vista dos leitores sobre os temas dos artigos e a pol\u00edtica europeia. Um algoritmo de correspond\u00eancia far\u00e1 o emparelhamento de participantes individuais com algu\u00e9m que pensa de forma muito diferente deles, sempre que poss\u00edvel noutro pa\u00eds europeu.<\/p>\n\n<p><strong>ARTIGO CLUBE<\/strong><\/p>\n\n<p>O conte\u00fado original, feito para o Display Europe, ser\u00e1 apresentado num Clube de Artigos mensal, no qual os jornalistas envolvidos abrem um f\u00f3rum p\u00fablico para discuss\u00e3o com os utilizadores. O objetivo do Clube de Artigos \u00e9 estabelecer uma liga\u00e7\u00e3o entre os leitores e os jornalistas por detr\u00e1s da plataforma e incentivar os jornalistas a adoptarem uma atitude de comunidade na produ\u00e7\u00e3o e avalia\u00e7\u00e3o dos seus artigos. O formato permitir\u00e1 tamb\u00e9m que os jornalistas se dirijam ao p\u00fablico para obterem conhecimentos e contributos para a reda\u00e7\u00e3o de futuros artigos.<\/p>\n\n<p><strong>M\u00cdDIAS SOCIAIS<\/strong><\/p>\n\n<p>A longo prazo, o envolvimento da comunidade do Display Europe evoluir\u00e1 em torno de um modelo de conte\u00fado din\u00e2mico que incentiva os utilizadores a partilharem as suas perspectivas sobre a Europa. A plataforma ir\u00e1 incorporar estrat\u00e9gias de redes sociais de fonte aberta (em particular o Mastodon) para fomentar conversas, promover conte\u00fados e amplificar as mensagens principais. As parcerias com influenciadores e organiza\u00e7\u00f5es que se alinham com os valores do Display Europe s\u00e3o tamb\u00e9m uma parte fundamental da sua estrat\u00e9gia.<\/p>\n\n<h3 class=\"wp-block-heading\">O que \u00e9 que o Display Europe tem de diferente em rela\u00e7\u00e3o a outras plataformas de media europeias?<\/h3>\n\n<ul class=\"wp-block-list\">\n<li>O Display Europe dirige-se diretamente aos cidad\u00e3os, por oposi\u00e7\u00e3o \u00e0s plataformas de servi\u00e7os para outros meios de comunica\u00e7\u00e3o.<\/li>\n\n\n\n<li>O Display Europe abranger\u00e1 todos os Estados-Membros da UE e v\u00e1rios pa\u00edses vizinhos, incluindo os Balc\u00e3s Ocidentais e a Ucr\u00e2nia.<\/li>\n\n\n\n<li>O Display Europe \u00e9 constru\u00eddo pela sociedade civil e n\u00e3o tem outro interesse sen\u00e3o o de refor\u00e7ar a democracia europeia.<\/li>\n\n\n\n<li>O Display Europe baseia-se numa tecnologia de fonte aberta que pode ser utilizada por outros.<\/li>\n\n\n\n<li>A Display Europe rompe com as pr\u00e1ticas pouco \u00e9ticas de recolha de dados das grandes empresas tecnol\u00f3gicas.<\/li>\n\n\n\n<li>O ecr\u00e3 Europa est\u00e1 dispon\u00edvel em 15 l\u00ednguas.<\/li>\n<\/ul>\n\n<h3 class=\"wp-block-heading\">Em que l\u00ednguas est\u00e1 dispon\u00edvel o Display Europe?<\/h3>\n\n<p>Na sua fase inicial, o Display Europe est\u00e1 dispon\u00edvel nas seguintes l\u00ednguas<\/p>\n\n<ol class=\"wp-block-list\">\n<li>Ingl\u00eas<\/li>\n\n\n\n<li>alem\u00e3o<\/li>\n\n\n\n<li>Croata \/ B\u00f3snio \/ S\u00e9rvio<\/li>\n\n\n\n<li>Checo<\/li>\n\n\n\n<li>eslovaco<\/li>\n\n\n\n<li>franc\u00eas<\/li>\n\n\n\n<li>h\u00fangaro<\/li>\n\n\n\n<li>italiano<\/li>\n\n\n\n<li>Polaco<\/li>\n\n\n\n<li>espanhol<\/li>\n\n\n\n<li>holand\u00eas<\/li>\n\n\n\n<li>Portugu\u00eas<\/li>\n\n\n\n<li>ucraniano<\/li>\n\n\n\n<li>Russo<\/li>\n\n\n\n<li>Turco<\/li>\n<\/ol>\n\n<p>Em fases posteriores, ser\u00e3o acrescentadas mais l\u00ednguas, como o \u00e1rabe, o romeno e o sueco.<\/p>\n\n<h3 class=\"wp-block-heading\">Ser\u00e3o criados conte\u00fados originais?<\/h3>\n\n<p>Os parceiros editoriais Eurozine (AUT), Voxeurop (FR), Krytyka Polityczna (PL), ElDiario (ESP) e HUMAN (NL) s\u00e3o respons\u00e1veis pela cria\u00e7\u00e3o dos Originais do ecr\u00e3. Os conte\u00fados originais incluem um talkshow europeu semanal, an\u00e1lises mensais da imprensa regional e tem\u00e1tica e projectos multim\u00e9dia transfronteiri\u00e7os sobre temas urgentes de relev\u00e2ncia europeia.<\/p>\n\n<h3 class=\"wp-block-heading\">Qual \u00e9 a hist\u00f3ria do Display?<\/h3>\n\n<p>Em resposta \u00e0 necessidade crescente de uma esfera p\u00fablica que transcenda as origens econ\u00f3micas, sociais, culturais ou nacionais, a Funda\u00e7\u00e3o Cultural Europeia realizou uma s\u00e9rie de workshops em linha e fora de linha em 2020 e 2021. Estes workshops reuniram jornalistas, investigadores e cidad\u00e3os para conceber um modelo de comunica\u00e7\u00e3o social europeu em rede, livre de influ\u00eancias do mercado e do governo. Ap\u00f3s um convite \u00e0 apresenta\u00e7\u00e3o de propostas em 2021, a Funda\u00e7\u00e3o Europeia da Cultura atribui v\u00e1rias subven\u00e7\u00f5es destinadas a promover a colabora\u00e7\u00e3o jornal\u00edstica transfronteiri\u00e7a e o desenvolvimento de uma infraestrutura digital baseada em valores p\u00fablicos.<\/p>\n\n<p>Paralelamente, um grupo de activistas dos meios de comunica\u00e7\u00e3o social, investigadores e iniciativas formou em 2020 a coliga\u00e7\u00e3o Shared Digital European Public Sphere (SDEPS.eu). O discurso no seio da coliga\u00e7\u00e3o e uma perspetiva de uma poss\u00edvel arquitetura foram resumidos na publica\u00e7\u00e3o &#8220;<a href=\"http:\/\/www.baratsits.at\/building-a-european-digital-public-space\/\">Building a European Digital Public Space<\/a>&#8220;, Strategies for taking back control from Big Tech platforms (2021) <a href=\"https:\/\/www.irights-lab.de\/publikationen\/dps\">https:\/\/www.irights-lab.de\/publikationen\/dps.<\/a> Com base nestes debates, realizou-se uma hackathon em 2022 em Linz <a href=\"https:\/\/cba.media\/building-a-european-cultural-backbone\">https:\/\/cba.media\/building-a-european-cultural-backbone.<\/a><\/p>\n\n<p>A colabora\u00e7\u00e3o entre os bolseiros do ECF e a rede estabelecida na hackathon culminou na cria\u00e7\u00e3o do Display Europe.<\/p>\n\n<p>A plataforma tem por objetivo proporcionar uma perspetiva pan-europeia e um espa\u00e7o onde possam ser discutidos interesses europeus comuns. Pretende contrariar a perda de confian\u00e7a nos debates p\u00fablicos e nos meios de comunica\u00e7\u00e3o social e opor-se \u00e0s ideias populistas sem factos e \u00e0 exclus\u00e3o de certos grupos nos meios de comunica\u00e7\u00e3o social tradicionais.<\/p>\n\n<p>O Display Europe tem o potencial de contribuir para uma infraestrutura digital crucial para a Europa, nivelando as condi\u00e7\u00f5es de concorr\u00eancia para os meios de comunica\u00e7\u00e3o social e os criadores de conte\u00fados. O seu lan\u00e7amento significa n\u00e3o s\u00f3 a introdu\u00e7\u00e3o de uma nova plataforma medi\u00e1tica, mas tamb\u00e9m uma nova era nos meios de comunica\u00e7\u00e3o social europeus, em que a diversidade, a inclusividade e os valores p\u00fablicos ocupam um lugar central.<\/p>\n\n<h3 class=\"wp-block-heading\">Tenho de pagar para poder utilizar displayeurope.eu?<\/h3>\n\n<p>Os conte\u00fados s\u00e3o gratuitos, mas pode contribuir com uma pequena quantia para ficar menos dependente do financiamento da UE.<\/p>\n\n<p>Ofereceremos um servi\u00e7o de assinatura em 2024 para apoiar a manuten\u00e7\u00e3o da plataforma, a produ\u00e7\u00e3o de conte\u00fados e o fornecimento do Mastodon e de outros servi\u00e7os futuros.<\/p>\n\n<p>Entretanto, pode fazer um donativo \u00e0 Funda\u00e7\u00e3o Cultural Europeia em <a href=\"https:\/\/culturalfoundation.iraiser.eu\/support\/~my-donation\"><u>https:\/\/culturalfoundation.iraiser.eu\/support\/~my-donation<\/u><\/a>. A ECF, na sua qualidade de membro fundador, transmitir\u00e1 esses donativos ao Display Europe.<\/p>\n\n<h3 class=\"wp-block-heading\">Sou membro de um meio de comunica\u00e7\u00e3o comunit\u00e1rio, como posso aderir e partilhar conte\u00fados convosco?<\/h3>\n\n<p>A nossa rede convida calorosamente os indiv\u00edduos e as organiza\u00e7\u00f5es a juntarem-se como parceiros numa federa\u00e7\u00e3o colaborativa que celebra valores partilhados e percep\u00e7\u00f5es transcontinentais. Por favor, encontre o <a href=\"https:\/\/archive.displayeurope.eu\/pt-pt\/junte-se-a-nos\/\" data-type=\"page\" data-id=\"10996\"><u>liga\u00e7\u00e3o<\/u><\/a> aqui para o texto de rodap\u00e9 do s\u00edtio &#8220;Torne-se um parceiro medie&#8221;, onde s\u00e3o fornecidos mais pormenores sobre o processo de integra\u00e7\u00e3o. <\/p>\n\n<h3 class=\"wp-block-heading\">Qual \u00e9 a estrutura de governa\u00e7\u00e3o do Display Europe?<\/h3>\n\n<p>A Display Europe est\u00e1 em vias de se transformar numa cooperativa, adoptando um modelo cooperativo reconhecido pela sua dedica\u00e7\u00e3o aos membros e pela cria\u00e7\u00e3o de valor sustent\u00e1vel dentro da plataforma. Ao contr\u00e1rio das plataformas tradicionais financiadas por capital de risco, as cooperativas d\u00e3o prioridade aos interesses dos seus membros e reinvestem o valor criado em conjunto na plataforma, promovendo uma estrat\u00e9gia empresarial que mant\u00e9m a qualidade do servi\u00e7o da plataforma sem uma comercializa\u00e7\u00e3o excessiva.<\/p>\n\n<p>Estendemos o nosso convite a indiv\u00edduos e organiza\u00e7\u00f5es que estejam alinhados com a nossa vis\u00e3o para se juntarem e criarem uma cooperativa transformadora que redefina o panorama dos media europeus. Juntos, aspiramos a construir uma plataforma que incorpore a colabora\u00e7\u00e3o, a inova\u00e7\u00e3o e a procura colectiva de um espa\u00e7o p\u00fablico digital para todos.<\/p>\n\n<p>Se partilha a nossa vis\u00e3o e deseja tornar-se membro deste empreendimento emocionante, convidamo-lo a contactar <a href=\"mailto:coop@displayeurope.eu\"><u>coop@displayeurope.eu<\/u><\/a>.<\/p>\n\n<p>Para saber mais sobre os objectivos, as estrat\u00e9gias, a motiva\u00e7\u00e3o e os marcos da Coop, consulte o texto da Display Europe Cooperative no rodap\u00e9 do s\u00edtio<a href=\"https:\/\/archive.displayeurope.eu\/pt-pt\/?page_id=5964\" data-type=\"page\" data-id=\"4986\">(liga\u00e7\u00e3o<\/a>).<\/p>\n\n<h3 class=\"wp-block-heading\">O vosso site \u00e9 de c\u00f3digo aberto, mas vejo o LinkedIn e o Instagram no vosso site?<\/h3>\n\n<p>Sim, somos uma plataforma de c\u00f3digo aberto e promovemos a utiliza\u00e7\u00e3o de pr\u00e1ticas de c\u00f3digo aberto nas redes sociais, como o PeerTube e o Mastodon. No entanto, para a promo\u00e7\u00e3o inicial do projeto, estamos a utilizar contas de redes sociais como o Instagram, o Facebook e o LinkdIn. Na maior parte dos casos, n\u00e3o apresentamos os nossos conte\u00fados, apenas teasers. No entanto, defendemos a utiliza\u00e7\u00e3o de contas de redes sociais de c\u00f3digo aberto com padr\u00f5es \u00e9ticos em vez das contas dos principais meios de comunica\u00e7\u00e3o social.<\/p>\n\n<h3 class=\"wp-block-heading\">Que tecnologias de fonte aberta utilizamos?<\/h3>\n\n<p>Preferimos utilizar estruturas que falem ActivityPub, que \u00e9 o protocolo para o <a href=\"https:\/\/archive.displayeurope.eu\/pt-pt\/?page_id=14947#\/media\/Datei:A_view_into_the_Fediverse.png\"><u>Fediverso<\/u><\/a>. Isto permite-nos trocar conte\u00fados muito facilmente em qualquer dire\u00e7\u00e3o.<\/p>\n\n<ul class=\"wp-block-list\">\n<li><a href=\"https:\/\/displayeurope.video\/\"><u>PeerTube<\/u><\/a> para distribui\u00e7\u00e3o de v\u00eddeo<\/li>\n\n\n\n<li><a href=\"https:\/\/displayeurope.social\/explore\"><u>Mastodonte<\/u><\/a> para microblogging<\/li>\n\n\n\n<li><a href=\"https:\/\/cba.media\/\"><u>CBA<\/u><\/a> para \u00e1udio<\/li>\n\n\n\n<li><a href=\"https:\/\/codeberg.org\/Kbin\/kbin-core\"><u>Kbin<\/u><\/a> para debate (a integrar em 2024)<\/li>\n<\/ul>\n\n<p>Para outras partes da infraestrutura, utilizamos apenas ferramentas de c\u00f3digo aberto, tais como<\/p>\n\n<ul class=\"wp-block-list\">\n<li>Keycloak (Acesso \u00fanico) <a href=\"https:\/\/key.displayeurope.eu\"><u>https:\/\/key.displayeurope.eu<\/u><\/a> <\/li>\n\n\n\n<li>Minio (Armazenamento e CDN)<\/li>\n\n\n\n<li>kubernetes (computa\u00e7\u00e3o em nuvem)<\/li>\n\n\n\n<li>Matomo (Estat\u00edsticas)<\/li>\n\n\n\n<li><a href=\"https:\/\/newsletter.displ.eu\/lists\/?p=subscribe&amp;id=1\"><u>lista de contactos<\/u><\/a> para boletins informativos<\/li>\n<\/ul>\n","protected":false},"excerpt":{"rendered":"<p>A nossa vis\u00e3o e FAQ \u00a0 A nossa vis\u00e3o Os arquitectos do Display acreditam num meio de comunica\u00e7\u00e3o social europeu, assente em valores p\u00fablicos e inclusivos. Contribuem para uma comunica\u00e7\u00e3o social europeia partilhada, porque as for\u00e7as que ignoram as fronteiras moldam a vida dos europeus. Constroem um espa\u00e7o, independente dos governos e das influ\u00eancias comerciais, [&hellip;]<\/p>\n","protected":false},"author":1,"featured_media":0,"parent":0,"menu_order":0,"comment_status":"closed","ping_status":"closed","template":"","meta":{"footnotes":""},"class_list":["post-15162","page","type-page","status-publish","hentry"],"_links":{"self":[{"href":"https:\/\/archive.displayeurope.eu\/pt-pt\/wp-json\/wp\/v2\/pages\/15162","targetHints":{"allow":["GET"]}}],"collection":[{"href":"https:\/\/archive.displayeurope.eu\/pt-pt\/wp-json\/wp\/v2\/pages"}],"about":[{"href":"https:\/\/archive.displayeurope.eu\/pt-pt\/wp-json\/wp\/v2\/types\/page"}],"author":[{"embeddable":true,"href":"https:\/\/archive.displayeurope.eu\/pt-pt\/wp-json\/wp\/v2\/users\/1"}],"replies":[{"embeddable":true,"href":"https:\/\/archive.displayeurope.eu\/pt-pt\/wp-json\/wp\/v2\/comments?post=15162"}],"version-history":[{"count":8,"href":"https:\/\/archive.displayeurope.eu\/pt-pt\/wp-json\/wp\/v2\/pages\/15162\/revisions"}],"predecessor-version":[{"id":49827,"href":"https:\/\/archive.displayeurope.eu\/pt-pt\/wp-json\/wp\/v2\/pages\/15162\/revisions\/49827"}],"wp:attachment":[{"href":"https:\/\/archive.displayeurope.eu\/pt-pt\/wp-json\/wp\/v2\/media?parent=15162"}],"curies":[{"name":"wp","href":"https:\/\/api.w.org\/{rel}","templated":true}]}}