{"id":36257,"date":"2024-04-17T11:55:28","date_gmt":"2024-04-17T09:55:28","guid":{"rendered":"https:\/\/archive.displayeurope.eu\/conversas-sobre-a-europa\/"},"modified":"2024-04-17T12:08:11","modified_gmt":"2024-04-17T10:08:11","slug":"conversas-sobre-a-europa","status":"publish","type":"page","link":"https:\/\/archive.displayeurope.eu\/pt-pt\/conversas-sobre-a-europa\/","title":{"rendered":"Conversas sobre a Europa"},"content":{"rendered":"<h2>Inscreve-te no Europe Talks 2024<\/h2>\n<h4>Participa no programa Europe Talks para eleitores pela primeira vez em Berlim!<\/h4>\n<p>\u00c9s um cidad\u00e3o da UE com idade compreendida entre os 18 e os 22 anos? Participa no nosso programa de um dia antes das pr\u00f3ximas elei\u00e7\u00f5es para o Parlamento Europeu. Podes financiar a tua viagem!<\/p>\n<p>\t\t\t<a href=\"https:\/\/www.mycountrytalks.org\/events\/europe-talks\/first-voters-event-berlin\" target=\"_blank\" rel=\"noopener\"><br \/>\n\t\t\t\t\t\tSaiba mais<br \/>\n\t\t\t\t\t<\/a><\/p>\n","protected":false},"excerpt":{"rendered":"<p>Inscreve-te no Europe Talks 2024 Participa no programa Europe Talks para eleitores pela primeira vez em Berlim! \u00c9s um cidad\u00e3o da UE com idade compreendida entre os 18 e os 22 anos? Participa no nosso programa de um dia antes das pr\u00f3ximas elei\u00e7\u00f5es para o Parlamento Europeu. Podes financiar a tua viagem! Saiba mais<\/p>\n","protected":false},"author":35,"featured_media":0,"parent":0,"menu_order":0,"comment_status":"closed","ping_status":"closed","template":"","meta":{"footnotes":""},"class_list":["post-36257","page","type-page","status-publish","hentry"],"_links":{"self":[{"href":"https:\/\/archive.displayeurope.eu\/pt-pt\/wp-json\/wp\/v2\/pages\/36257","targetHints":{"allow":["GET"]}}],"collection":[{"href":"https:\/\/archive.displayeurope.eu\/pt-pt\/wp-json\/wp\/v2\/pages"}],"about":[{"href":"https:\/\/archive.displayeurope.eu\/pt-pt\/wp-json\/wp\/v2\/types\/page"}],"author":[{"embeddable":true,"href":"https:\/\/archive.displayeurope.eu\/pt-pt\/wp-json\/wp\/v2\/users\/35"}],"replies":[{"embeddable":true,"href":"https:\/\/archive.displayeurope.eu\/pt-pt\/wp-json\/wp\/v2\/comments?post=36257"}],"version-history":[{"count":0,"href":"https:\/\/archive.displayeurope.eu\/pt-pt\/wp-json\/wp\/v2\/pages\/36257\/revisions"}],"wp:attachment":[{"href":"https:\/\/archive.displayeurope.eu\/pt-pt\/wp-json\/wp\/v2\/media?parent=36257"}],"curies":[{"name":"wp","href":"https:\/\/api.w.org\/{rel}","templated":true}]}}