{"id":5919,"date":"2023-09-19T08:58:43","date_gmt":"2023-09-19T06:58:43","guid":{"rendered":"https:\/\/archive.displayeurope.eu\/subvencoes\/"},"modified":"2023-12-11T22:30:32","modified_gmt":"2023-12-11T21:30:32","slug":"subvencoes","status":"publish","type":"page","link":"https:\/\/archive.displayeurope.eu\/pt-pt\/subvencoes\/","title":{"rendered":"Subven\u00e7\u00f5es"},"content":{"rendered":"<h1>Subven\u00e7\u00f5es<\/h1>\n<p>No \u00e2mbito do projeto Display Europe, foram lan\u00e7ados dois convites \u00e0 apresenta\u00e7\u00e3o de propostas &#8211; <a href=\"https:\/\/culturalfoundation.eu\/programmes\/display-europe\/\"><br \/>\n  <u><br \/>\n    <em>Convite \u00e0 apresenta\u00e7\u00e3o de propostas para subven\u00e7\u00f5es do projeto Display Europe<\/em><br \/>\n  <\/u><br \/>\n<\/a> e o <em>convite \u00e0 apresenta\u00e7\u00e3o de micro-subven\u00e7\u00f5es Display Europe, <\/em>em coordena\u00e7\u00e3o com a Funda\u00e7\u00e3o Europeia da Cultura (um dos parceiros do cons\u00f3rcio Display Europe)<em> <\/em>convidou os membros da comunidade dos meios de comunica\u00e7\u00e3o social a apresentarem propostas que, se seleccionadas, se tornariam conte\u00fados originais criados para a plataforma displayeurope.eu e dispon\u00edveis na mesma. Esta plataforma digital soberana e de fonte aberta promove a democracia, capacitando os cidad\u00e3os com retratos aut\u00eanticos das realidades multifacetadas da Europa. A colabora\u00e7\u00e3o transfronteiri\u00e7a, a dedica\u00e7\u00e3o \u00e0 excel\u00eancia jornal\u00edstica e a abordagem interessante de temas pan-europeus foram alguns dos crit\u00e9rios para as candidaturas premiadas, avaliadas por um j\u00fari independente.<\/p>\n<p>Como o Display representa os meios de comunica\u00e7\u00e3o independentes que d\u00e3o voz e rosto \u00e0s minorias discriminadas e oprimidas que defendem os direitos fundamentais e as liberdades civis, o Convite \u00e0 apresenta\u00e7\u00e3o de propostas de subven\u00e7\u00f5es do Display Europe apresentou uma sele\u00e7\u00e3o de sete iniciativas destinadas a moldar o futuro da narrativa medi\u00e1tica europeia. Como tal, estes projectos, provenientes de It\u00e1lia, Pa\u00edses Baixos, Eslov\u00e9nia, Portugal e Fran\u00e7a, foram escolhidos pela sua dedica\u00e7\u00e3o inabal\u00e1vel \u00e0 reformula\u00e7\u00e3o da hist\u00f3ria europeia.<\/p>\n<h2>As propostas seleccionadas s\u00e3o:<\/h2>\n<p>\t\t\t\t<a href=\"https:\/\/spheranetwork.com\/\" tabindex=\"-1\"><br \/>\n\t\t\t\t\t\t\t\t<\/a><\/p>\n<h4>\n\t\t\t\t\t<a href=\"https:\/\/spheranetwork.com\/\" ><br \/>\n\t\t\t\t\t\tEste \u00e9 o t\u00edtulo\t\t\t\t\t<\/a><br \/>\n\t\t\t\t<\/h4>\n<p>\n\t\t\t\t\t\t&#8220;A Juventude Europeia e a Emerg\u00eancia Clim\u00e1tica&#8221; \u00e9 uma s\u00e9rie de v\u00eddeos cativantes, dispon\u00edvel em sete l\u00ednguas da UE, que aborda a crise clim\u00e1tica na Europa e destaca a resili\u00eancia e a determina\u00e7\u00e3o dos jovens europeus.\t\t\t\t\t<\/p>\n<p>\t\t\t\t<a href=\"https:\/\/www.heretosupport.nl\/cityrightsradio\" tabindex=\"-1\"><br \/>\n\t\t\t\t\t\t\t\t<\/a><\/p>\n<h4>\n\t\t\t\t\t<a href=\"https:\/\/www.heretosupport.nl\/cityrightsradio\" ><br \/>\n\t\t\t\t\t\tEste \u00e9 o t\u00edtulo\t\t\t\t\t<\/a><br \/>\n\t\t\t\t<\/h4>\n<p>\n\t\t\t\t\t\tEste podcast, criado por cidad\u00e3os indocumentados em Amesterd\u00e3o, amplifica as vozes dos marginalizados, dando \u00eanfase \u00e0s experi\u00eancias vividas, \u00e0s an\u00e1lises pol\u00edticas e \u00e0s alian\u00e7as comunit\u00e1rias.\t\t\t\t\t<\/p>\n<h4>\n\t\t\t\t\t\tEste \u00e9 o t\u00edtulo<br \/>\n\t\t\t\t<\/h4>\n<p>\n\t\t\t\t\t\t&#8220;Migration IRL&#8221; desafia as narrativas predominantes sobre os migrantes, explorando hist\u00f3rias da vida real, mostrando os contributos vibrantes dos migrantes na Eslov\u00e9nia, B\u00f3snia e Herzegovina, S\u00e9rvia e Pol\u00f3nia, bem como a sua representa\u00e7\u00e3o e inclus\u00e3o na sociedade.\t\t\t\t\t<\/p>\n<p>\t\t\t\t<a href=\"https:\/\/divergente.pt\/abstencao-de-voto\/?lang=en\" tabindex=\"-1\"><br \/>\n\t\t\t\t\t\t\t\t<\/a><\/p>\n<h4>\n\t\t\t\t\t<a href=\"https:\/\/divergente.pt\/abstencao-de-voto\/?lang=en\" ><br \/>\n\t\t\t\t\t\tA bomba-rel\u00f3gio dos n\u00e3o eleitores (Portugal)\t\t\t\t\t<\/a><br \/>\n\t\t\t\t<\/h4>\n<p>\n\t\t\t\t\t\tAo investigar o aumento do n\u00famero de pessoas que n\u00e3o votam, esta iniciativa humaniza as estat\u00edsticas, analisando hist\u00f3rias pessoais e factores sociais para compreender o desinteresse c\u00edvico e as suas implica\u00e7\u00f5es para a democracia.\t\t\t\t\t<\/p>\n<h4>\n\t\t\t\t\t\tPessoas transg\u00e9nero na pris\u00e3o (Fran\u00e7a)<br \/>\n\t\t\t\t<\/h4>\n<p>\n\t\t\t\t\t\tEsta s\u00e9rie de podcasts lan\u00e7a luz sobre os desafios enfrentados pelos indiv\u00edduos transg\u00e9nero nas pris\u00f5es europeias, defendendo a visibilidade, a inclus\u00e3o e os direitos humanos.\t\t\t\t\t<\/p>\n<h4>\n\t\t\t\t\t\tInclusive Ondes (Fran\u00e7a)<br \/>\n\t\t\t\t<\/h4>\n<p>\n\t\t\t\t\t\tAtrav\u00e9s de podcasts e v\u00eddeos em l\u00edngua basca, &#8220;Ondas Inclusivas&#8221; colmata as lacunas culturais, debatendo quest\u00f5es relacionadas com as vagas migrat\u00f3rias locais atrav\u00e9s do hist\u00f3rico rio Bidasoa, para al\u00e9m dos contextos migrat\u00f3rios globais, com a participa\u00e7\u00e3o de l\u00edderes institucionais, redes de cidad\u00e3os e imigrantes.\t\t\t\t\t<\/p>\n<h4>\n\t\t\t\t\t\t&#8220;Making It&#8221; na Europa Ocidental: Experi\u00eancias de jovens mulheres da Europa de Leste (Fran\u00e7a)<br \/>\n\t\t\t\t<\/h4>\n<p>\n\t\t\t\t\t\tEsta iniciativa d\u00e1 a conhecer os desafios e as experi\u00eancias de jovens mulheres da Europa de Leste na Europa Ocidental, promovendo a compreens\u00e3o e a empatia e ultrapassando simultaneamente as clivagens culturais.\t\t\t\t\t<\/p>\n<p>No seu objetivo de revolucionar o panorama dos meios de comunica\u00e7\u00e3o social, fornecendo aos europeus informa\u00e7\u00f5es diversificadas e fi\u00e1veis fora das narrativas dominantes, o Display Europe publica tamb\u00e9m, em novembro, o <em>convite<\/em> \u00e0 apresenta\u00e7\u00e3o de propostas <em>de micro-subven\u00e7\u00f5es do Display Europe<\/em>, que convida pequenas organiza\u00e7\u00f5es de comunica\u00e7\u00e3o social e jornalistas interessados numa colabora\u00e7\u00e3o transfronteiri\u00e7a. Mais informa\u00e7\u00f5es sobre o convite \u00e0 apresenta\u00e7\u00e3o de propostas aqui (TBC). <\/p>\n<p>Se tiver alguma d\u00favida sobre o processo de candidatura ou qualquer outra quest\u00e3o, contacte <a href=\"mailto:grants@displayeurope.eu\"><br \/>\n  <u>grants@displayeurope.eu<\/u><br \/>\n<\/a>.<\/p>\n<p>A dedica\u00e7\u00e3o \u00e0 excel\u00eancia jornal\u00edstica e a abordagem interessante de temas pan-europeus foram alguns dos crit\u00e9rios para as candidaturas premiadas, avaliadas por um j\u00fari independente.<\/p>\n","protected":false},"excerpt":{"rendered":"<p>Subven\u00e7\u00f5es No \u00e2mbito do projeto Display Europe, foram lan\u00e7ados dois convites \u00e0 apresenta\u00e7\u00e3o de propostas &#8211; Convite \u00e0 apresenta\u00e7\u00e3o de propostas para subven\u00e7\u00f5es do projeto Display Europe e o convite \u00e0 apresenta\u00e7\u00e3o de micro-subven\u00e7\u00f5es Display Europe, em coordena\u00e7\u00e3o com a Funda\u00e7\u00e3o Europeia da Cultura (um dos parceiros do cons\u00f3rcio Display Europe) convidou os membros da [&hellip;]<\/p>\n","protected":false},"author":1,"featured_media":0,"parent":0,"menu_order":0,"comment_status":"closed","ping_status":"closed","template":"","meta":{"footnotes":""},"class_list":["post-5919","page","type-page","status-publish","hentry"],"_links":{"self":[{"href":"https:\/\/archive.displayeurope.eu\/pt-pt\/wp-json\/wp\/v2\/pages\/5919","targetHints":{"allow":["GET"]}}],"collection":[{"href":"https:\/\/archive.displayeurope.eu\/pt-pt\/wp-json\/wp\/v2\/pages"}],"about":[{"href":"https:\/\/archive.displayeurope.eu\/pt-pt\/wp-json\/wp\/v2\/types\/page"}],"author":[{"embeddable":true,"href":"https:\/\/archive.displayeurope.eu\/pt-pt\/wp-json\/wp\/v2\/users\/1"}],"replies":[{"embeddable":true,"href":"https:\/\/archive.displayeurope.eu\/pt-pt\/wp-json\/wp\/v2\/comments?post=5919"}],"version-history":[{"count":0,"href":"https:\/\/archive.displayeurope.eu\/pt-pt\/wp-json\/wp\/v2\/pages\/5919\/revisions"}],"wp:attachment":[{"href":"https:\/\/archive.displayeurope.eu\/pt-pt\/wp-json\/wp\/v2\/media?parent=5919"}],"curies":[{"name":"wp","href":"https:\/\/api.w.org\/{rel}","templated":true}]}}