{"id":6009,"date":"2023-05-18T09:40:46","date_gmt":"2023-05-18T07:40:46","guid":{"rendered":"https:\/\/archive.displayeurope.eu\/home\/"},"modified":"2024-08-21T15:29:05","modified_gmt":"2024-08-21T13:29:05","slug":"inicio","status":"publish","type":"page","link":"https:\/\/archive.displayeurope.eu\/pt-pt\/","title":{"rendered":"In\u00edcio"},"content":{"rendered":"\r\n\t<div class=\"post-list\">\r\n\r\n\t\t\r\n\r\n\t\t\r\n\t\t\t<div class=\"post-item post-item-eayxfvdhdab4ari457n5iy4nnhm\">\r\n\t\t\t\t<div class=\"thumbnail-wrapper\">\r\n\t\t\t\t\t<a href=\"https:\/\/archive.displayeurope.eu\/pt-pt\/preview\/eayxfvdhdab4ari457n5iy4nnhm-com-o-aproximar-do-dia-das-eleicoes-a-barreira-da-extrema-direita-alema-treme-mas-mantem-se-firme\/\">\r\n\t\t\t\t\t\t<img decoding=\"async\" class=\"thumbnail-image\" src=\"https:\/\/voxeurop.eu\/wp-content\/uploads\/2025\/02\/voxeurop-germany-Rahma.png\">\r\n\t\t\t\t\t<\/a>\r\n\t\t\t\t<\/div>\r\n\t\t\t\t<div class=\"post-content\">\r\n\t\t\t\t\t<div class=\"author-meta\">\r\n\t\t\t\t\t\t\r\n\t\t\t\t\t\t\t\t\t\t\t\t\t\t<a target=\"_blank\" href=\"https:\/\/archive.displayeurope.eu\/pt-pt\/authors\/voxeurop\/\">\r\n\t\t\t\t\t\t\t\r\n\t\t\t\t\t\t\t\t\t\t\t\t\t\t\t<img decoding=\"async\" class=\"author-image-in-list\" src=\"https:\/\/archive.displayeurope.eu\/wp-content\/uploads\/2023\/12\/Logo_actuel_de_Voxeurop.png\" alt=\"Voxeurop\">\r\n\t\t\t\t\t\t\t\r\n\t\t\t\t\t\t\t\t\t\t\t\t\t\t<\/a>\r\n\t\t\t\t\t\t\t\r\n\t\t\t\t\t\t\r\n\t\t\t\t\t\t\t\t\t\t\t\t\t<span class=\"origin-badge origin-badge-federated\">Conte\u00fado federado<\/span>\r\n\t\t\t\t\t\t\t\t\t\t\t<\/div>\r\n\t\t\t\t\t<h2 class=\"post-title\"><a href=\"https:\/\/archive.displayeurope.eu\/pt-pt\/preview\/eayxfvdhdab4ari457n5iy4nnhm-com-o-aproximar-do-dia-das-eleicoes-a-barreira-da-extrema-direita-alema-treme-mas-mantem-se-firme\/\">Com o aproximar do dia das elei\u00e7\u00f5es, a barreira da extrema-direita alem\u00e3 treme mas mant\u00e9m-se firme<\/a><\/h2>\r\n\t\t\t\t\t<div class=\"post-excerpt\">\r\n\t\t\t\t\t\t\"Se se vai chamar remigra\u00e7\u00e3o, ent\u00e3o vai significar re-migra\u00e7\u00e3o\", anunciou Alice Weidel na confer\u00eancia do partido AfD em Riesa, no in\u00edcio de janeiro, sob aplausos estrondosos - apenas um ano depois de o mesmo termo ter provocado ondas de choque na Alemanha. Weidel \u00e9 a primeira candidata da AfD \u00e0 chancelaria desde a sua funda\u00e7\u00e3o&hellip;\t\t\t\t\t<\/div>\r\n\t\t\t\t\t<div class=\"post-meta\">\r\n\t\t\t\t\t\t<span class=\"post-date\">\r\n\t\t\t\t\t\t\t17 February, 2025\t\t\t\t\t\t<\/span>\r\n\r\n\t\t\t\t\t\t<div class=\"post-icons\">\r\n\t\t\t\t\t\t\t\t\t\t\t\t\t\t\t\t\t\t\t\t<\/div>\r\n\t\t\t\t\t<\/div>\r\n\t\t\t\t<\/div>\r\n\t\t\t<\/div>\r\n\r\n\t\t\r\n\t\t\t<div class=\"post-item post-item-eayxdeagmuyyqrpfqvxmcupvsso\">\r\n\t\t\t\t<div class=\"thumbnail-wrapper\">\r\n\t\t\t\t\t<a href=\"https:\/\/archive.displayeurope.eu\/pt-pt\/preview\/eayxdeagmuyyqrpfqvxmcupvsso-podera-a-europa-fazer-frente-ao-gigante-americano-das-grandes-tecnologias\/\">\r\n\t\t\t\t\t\t<img decoding=\"async\" class=\"thumbnail-image\" src=\"https:\/\/voxeurop.eu\/wp-content\/uploads\/2025\/02\/Nardi-Maga-Europe.png\">\r\n\t\t\t\t\t<\/a>\r\n\t\t\t\t<\/div>\r\n\t\t\t\t<div class=\"post-content\">\r\n\t\t\t\t\t<div class=\"author-meta\">\r\n\t\t\t\t\t\t\r\n\t\t\t\t\t\t\t\t\t\t\t\t\t\t<a target=\"_blank\" href=\"https:\/\/archive.displayeurope.eu\/pt-pt\/authors\/voxeurop\/\">\r\n\t\t\t\t\t\t\t\r\n\t\t\t\t\t\t\t\t\t\t\t\t\t\t\t<img decoding=\"async\" class=\"author-image-in-list\" src=\"https:\/\/archive.displayeurope.eu\/wp-content\/uploads\/2023\/12\/Logo_actuel_de_Voxeurop.png\" alt=\"Voxeurop\">\r\n\t\t\t\t\t\t\t\r\n\t\t\t\t\t\t\t\t\t\t\t\t\t\t<\/a>\r\n\t\t\t\t\t\t\t\r\n\t\t\t\t\t\t\r\n\t\t\t\t\t\t\t\t\t\t\t\t\t<span class=\"origin-badge origin-badge-federated\">Conte\u00fado federado<\/span>\r\n\t\t\t\t\t\t\t\t\t\t\t<\/div>\r\n\t\t\t\t\t<h2 class=\"post-title\"><a href=\"https:\/\/archive.displayeurope.eu\/pt-pt\/preview\/eayxdeagmuyyqrpfqvxmcupvsso-podera-a-europa-fazer-frente-ao-gigante-americano-das-grandes-tecnologias\/\">Poder\u00e1 a Europa fazer frente ao gigante americano das grandes tecnologias?<\/a><\/h2>\r\n\t\t\t\t\t<div class=\"post-excerpt\">\r\n\t\t\t\t\t\tAs repetidas interven\u00e7\u00f5es de Elon Musk, o patr\u00e3o da rede social X (bem como da Tesla e da SpaceX), est\u00e3o a levantar quest\u00f5es dif\u00edceis. Ser\u00e1 que o debate p\u00fablico e as elei\u00e7\u00f5es na Europa poder\u00e3o alguma vez ser livres do flagelo da desinforma\u00e7\u00e3o estrangeira? E agora Musk juntou-se ao TikTok, a plataforma detida pelos chineses,&hellip;\t\t\t\t\t<\/div>\r\n\t\t\t\t\t<div class=\"post-meta\">\r\n\t\t\t\t\t\t<span class=\"post-date\">\r\n\t\t\t\t\t\t\t15 February, 2025\t\t\t\t\t\t<\/span>\r\n\r\n\t\t\t\t\t\t<div class=\"post-icons\">\r\n\t\t\t\t\t\t\t\t\t\t\t\t\t\t\t\t\t\t\t\t<\/div>\r\n\t\t\t\t\t<\/div>\r\n\t\t\t\t<\/div>\r\n\t\t\t<\/div>\r\n\r\n\t\t\r\n\t\t\t<div class=\"post-item post-item-eayw6dsd66slarnibq2iytafyzi\">\r\n\t\t\t\t<div class=\"thumbnail-wrapper\">\r\n\t\t\t\t\t<a href=\"https:\/\/archive.displayeurope.eu\/pt-pt\/preview\/eayw6dsd66slarnibq2iytafyzi-hanna-perekhoda-a-luta-pela-liberdade-na-ucrania-esta-intimamente-ligada-a-luta-global-contra-as-forcas-fascistas\/\">\r\n\t\t\t\t\t\t<img decoding=\"async\" class=\"thumbnail-image\" src=\"https:\/\/voxeurop.eu\/wp-content\/uploads\/2025\/02\/Hanna-Perekhoda-4.png\">\r\n\t\t\t\t\t<\/a>\r\n\t\t\t\t<\/div>\r\n\t\t\t\t<div class=\"post-content\">\r\n\t\t\t\t\t<div class=\"author-meta\">\r\n\t\t\t\t\t\t\r\n\t\t\t\t\t\t\t\t\t\t\t\t\t\t<a target=\"_blank\" href=\"https:\/\/archive.displayeurope.eu\/pt-pt\/authors\/voxeurop\/\">\r\n\t\t\t\t\t\t\t\r\n\t\t\t\t\t\t\t\t\t\t\t\t\t\t\t<img decoding=\"async\" class=\"author-image-in-list\" src=\"https:\/\/archive.displayeurope.eu\/wp-content\/uploads\/2023\/12\/Logo_actuel_de_Voxeurop.png\" alt=\"Voxeurop\">\r\n\t\t\t\t\t\t\t\r\n\t\t\t\t\t\t\t\t\t\t\t\t\t\t<\/a>\r\n\t\t\t\t\t\t\t\r\n\t\t\t\t\t\t\r\n\t\t\t\t\t\t\t\t\t\t\t\t\t<span class=\"origin-badge origin-badge-federated\">Conte\u00fado federado<\/span>\r\n\t\t\t\t\t\t\t\t\t\t\t<\/div>\r\n\t\t\t\t\t<h2 class=\"post-title\"><a href=\"https:\/\/archive.displayeurope.eu\/pt-pt\/preview\/eayw6dsd66slarnibq2iytafyzi-hanna-perekhoda-a-luta-pela-liberdade-na-ucrania-esta-intimamente-ligada-a-luta-global-contra-as-forcas-fascistas\/\">Hanna Perekhoda: \"A luta pela liberdade na Ucr\u00e2nia est\u00e1 intimamente ligada \u00e0 luta global contra as for\u00e7as fascistas<\/a><\/h2>\r\n\t\t\t\t\t<div class=\"post-excerpt\">\r\n\t\t\t\t\t\tHanna Perekhoda \u00e9 historiadora e investigadora na Universidade de Lausanne - Instituto de Estudos Pol\u00edticos eCentro de Hist\u00f3ria Internacional e Estudos Pol\u00edticos da Globaliza\u00e7\u00e3o, especializada em nacionalismo no contexto do Imp\u00e9rio Russo e da Uni\u00e3o Sovi\u00e9tica. A sua investiga\u00e7\u00e3o de doutoramento analisa as estrat\u00e9gias pol\u00edticas dos bolcheviques na Ucr\u00e2nia entre 1917 e a d\u00e9cada de&hellip;\t\t\t\t\t<\/div>\r\n\t\t\t\t\t<div class=\"post-meta\">\r\n\t\t\t\t\t\t<span class=\"post-date\">\r\n\t\t\t\t\t\t\t11 February, 2025\t\t\t\t\t\t<\/span>\r\n\r\n\t\t\t\t\t\t<div class=\"post-icons\">\r\n\t\t\t\t\t\t\t\t\t\t\t\t\t\t\t\t\t\t\t\t<\/div>\r\n\t\t\t\t\t<\/div>\r\n\t\t\t\t<\/div>\r\n\t\t\t<\/div>\r\n\r\n\t\t\r\n\t\t\t<div class=\"post-item post-item-eayw43fil2nzqrmzlqo435k24ha\">\r\n\t\t\t\t<div class=\"thumbnail-wrapper\">\r\n\t\t\t\t\t<a href=\"https:\/\/archive.displayeurope.eu\/pt-pt\/preview\/eayw43fil2nzqrmzlqo435k24ha-os-que-lutam-e-os-que-nao-lutam-os-ucranianos-chamados-a-frente-e-a-geracao-putin-na-russia\/\">\r\n\t\t\t\t\t\t<img decoding=\"async\" class=\"thumbnail-image\" src=\"https:\/\/voxeurop.eu\/wp-content\/uploads\/2025\/02\/RUSSIA-UKRAINE-MOV-1-4.jpg\">\r\n\t\t\t\t\t<\/a>\r\n\t\t\t\t<\/div>\r\n\t\t\t\t<div class=\"post-content\">\r\n\t\t\t\t\t<div class=\"author-meta\">\r\n\t\t\t\t\t\t\r\n\t\t\t\t\t\t\t\t\t\t\t\t\t\t<a target=\"_blank\" href=\"https:\/\/archive.displayeurope.eu\/pt-pt\/authors\/voxeurop\/\">\r\n\t\t\t\t\t\t\t\r\n\t\t\t\t\t\t\t\t\t\t\t\t\t\t\t<img decoding=\"async\" class=\"author-image-in-list\" src=\"https:\/\/archive.displayeurope.eu\/wp-content\/uploads\/2023\/12\/Logo_actuel_de_Voxeurop.png\" alt=\"Voxeurop\">\r\n\t\t\t\t\t\t\t\r\n\t\t\t\t\t\t\t\t\t\t\t\t\t\t<\/a>\r\n\t\t\t\t\t\t\t\r\n\t\t\t\t\t\t\r\n\t\t\t\t\t\t\t\t\t\t\t\t\t<span class=\"origin-badge origin-badge-federated\">Conte\u00fado federado<\/span>\r\n\t\t\t\t\t\t\t\t\t\t\t<\/div>\r\n\t\t\t\t\t<h2 class=\"post-title\"><a href=\"https:\/\/archive.displayeurope.eu\/pt-pt\/preview\/eayw43fil2nzqrmzlqo435k24ha-os-que-lutam-e-os-que-nao-lutam-os-ucranianos-chamados-a-frente-e-a-geracao-putin-na-russia\/\">Os que lutam e os que n\u00e3o lutam: os ucranianos chamados \u00e0 frente e a \"Gera\u00e7\u00e3o Putin\" na R\u00fassia<\/a><\/h2>\r\n\t\t\t\t\t<div class=\"post-excerpt\">\r\n\t\t\t\t\t\tO jornal independente russo no ex\u00edlio Meduza devota um longo artigo (originalmente publicado no Signal, um boletim informativo em l\u00edngua russa) \u00e0s \"pessoas que atingiram a maioridade e constituem agora a coorte de jovens adultos que herdar\u00e3o o que quer que se siga a Vladimir Putin na R\u00fassia\". Este \u00e9 um grupo que a imprensa&hellip;\t\t\t\t\t<\/div>\r\n\t\t\t\t\t<div class=\"post-meta\">\r\n\t\t\t\t\t\t<span class=\"post-date\">\r\n\t\t\t\t\t\t\t10 February, 2025\t\t\t\t\t\t<\/span>\r\n\r\n\t\t\t\t\t\t<div class=\"post-icons\">\r\n\t\t\t\t\t\t\t\t\t\t\t\t\t\t\t\t\t\t\t\t<\/div>\r\n\t\t\t\t\t<\/div>\r\n\t\t\t\t<\/div>\r\n\t\t\t<\/div>\r\n\r\n\t\t\r\n\t\t\t<div class=\"post-item post-item-eayw42hwmynzarwlsnjj6rxd4uo\">\r\n\t\t\t\t<div class=\"thumbnail-wrapper\">\r\n\t\t\t\t\t<a href=\"https:\/\/archive.displayeurope.eu\/pt-pt\/preview\/eayw42hwmynzarwlsnjj6rxd4uo-andrei-kurkov-precisavamos-de-uma-guerra-para-mostrar-que-a-ucrania-e-diferente-da-russia\/\">\r\n\t\t\t\t\t\t<img decoding=\"async\" class=\"thumbnail-image\" src=\"https:\/\/voxeurop.eu\/wp-content\/uploads\/2025\/02\/Kurkov-Ferrara-3.jpg\">\r\n\t\t\t\t\t<\/a>\r\n\t\t\t\t<\/div>\r\n\t\t\t\t<div class=\"post-content\">\r\n\t\t\t\t\t<div class=\"author-meta\">\r\n\t\t\t\t\t\t\r\n\t\t\t\t\t\t\t\t\t\t\t\t\t\t<a target=\"_blank\" href=\"https:\/\/archive.displayeurope.eu\/pt-pt\/authors\/voxeurop\/\">\r\n\t\t\t\t\t\t\t\r\n\t\t\t\t\t\t\t\t\t\t\t\t\t\t\t<img decoding=\"async\" class=\"author-image-in-list\" src=\"https:\/\/archive.displayeurope.eu\/wp-content\/uploads\/2023\/12\/Logo_actuel_de_Voxeurop.png\" alt=\"Voxeurop\">\r\n\t\t\t\t\t\t\t\r\n\t\t\t\t\t\t\t\t\t\t\t\t\t\t<\/a>\r\n\t\t\t\t\t\t\t\r\n\t\t\t\t\t\t\r\n\t\t\t\t\t\t\t\t\t\t\t\t\t<span class=\"origin-badge origin-badge-federated\">Conte\u00fado federado<\/span>\r\n\t\t\t\t\t\t\t\t\t\t\t<\/div>\r\n\t\t\t\t\t<h2 class=\"post-title\"><a href=\"https:\/\/archive.displayeurope.eu\/pt-pt\/preview\/eayw42hwmynzarwlsnjj6rxd4uo-andrei-kurkov-precisavamos-de-uma-guerra-para-mostrar-que-a-ucrania-e-diferente-da-russia\/\">Andrei Kurkov: \"Precis\u00e1vamos de uma guerra para mostrar que a Ucr\u00e2nia \u00e9 diferente da R\u00fassia<\/a><\/h2>\r\n\t\t\t\t\t<div class=\"post-excerpt\">\r\n\t\t\t\t\t\tAndrei Kurkov (n. 1961) \u00e9 um dos escritores mais prol\u00edficos e ecl\u00e9cticos da Ucr\u00e2nia. Abordou v\u00e1rios temas ligados \u00e0 hist\u00f3ria recente da Ucr\u00e2nia -&nbsp;especialmente ap\u00f3s a revolu\u00e7\u00e3o Laranja de 2004, bem como v\u00e1rias hist\u00f3rias de suspense, algumas quase surrealistas, ambientadas nos anos que se seguiram ao colapso da Uni\u00e3o Sovi\u00e9tica.O seu romance mais famoso \u00e9&hellip;\t\t\t\t\t<\/div>\r\n\t\t\t\t\t<div class=\"post-meta\">\r\n\t\t\t\t\t\t<span class=\"post-date\">\r\n\t\t\t\t\t\t\t10 February, 2025\t\t\t\t\t\t<\/span>\r\n\r\n\t\t\t\t\t\t<div class=\"post-icons\">\r\n\t\t\t\t\t\t\t\t\t\t\t\t\t\t\t\t\t\t\t\t<\/div>\r\n\t\t\t\t\t<\/div>\r\n\t\t\t\t<\/div>\r\n\t\t\t<\/div>\r\n\r\n\t\t\t<\/div>\r\n\r\n\t\t\t<div class=\"autload-on-scroll\">\r\n\t\t\t<div class=\"text-center loading\" style=\"display: none;\">\r\n\t\t\t\t<div class=\"lds-ellipsis\"><div><\/div><div><\/div><div><\/div><div><\/div><\/div>\r\n\t\t\t<\/div>\r\n\t\t\t<form action=\"https:\/\/archive.displayeurope.eu\/wp-admin\/admin-ajax.php\" method=\"POST\" class=\"form-autoload\">\r\n\t\t\t\t<input type=\"hidden\" name=\"action\" value=\"dispeu_load_more\">\r\n\t\t\t\t\t\t\t\t\t<input type=\"hidden\" name=\"dispeu_group_id\" value=\"42976\">\r\n\t\t\t\t\t\t\t\t\t<input type=\"hidden\" name=\"dispeu_group_page\" value=\"2\">\r\n\t\t\t\t\t\t\t<\/form>\r\n\t\t<\/div>\r\n\t\r\n\n","protected":false},"excerpt":{"rendered":"","protected":false},"author":1,"featured_media":0,"parent":0,"menu_order":0,"comment_status":"closed","ping_status":"closed","template":"","meta":{"footnotes":""},"class_list":["post-6009","page","type-page","status-publish","hentry"],"_links":{"self":[{"href":"https:\/\/archive.displayeurope.eu\/pt-pt\/wp-json\/wp\/v2\/pages\/6009","targetHints":{"allow":["GET"]}}],"collection":[{"href":"https:\/\/archive.displayeurope.eu\/pt-pt\/wp-json\/wp\/v2\/pages"}],"about":[{"href":"https:\/\/archive.displayeurope.eu\/pt-pt\/wp-json\/wp\/v2\/types\/page"}],"author":[{"embeddable":true,"href":"https:\/\/archive.displayeurope.eu\/pt-pt\/wp-json\/wp\/v2\/users\/1"}],"replies":[{"embeddable":true,"href":"https:\/\/archive.displayeurope.eu\/pt-pt\/wp-json\/wp\/v2\/comments?post=6009"}],"version-history":[{"count":1,"href":"https:\/\/archive.displayeurope.eu\/pt-pt\/wp-json\/wp\/v2\/pages\/6009\/revisions"}],"predecessor-version":[{"id":44619,"href":"https:\/\/archive.displayeurope.eu\/pt-pt\/wp-json\/wp\/v2\/pages\/6009\/revisions\/44619"}],"wp:attachment":[{"href":"https:\/\/archive.displayeurope.eu\/pt-pt\/wp-json\/wp\/v2\/media?parent=6009"}],"curies":[{"name":"wp","href":"https:\/\/api.w.org\/{rel}","templated":true}]}}