{"id":6631,"date":"2023-09-19T09:10:14","date_gmt":"2023-09-19T07:10:14","guid":{"rendered":"https:\/\/archive.displayeurope.eu\/copyleft\/"},"modified":"2024-08-29T02:04:13","modified_gmt":"2024-08-29T00:04:13","slug":"direitos-de-autor","status":"publish","type":"page","link":"https:\/\/archive.displayeurope.eu\/pt-pt\/direitos-de-autor\/","title":{"rendered":"Direitos de autor"},"content":{"rendered":"\n<p>Tentamos ser t\u00e3o abertos quanto poss\u00edvel. O movimento <a href=\"https:\/\/en.wikipedia.org\/wiki\/Copyleft\">copyleft<\/a> provou que os direitos de autor tamb\u00e9m podem ser bem enquadrados numa cultura de colabora\u00e7\u00e3o pr\u00f3spera e numa economia de partilha.<\/p>\n\n\n\n<h2 class=\"wp-block-heading\">Conte\u00fado aberto<\/h2>\n\n\n\n<p>Permitimos que outros reutilizem o nosso conte\u00fado. Os originais criados para o Display Europe est\u00e3o at\u00e9 licenciados de forma mais permissiva ao abrigo da Creative Commons <a href=\"http:\/\/creativecommons.org\/licenses\/by\/4.0\/?ref=chooser-v1\" target=\"_blank\" rel=\"license noopener noreferrer\"><img loading=\"lazy\" decoding=\"async\" src=\"https:\/\/chooser-beta.creativecommons.org\/img\/cc-logo.f0ab4ebe.svg\" width=\"20\" height=\"20\" data-v-a0d4e8a8=\"\"><img loading=\"lazy\" decoding=\"async\" src=\"https:\/\/chooser-beta.creativecommons.org\/img\/cc-by.21b728bb.svg\" width=\"20\" height=\"20\" data-v-a0d4e8a8=\"\"><\/a>. Se reutilizar o nosso conte\u00fado, tem de o adicionar de forma bem vis\u00edvel: <a href=\"http:\/\/creativecommons.org\/licenses\/by\/4.0\/\">CC-by<\/a> <a href=\"https:\/\/archive.displayeurope.eu\">DisplayEurope<\/a><\/p>\n\n\n\n<h2 class=\"wp-block-heading\">Open Source<\/h2>\n\n\n\n<p>A nossa pilha de tecnologia \u00e9 completamente constru\u00edda em estruturas e ferramentas de c\u00f3digo aberto, como Kubernetes, Minio, Matomo, WordPress, PeerTube, Mastodon, Keycloak e muitos mais.<\/p>\n\n\n\n<p>O software que estamos a desenvolver \u00e9 publicado sob as licen\u00e7as de c\u00f3digo aberto GPLv3 ou AGPLv3. Os nossos reposit\u00f3rios de c\u00f3digo podem ser encontrados em <a href=\"https:\/\/git.fairkom.net\/emb\/displ.eu\">git.fairkom.net<\/a>.<\/p>\n\n\n\n<h2 class=\"wp-block-heading\">Padr\u00f5es Abertos<\/h2>\n\n\n\n<p>Usamos <a href=\"https:\/\/en.wikipedia.org\/wiki\/ActivityPub\">ActivityPub<\/a> como o padr\u00e3o de facto para m\u00eddia interativa e o implantamos para sindica\u00e7\u00e3o do WordPress, federa\u00e7\u00e3o do PeerTube e m\u00eddia social distribu\u00edda do Mastodon. De parceiros de conte\u00fado, que ainda n\u00e3o s\u00e3o capazes de federar com ActivityPub, n\u00f3s assinamos seus feeds RSS.<\/p>\n\n\n\n<h2 class=\"wp-block-heading\">Open AI<\/h2>\n\n\n\n<p>Ao fazer uso de ferramentas de Intelig\u00eancia Artificial, sempre preferiremos modelos de c\u00f3digo aberto.<\/p>\n\n\n\n<h2 class=\"wp-block-heading\">Governa\u00e7\u00e3o aberta<\/h2>\n\n\n\n<p>A Display Europe \u00e9 propriedade de uma cooperativa sem fins lucrativos. N\u00e3o s\u00f3 os parceiros de conte\u00fados, mas tamb\u00e9m os nossos utilizadores podem tornar-se membros e, assim, participar nos processos de tomada de decis\u00e3o.<\/p>\n","protected":false},"excerpt":{"rendered":"<p>Tentamos ser t\u00e3o abertos quanto poss\u00edvel. O movimento copyleft provou que os direitos de autor tamb\u00e9m podem ser bem enquadrados numa cultura de colabora\u00e7\u00e3o pr\u00f3spera e numa economia de partilha. Conte\u00fado aberto Permitimos que outros reutilizem o nosso conte\u00fado. Os originais criados para o Display Europe est\u00e3o at\u00e9 licenciados de forma mais permissiva ao abrigo [&hellip;]<\/p>\n","protected":false},"author":1,"featured_media":0,"parent":0,"menu_order":0,"comment_status":"closed","ping_status":"closed","template":"","meta":{"footnotes":""},"class_list":["post-6631","page","type-page","status-publish","hentry"],"_links":{"self":[{"href":"https:\/\/archive.displayeurope.eu\/pt-pt\/wp-json\/wp\/v2\/pages\/6631","targetHints":{"allow":["GET"]}}],"collection":[{"href":"https:\/\/archive.displayeurope.eu\/pt-pt\/wp-json\/wp\/v2\/pages"}],"about":[{"href":"https:\/\/archive.displayeurope.eu\/pt-pt\/wp-json\/wp\/v2\/types\/page"}],"author":[{"embeddable":true,"href":"https:\/\/archive.displayeurope.eu\/pt-pt\/wp-json\/wp\/v2\/users\/1"}],"replies":[{"embeddable":true,"href":"https:\/\/archive.displayeurope.eu\/pt-pt\/wp-json\/wp\/v2\/comments?post=6631"}],"version-history":[{"count":2,"href":"https:\/\/archive.displayeurope.eu\/pt-pt\/wp-json\/wp\/v2\/pages\/6631\/revisions"}],"predecessor-version":[{"id":47123,"href":"https:\/\/archive.displayeurope.eu\/pt-pt\/wp-json\/wp\/v2\/pages\/6631\/revisions\/47123"}],"wp:attachment":[{"href":"https:\/\/archive.displayeurope.eu\/pt-pt\/wp-json\/wp\/v2\/media?parent=6631"}],"curies":[{"name":"wp","href":"https:\/\/api.w.org\/{rel}","templated":true}]}}