{"id":6683,"date":"2023-09-19T09:07:57","date_gmt":"2023-09-19T07:07:57","guid":{"rendered":"https:\/\/archive.displayeurope.eu\/assinatura\/"},"modified":"2025-01-13T21:46:09","modified_gmt":"2025-01-13T20:46:09","slug":"coop-membership-donations","status":"publish","type":"page","link":"https:\/\/archive.displayeurope.eu\/pt-pt\/coop-membership-donations\/","title":{"rendered":"COOP &#8211; ades\u00e3o e donativos"},"content":{"rendered":"<p><style>\/*! elementor - v3.18.0 - 04-12-2023 *\/<br \/>\n.elementor-heading-title{padding:0;margin:0;line-height:1}.elementor-widget-heading .elementor-heading-title[class*=elementor-size-]&gt;a{color:inherit;font-size:inherit;line-height:inherit}.elementor-widget-heading .elementor-heading-title.elementor-size-small{font-size:15px}.elementor-widget-heading .elementor-heading-title.elementor-size-medium{font-size:19px}.elementor-widget-heading .elementor-heading-title.elementor-size-large{font-size:29px}.elementor-widget-heading .elementor-heading-title.elementor-size-xl{font-size:39px}.elementor-widget-heading .elementor-heading-title.elementor-size-xxl{font-size:59px}<\/style>\n<\/p>\n<h1>Assembleia Geral<\/h1>\n<h2> <\/h2>\n<h2>A Cooperativa Display Europe<\/h2>\n<p><img loading=\"lazy\" decoding=\"async\" src=\"https:\/\/archive.displayeurope.eu\/wp-content\/uploads\/2023\/12\/de-logo-inside.png\" alt=\"\" width=\"260\" height=\"90\" \/><\/p>\n<h2> <\/h2>\n<h2>3\u00aa Assembleia Geral extraordin\u00e1ria<\/h2>\n<p><em>28 de janeiro de 2025, 13.00 CET<\/em><br \/><em>H\u00edbrido:<\/em><br \/><em>@ Jasna 10\/3, Vars\u00f3via<\/em><br \/><em>@ https:\/\/pro.fairteaching.net\/r\/ECF<\/em><\/p>\n<ol>\n<li>Determina\u00e7\u00e3o de que a reuni\u00e3o foi devidamente convocada, determina\u00e7\u00e3o do qu\u00f3rum<\/li>\n<li>Relat\u00f3rio do Conselho de Administra\u00e7\u00e3o e do Presidente do Conselho de Supervis\u00e3o<\/li>\n<li>Aprova\u00e7\u00e3o do Regulamento Interno do Conselho de Administra\u00e7\u00e3o<\/li>\n<li>Elei\u00e7\u00e3o dos membros do Conselho de Administra\u00e7\u00e3o<\/li>\n<li>Elei\u00e7\u00e3o dos membros do Conselho de Fiscaliza\u00e7\u00e3o<\/li>\n<li>Altera\u00e7\u00e3o dos Estatutos<br \/>\n<h3 style=\"padding-left: 40px;\">\u00a7 18. representa\u00e7\u00e3o da cooperativa<\/h3>\n<ol>\n<li style=\"list-style-type: none;\">\n<ol>\n<li>O conselho de administra\u00e7\u00e3o representa a cooperativa em ju\u00edzo e fora dele.<\/li>\n<li>Dois membros do conselho de administra\u00e7\u00e3o est\u00e3o autorizados a representar conjuntamente a cooperativa, um dos quais deve ser o presidente ou o vice-presidente, e o presidente ou o vice-presidente juntamente com um signat\u00e1rio autorizado.<\/li>\n<li>As assinaturas em nome da cooperativa devem ser feitas de modo a que o presidente e o vice-presidente ou um deles com outro membro do conselho de administra\u00e7\u00e3o ou um signat\u00e1rio autorizado aponha as suas assinaturas na denomina\u00e7\u00e3o social.<\/li>\n<\/ol>\n<\/li>\n<\/ol>\n<h3 style=\"padding-left: 40px;\">\u00a7 35. Requisitos de maioria<\/h3>\n<ol>\n<li style=\"list-style-type: none;\">\n<ol>\n<li>As delibera\u00e7\u00f5es da Assembleia Geral s\u00e3o adoptadas por maioria simples. \u00c9 necess\u00e1ria uma maioria de tr\u00eas quartos dos votos v\u00e1lidos para as delibera\u00e7\u00f5es sobre os pontos enumerados no \u00a7 34, n.\u00ba 2. As absten\u00e7\u00f5es n\u00e3o s\u00e3o tidas em conta na determina\u00e7\u00e3o do resultado da vota\u00e7\u00e3o.<\/li>\n<\/ol>\n<\/li>\n<\/ol>\n<h3 style=\"padding-left: 40px;\">VIII. Inscri\u00e7\u00e3o no registo comercial<\/h3>\n<h4 style=\"padding-left: 40px;\">\u00a7 45.<\/h4>\n<p style=\"padding-left: 40px;\">Os estatutos da sociedade devem ser inscritos no registo comercial. Os seguintes membros do conselho de administra\u00e7\u00e3o est\u00e3o encarregados do registo: Ingo Leindecker<br \/>Se o tribunal condicionar o registo \u00e0 altera\u00e7\u00e3o de determinadas disposi\u00e7\u00f5es dos estatutos, nomeadamente da denomina\u00e7\u00e3o social, os membros acima mencionados est\u00e3o autorizados a efetuar as altera\u00e7\u00f5es necess\u00e1rias.<\/p>\n<\/li>\n<li>Diversos<\/li>\n<\/ol>\n<p><strong>No caso de a Assembleia Geral n\u00e3o ter quorum, poder\u00e1 decidir sobre todos os pontos da ordem de trabalhos sem ter em conta o n\u00famero de membros presentes ou representados, depois de esperar meia hora (\u00a7 34 para. 4).<\/strong><\/p>\n<h1> <\/h1>\n<hr \/>\n<h1> <\/h1>\n<h1>Filia\u00e7\u00e3o e donativos da COOP<\/h1>\n<h1> <\/h1>\n<h2>A Cooperativa Display Europe<\/h2>\n<p><img loading=\"lazy\" decoding=\"async\" src=\"https:\/\/archive.displayeurope.eu\/wp-content\/uploads\/2023\/12\/de-logo-inside.png\" alt=\"\" width=\"260\" height=\"90\" \/><\/p>\n<h2> <\/h2>\n<p><em>Convidamos indiv\u00edduos e organiza\u00e7\u00f5es alinhados com a nossa vis\u00e3o a juntarem-se, a darem as m\u00e3os e a criarem uma cooperativa transformadora que redefina o panorama dos media europeus. Juntos, vamos construir uma plataforma que incorpore a colabora\u00e7\u00e3o, a inova\u00e7\u00e3o e a procura colectiva de um espa\u00e7o p\u00fablico digital para todos.<\/em><\/p>\n<h2>Objectivos principais:<\/h2>\n<ul>\n<li>Promover um espa\u00e7o p\u00fablico digital europeu: Centrados na sociedade civil, o nosso objetivo \u00e9 cultivar uma plataforma dedicada ao bem comum.<\/li>\n<li>Promover a comunica\u00e7\u00e3o e o jornalismo: Apoiar iniciativas que d\u00eaem prioridade ao interesse coletivo e incentivem o di\u00e1logo aberto.<\/li>\n<\/ul>\n<h2> <\/h2>\n<h2>Estrat\u00e9gias:<\/h2>\n<ul>\n<li>Cria\u00e7\u00e3o e funcionamento de um portal\/plataforma europeu multilingue de comunica\u00e7\u00e3o social, centrado em conte\u00fados pan-europeus da sociedade civil.<\/li>\n<li>Apoiar a cria\u00e7\u00e3o de uma rede europeia de plataformas medi\u00e1ticas.<\/li>\n<li>Promover o desenvolvimento e a manuten\u00e7\u00e3o sustent\u00e1veis de tecnologias de fonte aberta.<\/li>\n<li>Criar um ambiente prop\u00edcio para os criadores e jornalistas.<\/li>\n<li>Desenvolver modelos de financiamento sustent\u00e1veis, incluindo op\u00e7\u00f5es de subscri\u00e7\u00e3o e sindica\u00e7\u00e3o.<\/li>\n<\/ul>\n<h2> <\/h2>\n<h2>Motiva\u00e7\u00e3o:<\/h2>\n<ul>\n<li>Sustentabilidade: Assegurar a viabilidade e a estabilidade a longo prazo.<\/li>\n<li>Limitar a responsabilidade e a partilha de riscos: Salvaguardar os interesses das partes interessadas.<\/li>\n<li>Gera\u00e7\u00e3o de capital pr\u00f3prio: Incentivar o apoio financeiro dos membros.<\/li>\n<li>Patroc\u00ednio diversificado da sociedade civil: Permitir um amplo espetro de apoio.<\/li>\n<li>Governa\u00e7\u00e3o democr\u00e1tica da plataforma: Envolver os membros nos processos de tomada de decis\u00e3o.<\/li>\n<li>Perspetiva de desenvolvimento a longo prazo: Envolver as partes interessadas para um crescimento duradouro.<\/li>\n<\/ul>\n<h2> <\/h2>\n<h2>Marcos:<\/h2>\n<ul>\n<li>A Assembleia de Funda\u00e7\u00e3o teve lugar a 9 de outubro de 2023; a sede \u00e9 em Viena\/\u00c1ustria.<\/li>\n<li>Membros da Entidade Fundadora: Funda\u00e7\u00e3o Europeia da Cultura, CMFE &#8211; Community Media Forum Europe, Cultural Broadcasting Archive, Eurozine, fairkom, Krytyka Polityczna, Voxeurop<\/li>\n<li>Integra\u00e7\u00e3o de novos membros: Previsto para a primavera de 2024<\/li>\n<\/ul>\n<h2>Porqu\u00ea fazer um donativo?<\/h2>\n<h4>Vantagens<\/h4>\n<ul>\n<li>Grandes hist\u00f3rias de v\u00e1rios cantos do continente, traduzidas em 15 l\u00ednguas<\/li>\n<li>Servi\u00e7o de boletim informativo (opt-in)<\/li>\n<li>Conta <a href=\"https:\/\/displayeurope.social\">Mastodon<\/a> gratuita (registe-se para obter uma chave de acesso da Display Europe)<\/li>\n<\/ul>\n<p>Temos v\u00e1rias ideias para alargar a plataforma e acrescentar servi\u00e7os em linha adicionais e \u00fateis para fazer da Display Europe a sua base digital. Qualquer contribui\u00e7\u00e3o ajudar\u00e1 a desenvolver ainda mais um centro de media independente!<\/p>\n\n<p>\n<a href=\"https:\/\/kulturspenden.at\/donations\/spende-an-display-europe\" target=\"_blank\" rel=\"noopener\">\n\t<div class=\"donation-logo\" style=\"position:relative;max-width:10rem;padding:0;margin:0;\">\n\t\t<svg viewbox=\"0 0 205.9 39.69\" style=\"position: absolute; top: 0px; left: 0px; width: 100%; height: 100%;\"><path d=\"m34.56,11.36l1.82-1.82c.17-.17.22-.33.22-.55v-.17c0-4.85-3.8-8.82-8.82-8.82-2.26,0-4.57.94-6.23,2.59l-3.64,3.64v-3.36c0-.5-.39-.88-.88-.88H.88c-.5,0-.88.39-.88.88v33.95c0,.5.39.88.88.88h16.15c.5,0,.88-.39.88-.88v-3.36l5.95,5.95c.22.22.44.28.66.28s.44-.06.66-.28l13.34-13.34c1.65-1.65,2.59-3.86,2.59-6.23,0-3.91-2.65-7.39-6.56-8.49h0Zm-11.35-7.11c1.21-1.21,2.87-1.93,4.57-1.93,3.42,0,6.23,2.59,6.45,6.06l-8.99,8.99c-1.23-4.52-5.52-6.35-8.31-6.35h-.5l6.78-6.78h0Zm-7.61,31.14H2.32V4.3h13.28v4.24l-5.07,5.07c-1.65,1.65-2.59,3.86-2.59,6.23s.94,4.57,2.59,6.23l5.07,5.07v4.24h0Zm21.28-10.97l-12.35,12.35-12.35-12.35c-1.27-1.27-1.93-2.92-1.93-4.57,0-3.69,2.92-6.5,6.5-6.5s6.5,2.81,6.5,6.5c0,.66.5,1.16,1.16,1.16.5,0,.83-.33,1.27-.77l6.89-6.89c3.47.17,6.23,2.92,6.23,6.5,0,1.65-.66,3.31-1.93,4.57h0Z\" stroke-width=\"0\" fill=\"#1a171b\"><\/path><path d=\"m205.69,23.89c-.07-.22-.26-.22-.43-.14-.19.07-.43.17-.82.17-.58,0-.89-.29-.89-1.18v-5.25h2.35c.14,0,.31-.12.31-.31v-1.39c0-.19-.17-.31-.31-.31h-2.35v-1.87c0-.12-.1-.34-.34-.31l-1.65.12-.29,2.06h-1.15c-.12,0-.29.12-.29.31v1.39c0,.19.17.31.31.31h1.03v5.18c0,2.83,1.68,3.41,3,3.41,1.39,0,2.11-.58,1.99-.91l-.48-1.27h0Zm-10.22-.43c-.62.55-1.22.77-1.8.77-.72,0-1.22-.41-1.22-1.1,0-.6.36-1.03,1.03-1.29l1.65-.62.34.1v2.16-.02Zm3.43.89c-.02-.19-.12-.26-.31-.26-.65,0-.86-.14-.86-.89v-4.03c0-2.59-1.46-3.91-3.79-3.91-1.92,0-3.31,1.1-3.74,2.71-.07.26.02.38.22.46l1.37.46c.17.05.36.02.46-.26.26-.86.74-1.34,1.65-1.34.79,0,1.56.34,1.56,1.53v.31l-.24.34-2.37.79c-1.68.55-2.76,1.51-2.76,2.95,0,1.75,1.46,2.88,3,2.88,1.08,0,1.75-.36,2.33-.86h.82c.17.31.7.79,1.53.79.62,0,1.25-.14,1.22-.58l-.07-1.08h-.02Zm-10.86,1.58c.22,0,.41-.19.41-.41v-2.16c0-.22-.19-.41-.41-.41h-1.92c-.22,0-.41.19-.41.41v2.16c0,.22.19.41.41.41h1.92Zm-4.53,0c.19,0,.31-.17.31-.31v-6.59c0-2.81-1.97-3.72-3.17-3.72-.98,0-1.77.34-2.4.91h-.89l-.1-.46c-.02-.14-.1-.34-.36-.34h-1.32c-.17,0-.31.14-.31.31v9.88c0,.14.12.31.31.31h1.75c.19,0,.31-.17.31-.31v-6.45c0-1.27,1.15-1.77,2.06-1.77,1.06,0,1.73.65,1.73,1.63v6.59c0,.14.12.31.31.31h1.77Zm-11.27-4.75c.7,0,.84-.34.84-1.29,0-2.66-1.85-4.63-4.51-4.63-3,0-4.94,2.54-4.94,5.4s1.75,5.42,4.94,5.42c2.54,0,3.86-1.65,4.36-2.95.05-.14.05-.31-.17-.41l-1.41-.6c-.19-.07-.36,0-.46.22-.34.84-.86,1.73-2.33,1.73s-2.35-1.13-2.52-2.42l.36-.46h5.84Zm-6.09-1.77c.24-1.2,1.22-2.13,2.42-2.13s2.11.84,2.11,2.13h-4.53Zm-6.79,1.89c0,1.44-.82,2.71-2.45,2.71-1.82,0-2.59-1.58-2.59-3.36s.77-3.33,2.59-3.33c1.63,0,2.45,1.22,2.45,2.69v1.29Zm-3.09-6.04c-2.3,0-4.36,2.21-4.36,5.37,0,2.9,1.7,5.44,4.36,5.44,1.03,0,1.82-.36,2.42-.94h.84l.1.48c.02.14.12.31.31.31h1.37c.19,0,.31-.17.31-.31v-15.16c0-.14-.12-.31-.31-.31h-1.75c-.19,0-.31.17-.31.31v5.54l-.58.19c-.6-.58-1.41-.94-2.4-.94m-6.64,10.67c.19,0,.31-.17.31-.31v-6.59c0-2.81-1.97-3.72-3.17-3.72-.98,0-1.77.34-2.4.91h-.89l-.1-.46c-.02-.14-.1-.34-.36-.34h-1.32c-.17,0-.31.14-.31.31v9.88c0,.14.12.31.31.31h1.75c.19,0,.31-.17.31-.31v-6.45c0-1.27,1.15-1.77,2.06-1.77,1.06,0,1.73.65,1.73,1.63v6.59c0,.14.12.31.31.31h1.77Zm-11.15-4.75c.7,0,.84-.34.84-1.29,0-2.66-1.85-4.63-4.51-4.63-3,0-4.94,2.54-4.94,5.4s1.75,5.42,4.94,5.42c2.54,0,3.86-1.65,4.36-2.95.05-.14.05-.31-.17-.41l-1.41-.6c-.19-.07-.36,0-.46.22-.34.84-.86,1.73-2.33,1.73s-2.35-1.13-2.52-2.42l.36-.46h5.84Zm-6.09-1.77c.24-1.2,1.22-2.13,2.42-2.13s2.11.84,2.11,2.13h-4.53Zm-11.44.65c0-1.44.82-2.73,2.45-2.73,1.82,0,2.59,1.58,2.59,3.36s-.77,3.33-2.59,3.33c-1.63,0-2.45-1.2-2.45-2.66v-1.29h0Zm3.09,6.02c2.3,0,4.36-2.18,4.36-5.37,0-2.88-1.73-5.44-4.36-5.44-1.03,0-1.82.38-2.42.96h-.84l-.1-.48c-.02-.14-.12-.31-.31-.31h-1.37c-.19,0-.31.17-.31.31v14.65c0,.14.12.31.31.31h1.75c.19,0,.31-.17.31-.31v-5.04l.58-.19c.6.58,1.41.91,2.4.91m-11.25-6.81c-.7-.31-1.08-.55-1.08-1.13s.7-.94,1.37-.94c.94,0,1.25.53,1.46,1.22.07.26.26.29.43.24l1.41-.5c.19-.07.26-.14.19-.43-.41-1.39-1.56-2.47-3.5-2.47-2.16,0-3.62,1.39-3.62,2.88,0,1.22.72,2.18,2.04,2.85.77.38,1.1.5,1.99.94.74.36,1.01.62,1.01,1.1,0,.58-.53,1.1-1.61,1.1-1.22,0-1.68-.91-1.8-1.77-.02-.24-.17-.31-.41-.24l-1.51.5c-.14.05-.22.17-.19.36.29,1.89,1.97,3.12,3.86,3.12,2.16,0,3.91-1.29,3.91-3.17,0-1.32-.82-2.21-2.3-2.93-.6-.29-1.18-.53-1.65-.74m-8.92,6.67c.19,0,.31-.17.31-.31v-5.37c0-1.68.72-2.76,1.73-2.76.55,0,.91.19,1.27.43.19.12.38,0,.46-.17l.72-1.56c.05-.12,0-.26-.14-.41-.19-.19-.72-.53-1.39-.53-.79,0-1.39.31-2.04,1.08h-.89l-.1-.58c-.02-.14-.1-.34-.36-.34h-1.32c-.17,0-.31.14-.31.31v9.88c0,.14.12.31.31.31h1.75v.02Zm-4.99,0c.17,0,.31-.14.31-.31v-9.88c0-.14-.12-.31-.31-.31h-1.75c-.19,0-.31.17-.31.31v6.45c0,1.27-1.15,1.77-2.06,1.77-1.06,0-1.73-.65-1.73-1.63v-6.59c0-.14-.12-.31-.31-.31h-1.75c-.19,0-.31.17-.31.31v6.59c0,2.81,1.97,3.72,3.17,3.72.98,0,1.77-.34,2.4-.91h.89l.1.46c.02.14.1.34.36.34h1.32-.02Zm-10.62-2.04c-.07-.22-.26-.22-.43-.14-.19.07-.43.17-.82.17-.58,0-.89-.29-.89-1.18v-5.25h2.35c.14,0,.31-.12.31-.31v-1.39c0-.19-.17-.31-.31-.31h-2.35v-1.87c0-.12-.1-.34-.34-.31l-1.65.12-.29,2.06h-1.15c-.12,0-.29.12-.29.31v1.39c0,.19.17.31.31.31h1.03v5.18c0,2.83,1.68,3.41,3,3.41,1.39,0,2.11-.58,1.99-.91l-.48-1.27h.01Zm-7.99,2.04c.19,0,.31-.17.31-.31v-15.16c0-.14-.12-.31-.31-.31h-1.75c-.19,0-.31.17-.31.31v15.16c0,.14.12.31.31.31h1.75Zm-4.99,0c.17,0,.31-.14.31-.31v-9.88c0-.14-.12-.31-.31-.31h-1.75c-.19,0-.31.17-.31.31v6.45c0,1.27-1.15,1.77-2.06,1.77-1.06,0-1.73-.65-1.73-1.63v-6.59c0-.14-.12-.31-.31-.31h-1.75c-.19,0-.31.17-.31.31v6.59c0,2.81,1.97,3.72,3.17,3.72.98,0,1.77-.34,2.4-.91h.89l.1.46c.02.14.1.34.36.34h1.32-.02Zm-9.81,0c.26,0,.41-.26.24-.5l-4.08-5.68,3.6-3.81c.14-.17.07-.5-.24-.5h-2.09c-.12,0-.19.05-.26.12l-3.62,4.03v-9.11c0-.14-.12-.31-.31-.31h-1.75c-.19,0-.31.17-.31.31v15.16c0,.14.12.31.31.31h1.75c.19,0,.31-.17.31-.31v-3.14l.67-.72h.62l2.81,4c.1.12.14.17.26.17h2.09v-.02Z\" stroke-width=\"0\" fill=\"#1a171b\"><\/path><\/svg><div class=\"css-175oi2r\" style=\"opacity: 0;\"><svg viewbox=\"0 0 205.9 39.69\"><path d=\"m24.53,36.77l-12.35-12.35c-1.27-1.27-1.93-2.92-1.93-4.57,0-3.69,2.92-6.5,6.5-6.5s6.5,2.81,6.5,6.5c0,.66.5,1.16,1.16,1.16.5,0,.83-.33,1.27-.77l6.89-6.89c3.47.17,6.23,2.92,6.23,6.5,0,1.65-.66,3.31-1.93,4.57l-12.35,12.35h.01Z\" stroke-width=\"0\" fill=\"#d51130\"><\/path><path d=\"m12.93,25.16c-1.05-1.05-1.6-2.43-1.6-3.81,0-3.04,2.49-5.41,5.41-5.41s5.41,2.36,5.41,5.32c0,.99.84,1.81,1.84,1.81.77,0,1.24-.39,1.9-1.05l8.39-8.39c-.49-.14-1.18-.26-1.71-.28l-6.89,6.89c-.44.44-.77.77-1.27.77-.66,0-1.16-.5-1.16-1.16,0-3.69-2.87-6.5-6.5-6.5s-6.5,2.81-6.5,6.5c0,1.65.66,3.31,1.93,4.57l.75.75h0Z\" stroke-width=\"0\" fill=\"#8d191d\"><\/path><\/svg><\/div>\n\t<\/div>\n<\/a>\n<\/p>\n","protected":false},"excerpt":{"rendered":"<p>Assembleia Geral A Cooperativa Display Europe 3\u00aa Assembleia Geral extraordin\u00e1ria 28 de janeiro de 2025, 13.00 CETH\u00edbrido:@ Jasna 10\/3, Vars\u00f3via@ https:\/\/pro.fairteaching.net\/r\/ECF Determina\u00e7\u00e3o de que a reuni\u00e3o foi devidamente convocada, determina\u00e7\u00e3o do qu\u00f3rum Relat\u00f3rio do Conselho de Administra\u00e7\u00e3o e do Presidente do Conselho de Supervis\u00e3o Aprova\u00e7\u00e3o do Regulamento Interno do Conselho de Administra\u00e7\u00e3o Elei\u00e7\u00e3o dos membros [&hellip;]<\/p>\n","protected":false},"author":1,"featured_media":0,"parent":0,"menu_order":0,"comment_status":"closed","ping_status":"closed","template":"","meta":{"footnotes":""},"class_list":["post-6683","page","type-page","status-publish","hentry"],"_links":{"self":[{"href":"https:\/\/archive.displayeurope.eu\/pt-pt\/wp-json\/wp\/v2\/pages\/6683","targetHints":{"allow":["GET"]}}],"collection":[{"href":"https:\/\/archive.displayeurope.eu\/pt-pt\/wp-json\/wp\/v2\/pages"}],"about":[{"href":"https:\/\/archive.displayeurope.eu\/pt-pt\/wp-json\/wp\/v2\/types\/page"}],"author":[{"embeddable":true,"href":"https:\/\/archive.displayeurope.eu\/pt-pt\/wp-json\/wp\/v2\/users\/1"}],"replies":[{"embeddable":true,"href":"https:\/\/archive.displayeurope.eu\/pt-pt\/wp-json\/wp\/v2\/comments?post=6683"}],"version-history":[{"count":6,"href":"https:\/\/archive.displayeurope.eu\/pt-pt\/wp-json\/wp\/v2\/pages\/6683\/revisions"}],"predecessor-version":[{"id":50254,"href":"https:\/\/archive.displayeurope.eu\/pt-pt\/wp-json\/wp\/v2\/pages\/6683\/revisions\/50254"}],"wp:attachment":[{"href":"https:\/\/archive.displayeurope.eu\/pt-pt\/wp-json\/wp\/v2\/media?parent=6683"}],"curies":[{"name":"wp","href":"https:\/\/api.w.org\/{rel}","templated":true}]}}