{"id":10889,"date":"2023-11-23T16:46:19","date_gmt":"2023-11-23T15:46:19","guid":{"rendered":"https:\/\/archive.displayeurope.eu\/newsletter\/"},"modified":"2024-08-28T15:05:05","modified_gmt":"2024-08-28T13:05:05","slug":"newsletter","status":"publish","type":"page","link":"https:\/\/archive.displayeurope.eu\/sk\/newsletter\/","title":{"rendered":"Newsletter"},"content":{"rendered":"<style>\/*! elementor - v3.20.0 - 26-03-2024 *\/<br \/>\n.elementor-heading-title{padding:0;margin:0;line-height:1}.elementor-widget-heading .elementor-heading-title[class*=elementor-size-]>a{color:inherit;font-size:inherit;line-height:inherit}.elementor-widget-heading .elementor-heading-title.elementor-size-small{font-size:15px}.elementor-widget-heading .elementor-heading-title.elementor-size-medium{font-size:19px}.elementor-widget-heading .elementor-heading-title.elementor-size-large{font-size:29px}.elementor-widget-heading .elementor-heading-title.elementor-size-xl{font-size:39px}.elementor-widget-heading .elementor-heading-title.elementor-size-xxl{font-size:59px}<\/style>\n<h1>Predpla\u0165te si novinky Display Europe<\/h1>\n<p>Va\u0161e osobn\u00e9 aktu\u00e1lne inform\u00e1cie o eur\u00f3pskych z\u00e1ujmoch.<br \/>\nV\u0161etky relevantn\u00e9 novinky a exkluz\u00edvny obsah priamo do va\u0161ej schr\u00e1nky!<\/p>\n<p>[Newsletter]<\/p>\n","protected":false},"excerpt":{"rendered":"<p>Predpla\u0165te si novinky Display Europe Va\u0161e osobn\u00e9 aktu\u00e1lne inform\u00e1cie o eur\u00f3pskych z\u00e1ujmoch. V\u0161etky relevantn\u00e9 novinky a exkluz\u00edvny obsah priamo do va\u0161ej schr\u00e1nky! [Newsletter]<\/p>\n","protected":false},"author":35,"featured_media":0,"parent":0,"menu_order":0,"comment_status":"closed","ping_status":"closed","template":"","meta":{"footnotes":""},"class_list":["post-10889","page","type-page","status-publish","hentry"],"_links":{"self":[{"href":"https:\/\/archive.displayeurope.eu\/sk\/wp-json\/wp\/v2\/pages\/10889","targetHints":{"allow":["GET"]}}],"collection":[{"href":"https:\/\/archive.displayeurope.eu\/sk\/wp-json\/wp\/v2\/pages"}],"about":[{"href":"https:\/\/archive.displayeurope.eu\/sk\/wp-json\/wp\/v2\/types\/page"}],"author":[{"embeddable":true,"href":"https:\/\/archive.displayeurope.eu\/sk\/wp-json\/wp\/v2\/users\/35"}],"replies":[{"embeddable":true,"href":"https:\/\/archive.displayeurope.eu\/sk\/wp-json\/wp\/v2\/comments?post=10889"}],"version-history":[{"count":2,"href":"https:\/\/archive.displayeurope.eu\/sk\/wp-json\/wp\/v2\/pages\/10889\/revisions"}],"predecessor-version":[{"id":45804,"href":"https:\/\/archive.displayeurope.eu\/sk\/wp-json\/wp\/v2\/pages\/10889\/revisions\/45804"}],"wp:attachment":[{"href":"https:\/\/archive.displayeurope.eu\/sk\/wp-json\/wp\/v2\/media?parent=10889"}],"curies":[{"name":"wp","href":"https:\/\/api.w.org\/{rel}","templated":true}]}}