{"id":14859,"date":"2023-09-19T09:07:57","date_gmt":"2023-09-19T07:07:57","guid":{"rendered":"https:\/\/archive.displayeurope.eu\/predplatne\/"},"modified":"2025-01-13T21:46:09","modified_gmt":"2025-01-13T20:46:09","slug":"coop-membership-donations","status":"publish","type":"page","link":"https:\/\/archive.displayeurope.eu\/sk\/coop-membership-donations\/","title":{"rendered":"COOP &#8211; \u010dlenstvo a dary"},"content":{"rendered":"<p><style>\/*! elementor - v3.18.0 - 04-12-2023 *\/<br \/>\n.elementor-heading-title{padding:0;margin:0;line-height:1}.elementor-widget-heading .elementor-heading-title[class*=elementor-size-]&gt;a{color:inherit;font-size:inherit;line-height:inherit}.elementor-widget-heading .elementor-heading-title.elementor-size-small{font-size:15px}.elementor-widget-heading .elementor-heading-title.elementor-size-medium{font-size:19px}.elementor-widget-heading .elementor-heading-title.elementor-size-large{font-size:29px}.elementor-widget-heading .elementor-heading-title.elementor-size-xl{font-size:39px}.elementor-widget-heading .elementor-heading-title.elementor-size-xxl{font-size:59px}<\/style>\n<\/p>\n<h1>Valn\u00e9 zhroma\u017edenie<\/h1>\n<h2> <\/h2>\n<h2>Eur\u00f3pske dru\u017estvo pre zobrazovanie<\/h2>\n<p><img loading=\"lazy\" decoding=\"async\" src=\"https:\/\/archive.displayeurope.eu\/wp-content\/uploads\/2023\/12\/de-logo-inside.png\" alt=\"\" width=\"260\" height=\"90\" \/><\/p>\n<h2> <\/h2>\n<h2>3. mimoriadne valn\u00e9 zhroma\u017edenie<\/h2>\n<p><em>28. janu\u00e1r 2025, 13.00 hod. stredoeur\u00f3pskeho \u010dasu<\/em><br \/><em>Hybrid:<\/em><br \/><em>@ Jasna 10\/3, Var\u0161ava<\/em><br \/><em>@ https:\/\/pro.fairteaching.net\/r\/ECF<\/em><\/p>\n<ol>\n<li>Kon\u0161tatovanie, \u017ee zasadnutie bolo riadne zvolan\u00e9, ur\u010denie uzn\u00e1\u0161aniaschopnosti<\/li>\n<li>Spr\u00e1va predstavenstva a predsedu dozornej rady<\/li>\n<li>Schv\u00e1lenie rokovacieho poriadku predstavenstva<\/li>\n<li>Vo\u013eba \u010dlenov predstavenstva<\/li>\n<li>Vo\u013eba \u010dlenov dozornej rady<\/li>\n<li>Zmena a doplnenie \u0161tat\u00fatu<br \/>\n<h3 style=\"padding-left: 40px;\">\u00a7 18. Zastupovanie dru\u017estva<\/h3>\n<ol>\n<li style=\"list-style-type: none;\">\n<ol>\n<li>Predstavenstvo zastupuje dru\u017estvo pred s\u00fadom a navonok.<\/li>\n<li>Zastupova\u0165 dru\u017estvo s\u00fa opr\u00e1vnen\u00ed spolo\u010dne dvaja \u010dlenovia predstavenstva, z ktor\u00fdch jeden mus\u00ed by\u0165 predseda alebo podpredseda, a to predseda alebo podpredseda spolu s jedn\u00fdm splnomocnen\u00fdm z\u00e1stupcom.<\/li>\n<li>Podpisovanie za dru\u017estvo sa vykon\u00e1 tak, \u017ee k obchodn\u00e9mu menu spolo\u010dnosti pripoj\u00ed svoj podpis predseda a podpredseda alebo jeden z nich spolu s \u010fal\u0161\u00edm \u010dlenom predstavenstva alebo splnomocnen\u00fdm podpisuj\u00facim.<\/li>\n<\/ol>\n<\/li>\n<\/ol>\n<h3 style=\"padding-left: 40px;\">\u00a7 35. Po\u017eiadavky na v\u00e4\u010d\u0161inu<\/h3>\n<ol>\n<li style=\"list-style-type: none;\">\n<ol>\n<li>Uznesenia valn\u00e9ho zhroma\u017edenia sa prij\u00edmaj\u00fa jednoduchou v\u00e4\u010d\u0161inou. Troj\u0161tvrtinov\u00e1 v\u00e4\u010d\u0161ina odovzdan\u00fdch platn\u00fdch hlasov je potrebn\u00e1 pre uznesenia k bodom uveden\u00fdm v \u00a7 34 ods. 2. Na zdr\u017eanie sa hlasovania sa pri zis\u0165ovan\u00ed v\u00fdsledku hlasovania neprihliada.<\/li>\n<\/ol>\n<\/li>\n<\/ol>\n<h3 style=\"padding-left: 40px;\">VIII. Z\u00e1pis do obchodn\u00e9ho registra<\/h3>\n<h4 style=\"padding-left: 40px;\">\u00a7 45.<\/h4>\n<p style=\"padding-left: 40px;\">Stanovy sa musia prihl\u00e1si\u0165 na z\u00e1pis do obchodn\u00e9ho registra. Z\u00e1pisom s\u00fa poveren\u00ed t\u00edto \u010dlenovia predstavenstva: Ingo Leindecker<br \/>Ak s\u00fad podmieni z\u00e1pis zmenou niektor\u00fdch ustanoven\u00ed t\u00fdchto stanov &#8211; najm\u00e4 aj n\u00e1zvu spolo\u010dnosti &#8211; s\u00fa vy\u0161\u0161ie uveden\u00ed \u010dlenovia opr\u00e1vnen\u00ed vykona\u0165 potrebn\u00e9 zmeny.<\/p>\n<\/li>\n<li>R\u00f4zne<\/li>\n<\/ol>\n<p><strong>V pr\u00edpade, \u017ee valn\u00e9 zhroma\u017edenie nie je uzn\u00e1\u0161aniaschopn\u00e9, je opr\u00e1vnen\u00e9 rozhodova\u0165 o v\u0161etk\u00fdch bodoch programu bez oh\u013eadu na po\u010det pr\u00edtomn\u00fdch alebo zast\u00fapen\u00fdch \u010dlenov po polhodinovom \u010dakan\u00ed (\u00a7 34 ods. 4).<\/strong><\/p>\n<h1> <\/h1>\n<hr \/>\n<h1> <\/h1>\n<h1>COOP-\u010dlenstvo a dary<\/h1>\n<h1> <\/h1>\n<h2>Dru\u017estvo Display Europe<\/h2>\n<p><img loading=\"lazy\" decoding=\"async\" src=\"https:\/\/archive.displayeurope.eu\/wp-content\/uploads\/2023\/12\/de-logo-inside.png\" alt=\"\" width=\"260\" height=\"90\" \/><\/p>\n<h2> <\/h2>\n<p><em>Poz\u00fdvame jednotlivcov a organiz\u00e1cie, ktor\u00e9 sa stoto\u017e\u0148uj\u00fa s na\u0161ou v\u00edziou, aby sa spojili, spojili svoje sily a vytvorili transforma\u010dn\u00e9 dru\u017estvo, ktor\u00e9 nanovo definuje eur\u00f3pske medi\u00e1lne prostredie. Spolo\u010dne vytvorme platformu, ktor\u00e1 steles\u0148uje spolupr\u00e1cu, inov\u00e1cie a spolo\u010dn\u00e9 \u00fasilie o digit\u00e1lny verejn\u00fd priestor pre v\u0161etk\u00fdch.<\/em><\/p>\n<h2>K\u013e\u00fa\u010dov\u00e9 ciele:<\/h2>\n<ul>\n<li>Podpora eur\u00f3pskeho digit\u00e1lneho verejn\u00e9ho priestoru: Zameriavame sa na kultivovanie platformy zameranej na spolo\u010dn\u00e9 dobro, ktorej centrom je ob\u010dianska spolo\u010dnos\u0165.<\/li>\n<li>Rozvoj komunik\u00e1cie a \u017eurnalistiky: Podpora iniciat\u00edv, ktor\u00e9 uprednost\u0148uj\u00fa kolekt\u00edvny z\u00e1ujem a podporuj\u00fa otvoren\u00fd dial\u00f3g.<\/li>\n<\/ul>\n<h2> <\/h2>\n<h2>Strat\u00e9gie:<\/h2>\n<ul>\n<li>Zalo\u017eenie a prev\u00e1dzka eur\u00f3pskeho viacjazy\u010dn\u00e9ho medi\u00e1lneho port\u00e1lu\/platformy so zameran\u00edm na celoeur\u00f3psky obsah ob\u010dianskej spolo\u010dnosti.<\/li>\n<li>Podpora vytvorenia eur\u00f3pskej siete medi\u00e1lnych platforiem.<\/li>\n<li>Podpora udr\u017eate\u013en\u00e9ho technologick\u00e9ho v\u00fdvoja a \u00fadr\u017eby otvoren\u00fdch zdrojov.<\/li>\n<li>Vytv\u00e1ranie priazniv\u00e9ho prostredia pre v\u00fdvoj\u00e1rov a novin\u00e1rov.<\/li>\n<li>Rozvoj udr\u017eate\u013en\u00fdch modelov financovania vr\u00e1tane mo\u017enost\u00ed predplatn\u00e9ho a syndik\u00e1cie.<\/li>\n<\/ul>\n<h2> <\/h2>\n<h2>Motiv\u00e1cia:<\/h2>\n<ul>\n<li>Udr\u017eate\u013enos\u0165: Zabezpe\u010denie dlhodobej \u017eivotaschopnosti a stability.<\/li>\n<li>Obmedzenie zodpovednosti a rozdelenie rizika: Ochrana z\u00e1ujmov zainteresovan\u00fdch str\u00e1n.<\/li>\n<li>Tvorba vlastn\u00e9ho kapit\u00e1lu: Podpora finan\u010dnej podpory zo strany \u010dlenov.<\/li>\n<li>R\u00f4znorod\u00e9 sponzorstvo ob\u010dianskej spolo\u010dnosti: Umo\u017enenie \u0161irok\u00e9ho spektra podpory.<\/li>\n<li>Demokratick\u00e9 riadenie platformy: Zapojenie \u010dlenov do rozhodovac\u00edch procesov.<\/li>\n<li>Dlhodob\u00e1 perspekt\u00edva rozvoja: Zapojenie zainteresovan\u00fdch str\u00e1n v z\u00e1ujme trval\u00e9ho rastu.<\/li>\n<\/ul>\n<h2> <\/h2>\n<h2>M\u00ed\u013eniky:<\/h2>\n<ul>\n<li>Zakladaj\u00face zhroma\u017edenie sa konalo 9. okt\u00f3bra 2023; s\u00eddlo je vo Viedni\/Rak\u00fasku.<\/li>\n<li>\u010clenovia zakladaj\u00faceho subjektu: Eur\u00f3pska kult\u00farna nad\u00e1cia, CMFE &#8211; Community Media Forum Europe, Cultural Broadcasting Archive, Eurozine, fairkom, Krytyka Polityczna, Voxeurop<\/li>\n<li>Prij\u00edmanie nov\u00fdch \u010dlenov: O\u010dak\u00e1va sa na jar 2024<\/li>\n<\/ul>\n<h2>Pre\u010do prispie\u0165?<\/h2>\n<h4>V\u00fdhody<\/h4>\n<ul>\n<li>Skvel\u00e9 pr\u00edbehy z viacer\u00fdch k\u00fatov kontinentu, prelo\u017een\u00e9 do 15 jazykov<\/li>\n<li>Slu\u017eba zasielania noviniek (opt-in)<\/li>\n<li>Bezplatn\u00fd \u00fa\u010det <a href=\"https:\/\/displayeurope.social\">Mastodon<\/a> (zaregistrujte sa a z\u00edskajte prihlasovac\u00ed k\u013e\u00fa\u010d Display Europe)<\/li>\n<\/ul>\n<p>M\u00e1me nieko\u013eko n\u00e1padov na roz\u0161\u00edrenie platformy a pridanie \u010fal\u0161\u00edch u\u017eito\u010dn\u00fdch online slu\u017eieb, aby sa Display Europe stal va\u0161ou digit\u00e1lnou z\u00e1klad\u0148ou. Ka\u017ed\u00fd pr\u00edspevok pom\u00f4\u017ee \u010falej rozv\u00edja\u0165 nez\u00e1visl\u00e9 medi\u00e1lne centrum!<\/p>\n\n<p>\n<a href=\"https:\/\/kulturspenden.at\/donations\/spende-an-display-europe\" target=\"_blank\" rel=\"noopener\">\n\t<div class=\"donation-logo\" style=\"position:relative;max-width:10rem;padding:0;margin:0;\">\n\t\t<svg viewbox=\"0 0 205.9 39.69\" style=\"position: absolute; top: 0px; left: 0px; width: 100%; height: 100%;\"><path d=\"m34.56,11.36l1.82-1.82c.17-.17.22-.33.22-.55v-.17c0-4.85-3.8-8.82-8.82-8.82-2.26,0-4.57.94-6.23,2.59l-3.64,3.64v-3.36c0-.5-.39-.88-.88-.88H.88c-.5,0-.88.39-.88.88v33.95c0,.5.39.88.88.88h16.15c.5,0,.88-.39.88-.88v-3.36l5.95,5.95c.22.22.44.28.66.28s.44-.06.66-.28l13.34-13.34c1.65-1.65,2.59-3.86,2.59-6.23,0-3.91-2.65-7.39-6.56-8.49h0Zm-11.35-7.11c1.21-1.21,2.87-1.93,4.57-1.93,3.42,0,6.23,2.59,6.45,6.06l-8.99,8.99c-1.23-4.52-5.52-6.35-8.31-6.35h-.5l6.78-6.78h0Zm-7.61,31.14H2.32V4.3h13.28v4.24l-5.07,5.07c-1.65,1.65-2.59,3.86-2.59,6.23s.94,4.57,2.59,6.23l5.07,5.07v4.24h0Zm21.28-10.97l-12.35,12.35-12.35-12.35c-1.27-1.27-1.93-2.92-1.93-4.57,0-3.69,2.92-6.5,6.5-6.5s6.5,2.81,6.5,6.5c0,.66.5,1.16,1.16,1.16.5,0,.83-.33,1.27-.77l6.89-6.89c3.47.17,6.23,2.92,6.23,6.5,0,1.65-.66,3.31-1.93,4.57h0Z\" stroke-width=\"0\" fill=\"#1a171b\"><\/path><path d=\"m205.69,23.89c-.07-.22-.26-.22-.43-.14-.19.07-.43.17-.82.17-.58,0-.89-.29-.89-1.18v-5.25h2.35c.14,0,.31-.12.31-.31v-1.39c0-.19-.17-.31-.31-.31h-2.35v-1.87c0-.12-.1-.34-.34-.31l-1.65.12-.29,2.06h-1.15c-.12,0-.29.12-.29.31v1.39c0,.19.17.31.31.31h1.03v5.18c0,2.83,1.68,3.41,3,3.41,1.39,0,2.11-.58,1.99-.91l-.48-1.27h0Zm-10.22-.43c-.62.55-1.22.77-1.8.77-.72,0-1.22-.41-1.22-1.1,0-.6.36-1.03,1.03-1.29l1.65-.62.34.1v2.16-.02Zm3.43.89c-.02-.19-.12-.26-.31-.26-.65,0-.86-.14-.86-.89v-4.03c0-2.59-1.46-3.91-3.79-3.91-1.92,0-3.31,1.1-3.74,2.71-.07.26.02.38.22.46l1.37.46c.17.05.36.02.46-.26.26-.86.74-1.34,1.65-1.34.79,0,1.56.34,1.56,1.53v.31l-.24.34-2.37.79c-1.68.55-2.76,1.51-2.76,2.95,0,1.75,1.46,2.88,3,2.88,1.08,0,1.75-.36,2.33-.86h.82c.17.31.7.79,1.53.79.62,0,1.25-.14,1.22-.58l-.07-1.08h-.02Zm-10.86,1.58c.22,0,.41-.19.41-.41v-2.16c0-.22-.19-.41-.41-.41h-1.92c-.22,0-.41.19-.41.41v2.16c0,.22.19.41.41.41h1.92Zm-4.53,0c.19,0,.31-.17.31-.31v-6.59c0-2.81-1.97-3.72-3.17-3.72-.98,0-1.77.34-2.4.91h-.89l-.1-.46c-.02-.14-.1-.34-.36-.34h-1.32c-.17,0-.31.14-.31.31v9.88c0,.14.12.31.31.31h1.75c.19,0,.31-.17.31-.31v-6.45c0-1.27,1.15-1.77,2.06-1.77,1.06,0,1.73.65,1.73,1.63v6.59c0,.14.12.31.31.31h1.77Zm-11.27-4.75c.7,0,.84-.34.84-1.29,0-2.66-1.85-4.63-4.51-4.63-3,0-4.94,2.54-4.94,5.4s1.75,5.42,4.94,5.42c2.54,0,3.86-1.65,4.36-2.95.05-.14.05-.31-.17-.41l-1.41-.6c-.19-.07-.36,0-.46.22-.34.84-.86,1.73-2.33,1.73s-2.35-1.13-2.52-2.42l.36-.46h5.84Zm-6.09-1.77c.24-1.2,1.22-2.13,2.42-2.13s2.11.84,2.11,2.13h-4.53Zm-6.79,1.89c0,1.44-.82,2.71-2.45,2.71-1.82,0-2.59-1.58-2.59-3.36s.77-3.33,2.59-3.33c1.63,0,2.45,1.22,2.45,2.69v1.29Zm-3.09-6.04c-2.3,0-4.36,2.21-4.36,5.37,0,2.9,1.7,5.44,4.36,5.44,1.03,0,1.82-.36,2.42-.94h.84l.1.48c.02.14.12.31.31.31h1.37c.19,0,.31-.17.31-.31v-15.16c0-.14-.12-.31-.31-.31h-1.75c-.19,0-.31.17-.31.31v5.54l-.58.19c-.6-.58-1.41-.94-2.4-.94m-6.64,10.67c.19,0,.31-.17.31-.31v-6.59c0-2.81-1.97-3.72-3.17-3.72-.98,0-1.77.34-2.4.91h-.89l-.1-.46c-.02-.14-.1-.34-.36-.34h-1.32c-.17,0-.31.14-.31.31v9.88c0,.14.12.31.31.31h1.75c.19,0,.31-.17.31-.31v-6.45c0-1.27,1.15-1.77,2.06-1.77,1.06,0,1.73.65,1.73,1.63v6.59c0,.14.12.31.31.31h1.77Zm-11.15-4.75c.7,0,.84-.34.84-1.29,0-2.66-1.85-4.63-4.51-4.63-3,0-4.94,2.54-4.94,5.4s1.75,5.42,4.94,5.42c2.54,0,3.86-1.65,4.36-2.95.05-.14.05-.31-.17-.41l-1.41-.6c-.19-.07-.36,0-.46.22-.34.84-.86,1.73-2.33,1.73s-2.35-1.13-2.52-2.42l.36-.46h5.84Zm-6.09-1.77c.24-1.2,1.22-2.13,2.42-2.13s2.11.84,2.11,2.13h-4.53Zm-11.44.65c0-1.44.82-2.73,2.45-2.73,1.82,0,2.59,1.58,2.59,3.36s-.77,3.33-2.59,3.33c-1.63,0-2.45-1.2-2.45-2.66v-1.29h0Zm3.09,6.02c2.3,0,4.36-2.18,4.36-5.37,0-2.88-1.73-5.44-4.36-5.44-1.03,0-1.82.38-2.42.96h-.84l-.1-.48c-.02-.14-.12-.31-.31-.31h-1.37c-.19,0-.31.17-.31.31v14.65c0,.14.12.31.31.31h1.75c.19,0,.31-.17.31-.31v-5.04l.58-.19c.6.58,1.41.91,2.4.91m-11.25-6.81c-.7-.31-1.08-.55-1.08-1.13s.7-.94,1.37-.94c.94,0,1.25.53,1.46,1.22.07.26.26.29.43.24l1.41-.5c.19-.07.26-.14.19-.43-.41-1.39-1.56-2.47-3.5-2.47-2.16,0-3.62,1.39-3.62,2.88,0,1.22.72,2.18,2.04,2.85.77.38,1.1.5,1.99.94.74.36,1.01.62,1.01,1.1,0,.58-.53,1.1-1.61,1.1-1.22,0-1.68-.91-1.8-1.77-.02-.24-.17-.31-.41-.24l-1.51.5c-.14.05-.22.17-.19.36.29,1.89,1.97,3.12,3.86,3.12,2.16,0,3.91-1.29,3.91-3.17,0-1.32-.82-2.21-2.3-2.93-.6-.29-1.18-.53-1.65-.74m-8.92,6.67c.19,0,.31-.17.31-.31v-5.37c0-1.68.72-2.76,1.73-2.76.55,0,.91.19,1.27.43.19.12.38,0,.46-.17l.72-1.56c.05-.12,0-.26-.14-.41-.19-.19-.72-.53-1.39-.53-.79,0-1.39.31-2.04,1.08h-.89l-.1-.58c-.02-.14-.1-.34-.36-.34h-1.32c-.17,0-.31.14-.31.31v9.88c0,.14.12.31.31.31h1.75v.02Zm-4.99,0c.17,0,.31-.14.31-.31v-9.88c0-.14-.12-.31-.31-.31h-1.75c-.19,0-.31.17-.31.31v6.45c0,1.27-1.15,1.77-2.06,1.77-1.06,0-1.73-.65-1.73-1.63v-6.59c0-.14-.12-.31-.31-.31h-1.75c-.19,0-.31.17-.31.31v6.59c0,2.81,1.97,3.72,3.17,3.72.98,0,1.77-.34,2.4-.91h.89l.1.46c.02.14.1.34.36.34h1.32-.02Zm-10.62-2.04c-.07-.22-.26-.22-.43-.14-.19.07-.43.17-.82.17-.58,0-.89-.29-.89-1.18v-5.25h2.35c.14,0,.31-.12.31-.31v-1.39c0-.19-.17-.31-.31-.31h-2.35v-1.87c0-.12-.1-.34-.34-.31l-1.65.12-.29,2.06h-1.15c-.12,0-.29.12-.29.31v1.39c0,.19.17.31.31.31h1.03v5.18c0,2.83,1.68,3.41,3,3.41,1.39,0,2.11-.58,1.99-.91l-.48-1.27h.01Zm-7.99,2.04c.19,0,.31-.17.31-.31v-15.16c0-.14-.12-.31-.31-.31h-1.75c-.19,0-.31.17-.31.31v15.16c0,.14.12.31.31.31h1.75Zm-4.99,0c.17,0,.31-.14.31-.31v-9.88c0-.14-.12-.31-.31-.31h-1.75c-.19,0-.31.17-.31.31v6.45c0,1.27-1.15,1.77-2.06,1.77-1.06,0-1.73-.65-1.73-1.63v-6.59c0-.14-.12-.31-.31-.31h-1.75c-.19,0-.31.17-.31.31v6.59c0,2.81,1.97,3.72,3.17,3.72.98,0,1.77-.34,2.4-.91h.89l.1.46c.02.14.1.34.36.34h1.32-.02Zm-9.81,0c.26,0,.41-.26.24-.5l-4.08-5.68,3.6-3.81c.14-.17.07-.5-.24-.5h-2.09c-.12,0-.19.05-.26.12l-3.62,4.03v-9.11c0-.14-.12-.31-.31-.31h-1.75c-.19,0-.31.17-.31.31v15.16c0,.14.12.31.31.31h1.75c.19,0,.31-.17.31-.31v-3.14l.67-.72h.62l2.81,4c.1.12.14.17.26.17h2.09v-.02Z\" stroke-width=\"0\" fill=\"#1a171b\"><\/path><\/svg><div class=\"css-175oi2r\" style=\"opacity: 0;\"><svg viewbox=\"0 0 205.9 39.69\"><path d=\"m24.53,36.77l-12.35-12.35c-1.27-1.27-1.93-2.92-1.93-4.57,0-3.69,2.92-6.5,6.5-6.5s6.5,2.81,6.5,6.5c0,.66.5,1.16,1.16,1.16.5,0,.83-.33,1.27-.77l6.89-6.89c3.47.17,6.23,2.92,6.23,6.5,0,1.65-.66,3.31-1.93,4.57l-12.35,12.35h.01Z\" stroke-width=\"0\" fill=\"#d51130\"><\/path><path d=\"m12.93,25.16c-1.05-1.05-1.6-2.43-1.6-3.81,0-3.04,2.49-5.41,5.41-5.41s5.41,2.36,5.41,5.32c0,.99.84,1.81,1.84,1.81.77,0,1.24-.39,1.9-1.05l8.39-8.39c-.49-.14-1.18-.26-1.71-.28l-6.89,6.89c-.44.44-.77.77-1.27.77-.66,0-1.16-.5-1.16-1.16,0-3.69-2.87-6.5-6.5-6.5s-6.5,2.81-6.5,6.5c0,1.65.66,3.31,1.93,4.57l.75.75h0Z\" stroke-width=\"0\" fill=\"#8d191d\"><\/path><\/svg><\/div>\n\t<\/div>\n<\/a>\n<\/p>\n","protected":false},"excerpt":{"rendered":"<p>Valn\u00e9 zhroma\u017edenie Eur\u00f3pske dru\u017estvo pre zobrazovanie 3. mimoriadne valn\u00e9 zhroma\u017edenie 28. janu\u00e1r 2025, 13.00 hod. stredoeur\u00f3pskeho \u010dasuHybrid:@ Jasna 10\/3, Var\u0161ava@ https:\/\/pro.fairteaching.net\/r\/ECF Kon\u0161tatovanie, \u017ee zasadnutie bolo riadne zvolan\u00e9, ur\u010denie uzn\u00e1\u0161aniaschopnosti Spr\u00e1va predstavenstva a predsedu dozornej rady Schv\u00e1lenie rokovacieho poriadku predstavenstva Vo\u013eba \u010dlenov predstavenstva Vo\u013eba \u010dlenov dozornej rady Zmena a doplnenie \u0161tat\u00fatu \u00a7 18. Zastupovanie dru\u017estva Predstavenstvo [&hellip;]<\/p>\n","protected":false},"author":1,"featured_media":0,"parent":0,"menu_order":0,"comment_status":"closed","ping_status":"closed","template":"","meta":{"footnotes":""},"class_list":["post-14859","page","type-page","status-publish","hentry"],"_links":{"self":[{"href":"https:\/\/archive.displayeurope.eu\/sk\/wp-json\/wp\/v2\/pages\/14859","targetHints":{"allow":["GET"]}}],"collection":[{"href":"https:\/\/archive.displayeurope.eu\/sk\/wp-json\/wp\/v2\/pages"}],"about":[{"href":"https:\/\/archive.displayeurope.eu\/sk\/wp-json\/wp\/v2\/types\/page"}],"author":[{"embeddable":true,"href":"https:\/\/archive.displayeurope.eu\/sk\/wp-json\/wp\/v2\/users\/1"}],"replies":[{"embeddable":true,"href":"https:\/\/archive.displayeurope.eu\/sk\/wp-json\/wp\/v2\/comments?post=14859"}],"version-history":[{"count":4,"href":"https:\/\/archive.displayeurope.eu\/sk\/wp-json\/wp\/v2\/pages\/14859\/revisions"}],"predecessor-version":[{"id":50256,"href":"https:\/\/archive.displayeurope.eu\/sk\/wp-json\/wp\/v2\/pages\/14859\/revisions\/50256"}],"wp:attachment":[{"href":"https:\/\/archive.displayeurope.eu\/sk\/wp-json\/wp\/v2\/media?parent=14859"}],"curies":[{"name":"wp","href":"https:\/\/api.w.org\/{rel}","templated":true}]}}