{"id":14934,"date":"2023-09-19T08:58:43","date_gmt":"2023-09-19T06:58:43","guid":{"rendered":"https:\/\/archive.displayeurope.eu\/granty\/"},"modified":"2023-12-11T22:30:59","modified_gmt":"2023-12-11T21:30:59","slug":"granty","status":"publish","type":"page","link":"https:\/\/archive.displayeurope.eu\/sk\/granty\/","title":{"rendered":"Granty"},"content":{"rendered":"<h1>Granty<\/h1>\n<p>V r\u00e1mci projektu Display Europe boli vyhl\u00e1sen\u00e9 dve grantov\u00e9 v\u00fdzvy &#8211; <a href=\"https:\/\/culturalfoundation.eu\/programmes\/display-europe\/\"><br \/>\n  <u><br \/>\n    <em>Grantov\u00e1 v\u00fdzva Display Europe<\/em><br \/>\n  <\/u><br \/>\n<\/a> a <em>v\u00fdzva na mikrogranty Display Europe <\/em>, v koordin\u00e1cii s Eur\u00f3pskou kult\u00farnou nad\u00e1ciou (jedn\u00fdm z partnerov konzorcia Display Europe)<em> <\/em>vyzvala \u010dlenov medi\u00e1lnej komunity, aby predlo\u017eili n\u00e1vrhy, ktor\u00e9 by sa v pr\u00edpade v\u00fdberu stali origin\u00e1lnym obsahom vytvoren\u00fdm pre platformu displayeurope.eu a dostupn\u00fdm na nej. T\u00e1to suver\u00e9nna digit\u00e1lna platforma s otvoren\u00fdm zdrojov\u00fdm k\u00f3dom podporuje demokraciu a poskytuje ob\u010danom autentick\u00e9 zobrazenie mnohotv\u00e1rnej eur\u00f3pskej reality. Medzi krit\u00e9ri\u00e1 ocenen\u00fdch prihl\u00e1\u0161ok, ktor\u00e9 hodnotila nez\u00e1visl\u00e1 porota, patrili cezhrani\u010dn\u00e1 spolupr\u00e1ca, snaha o dosiahnutie vynikaj\u00facej novin\u00e1rskej kvality a zauj\u00edmav\u00fd pr\u00edstup k celoeur\u00f3pskym t\u00e9mam.<\/p>\n<p>Ke\u010f\u017ee Display zastupuje nez\u00e1visl\u00e9 m\u00e9di\u00e1, ktor\u00e9 d\u00e1vaj\u00fa hlas a tv\u00e1r diskriminovan\u00fdm a utl\u00e1\u010dan\u00fdm men\u0161in\u00e1m, ktor\u00e9 sa zasadzuj\u00fa za z\u00e1kladn\u00e9 pr\u00e1va a ob\u010dianske slobody, v r\u00e1mci grantovej v\u00fdzvy Display Europe bol predlo\u017een\u00fd v\u00fdber siedmich iniciat\u00edv, ktor\u00e9 maj\u00fa formova\u0165 bud\u00facnos\u0165 eur\u00f3pskeho medi\u00e1lneho pr\u00edbehu. Tieto projekty z Talianska, Holandska, Slovinska, Portugalska a Franc\u00fazska boli vybran\u00e9 pre ich neochvejn\u00e9 odhodlanie pretv\u00e1ra\u0165 eur\u00f3psky pr\u00edbeh.<\/p>\n<h2>Vybran\u00e9 n\u00e1vrhy s\u00fa:<\/h2>\n<p>\t\t\t\t<a href=\"https:\/\/spheranetwork.com\/\" tabindex=\"-1\"><br \/>\n\t\t\t\t\t\t\t\t<\/a><\/p>\n<h4>\n\t\t\t\t\t<a href=\"https:\/\/spheranetwork.com\/\" ><br \/>\n\t\t\t\t\t\tSie\u0165 Sphera Network for Display (Taliansko)\t\t\t\t\t<\/a><br \/>\n\t\t\t\t<\/h4>\n<p>\n\t\t\t\t\t\t&#8222;Eur\u00f3pska ml\u00e1de\u017e a klimatick\u00e1 kr\u00edza&#8220; je p\u00fatav\u00e1 s\u00e9ria vide\u00ed, ktor\u00e1 je k dispoz\u00edcii v siedmich jazykoch E\u00da a zaober\u00e1 sa klimatickou kr\u00edzou v Eur\u00f3pe a poukazuje na odolnos\u0165 a odhodlanie mlad\u00fdch Eur\u00f3panov.\t\t\t\t\t<\/p>\n<p>\t\t\t\t<a href=\"https:\/\/www.heretosupport.nl\/cityrightsradio\" tabindex=\"-1\"><br \/>\n\t\t\t\t\t\t\t\t<\/a><\/p>\n<h4>\n\t\t\t\t\t<a href=\"https:\/\/www.heretosupport.nl\/cityrightsradio\" ><br \/>\n\t\t\t\t\t\tCity Rights Radio (Holandsko)\t\t\t\t\t<\/a><br \/>\n\t\t\t\t<\/h4>\n<p>\n\t\t\t\t\t\tTento podcast, ktor\u00fd vytvorili ob\u010dania bez dokladov v Amsterdame, posil\u0148uje hlasy marginalizovan\u00fdch os\u00f4b a zd\u00f4raz\u0148uje ich \u017eivotn\u00e9 sk\u00fasenosti, politick\u00e9 anal\u00fdzy a komunitn\u00e9 aliancie.\t\t\t\t\t<\/p>\n<h4>\n\t\t\t\t\t\tMigr\u00e1cia v re\u00e1lnom \u017eivote (Slovinsko)<br \/>\n\t\t\t\t<\/h4>\n<p>\n\t\t\t\t\t\t&#8222;Migration IRL&#8220; spochyb\u0148uje prevl\u00e1daj\u00face pr\u00edbehy o migrantoch sk\u00faman\u00edm skuto\u010dn\u00fdch pr\u00edbehov, pri\u010dom predstavuje \u017eiv\u00fd pr\u00ednos migrantov v Slovinsku, Bosne a Hercegovine, Srbsku a Po\u013esku a ich zast\u00fapenie a za\u010dlenenie do spolo\u010dnosti.\t\t\t\t\t<\/p>\n<p>\t\t\t\t<a href=\"https:\/\/divergente.pt\/abstencao-de-voto\/?lang=en\" tabindex=\"-1\"><br \/>\n\t\t\t\t\t\t\t\t<\/a><\/p>\n<h4>\n\t\t\t\t\t<a href=\"https:\/\/divergente.pt\/abstencao-de-voto\/?lang=en\" ><br \/>\n\t\t\t\t\t\t\u010casovan\u00e1 bomba pre nevoli\u010dov (Portugalsko)\t\t\t\t\t<\/a><br \/>\n\t\t\t\t<\/h4>\n<p>\n\t\t\t\t\t\tT\u00e1to iniciat\u00edva, ktor\u00e1 sk\u00fama n\u00e1rast po\u010dtu nevoli\u010dov, humanizuje \u0161tatistiky, sk\u00fama osobn\u00e9 pr\u00edbehy a spolo\u010densk\u00e9 faktory, aby pochopila ob\u010diansku neanga\u017eovanos\u0165 a jej d\u00f4sledky pre demokraciu.\t\t\t\t\t<\/p>\n<h4>\n\t\t\t\t\t\tTransrodov\u00ed \u013eudia vo v\u00e4zen\u00ed (Franc\u00fazsko)<br \/>\n\t\t\t\t<\/h4>\n<p>\n\t\t\t\t\t\tT\u00e1to s\u00e9ria podcastov objas\u0148uje probl\u00e9my, ktor\u00fdm \u010delia transrodov\u00e9 osoby v eur\u00f3pskych v\u00e4zniciach, a zasadzuje sa za zvidite\u013enenie, inkl\u00faziu a \u013eudsk\u00e9 pr\u00e1va.\t\t\t\t\t<\/p>\n<h4>\n\t\t\t\t\t\tInclusive Ondes (Franc\u00fazsko)<br \/>\n\t\t\t\t<\/h4>\n<p>\n\t\t\t\t\t\tProstredn\u00edctvom podcastov a vide\u00ed v baskickom jazyku &#8222;Inclusive Ondes&#8220; preklenuje kult\u00farne rozdiely t\u00fdm, \u017ee okrem glob\u00e1lnych migra\u010dn\u00fdch s\u00favislost\u00ed diskutuje o ot\u00e1zkach t\u00fdkaj\u00facich sa miestnych migra\u010dn\u00fdch v\u013an cez historick\u00fa rieku Bidasoa a predstavuje in\u0161titucion\u00e1lnych l\u00eddrov, ob\u010dianske siete a pris\u0165ahovalcov.\t\t\t\t\t<\/p>\n<h4>\n\t\t\t\t\t\t&#8222;Making It&#8220; v z\u00e1padnej Eur\u00f3pe: Sk\u00fasenosti mlad\u00fdch v\u00fdchodoeur\u00f3pskych \u017eien (Franc\u00fazsko)<br \/>\n\t\t\t\t<\/h4>\n<p>\n\t\t\t\t\t\tT\u00e1to iniciat\u00edva predstavuje v\u00fdzvy a sk\u00fasenosti mlad\u00fdch v\u00fdchodoeur\u00f3pskych \u017eien v z\u00e1padnej Eur\u00f3pe, podporuje porozumenie a empatiu a z\u00e1rove\u0148 prekon\u00e1va kult\u00farne rozdiely.\t\t\t\t\t<\/p>\n<p>V r\u00e1mci svojho cie\u013ea revolu\u010dne zmeni\u0165 medi\u00e1lne prostredie t\u00fdm, \u017ee bude Eur\u00f3panom poskytova\u0165 rozmanit\u00e9 a spo\u013eahliv\u00e9 inform\u00e1cie mimo hlavn\u00e9ho pr\u00fadu, zverejn\u00ed Display Europe v novembri aj <em>v\u00fdzvu na predkladanie mikrograntov Display Europe<\/em>, ktor\u00e1 vyz\u00fdva mal\u00e9 medi\u00e1lne organiz\u00e1cie a novin\u00e1rov, ktor\u00ed maj\u00fa z\u00e1ujem o cezhrani\u010dn\u00fa spolupr\u00e1cu. Viac inform\u00e1ci\u00ed o v\u00fdzve <u>n\u00e1jdete tu (TBC<\/u>). <\/p>\n<p>Ak m\u00e1te ak\u00e9ko\u013evek ot\u00e1zky t\u00fdkaj\u00face sa procesu pod\u00e1vania \u017eiadost\u00ed alebo ak\u00e9ko\u013evek in\u00e9 ot\u00e1zky, kontaktujte <a href=\"mailto:grants@displayeurope.eu\"><br \/>\n  <u>grants@displayeurope.eu<\/u><br \/>\n<\/a>.<\/p>\n<p>Jedn\u00fdm z krit\u00e9ri\u00ed ocenen\u00fdch \u017eiadost\u00ed, ktor\u00e9 hodnotila nez\u00e1visl\u00e1 porota, bola snaha o dosiahnutie vynikaj\u00facej novin\u00e1rskej kvality a zauj\u00edmav\u00fd pr\u00edstup k celoeur\u00f3pskym t\u00e9mam.<\/p>\n","protected":false},"excerpt":{"rendered":"<p>Granty V r\u00e1mci projektu Display Europe boli vyhl\u00e1sen\u00e9 dve grantov\u00e9 v\u00fdzvy &#8211; Grantov\u00e1 v\u00fdzva Display Europe a v\u00fdzva na mikrogranty Display Europe , v koordin\u00e1cii s Eur\u00f3pskou kult\u00farnou nad\u00e1ciou (jedn\u00fdm z partnerov konzorcia Display Europe) vyzvala \u010dlenov medi\u00e1lnej komunity, aby predlo\u017eili n\u00e1vrhy, ktor\u00e9 by sa v pr\u00edpade v\u00fdberu stali origin\u00e1lnym obsahom vytvoren\u00fdm pre platformu displayeurope.eu [&hellip;]<\/p>\n","protected":false},"author":1,"featured_media":0,"parent":0,"menu_order":0,"comment_status":"closed","ping_status":"closed","template":"","meta":{"footnotes":""},"class_list":["post-14934","page","type-page","status-publish","hentry"],"_links":{"self":[{"href":"https:\/\/archive.displayeurope.eu\/sk\/wp-json\/wp\/v2\/pages\/14934","targetHints":{"allow":["GET"]}}],"collection":[{"href":"https:\/\/archive.displayeurope.eu\/sk\/wp-json\/wp\/v2\/pages"}],"about":[{"href":"https:\/\/archive.displayeurope.eu\/sk\/wp-json\/wp\/v2\/types\/page"}],"author":[{"embeddable":true,"href":"https:\/\/archive.displayeurope.eu\/sk\/wp-json\/wp\/v2\/users\/1"}],"replies":[{"embeddable":true,"href":"https:\/\/archive.displayeurope.eu\/sk\/wp-json\/wp\/v2\/comments?post=14934"}],"version-history":[{"count":0,"href":"https:\/\/archive.displayeurope.eu\/sk\/wp-json\/wp\/v2\/pages\/14934\/revisions"}],"wp:attachment":[{"href":"https:\/\/archive.displayeurope.eu\/sk\/wp-json\/wp\/v2\/media?parent=14934"}],"curies":[{"name":"wp","href":"https:\/\/api.w.org\/{rel}","templated":true}]}}