{"id":15023,"date":"2023-08-17T12:53:24","date_gmt":"2023-08-17T10:53:24","guid":{"rendered":"https:\/\/archive.displayeurope.eu\/casto-kladene-otazky\/"},"modified":"2023-12-11T22:32:04","modified_gmt":"2023-12-11T21:32:04","slug":"casto-kladene-otazky","status":"publish","type":"page","link":"https:\/\/archive.displayeurope.eu\/sk\/casto-kladene-otazky\/","title":{"rendered":"\u010cASTO KLADEN\u00c9 OT\u00c1ZKY"},"content":{"rendered":"<h1>\u010casto kladen\u00e9 ot\u00e1zky<\/h1>\n<p>\t\t\t\t\t\t\t\t\t\t\t\t<a tabindex=\"0\">\u010co je Display Europe?<\/a><\/p>\n<p>Display Europe je medi\u00e1lna platforma, ktor\u00e1 pon\u00faka eur\u00f3psku perspekt\u00edvu v 15 jazykoch. Pon\u00faka origin\u00e1ly na displeji a zdru\u017een\u00fd medi\u00e1lny obsah poskytovan\u00fd sie\u0165ou nez\u00e1visl\u00fdch medi\u00e1lnych organiz\u00e1ci\u00ed z cel\u00e9ho kontinentu. Projekt Display Europe je zalo\u017een\u00fd na verejn\u00fdch hodnot\u00e1ch a inkluz\u00edvnosti, je vytvoren\u00fd zo softv\u00e9ru s otvoren\u00fdm zdrojov\u00fdm k\u00f3dom a odchy\u013euje sa od neetick\u00fdch postupov zhroma\u017e\u010fovania \u00fadajov ve\u013ek\u00fdch technologick\u00fdch spolo\u010dnost\u00ed. Jeho algoritmy ved\u00fa pou\u017e\u00edvate\u013eov k zmie\u0161an\u00e9mu a vyv\u00e1\u017een\u00e9mu obsahu.<\/p>\n<p>Displayeurope.eu je jedine\u010dn\u00e1 platforma, ktor\u00e1 poskytuje pr\u00edstup k \u0161irokej \u0161k\u00e1le obsahu z eur\u00f3pskych m\u00e9di\u00ed. Jeho cie\u013eom je prelomi\u0165 filtra\u010dn\u00e9 bubliny a poskytn\u00fa\u0165 ob\u010danom v celej Eur\u00f3pe pr\u00edstup k spo\u013eahliv\u00fdm inform\u00e1ci\u00e1m. Platforma sa zaober\u00e1 r\u00f4znymi aspektmi Eur\u00f3py, o ktor\u00fdch mainstreamov\u00e9 alebo n\u00e1rodn\u00e9 m\u00e9di\u00e1 tradi\u010dne nep\u00ed\u0161u. Spolo\u010dnos\u0165 Display Europe prin\u00e1\u0161a revol\u00faciu do eur\u00f3pskeho medi\u00e1lneho prostredia t\u00fdm, \u017ee sa zameriava na preklad, syndik\u00e1ciu a produkciu p\u00f4vodn\u00e9ho obsahu.  <\/p>\n<p>V\u00fdvoj str\u00e1nky displayeurope.eu riadi konzorcium so sedemn\u00e1stimi \u010dlenmi z oblasti nez\u00e1visl\u00fdch m\u00e9di\u00ed a etick\u00fdch technol\u00f3gi\u00ed pod n\u00e1zvom Display Europe &#8211; Democracy Runs on Screens. Projekt bol spolufinancovan\u00fd z grantu Eur\u00f3pskej \u00fanie.<\/p>\n<p>Okrem toho Display Europe &#8211; Democracy Runs on Screens spravuje aj dve grantov\u00e9 sch\u00e9my &#8211; v\u00fdzvu na predkladanie \u017eiadost\u00ed o grant Display Europe (uzavret\u00e1) a v\u00fdzvu na predkladanie \u017eiadost\u00ed o mikrogranty Display Europe (otvoren\u00e1 na mesa\u010dnej b\u00e1ze do 31. marca 2023). Viac inform\u00e1ci\u00ed o v\u00fdzve na predkladanie \u017eiadost\u00ed o mikrogranty n\u00e1jdete na str\u00e1nke <a href=\"https:\/\/culturalfoundation.eu\/programmes\/display-europe\/\"><br \/>\n  <u>tu<\/u><br \/>\n<\/a>. Pr\u00edjemcovia grantov udelen\u00fdch v r\u00e1mci t\u00fdchto grantov vytvoria obsah, ktor\u00fd bude prezentovan\u00fd na str\u00e1nke Display Europe.  <\/p>\n<p>\t\t\t\t\t\t\t\t\t\t\t\t<a tabindex=\"0\">Ako funguje str\u00e1nka displayeurope.eu?  <\/a><\/p>\n<p>Display Europe je k\u013e\u00fa\u010dovou s\u00fa\u010das\u0165ou digit\u00e1lnej infra\u0161trukt\u00fary, ktor\u00e1 sp\u00e1ja a poskytuje pr\u00edstup k \u00faplne novej vrstve obsahu v r\u00f4znych m\u00e9di\u00e1ch, vydavate\u013esk\u00fdch a vysielac\u00edch form\u00e1toch, regi\u00f3noch a jazykoch. Funguje ako federat\u00edvna sie\u0165 existuj\u00facich platforiem, ktor\u00e1 pracuje so softv\u00e9rom s otvoren\u00fdm zdrojov\u00fdm k\u00f3dom a otvoren\u00fdmi protokolmi zalo\u017een\u00fdmi na procesoch \u0161etrn\u00fdch k s\u00fakromiu. Poskytne vyrovn\u00e1vaciu platformu pre m\u00e9di\u00e1, ktor\u00e9 nemusia by\u0165 schopn\u00e9 vybudova\u0165 a udr\u017eiava\u0165 n\u00e1kladn\u00fa a drah\u00fa digit\u00e1lnu infra\u0161trukt\u00faru, ale maj\u00fa relevantn\u00fd obsah, ktor\u00fd m\u00f4\u017eu pon\u00faknu\u0165 medzin\u00e1rodn\u00e9mu publiku. Konzorcium zap\u00e1ja komunitn\u00e9 m\u00e9di\u00e1 a mal\u00fdch a stredn\u00fdch tvorcov obsahu a u\u013eah\u010duje ich ako roz\u0161iruj\u00facu sa medzin\u00e1rodn\u00fa profesion\u00e1lnu komunitu.<\/p>\n<p>\t\t\t\t\t\t\t\t\t\t\t\t<a tabindex=\"0\">Kto spravuje spolo\u010dnos\u0165 Display Europe?<\/a><\/p>\n<p><a href=\"https:\/\/culturalfoundation.eu\/programmes\/display-europe\/\"><br \/>\n  <u>Zobrazenie Eur\u00f3py<\/u><br \/>\n<\/a> riadi konzorcium  <a href=\"https:\/\/culturalfoundation.eu\/\"><br \/>\n  <u>Eur\u00f3pska kult\u00farna nad\u00e1cia<\/u><br \/>\n<\/a> (ECF),  <a href=\"https:\/\/cba.media\/what-is-the-cba\"><br \/>\n  <u>Arch\u00edv kult\u00farneho vysielania<\/u><br \/>\n<\/a> (CBA),  <u>fairkom<\/u>,  <u>Eurozine<\/u>,  <u>Voxeurop<\/u>,  <u>Hostwriter<\/u>,  <u>Krytyka<\/u><u> <\/u><u>Polityczna<\/u>,  <a href=\"https:\/\/www.eldiario.es\/\"><u>El <\/u><u>Diario<\/u><\/a>, Dobr\u00e9 rozhovory,  <a href=\"https:\/\/publicspaces.net\/\"><br \/>\n  <u>Verejn\u00e9 priestory<\/u><br \/>\n<\/a>,  <a href=\"https:\/\/www.cmfe.eu\/\"><br \/>\n  <u>F\u00f3rum m\u00e9di\u00ed Spolo\u010denstva v Eur\u00f3pe<\/u><br \/>\n<\/a> (CMFE),  <a href=\"https:\/\/www.human.nl\/\"><br \/>\n  <u>\u013dudsk\u00e9<\/u><br \/>\n<\/a>,  <a href=\"https:\/\/www.vpro.nl\/\"><br \/>\n  <u>VPRO<\/u><br \/>\n<\/a>, <a href=\"https:\/\/www.soundandvision.com\/\"><br \/>\n  <u>Zvuk a v\u00edzia<\/u><br \/>\n<\/a>, <a href=\"https:\/\/yepp.it\/ita\"><br \/>\n  <u>YEPP Italia<\/u><br \/>\n<\/a>, <u>Fanzingo<\/u>  a <a href=\"https:\/\/www.schumanshow.eu\/\"><br \/>\n  <u>Schuman Show<\/u><br \/>\n<\/a>.<\/p>\n<p>\t\t\t\t\t\t\t\t\t\t\t\t<a tabindex=\"0\">Je displayeurope.eu zadarmo?<\/a><\/p>\n<p>Obsah port\u00e1lu je otvoren\u00fd a vo\u013ene pr\u00edstupn\u00fd bez akejko\u013evek platenej steny. Odpor\u00fa\u010dania v\u0161ak umo\u017enia presmerovanie na kvalitn\u00fd obsah za platobn\u00fdmi br\u00e1nami na vlastn\u00fdch webov\u00fdch str\u00e1nkach partnerov. To umo\u017en\u00ed <strong>partnerom<\/strong> propagova\u0165 svoj obsah prostredn\u00edctvom platformy. Platforma funguje na modeli otvoren\u00e9ho zdroja a umo\u017e\u0148uje partnerom propagova\u0165 svoj obsah prostredn\u00edctvom r\u00f4znych kan\u00e1lov vr\u00e1tane soci\u00e1lnych m\u00e9di\u00ed, telev\u00edzie, rozhlasu a nov\u00edn. Tento pr\u00edstup kladie d\u00f4raz na spolupr\u00e1cu a origin\u00e1lny obsah, nie na exkluz\u00edvny materi\u00e1l.<\/p>\n<p>\t\t\t\t\t\t\t\t\t\t\t\t<a tabindex=\"0\">Odkia\u013e poch\u00e1dzaj\u00fa finan\u010dn\u00e9 prostriedky pre Display Europe?<\/a><\/p>\n<p>Projekt Display Europe &#8211; Democracy Runs on Screens spolufinancuje Gener\u00e1lne riadite\u013estvo pre komunika\u010dn\u00e9 siete, obsah a technol\u00f3gie v r\u00e1mci v\u00fdzvy na pilotn\u00fd projekt &#8220;Eur\u00f3pske medi\u00e1lne platformy&#8221;. \u010eal\u0161ie finan\u010dn\u00e9 prostriedky poch\u00e1dzaj\u00fa z Eur\u00f3pskej kult\u00farnej nad\u00e1cie a od \u010fal\u0161\u00edch partnerov v konzorciu. Z dlhodobej\u0161ieho h\u013eadiska bude Display Europe financovan\u00fd prostredn\u00edctvom kombin\u00e1cie verejn\u00e9ho (eur\u00f3pskeho) financovania, filantropick\u00e9ho financovania a \u010dlenstva, darov a predplatn\u00e9ho.<\/p>\n<p>\t\t\t\t\t\t\t\t\t\t\t\t<a tabindex=\"0\">M\u00f4\u017eem sa z\u00fa\u010dastni\u0165 na displayeurope.eu?<\/a><\/p>\n<p><strong>\u00c1no,<\/strong><strong> m\u00f4\u017eete <\/strong>. Display Europe poskytuje funkciu akt\u00edvneho verejn\u00e9ho f\u00f3ra, v ktorom sa eur\u00f3pski ob\u010dania m\u00f4\u017eu podeli\u0165 o inform\u00e1cie a sk\u00fasenosti.<\/p>\n<\/p>\n<p>ROZHOVORY O EUR\u00d3PE<\/p>\n<p>Display Europe bude postupne roz\u0161irova\u0165 mo\u017enosti akt\u00edvneho zapojenia do platformy. Od jari 2024 m\u00f4\u017eu \u010ditatelia vyjadrova\u0165 svoje n\u00e1zory a diskutova\u0165 o \u0161ir\u0161\u00edch politick\u00fdch t\u00e9mach s ostatn\u00fdmi \u010ditate\u013emi. V ka\u017edom z \u010dl\u00e1nkov na displeji bud\u00fa vlo\u017een\u00e9 dotazn\u00edky, aby ste si vypo\u010duli n\u00e1zory \u010ditate\u013eov na t\u00e9my \u010dl\u00e1nkov a eur\u00f3psku politiku. Algoritmus p\u00e1rovania sp\u00e1ruje jednotliv\u00fdch \u00fa\u010dastn\u00edkov s niek\u00fdm, kto zm\u00fd\u0161\u013ea \u00faplne inak ako oni, pod\u013ea mo\u017enosti v inej eur\u00f3pskej krajine.<\/p>\n<\/p>\n<p>ARTICLE CLUB<\/p>\n<p>P\u00f4vodn\u00fd obsah vytvoren\u00fd pre Display Europe sa bude ka\u017ed\u00fd mesiac prezentova\u0165 v r\u00e1mci Klubu \u010dl\u00e1nkov, v ktorom z\u00fa\u010dastnen\u00ed novin\u00e1ri otvoria verejn\u00e9 f\u00f3rum na diskusiu s pou\u017e\u00edvate\u013emi. Cie\u013eom Klubu \u010dl\u00e1nkov je spoji\u0165 \u010ditate\u013eov s novin\u00e1rmi, ktor\u00ed stoja za touto platformou, a povzbudi\u0165 novin\u00e1rov, aby pri tvorbe a hodnoten\u00ed svojich \u010dl\u00e1nkov uplat\u0148ovali komunitn\u00e9 zm\u00fd\u0161\u013eanie. Tento form\u00e1t tie\u017e umo\u017en\u00ed novin\u00e1rom obr\u00e1ti\u0165 sa na publikum so \u017eiados\u0165ou o odborn\u00e9 znalosti a podnety pri p\u00edsan\u00ed bud\u00facich \u010dl\u00e1nkov.<\/p>\n<\/p>\n<p>SOCI\u00c1LNE M\u00c9DI\u00c1<\/p>\n<p>Z dlhodobej\u0161ieho h\u013eadiska sa zapojenie komunity Display Europe bude vyv\u00edja\u0165 na z\u00e1klade modelu dynamick\u00e9ho obsahu, ktor\u00fd povzbud\u00ed pou\u017e\u00edvate\u013eov, aby sa podelili o svoje n\u00e1zory na Eur\u00f3pu. Platforma bude zah\u0155\u0148a\u0165 strat\u00e9gie soci\u00e1lnych m\u00e9di\u00ed s otvoren\u00fdm zdrojov\u00fdm k\u00f3dom (najm\u00e4 Mastodon) na podporu konverz\u00e1ci\u00ed, propag\u00e1ciu obsahu a posilnenie hlavn\u00fdch posolstiev. K\u013e\u00fa\u010dovou s\u00fa\u010das\u0165ou strat\u00e9gie spolo\u010dnosti Display Europe s\u00fa aj partnerstv\u00e1 s vplyvn\u00fdmi osobami a organiz\u00e1ciami, ktor\u00e9 s\u00fa v s\u00falade s jej hodnotami.<\/p>\n<p>\t\t\t\t\t\t\t\t\t\t\t\t<a tabindex=\"0\">V \u010dom je Display Europe in\u00fd v porovnan\u00ed s ostatn\u00fdmi eur\u00f3pskymi medi\u00e1lnymi platformami?<\/a><\/p>\n<ul>\n<li>Display Europe sa na rozdiel od servisn\u00fdch platforiem pre in\u00e9 m\u00e9di\u00e1 zameriava priamo na ob\u010danov.<\/li>\n<li>Display Europe bude pokr\u00fdva\u0165 v\u0161etky \u010dlensk\u00e9 \u0161t\u00e1ty E\u00da a nieko\u013eko susedn\u00fdch kraj\u00edn vr\u00e1tane z\u00e1padn\u00e9ho Balk\u00e1nu a Ukrajiny.<\/li>\n<li>Display Europe je budovan\u00fd ob\u010dianskou spolo\u010dnos\u0165ou a nem\u00e1 in\u00fd z\u00e1ujem ako posilni\u0165 eur\u00f3psku demokraciu.<\/li>\n<li>Display Europe je zalo\u017een\u00fd na technol\u00f3gii s otvoren\u00fdm zdrojov\u00fdm k\u00f3dom, ktor\u00fa m\u00f4\u017eu pou\u017e\u00edva\u0165 aj in\u00ed.<\/li>\n<li>Zobrazenie Eur\u00f3pa sa odp\u00fatava od neetick\u00fdch prakt\u00edk zhroma\u017e\u010fovania \u00fadajov ve\u013ek\u00fdch technologick\u00fdch spolo\u010dnost\u00ed.<\/li>\n<li>Display Europe je k dispoz\u00edcii v 15 jazykoch.<\/li>\n<\/ul>\n<p>\t\t\t\t\t\t\t\t\t\t\t\t<a tabindex=\"0\">V ktor\u00fdch jazykoch je slu\u017eba Display Europe k dispoz\u00edcii?<\/a><\/p>\n<p>V po\u010diato\u010dnej f\u00e1ze je Display Europe k dispoz\u00edcii v t\u00fdchto jazykoch<\/p>\n<ol>\n<li>Angli\u010dtina<\/li>\n<li>Nem\u010dina<\/li>\n<li>Chorv\u00e1tsky \/ bosniansky \/ srbsky<\/li>\n<li>\u010cesk\u00fd<\/li>\n<li>Slovensky<\/li>\n<li>Franc\u00fazsky<\/li>\n<li>Ma\u010farsk\u00fd<\/li>\n<li>Taliansky<\/li>\n<li>Po\u013esk\u00fd<\/li>\n<li>\u0160paniel\u010dina<\/li>\n<li>Holandsk\u00fd<\/li>\n<li>Portugal\u010dina<\/li>\n<li>Ukrajinsk\u00fd<\/li>\n<li>Rusk\u00fd<\/li>\n<li>Tureck\u00fd<\/li>\n<\/ol>\n<p>V neskor\u0161\u00edch f\u00e1zach pribudn\u00fa \u010fal\u0161ie jazyky, napr\u00edklad arab\u010dina, rumun\u010dina a \u0161v\u00e9d\u010dina.<\/p>\n<p>\t\t\t\t\t\t\t\t\t\t\t\t<a tabindex=\"0\">Bude vytvoren\u00fd origin\u00e1lny obsah?<\/a><\/p>\n<p>Za tvorbu Display Originals s\u00fa zodpovedn\u00ed redak\u010dn\u00ed partneri Eurozine (AUT), Voxeurop (FR), Krytyka Polityczna (PL), ElDiario (ESP) a HUMAN (NL). P\u00f4vodn\u00fd obsah zah\u0155\u0148a t\u00fd\u017edenn\u00fa eur\u00f3psku talkshow, mesa\u010dn\u00e9 region\u00e1lne a tematick\u00e9 preh\u013eady tla\u010de a multimedi\u00e1lne cezhrani\u010dn\u00e9 projekty o naliehav\u00fdch t\u00e9mach eur\u00f3pskeho v\u00fdznamu.<\/p>\n<p>\t\t\t\t\t\t\t\t\t\t\t\t<a tabindex=\"0\">Ak\u00e9 je pozadie aplik\u00e1cie Display?<\/a><\/p>\n<p>V reakcii na rast\u00facu potrebu verejnej sf\u00e9ry, ktor\u00e1 presahuje ekonomick\u00e9, soci\u00e1lne, kult\u00farne alebo n\u00e1rodn\u00e9 z\u00e1zemie, Eur\u00f3pska kult\u00farna nad\u00e1cia v rokoch 2020 a 2021 uskuto\u010dnila s\u00e9riu online a offline workshopov. Na t\u00fdchto semin\u00e1roch sa stretli novin\u00e1ri, v\u00fdskumn\u00edci a ob\u010dania, aby si predstavili sie\u0165ov\u00fd model eur\u00f3pskych m\u00e9di\u00ed, ktor\u00fd by bol osloboden\u00fd od vplyvu trhu a vl\u00e1dy. Po otvorenej v\u00fdzve v roku 2021 Eur\u00f3pska kult\u00farna nad\u00e1cia ude\u013euje nieko\u013eko grantov zameran\u00fdch na podporu cezhrani\u010dnej spolupr\u00e1ce v oblasti \u017eurnalistiky a rozvoj digit\u00e1lnej infra\u0161trukt\u00fary zalo\u017eenej na verejn\u00fdch hodnot\u00e1ch.<\/p>\n<p>Z\u00e1rove\u0148 sa vytvorila skupina medi\u00e1lnych aktivistov, v\u00fdskumn\u00edkov a iniciat\u00edv 2020 koal\u00edcia Zdie\u013ean\u00e1 eur\u00f3pska digit\u00e1lna verejn\u00e1 sf\u00e9ra (SDEPS.eu). Diskusia v r\u00e1mci koal\u00edcie a v\u00fdh\u013ead mo\u017enej architekt\u00fary boli zhrnut\u00e9 v publik\u00e1cii &#8220;<a href=\"http:\/\/www.baratsits.at\/building-a-european-digital-public-space\/\">Budovanie eur\u00f3pskeho digit\u00e1lneho verejn\u00e9ho priestoru<\/a>&#8220;, Strat\u00e9gie na prevzatie kontroly nad platformami ve\u013ek\u00fdch technol\u00f3gi\u00ed (2021) <a href=\"https:\/\/www.irights-lab.de\/publikationen\/dps\">https:\/\/www.irights-lab.de\/publikationen\/dps<\/a>. Na z\u00e1klade t\u00fdchto diskusi\u00ed sa v roku 2022 uskuto\u010dnil hackathon v Linzi <a href=\"https:\/\/cba.media\/building-a-european-cultural-backbone\">https:\/\/cba.media\/building-a-european-cultural-backbone<\/a>.<\/p>\n<p>Spolupr\u00e1ca medzi pr\u00edjemcami grantov ECF a sie\u0165ou vytvorenou na hackathone vyvrcholila vytvoren\u00edm Display Europe.<\/p>\n<p>Cie\u013eom platformy je poskytn\u00fa\u0165 celoeur\u00f3psku perspekt\u00edvu a priestor na diskusiu o spolo\u010dn\u00fdch eur\u00f3pskych z\u00e1ujmoch. Chce bojova\u0165 proti strate d\u00f4very vo verejn\u00e9 diskusie a m\u00e9di\u00e1 a postavi\u0165 sa proti populistick\u00fdm my\u0161lienkam bez faktov a vylu\u010dovaniu ur\u010dit\u00fdch skup\u00edn v tradi\u010dn\u00fdch m\u00e9di\u00e1ch.<\/p>\n<p>Display Europe m\u00e1 potenci\u00e1l prispie\u0165 k rozhoduj\u00facej digit\u00e1lnej infra\u0161trukt\u00fare pre Eur\u00f3pu a vyrovna\u0165 podmienky pre m\u00e9di\u00e1 a tvorcov obsahu. Jeho spustenie neznamen\u00e1 len zavedenie novej medi\u00e1lnej platformy, ale aj nov\u00fa \u00e9ru v eur\u00f3pskych m\u00e9di\u00e1ch, v ktorej sa do popredia dost\u00e1va rozmanitos\u0165, inkluz\u00edvnos\u0165 a verejn\u00e9 hodnoty.<\/p>\n<p>\t\t\t\t\t\t\t\t\t\t\t\t<a tabindex=\"0\">Mus\u00edm plati\u0165, aby som mohol pou\u017e\u00edva\u0165 str\u00e1nku displayeurope.eu?<\/a><\/p>\n<p>Obsah je bezplatn\u00fd, ale m\u00f4\u017eete ho podpori\u0165 malou sumou, aby ste boli menej z\u00e1visl\u00ed od finan\u010dn\u00fdch prostriedkov E\u00da.<\/p>\n<p>V roku 2024 pon\u00fakneme predplatn\u00e9 na podporu \u00fadr\u017eby platformy, tvorby obsahu a poskytovania Mastodonu a \u010fal\u0161\u00edch pripravovan\u00fdch slu\u017eieb.<\/p>\n<p>Medzit\u00fdm m\u00f4\u017eete prispie\u0165 Eur\u00f3pskej kult\u00farnej nad\u00e1cii na <a href=\"https:\/\/culturalfoundation.iraiser.eu\/support\/~my-donation\"><br \/>\n  <u>https:\/\/culturalfoundation.iraiser.eu\/support\/~my-donation<\/u><br \/>\n<\/a>. ECF ako zakladaj\u00faci \u010dlen odovzd\u00e1 tieto dary spolo\u010dnosti Display Europe.<\/p>\n<p>\t\t\t\t\t\t\t\t\t\t\t\t<a tabindex=\"0\">Som \u010dlenom komunitn\u00fdch m\u00e9di\u00ed, ako sa m\u00f4\u017eem pripoji\u0165 a zdie\u013ea\u0165 s vami obsah?<\/a><\/p>\n<p>Na\u0161a sie\u0165 srde\u010dne poz\u00fdva jednotlivcov a organiz\u00e1cie, aby sa pripojili ako partneri k feder\u00e1cii zalo\u017eenej na spolupr\u00e1ci, ktor\u00e1 oslavuje spolo\u010dn\u00e9 hodnoty a poznatky presahuj\u00face hranice jednotliv\u00fdch kontinentov. N\u00e1jdite si pros\u00edm ( <a href=\"https:\/\/archive.displayeurope.eu\/sk\/stante-sa-medialnym-partnerom\/\"><br \/>\n  <u>odkaz<\/u><br \/>\n<\/a><u> )<\/u> na text v p\u00e4ti\u010dke str\u00e1nky &#8221;Sta\u0148te sa partnerom medie&#8221;, kde s\u00fa uveden\u00e9 podrobnej\u0161ie inform\u00e1cie o procese n\u00e1stupu.  <\/p>\n<p>\t\t\t\t\t\t\t\t\t\t\t\t<a tabindex=\"0\">Ak\u00e1 je riadiaca \u0161trukt\u00fara spolo\u010dnosti Display Europe?<\/a><\/p>\n<p>Spolo\u010dnos\u0165 Display Europe je v procese transform\u00e1cie na dru\u017estvo, ktor\u00e9 vyu\u017e\u00edva dru\u017estevn\u00fd model uzn\u00e1van\u00fd pre svoju oddanos\u0165 \u010dlenom a udr\u017eate\u013en\u00e9 vytv\u00e1ranie hodn\u00f4t v r\u00e1mci platformy. Na rozdiel od tradi\u010dn\u00fdch platforiem financovan\u00fdch rizikov\u00fdm kapit\u00e1lom dru\u017estv\u00e1 uprednost\u0148uj\u00fa z\u00e1ujmy svojich \u010dlenov a spolo\u010dne vytvoren\u00fa hodnotu reinvestuj\u00fa do platformy, \u010d\u00edm podporuj\u00fa obchodn\u00fa strat\u00e9giu, ktor\u00e1 udr\u017eiava kvalitu slu\u017eieb platformy bez nadmernej komercializ\u00e1cie.<\/p>\n<p>Poz\u00fdvame jednotlivcov a organiz\u00e1cie, ktor\u00e9 sa stoto\u017e\u0148uj\u00fa s na\u0161ou v\u00edziou, aby sa spojili a vytvorili transforma\u010dn\u00fa spolupr\u00e1cu, ktor\u00e1 nanovo definuje eur\u00f3pske medi\u00e1lne prostredie. Spolo\u010dne sa usilujeme vybudova\u0165 platformu, ktor\u00e1 bude stelesnen\u00edm spolupr\u00e1ce, inov\u00e1ci\u00ed a spolo\u010dn\u00e9ho \u00fasilia o digit\u00e1lny verejn\u00fd priestor pre v\u0161etk\u00fdch.<\/p>\n<p>Ak zdie\u013eate na\u0161u v\u00edziu a chcete sa sta\u0165 \u010dlenom tohto vzru\u0161uj\u00faceho podniku, poz\u00fdvame v\u00e1s, aby ste sa obr\u00e1tili na <a href=\"mailto:coop@displayeurope.eu\"><br \/>\n  <u>coop@displayeurope.eu<\/u><br \/>\n<\/a>.<\/p>\n<p>Ak sa chcete dozvedie\u0165 viac o cie\u013eoch, strat\u00e9gi\u00e1ch, motiv\u00e1cii a m\u00ed\u013eniku dru\u017estva, pozrite si text Display Europe Cooperative v p\u00e4ti\u010dke str\u00e1nky<a href=\"https:\/\/archive.displayeurope.eu\/sk\/zobrazenie-europe-coop\/\">(odkaz)<\/a>.<\/p>\n<p>\t\t\t\t\t\t\t\t\t\t\t\t<a tabindex=\"0\">M\u00e1te otvoren\u00e9 zdroje, ale na va\u0161ej str\u00e1nke vid\u00edm LinkdIn a Instagram?<\/a><\/p>\n<p>\u00c1no, sme platforma s otvoren\u00fdm zdrojov\u00fdm k\u00f3dom a podporujeme pou\u017e\u00edvanie postupov soci\u00e1lnych m\u00e9di\u00ed s otvoren\u00fdm zdrojov\u00fdm k\u00f3dom, ako s\u00fa PeerTube a Mastodon, av\u0161ak na po\u010diato\u010dn\u00fa propag\u00e1ciu projektu pou\u017e\u00edvame \u00fa\u010dty soci\u00e1lnych m\u00e9di\u00ed, ako s\u00fa Instagram, Facebook a LinkdIn. V\u00e4\u010d\u0161inou tam nezobrazujeme n\u00e1\u0161 obsah, iba up\u00fatavky. Obhajujeme v\u0161ak pou\u017e\u00edvanie \u00fa\u010dtov soci\u00e1lnych m\u00e9di\u00ed s otvoren\u00fdm zdrojov\u00fdm k\u00f3dom s etick\u00fdm \u0161tandardom namiesto \u00fa\u010dtov mainstreamov\u00fdch m\u00e9di\u00ed.<\/p>\n<p>\t\t\t\t\t\t\t\t\t\t\t\t<a tabindex=\"0\">Ktor\u00e9 open source technol\u00f3gie pou\u017e\u00edvame?<\/a><\/p>\n<p>Uprednost\u0148ujeme pou\u017e\u00edvanie r\u00e1mcov, ktor\u00e9 hovoria protokolom ActivityPub, \u010do je protokol pre <a href=\"#\/media\/Datei:A_view_into_the_Fediverse.png\"><br \/>\n  <u>Fediverse<\/u><br \/>\n<\/a>. To n\u00e1m umo\u017e\u0148uje ve\u013emi jednoduch\u00fa v\u00fdmenu obsahu v akomko\u013evek smere.<\/p>\n<ul>\n<li><a href=\"https:\/\/displayeurope.video\/\"><br \/>\n  <u>PeerTube<\/u><br \/>\n<\/a> na distrib\u00faciu videa<\/li>\n<li><a href=\"https:\/\/displayeurope.social\/explore\"><br \/>\n  <u>Mastodont<\/u><br \/>\n<\/a> pre mikroblogovanie<\/li>\n<li><a href=\"https:\/\/cba.media\/\"><br \/>\n  <u>CBA<\/u><br \/>\n<\/a> pre audio<\/li>\n<li><a href=\"https:\/\/codeberg.org\/Kbin\/kbin-core\"><br \/>\n  <u>Kbin<\/u><br \/>\n<\/a> na diskusie (m\u00e1 by\u0165 integrovan\u00fd v roku 2024)<\/li>\n<\/ul>\n<p>Na ostatn\u00e9 \u010dasti infra\u0161trukt\u00fary pou\u017e\u00edvame v\u00fdhradne n\u00e1stroje s otvoren\u00fdm zdrojov\u00fdm k\u00f3dom, ako napr.<\/p>\n<ul>\n<li>Keycloak (jednotn\u00e9 prihl\u00e1senie) <a href=\"https:\/\/key.displayeurope.eu\"><br \/>\n  <u>https:\/\/key.displayeurope.eu<\/u><br \/>\n<\/a> <\/li>\n<li>Minio (ukladanie a CDN)<\/li>\n<li>kubernetes (cloud computing)<\/li>\n<li>Matomo (\u0160tatistika)<\/li>\n<li><a href=\"https:\/\/newsletter.displ.eu\/lists\/?p=subscribe&amp;id=1\"><br \/>\n  <u>phplist<\/u><br \/>\n<\/a> pre informa\u010dn\u00e9 bulletiny<\/li>\n<\/ul>\n","protected":false},"excerpt":{"rendered":"<p>\u010casto kladen\u00e9 ot\u00e1zky \u010co je Display Europe? Display Europe je medi\u00e1lna platforma, ktor\u00e1 pon\u00faka eur\u00f3psku perspekt\u00edvu v 15 jazykoch. Pon\u00faka origin\u00e1ly na displeji a zdru\u017een\u00fd medi\u00e1lny obsah poskytovan\u00fd sie\u0165ou nez\u00e1visl\u00fdch medi\u00e1lnych organiz\u00e1ci\u00ed z cel\u00e9ho kontinentu. Projekt Display Europe je zalo\u017een\u00fd na verejn\u00fdch hodnot\u00e1ch a inkluz\u00edvnosti, je vytvoren\u00fd zo softv\u00e9ru s otvoren\u00fdm zdrojov\u00fdm k\u00f3dom a odchy\u013euje [&hellip;]<\/p>\n","protected":false},"author":1,"featured_media":0,"parent":0,"menu_order":0,"comment_status":"closed","ping_status":"closed","template":"","meta":{"footnotes":""},"class_list":["post-15023","page","type-page","status-publish","hentry"],"_links":{"self":[{"href":"https:\/\/archive.displayeurope.eu\/sk\/wp-json\/wp\/v2\/pages\/15023","targetHints":{"allow":["GET"]}}],"collection":[{"href":"https:\/\/archive.displayeurope.eu\/sk\/wp-json\/wp\/v2\/pages"}],"about":[{"href":"https:\/\/archive.displayeurope.eu\/sk\/wp-json\/wp\/v2\/types\/page"}],"author":[{"embeddable":true,"href":"https:\/\/archive.displayeurope.eu\/sk\/wp-json\/wp\/v2\/users\/1"}],"replies":[{"embeddable":true,"href":"https:\/\/archive.displayeurope.eu\/sk\/wp-json\/wp\/v2\/comments?post=15023"}],"version-history":[{"count":0,"href":"https:\/\/archive.displayeurope.eu\/sk\/wp-json\/wp\/v2\/pages\/15023\/revisions"}],"wp:attachment":[{"href":"https:\/\/archive.displayeurope.eu\/sk\/wp-json\/wp\/v2\/media?parent=15023"}],"curies":[{"name":"wp","href":"https:\/\/api.w.org\/{rel}","templated":true}]}}