{"id":15288,"date":"2023-09-19T09:10:34","date_gmt":"2023-09-19T07:10:34","guid":{"rendered":"https:\/\/archive.displayeurope.eu\/odtlacok\/"},"modified":"2024-09-05T07:49:23","modified_gmt":"2024-09-05T05:49:23","slug":"rozlisenie-odtlackov-a-konfliktov","status":"publish","type":"page","link":"https:\/\/archive.displayeurope.eu\/sk\/rozlisenie-odtlackov-a-konfliktov\/","title":{"rendered":"Odtla\u010dok a rie\u0161enie konfliktov"},"content":{"rendered":"\n<h1 class=\"wp-block-heading\">Odtla\u010dok<\/h1>\n\n<p>Povinnos\u0165 zverejnenia pod\u013ea \u00a7 25 ods. 5 z\u00e1kona o m\u00e9di\u00e1ch (\u00d6sterreichisches Mediengesetz)<\/p>\n\n<h2 class=\"wp-block-heading\">Prev\u00e1dzkovate\u013e platformy \/ vlastn\u00edk m\u00e9di\u00ed<\/h2>\n\n<p>Display Europe<br\/>c\/o OKTO.TV<br\/>Missindorfstra\u00dfe 19<br\/>1140 Viede\u0148<br\/>Rak\u00fasko<\/p>\n\n<p>E-mail: <a href=\"mailto:coop@displayeurope.eu\">coop@displayeurope.eu<\/a><\/p>\n\n<h2 class=\"wp-block-heading\">Podrobnosti o organiz\u00e1cii<\/h2>\n\n<p>Zakladaj\u00face zhroma\u017edenie sa konalo 16. okt\u00f3bra 2023. Do obchodn\u00e9ho registra bola zap\u00edsan\u00e1 8. febru\u00e1ra 2024.<\/p>\n\n<p>V\u00fdkonn\u00fd riadite\u013e: Alexander Baratsits<\/p>\n\n<p>\u010clenovia dozornej rady: Menno Weijs (Eur\u00f3pska kult\u00farna nad\u00e1cia), Vladimir Radinovi\u0107 (EMCF), Paul Salvan\u00e8s (Voxeurop), Roland Alton-Scheidl (fairkom)<\/p>\n\n<p>Registra\u010dn\u00e9 \u010d\u00edslo spolo\u010dnosti: FN619589k (Handelsgericht Wien)<\/p>\n\n<p>UID: ATU80768689<\/p>\n\n<h2 class=\"wp-block-heading\">Pr\u00e1vne inform\u00e1cie<\/h2>\n\n<p>Uplatnite\u013en\u00e9 pr\u00e1vne ustanovenia: Z\u00e1kon o audiovizu\u00e1lnych medi\u00e1lnych slu\u017eb\u00e1ch (AMD-G), z\u00e1kon o m\u00e9di\u00e1ch<\/p>\n\n<p>Regula\u010dn\u00fd org\u00e1n: KommAustria, Mariahilfer Strasse 77-79, 1060 Viede\u0148<\/p>\n\n<h2 class=\"wp-block-heading\">Predmet organiz\u00e1cie a vyhl\u00e1senie o zameran\u00ed<\/h2>\n\n<p>Display Europe prev\u00e1dzkuje medi\u00e1lnu platformu, ktor\u00e1 (i) uverej\u0148uje celoeur\u00f3psky medi\u00e1lny obsah, orientuje sa na z\u00e1kladn\u00e9 pr\u00e1va a sna\u017e\u00ed sa dodr\u017eiava\u0165 r\u00e1mec iniciat\u00edvy Journalism Trust Initiative. (ii) host\u00ed medi\u00e1lny obsah, najm\u00e4 z iniciat\u00edv ob\u010dianskej spolo\u010dnosti, a poskytuje otvoren\u00fd pr\u00edstup k zverej\u0148ovaniu tak\u00e9hoto obsahu.<\/p>\n\n<h2 class=\"wp-block-heading\">displayeurope.eu<\/h2>\n\n<p>displayeurope.eu je priekopn\u00edcka medi\u00e1lna platforma, ktor\u00e1 vych\u00e1dza z verejn\u00fdch hodn\u00f4t. T\u00e1to platforma poskytuje ob\u010danom na celom kontinente pr\u00edstup k d\u00f4veryhodn\u00fdm inform\u00e1ci\u00e1m a k obrazu Eur\u00f3py, ktor\u00fd zvy\u010dajne neposkytuj\u00fa mainstreamov\u00e9 alebo n\u00e1rodn\u00e9 m\u00e9di\u00e1. Prostredn\u00edctvom prekladov, syndik\u00e1cie a p\u00f4vodne vytvoren\u00e9ho obsahu displayeurope.eu zhroma\u017e\u010fuje a \u0161\u00edri d\u00f4veryhodn\u00e9 m\u00e9di\u00e1 z celej Eur\u00f3py. Displayeurope.eu, vybudovan\u00fd na z\u00e1klade suver\u00e9nnej, samospr\u00e1vnej digit\u00e1lnej infra\u0161trukt\u00fary s otvoren\u00fdm zdrojov\u00fdm k\u00f3dom, sa oslobod\u00ed od soci\u00e1lnych m\u00e9di\u00ed a streamovac\u00edch platforiem ve\u013ek\u00fdch technologick\u00fdch spolo\u010dnost\u00ed, ktor\u00e9 v s\u00fa\u010dasnosti filtruj\u00fa a r\u00e1mcuj\u00fa medi\u00e1lnu produkciu. V tomto demokratickej\u0161om zobrazen\u00ed Eur\u00f3py bude displayeurope.eu silou demokracie na celom kontinente.<\/p>\n\n<hr class=\"wp-block-separator has-alpha-channel-opacity\"\/>\n\n<h1 class=\"wp-block-heading\">Rie\u0161enie konfliktov<\/h1>\n\n<p>Ak naraz\u00edte na poru\u0161enie pr\u00e1vnych predpisov, po\u0161lite n\u00e1m svoju \u017eiados\u0165 formou e-mailu. Je d\u00f4le\u017eit\u00e9, aby ste boli \u010do najpresnej\u0161\u00ed (sn\u00edmka obrazovky, odkaz at\u010f.), aby sme presne vedeli, \u010doho sa probl\u00e9m t\u00fdka.<br\/>Po odoslan\u00ed dostanete potvrdenie o prijat\u00ed e-mailu.<\/p>\n\n<p>Po\u0161lite tento e-mail na adresu <a href=\"mailto:support@displayeurope.eu\">support@displayeurope.eu<\/a> alebo nap\u00ed\u0161te l\u00edstok s t\u00fdmto <\/p>\n\n<button id=\"zammad-feedback-form\">Formul\u00e1r sp\u00e4tnej v\u00e4zby<\/button><script id=\"zammad_form_script\" src=\"https:\/\/helpdesk.displayeurope.eu\/assets\/form\/form.js\"><\/script><script>\njQuery(document).ready(function($) {\n$(function() {\n  $('#zammad-feedback-form').ZammadForm({\n    messageTitle: 'Feedback-Formular',\n    messageSubmit: 'Send',\n    messageThankYou: 'Ticket #%s.',\n    modal: true\n  });\n});\n});\n<\/script>\n\n<hr class=\"wp-block-separator has-alpha-channel-opacity\"\/>\n\n<script src=\"https:\/\/helpdesk.displayeurope.eu\/assets\/chat\/chat.min.js\"><\/script>\n<script>\njQuery(document).ready(function($) {\n$(function() {\n  new ZammadChat({\n    fontSize: '12px',\n    chatId: 1\n  });\n});\n});\n<\/script>\n\n<p>Posledn\u00e1 aktualiz\u00e1cia: september 03 2024<\/p>\n\n<p><\/p>\n\n<figure class=\"wp-block-image size-full\"><img loading=\"lazy\" decoding=\"async\" width=\"611\" height=\"204\" src=\"https:\/\/archive.displayeurope.eu\/wp-content\/uploads\/2023\/06\/DisplayLogo_Tag.png\" alt=\"\" class=\"wp-image-7674\" srcset=\"https:\/\/archive.displayeurope.eu\/wp-content\/uploads\/2023\/06\/DisplayLogo_Tag.png 611w, https:\/\/archive.displayeurope.eu\/wp-content\/uploads\/2023\/06\/DisplayLogo_Tag-360x120.png 360w\" sizes=\"auto, (max-width: 611px) 100vw, 611px\" \/><\/figure>\n","protected":false},"excerpt":{"rendered":"<p>Odtla\u010dok Povinnos\u0165 zverejnenia pod\u013ea \u00a7 25 ods. 5 z\u00e1kona o m\u00e9di\u00e1ch (\u00d6sterreichisches Mediengesetz) Prev\u00e1dzkovate\u013e platformy \/ vlastn\u00edk m\u00e9di\u00ed Display Europec\/o OKTO.TVMissindorfstra\u00dfe 191140 Viede\u0148Rak\u00fasko E-mail: coop@displayeurope.eu Podrobnosti o organiz\u00e1cii Zakladaj\u00face zhroma\u017edenie sa konalo 16. okt\u00f3bra 2023. Do obchodn\u00e9ho registra bola zap\u00edsan\u00e1 8. febru\u00e1ra 2024. V\u00fdkonn\u00fd riadite\u013e: Alexander Baratsits \u010clenovia dozornej rady: Menno Weijs (Eur\u00f3pska kult\u00farna nad\u00e1cia), [&hellip;]<\/p>\n","protected":false},"author":1,"featured_media":0,"parent":0,"menu_order":0,"comment_status":"closed","ping_status":"closed","template":"","meta":{"footnotes":""},"class_list":["post-15288","page","type-page","status-publish","hentry"],"_links":{"self":[{"href":"https:\/\/archive.displayeurope.eu\/sk\/wp-json\/wp\/v2\/pages\/15288","targetHints":{"allow":["GET"]}}],"collection":[{"href":"https:\/\/archive.displayeurope.eu\/sk\/wp-json\/wp\/v2\/pages"}],"about":[{"href":"https:\/\/archive.displayeurope.eu\/sk\/wp-json\/wp\/v2\/types\/page"}],"author":[{"embeddable":true,"href":"https:\/\/archive.displayeurope.eu\/sk\/wp-json\/wp\/v2\/users\/1"}],"replies":[{"embeddable":true,"href":"https:\/\/archive.displayeurope.eu\/sk\/wp-json\/wp\/v2\/comments?post=15288"}],"version-history":[{"count":7,"href":"https:\/\/archive.displayeurope.eu\/sk\/wp-json\/wp\/v2\/pages\/15288\/revisions"}],"predecessor-version":[{"id":49172,"href":"https:\/\/archive.displayeurope.eu\/sk\/wp-json\/wp\/v2\/pages\/15288\/revisions\/49172"}],"wp:attachment":[{"href":"https:\/\/archive.displayeurope.eu\/sk\/wp-json\/wp\/v2\/media?parent=15288"}],"curies":[{"name":"wp","href":"https:\/\/api.w.org\/{rel}","templated":true}]}}