{"id":15358,"date":"2023-09-19T09:10:14","date_gmt":"2023-09-19T07:10:14","guid":{"rendered":"https:\/\/archive.displayeurope.eu\/copyleft\/"},"modified":"2024-08-29T02:05:47","modified_gmt":"2024-08-29T00:05:47","slug":"autorske-prava","status":"publish","type":"page","link":"https:\/\/archive.displayeurope.eu\/sk\/autorske-prava\/","title":{"rendered":"Autorsk\u00e9 pr\u00e1va"},"content":{"rendered":"\n<p>Sna\u017e\u00edme sa by\u0165 \u010do najotvorenej\u0161\u00ed. Hnutie <a href=\"https:\/\/en.wikipedia.org\/wiki\/Copyleft\">copyleft<\/a> dok\u00e1zalo, \u017ee autorsk\u00e9 pr\u00e1va m\u00f4\u017eu by\u0165 aj dobre zar\u00e1movan\u00e9 pre prosperuj\u00facu kult\u00faru spolupr\u00e1ce a ekonomiku zdie\u013eania.<\/p>\n\n\n\n<h2 class=\"wp-block-heading\">Otvoren\u00fd obsah<\/h2>\n\n\n\n<p>Nech\u00e1vame ostatn\u00fdm op\u00e4tovne pou\u017e\u00edva\u0165 n\u00e1\u0161 obsah. Origin\u00e1ly vytvoren\u00e9 pre Display Europe s\u00fa dokonca pod licenciou Creative Commons <a href=\"http:\/\/creativecommons.org\/licenses\/by\/4.0\/?ref=chooser-v1\" target=\"_blank\" rel=\"license noopener noreferrer\"><img loading=\"lazy\" decoding=\"async\" src=\"https:\/\/chooser-beta.creativecommons.org\/img\/cc-logo.f0ab4ebe.svg\" width=\"20\" height=\"20\" data-v-a0d4e8a8=\"&quot;\"><img loading=\"lazy\" decoding=\"async\" src=\"https:\/\/chooser-beta.creativecommons.org\/img\/cc-by.21b728bb.svg\" width=\"20\" height=\"20\" data-v-a0d4e8a8=\"&quot;\"><\/a>. Ak op\u00e4tovne pou\u017eijete n\u00e1\u0161 obsah, mus\u00edte prida\u0165 dobre vidite\u013en\u00fd: <a href=\"http:\/\/creativecommons.org\/licenses\/by\/4.0\/\">CC-by<\/a> <a href=\"https:\/\/archive.displayeurope.eu\">DisplayEurope<\/a><\/p>\n\n\n\n<h2 class=\"wp-block-heading\">Open Source<\/h2>\n\n\n\n<p>N\u00e1\u0161 technologick\u00fd stack je kompletne postaven\u00fd na open source frameworkoch a n\u00e1strojoch, ako s\u00fa Kubernetes, Minio, Matomo, WordPress, PeerTube, Mastodon, Keycloak a mnoho \u010fal\u0161\u00edch.<\/p>\n\n\n\n<p>Softv\u00e9r, ktor\u00fd vyv\u00edjame, je zverejnen\u00fd pod open source licenciami GPLv3 alebo AGPLv3. Na\u0161e \u00falo\u017eisk\u00e1 k\u00f3du n\u00e1jdete na <a href=\"https:\/\/git.fairkom.net\/emb\/displ.eu\">git.fairkom.net<\/a>.<\/p>\n\n\n\n<h2 class=\"wp-block-heading\">Otvoren\u00e9 \u0161tandardy<\/h2>\n\n\n\n<p>Pou\u017e\u00edvame <a href=\"https:\/\/en.wikipedia.org\/wiki\/ActivityPub\">ActivityPub<\/a> ako de facto \u0161tandard pre interakt\u00edvne m\u00e9di\u00e1 a nasadili sme ho pre syndik\u00e1ciu WordPress, feder\u00e1ciu PeerTube a distribuovan\u00e9 soci\u00e1lne m\u00e9di\u00e1 Mastodon. Od obsahov\u00fdch partnerov, ktor\u00ed sa zatia\u013e nedok\u00e1\u017eu federova\u0165 s ActivityPub, odober\u00e1me ich kan\u00e1ly RSS.<\/p>\n\n\n\n<h2 class=\"wp-block-heading\">Otvoren\u00e1 umel\u00e1 inteligencia<\/h2>\n\n\n\n<p>Pri vyu\u017e\u00edvan\u00ed n\u00e1strojov umelej inteligencie budeme v\u017edy uprednost\u0148ova\u0165 modely s otvoren\u00fdmi zdrojmi.<\/p>\n\n\n\n<h2 class=\"wp-block-heading\">Open Governance<\/h2>\n\n\n\n<p>Display Europe vlastn\u00ed neziskov\u00e9 dru\u017estvo. \u010clenmi sa m\u00f4\u017eu sta\u0165 nielen obsahov\u00ed partneri, ale dokonca aj na\u0161i pou\u017e\u00edvatelia, a tak sa podie\u013ea\u0165 na rozhodovac\u00edch procesoch.<\/p>\n","protected":false},"excerpt":{"rendered":"<p>Sna\u017e\u00edme sa by\u0165 \u010do najotvorenej\u0161\u00ed. Hnutie copyleft dok\u00e1zalo, \u017ee autorsk\u00e9 pr\u00e1va m\u00f4\u017eu by\u0165 aj dobre zar\u00e1movan\u00e9 pre prosperuj\u00facu kult\u00faru spolupr\u00e1ce a ekonomiku zdie\u013eania. Otvoren\u00fd obsah Nech\u00e1vame ostatn\u00fdm op\u00e4tovne pou\u017e\u00edva\u0165 n\u00e1\u0161 obsah. Origin\u00e1ly vytvoren\u00e9 pre Display Europe s\u00fa dokonca pod licenciou Creative Commons . Ak op\u00e4tovne pou\u017eijete n\u00e1\u0161 obsah, mus\u00edte prida\u0165 dobre vidite\u013en\u00fd: CC-by DisplayEurope Open [&hellip;]<\/p>\n","protected":false},"author":1,"featured_media":0,"parent":0,"menu_order":0,"comment_status":"closed","ping_status":"closed","template":"","meta":{"footnotes":""},"class_list":["post-15358","page","type-page","status-publish","hentry"],"_links":{"self":[{"href":"https:\/\/archive.displayeurope.eu\/sk\/wp-json\/wp\/v2\/pages\/15358","targetHints":{"allow":["GET"]}}],"collection":[{"href":"https:\/\/archive.displayeurope.eu\/sk\/wp-json\/wp\/v2\/pages"}],"about":[{"href":"https:\/\/archive.displayeurope.eu\/sk\/wp-json\/wp\/v2\/types\/page"}],"author":[{"embeddable":true,"href":"https:\/\/archive.displayeurope.eu\/sk\/wp-json\/wp\/v2\/users\/1"}],"replies":[{"embeddable":true,"href":"https:\/\/archive.displayeurope.eu\/sk\/wp-json\/wp\/v2\/comments?post=15358"}],"version-history":[{"count":2,"href":"https:\/\/archive.displayeurope.eu\/sk\/wp-json\/wp\/v2\/pages\/15358\/revisions"}],"predecessor-version":[{"id":47124,"href":"https:\/\/archive.displayeurope.eu\/sk\/wp-json\/wp\/v2\/pages\/15358\/revisions\/47124"}],"wp:attachment":[{"href":"https:\/\/archive.displayeurope.eu\/sk\/wp-json\/wp\/v2\/media?parent=15358"}],"curies":[{"name":"wp","href":"https:\/\/api.w.org\/{rel}","templated":true}]}}