{"id":16461,"date":"2023-05-18T09:40:46","date_gmt":"2023-05-18T07:40:46","guid":{"rendered":"https:\/\/archive.displayeurope.eu\/domov\/"},"modified":"2024-08-28T15:04:25","modified_gmt":"2024-08-28T13:04:25","slug":"domov","status":"publish","type":"page","link":"https:\/\/archive.displayeurope.eu\/sk\/","title":{"rendered":"Domov"},"content":{"rendered":"\r\n\t<div class=\"post-list\">\r\n\r\n\t\t\r\n\r\n\t\t\r\n\t\t\t<div class=\"post-item post-item-eayxfvdhdab4ari457n5iy4nnhm\">\r\n\t\t\t\t<div class=\"thumbnail-wrapper\">\r\n\t\t\t\t\t<a href=\"https:\/\/archive.displayeurope.eu\/sk\/preview\/eayxfvdhdab4ari457n5iy4nnhm-s-bliziacim-sa-dnom-volieb-sa-nemecky-krajne-pravicovy-firewall-chveje-ale-drzi-pevne\/\">\r\n\t\t\t\t\t\t<img decoding=\"async\" class=\"thumbnail-image\" src=\"https:\/\/voxeurop.eu\/wp-content\/uploads\/2025\/02\/voxeurop-germany-Rahma.png\">\r\n\t\t\t\t\t<\/a>\r\n\t\t\t\t<\/div>\r\n\t\t\t\t<div class=\"post-content\">\r\n\t\t\t\t\t<div class=\"author-meta\">\r\n\t\t\t\t\t\t\r\n\t\t\t\t\t\t\t\t\t\t\t\t\t\t<a target=\"_blank\" href=\"https:\/\/archive.displayeurope.eu\/sk\/authors\/voxeurop\/\">\r\n\t\t\t\t\t\t\t\r\n\t\t\t\t\t\t\t\t\t\t\t\t\t\t\t<img decoding=\"async\" class=\"author-image-in-list\" src=\"https:\/\/archive.displayeurope.eu\/wp-content\/uploads\/2023\/12\/Logo_actuel_de_Voxeurop.png\" alt=\"Voxeurop\">\r\n\t\t\t\t\t\t\t\r\n\t\t\t\t\t\t\t\t\t\t\t\t\t\t<\/a>\r\n\t\t\t\t\t\t\t\r\n\t\t\t\t\t\t\r\n\t\t\t\t\t\t\t\t\t\t\t\t\t<span class=\"origin-badge origin-badge-federated\">Federovan\u00fd obsah<\/span>\r\n\t\t\t\t\t\t\t\t\t\t\t<\/div>\r\n\t\t\t\t\t<h2 class=\"post-title\"><a href=\"https:\/\/archive.displayeurope.eu\/sk\/preview\/eayxfvdhdab4ari457n5iy4nnhm-s-bliziacim-sa-dnom-volieb-sa-nemecky-krajne-pravicovy-firewall-chveje-ale-drzi-pevne\/\">S bl\u00ed\u017eiacim sa d\u0148om volieb sa nemeck\u00fd krajne pravicov\u00fd firewall chveje, ale dr\u017e\u00ed pevne<\/a><\/h2>\r\n\t\t\t\t\t<div class=\"post-excerpt\">\r\n\t\t\t\t\t\t\"Ak sa to bude vola\u0165 remigr\u00e1cia, potom to bude znamena\u0165 re-mi-gr\u00e1ciu,\" vyhl\u00e1sila Alice Weidelov\u00e1 na stran\u00edckej konferencii AfD v Riese za\u010diatkom janu\u00e1ra a zo\u017eala b\u00farliv\u00fd potlesk - len rok po tom, \u010do rovnak\u00fd term\u00edn vyvolal otrasy vNemecku. Weidel je prv\u00fdm kandid\u00e1tom AfD na kancel\u00e1ra od jej zalo\u017eenia v roku 2013; vzh\u013eadom na to, \u017ee strana&hellip;\t\t\t\t\t<\/div>\r\n\t\t\t\t\t<div class=\"post-meta\">\r\n\t\t\t\t\t\t<span class=\"post-date\">\r\n\t\t\t\t\t\t\t17 February, 2025\t\t\t\t\t\t<\/span>\r\n\r\n\t\t\t\t\t\t<div class=\"post-icons\">\r\n\t\t\t\t\t\t\t\t\t\t\t\t\t\t\t\t\t\t\t\t<\/div>\r\n\t\t\t\t\t<\/div>\r\n\t\t\t\t<\/div>\r\n\t\t\t<\/div>\r\n\r\n\t\t\r\n\t\t\t<div class=\"post-item post-item-eayxdeagmuyyqrpfqvxmcupvsso\">\r\n\t\t\t\t<div class=\"thumbnail-wrapper\">\r\n\t\t\t\t\t<a href=\"https:\/\/archive.displayeurope.eu\/sk\/preview\/eayxdeagmuyyqrpfqvxmcupvsso-dokaze-europa-celit-americkej-velkej-technologickej-presile\/\">\r\n\t\t\t\t\t\t<img decoding=\"async\" class=\"thumbnail-image\" src=\"https:\/\/voxeurop.eu\/wp-content\/uploads\/2025\/02\/Nardi-Maga-Europe.png\">\r\n\t\t\t\t\t<\/a>\r\n\t\t\t\t<\/div>\r\n\t\t\t\t<div class=\"post-content\">\r\n\t\t\t\t\t<div class=\"author-meta\">\r\n\t\t\t\t\t\t\r\n\t\t\t\t\t\t\t\t\t\t\t\t\t\t<a target=\"_blank\" href=\"https:\/\/archive.displayeurope.eu\/sk\/authors\/voxeurop\/\">\r\n\t\t\t\t\t\t\t\r\n\t\t\t\t\t\t\t\t\t\t\t\t\t\t\t<img decoding=\"async\" class=\"author-image-in-list\" src=\"https:\/\/archive.displayeurope.eu\/wp-content\/uploads\/2023\/12\/Logo_actuel_de_Voxeurop.png\" alt=\"Voxeurop\">\r\n\t\t\t\t\t\t\t\r\n\t\t\t\t\t\t\t\t\t\t\t\t\t\t<\/a>\r\n\t\t\t\t\t\t\t\r\n\t\t\t\t\t\t\r\n\t\t\t\t\t\t\t\t\t\t\t\t\t<span class=\"origin-badge origin-badge-federated\">Federovan\u00fd obsah<\/span>\r\n\t\t\t\t\t\t\t\t\t\t\t<\/div>\r\n\t\t\t\t\t<h2 class=\"post-title\"><a href=\"https:\/\/archive.displayeurope.eu\/sk\/preview\/eayxdeagmuyyqrpfqvxmcupvsso-dokaze-europa-celit-americkej-velkej-technologickej-presile\/\">Dok\u00e1\u017ee Eur\u00f3pa \u010deli\u0165 americkej ve\u013ekej technologickej presile?<\/a><\/h2>\r\n\t\t\t\t\t<div class=\"post-excerpt\">\r\n\t\t\t\t\t\tOt\u00e1zky, ktor\u00e9 sa opakovane objavuj\u00fa Elona Muska, \u0161\u00e9fa soci\u00e1lnej siete X (ako aj spolo\u010dnost\u00ed Tesla a SpaceX), vyvol\u00e1vaj\u00fa \u0165a\u017ek\u00e9 ot\u00e1zky. M\u00f4\u017eu by\u0165 eur\u00f3pska verejn\u00e1 diskusia a vo\u013eby niekedy zbaven\u00e9 pohromy zahrani\u010dn\u00fdch dezinform\u00e1ci\u00ed? A teraz sa k Muskovi pridali TikTok, platforma vlastnen\u00e1 \u010c\u00ednou, a Meta, spolo\u010dnos\u0165 kontrolovan\u00e1 Markom Zuckerbergom, ktor\u00e1 zah\u0155\u0148a Facebook, Instagram, WhatsApp a Threads.&hellip;\t\t\t\t\t<\/div>\r\n\t\t\t\t\t<div class=\"post-meta\">\r\n\t\t\t\t\t\t<span class=\"post-date\">\r\n\t\t\t\t\t\t\t15 February, 2025\t\t\t\t\t\t<\/span>\r\n\r\n\t\t\t\t\t\t<div class=\"post-icons\">\r\n\t\t\t\t\t\t\t\t\t\t\t\t\t\t\t\t\t\t\t\t<\/div>\r\n\t\t\t\t\t<\/div>\r\n\t\t\t\t<\/div>\r\n\t\t\t<\/div>\r\n\r\n\t\t\r\n\t\t\t<div class=\"post-item post-item-eayw6dsd66slarnibq2iytafyzi\">\r\n\t\t\t\t<div class=\"thumbnail-wrapper\">\r\n\t\t\t\t\t<a href=\"https:\/\/archive.displayeurope.eu\/sk\/preview\/eayw6dsd66slarnibq2iytafyzi-hanna-perekhoda-boj-za-slobodu-na-ukrajine-je-uzko-spojeny-s-celosvetovym-bojom-proti-fasistickym-silam\/\">\r\n\t\t\t\t\t\t<img decoding=\"async\" class=\"thumbnail-image\" src=\"https:\/\/voxeurop.eu\/wp-content\/uploads\/2025\/02\/Hanna-Perekhoda-4.png\">\r\n\t\t\t\t\t<\/a>\r\n\t\t\t\t<\/div>\r\n\t\t\t\t<div class=\"post-content\">\r\n\t\t\t\t\t<div class=\"author-meta\">\r\n\t\t\t\t\t\t\r\n\t\t\t\t\t\t\t\t\t\t\t\t\t\t<a target=\"_blank\" href=\"https:\/\/archive.displayeurope.eu\/sk\/authors\/voxeurop\/\">\r\n\t\t\t\t\t\t\t\r\n\t\t\t\t\t\t\t\t\t\t\t\t\t\t\t<img decoding=\"async\" class=\"author-image-in-list\" src=\"https:\/\/archive.displayeurope.eu\/wp-content\/uploads\/2023\/12\/Logo_actuel_de_Voxeurop.png\" alt=\"Voxeurop\">\r\n\t\t\t\t\t\t\t\r\n\t\t\t\t\t\t\t\t\t\t\t\t\t\t<\/a>\r\n\t\t\t\t\t\t\t\r\n\t\t\t\t\t\t\r\n\t\t\t\t\t\t\t\t\t\t\t\t\t<span class=\"origin-badge origin-badge-federated\">Federovan\u00fd obsah<\/span>\r\n\t\t\t\t\t\t\t\t\t\t\t<\/div>\r\n\t\t\t\t\t<h2 class=\"post-title\"><a href=\"https:\/\/archive.displayeurope.eu\/sk\/preview\/eayw6dsd66slarnibq2iytafyzi-hanna-perekhoda-boj-za-slobodu-na-ukrajine-je-uzko-spojeny-s-celosvetovym-bojom-proti-fasistickym-silam\/\">Hanna Perekhoda: \"Boj za slobodu na Ukrajine je \u00fazko spojen\u00fd s celosvetov\u00fdm bojom proti fa\u0161istick\u00fdm sil\u00e1m<\/a><\/h2>\r\n\t\t\t\t\t<div class=\"post-excerpt\">\r\n\t\t\t\t\t\tHanna Perekhoda je histori\u010dka a v\u00fdskumn\u00e1 pracovn\u00ed\u010dka na Univerzite v Lausanne - In\u0161tit\u00fate politick\u00fdch \u0161t\u00fadi\u00ed aCentre pre medzin\u00e1rodn\u00e9 dejiny a politick\u00e9 \u0161t\u00fadie globaliz\u00e1cie, \u0161pecializuje sa na nacionalizmus v kontexte Rusk\u00e9ho imp\u00e9ria a Sovietskeho zv\u00e4zu. Jej doktorandsk\u00fd v\u00fdskum sk\u00fama politick\u00e9 strat\u00e9gie bo\u013e\u0161evikov na Ukrajine v rokoch 1917 a\u017e 1920. Perekhoda tie\u017e \u0161tuduje historick\u00fd v\u00fdvoj ruskej politickej&hellip;\t\t\t\t\t<\/div>\r\n\t\t\t\t\t<div class=\"post-meta\">\r\n\t\t\t\t\t\t<span class=\"post-date\">\r\n\t\t\t\t\t\t\t11 February, 2025\t\t\t\t\t\t<\/span>\r\n\r\n\t\t\t\t\t\t<div class=\"post-icons\">\r\n\t\t\t\t\t\t\t\t\t\t\t\t\t\t\t\t\t\t\t\t<\/div>\r\n\t\t\t\t\t<\/div>\r\n\t\t\t\t<\/div>\r\n\t\t\t<\/div>\r\n\r\n\t\t\r\n\t\t\t<div class=\"post-item post-item-eayw43fil2nzqrmzlqo435k24ha\">\r\n\t\t\t\t<div class=\"thumbnail-wrapper\">\r\n\t\t\t\t\t<a href=\"https:\/\/archive.displayeurope.eu\/sk\/preview\/eayw43fil2nzqrmzlqo435k24ha-ti-ktori-bojuju-a-ti-ktori-nebojuju-ukrajinci-povolani-na-front-a-generacia-putin-v-rusku\/\">\r\n\t\t\t\t\t\t<img decoding=\"async\" class=\"thumbnail-image\" src=\"https:\/\/voxeurop.eu\/wp-content\/uploads\/2025\/02\/RUSSIA-UKRAINE-MOV-1-4.jpg\">\r\n\t\t\t\t\t<\/a>\r\n\t\t\t\t<\/div>\r\n\t\t\t\t<div class=\"post-content\">\r\n\t\t\t\t\t<div class=\"author-meta\">\r\n\t\t\t\t\t\t\r\n\t\t\t\t\t\t\t\t\t\t\t\t\t\t<a target=\"_blank\" href=\"https:\/\/archive.displayeurope.eu\/sk\/authors\/voxeurop\/\">\r\n\t\t\t\t\t\t\t\r\n\t\t\t\t\t\t\t\t\t\t\t\t\t\t\t<img decoding=\"async\" class=\"author-image-in-list\" src=\"https:\/\/archive.displayeurope.eu\/wp-content\/uploads\/2023\/12\/Logo_actuel_de_Voxeurop.png\" alt=\"Voxeurop\">\r\n\t\t\t\t\t\t\t\r\n\t\t\t\t\t\t\t\t\t\t\t\t\t\t<\/a>\r\n\t\t\t\t\t\t\t\r\n\t\t\t\t\t\t\r\n\t\t\t\t\t\t\t\t\t\t\t\t\t<span class=\"origin-badge origin-badge-federated\">Federovan\u00fd obsah<\/span>\r\n\t\t\t\t\t\t\t\t\t\t\t<\/div>\r\n\t\t\t\t\t<h2 class=\"post-title\"><a href=\"https:\/\/archive.displayeurope.eu\/sk\/preview\/eayw43fil2nzqrmzlqo435k24ha-ti-ktori-bojuju-a-ti-ktori-nebojuju-ukrajinci-povolani-na-front-a-generacia-putin-v-rusku\/\">T\u00ed, ktor\u00ed bojuj\u00fa, a t\u00ed, ktor\u00ed nebojuj\u00fa: Ukrajinci povolan\u00ed na front a \"gener\u00e1cia Putin\" v Rusku<\/a><\/h2>\r\n\t\t\t\t\t<div class=\"post-excerpt\">\r\n\t\t\t\t\t\tNez\u00e1visl\u00e9 rusk\u00e9 exilov\u00e9 noviny Meduza devotes rozsiahly \u010dl\u00e1nok (p\u00f4vodne uverejnen\u00fd v Signal, ruskojazy\u010dnom bulletine) \"\u013eudia dosiahli vek a teraz tvoria kohortu mlad\u00fdch dospel\u00fdch, ktor\u00ed zdedia v\u0161etko, \u010do bude nasledova\u0165 Vladim\u00edra Putina v Rusku\". T\u00fato skupinu tla\u010d nazvala \"gener\u00e1ciou Putina\", \u010do je mo\u017eno nevhodn\u00e9 vzh\u013eadom na to, \u017ee rusk\u00fd l\u00edder je pri moci od roku 1999,&hellip;\t\t\t\t\t<\/div>\r\n\t\t\t\t\t<div class=\"post-meta\">\r\n\t\t\t\t\t\t<span class=\"post-date\">\r\n\t\t\t\t\t\t\t10 February, 2025\t\t\t\t\t\t<\/span>\r\n\r\n\t\t\t\t\t\t<div class=\"post-icons\">\r\n\t\t\t\t\t\t\t\t\t\t\t\t\t\t\t\t\t\t\t\t<\/div>\r\n\t\t\t\t\t<\/div>\r\n\t\t\t\t<\/div>\r\n\t\t\t<\/div>\r\n\r\n\t\t\r\n\t\t\t<div class=\"post-item post-item-eayw42hwmynzarwlsnjj6rxd4uo\">\r\n\t\t\t\t<div class=\"thumbnail-wrapper\">\r\n\t\t\t\t\t<a href=\"https:\/\/archive.displayeurope.eu\/sk\/preview\/eayw42hwmynzarwlsnjj6rxd4uo-andrej-kurkov-potrebovali-sme-vojnu-aby-sme-ukazali-ze-ukrajina-je-ina-ako-rusko\/\">\r\n\t\t\t\t\t\t<img decoding=\"async\" class=\"thumbnail-image\" src=\"https:\/\/voxeurop.eu\/wp-content\/uploads\/2025\/02\/Kurkov-Ferrara-3.jpg\">\r\n\t\t\t\t\t<\/a>\r\n\t\t\t\t<\/div>\r\n\t\t\t\t<div class=\"post-content\">\r\n\t\t\t\t\t<div class=\"author-meta\">\r\n\t\t\t\t\t\t\r\n\t\t\t\t\t\t\t\t\t\t\t\t\t\t<a target=\"_blank\" href=\"https:\/\/archive.displayeurope.eu\/sk\/authors\/voxeurop\/\">\r\n\t\t\t\t\t\t\t\r\n\t\t\t\t\t\t\t\t\t\t\t\t\t\t\t<img decoding=\"async\" class=\"author-image-in-list\" src=\"https:\/\/archive.displayeurope.eu\/wp-content\/uploads\/2023\/12\/Logo_actuel_de_Voxeurop.png\" alt=\"Voxeurop\">\r\n\t\t\t\t\t\t\t\r\n\t\t\t\t\t\t\t\t\t\t\t\t\t\t<\/a>\r\n\t\t\t\t\t\t\t\r\n\t\t\t\t\t\t\r\n\t\t\t\t\t\t\t\t\t\t\t\t\t<span class=\"origin-badge origin-badge-federated\">Federovan\u00fd obsah<\/span>\r\n\t\t\t\t\t\t\t\t\t\t\t<\/div>\r\n\t\t\t\t\t<h2 class=\"post-title\"><a href=\"https:\/\/archive.displayeurope.eu\/sk\/preview\/eayw42hwmynzarwlsnjj6rxd4uo-andrej-kurkov-potrebovali-sme-vojnu-aby-sme-ukazali-ze-ukrajina-je-ina-ako-rusko\/\">Andrej Kurkov: \"Potrebovali sme vojnu, aby sme uk\u00e1zali, \u017ee Ukrajina je in\u00e1 ako Rusko<\/a><\/h2>\r\n\t\t\t\t\t<div class=\"post-excerpt\">\r\n\t\t\t\t\t\tAndrej Kurkov (nar. 1961) je jedn\u00fdm z najplodnej\u0161\u00edch a najeklektickej\u0161\u00edch ukrajinsk\u00fdch spisovate\u013eov. Venoval sa viacer\u00fdm t\u00e9mam spojen\u00fdm s ned\u00e1vnou hist\u00f3riou Ukrajiny -&nbsp;najm\u00e4 po oran\u017eovej revol\u00facii v roku 2004, ako aj viacer\u00fdm trilerom, niektor\u00fdm takmer surrealistick\u00fdm, odohr\u00e1vaj\u00facim sa v rokoch po rozpade Sovietskeho zv\u00e4zu. jeho najzn\u00e1mej\u0161\u00edm rom\u00e1nom je Smr\u0165 a tu\u010dniak (Vintage Publishing, 2002) . Nap\u00edsal&hellip;\t\t\t\t\t<\/div>\r\n\t\t\t\t\t<div class=\"post-meta\">\r\n\t\t\t\t\t\t<span class=\"post-date\">\r\n\t\t\t\t\t\t\t10 February, 2025\t\t\t\t\t\t<\/span>\r\n\r\n\t\t\t\t\t\t<div class=\"post-icons\">\r\n\t\t\t\t\t\t\t\t\t\t\t\t\t\t\t\t\t\t\t\t<\/div>\r\n\t\t\t\t\t<\/div>\r\n\t\t\t\t<\/div>\r\n\t\t\t<\/div>\r\n\r\n\t\t\t<\/div>\r\n\r\n\t\t\t<div class=\"autload-on-scroll\">\r\n\t\t\t<div class=\"text-center loading\" style=\"display: none;\">\r\n\t\t\t\t<div class=\"lds-ellipsis\"><div><\/div><div><\/div><div><\/div><div><\/div><\/div>\r\n\t\t\t<\/div>\r\n\t\t\t<form action=\"https:\/\/archive.displayeurope.eu\/wp-admin\/admin-ajax.php\" method=\"POST\" class=\"form-autoload\">\r\n\t\t\t\t<input type=\"hidden\" name=\"action\" value=\"dispeu_load_more\">\r\n\t\t\t\t\t\t\t\t\t<input type=\"hidden\" name=\"dispeu_group_id\" value=\"42976\">\r\n\t\t\t\t\t\t\t\t\t<input type=\"hidden\" name=\"dispeu_group_page\" value=\"2\">\r\n\t\t\t\t\t\t\t<\/form>\r\n\t\t<\/div>\r\n\t\r\n\n","protected":false},"excerpt":{"rendered":"","protected":false},"author":1,"featured_media":0,"parent":0,"menu_order":0,"comment_status":"closed","ping_status":"closed","template":"","meta":{"footnotes":""},"class_list":["post-16461","page","type-page","status-publish","hentry"],"_links":{"self":[{"href":"https:\/\/archive.displayeurope.eu\/sk\/wp-json\/wp\/v2\/pages\/16461","targetHints":{"allow":["GET"]}}],"collection":[{"href":"https:\/\/archive.displayeurope.eu\/sk\/wp-json\/wp\/v2\/pages"}],"about":[{"href":"https:\/\/archive.displayeurope.eu\/sk\/wp-json\/wp\/v2\/types\/page"}],"author":[{"embeddable":true,"href":"https:\/\/archive.displayeurope.eu\/sk\/wp-json\/wp\/v2\/users\/1"}],"replies":[{"embeddable":true,"href":"https:\/\/archive.displayeurope.eu\/sk\/wp-json\/wp\/v2\/comments?post=16461"}],"version-history":[{"count":1,"href":"https:\/\/archive.displayeurope.eu\/sk\/wp-json\/wp\/v2\/pages\/16461\/revisions"}],"predecessor-version":[{"id":44627,"href":"https:\/\/archive.displayeurope.eu\/sk\/wp-json\/wp\/v2\/pages\/16461\/revisions\/44627"}],"wp:attachment":[{"href":"https:\/\/archive.displayeurope.eu\/sk\/wp-json\/wp\/v2\/media?parent=16461"}],"curies":[{"name":"wp","href":"https:\/\/api.w.org\/{rel}","templated":true}]}}