{"id":36213,"date":"2024-04-17T11:55:28","date_gmt":"2024-04-17T09:55:28","guid":{"rendered":"https:\/\/archive.displayeurope.eu\/rozhovory-o-europe\/"},"modified":"2024-08-28T15:05:38","modified_gmt":"2024-08-28T13:05:38","slug":"europe-talks","status":"publish","type":"page","link":"https:\/\/archive.displayeurope.eu\/sk\/europe-talks\/","title":{"rendered":"Rozhovory o Eur\u00f3pe"},"content":{"rendered":"<style>\/*! elementor - v3.20.0 - 26-03-2024 *\/\n.elementor-heading-title{padding:0;margin:0;line-height:1}.elementor-widget-heading .elementor-heading-title[class*=elementor-size-]>a{color:inherit;font-size:inherit;line-height:inherit}.elementor-widget-heading .elementor-heading-title.elementor-size-small{font-size:15px}.elementor-widget-heading .elementor-heading-title.elementor-size-medium{font-size:19px}.elementor-widget-heading .elementor-heading-title.elementor-size-large{font-size:29px}.elementor-widget-heading .elementor-heading-title.elementor-size-xl{font-size:39px}.elementor-widget-heading .elementor-heading-title.elementor-size-xxl{font-size:59px}<\/style>\n<h2>Prihl\u00e1ste sa na Europe Talks 2024<\/h2>\n<h4>Zapojte sa do programu Europe Talks pre prvovoli\u010dov v Berl\u00edne!<\/h4>\n<p>Ste ob\u010danom E\u00da vo veku od 18 do 22 rokov? Zapojte sa do n\u00e1\u0161ho jednod\u0148ov\u00e9ho programu pred nadch\u00e1dzaj\u00facimi vo\u013ebami do Eur\u00f3pskeho parlamentu. K dispoz\u00edcii je financovanie cesty!<\/p>\n<p>\t\t\t<a href=\"https:\/\/www.mycountrytalks.org\/events\/europe-talks\/first-voters-event-berlin\" target=\"_blank\" rel=\"noopener\"><br \/>\n\t\t\t\t\t\tZistite viac<br \/>\n\t\t\t\t\t<\/a><\/p>\n","protected":false},"excerpt":{"rendered":"<p>Prihl\u00e1ste sa na Europe Talks 2024 Zapojte sa do programu Europe Talks pre prvovoli\u010dov v Berl\u00edne! Ste ob\u010danom E\u00da vo veku od 18 do 22 rokov? Zapojte sa do n\u00e1\u0161ho jednod\u0148ov\u00e9ho programu pred nadch\u00e1dzaj\u00facimi vo\u013ebami do Eur\u00f3pskeho parlamentu. K dispoz\u00edcii je financovanie cesty! Zistite viac<\/p>\n","protected":false},"author":35,"featured_media":0,"parent":0,"menu_order":0,"comment_status":"closed","ping_status":"closed","template":"","meta":{"footnotes":""},"class_list":["post-36213","page","type-page","status-publish","hentry"],"_links":{"self":[{"href":"https:\/\/archive.displayeurope.eu\/sk\/wp-json\/wp\/v2\/pages\/36213","targetHints":{"allow":["GET"]}}],"collection":[{"href":"https:\/\/archive.displayeurope.eu\/sk\/wp-json\/wp\/v2\/pages"}],"about":[{"href":"https:\/\/archive.displayeurope.eu\/sk\/wp-json\/wp\/v2\/types\/page"}],"author":[{"embeddable":true,"href":"https:\/\/archive.displayeurope.eu\/sk\/wp-json\/wp\/v2\/users\/35"}],"replies":[{"embeddable":true,"href":"https:\/\/archive.displayeurope.eu\/sk\/wp-json\/wp\/v2\/comments?post=36213"}],"version-history":[{"count":1,"href":"https:\/\/archive.displayeurope.eu\/sk\/wp-json\/wp\/v2\/pages\/36213\/revisions"}],"predecessor-version":[{"id":45955,"href":"https:\/\/archive.displayeurope.eu\/sk\/wp-json\/wp\/v2\/pages\/36213\/revisions\/45955"}],"wp:attachment":[{"href":"https:\/\/archive.displayeurope.eu\/sk\/wp-json\/wp\/v2\/media?parent=36213"}],"curies":[{"name":"wp","href":"https:\/\/api.w.org\/{rel}","templated":true}]}}