{"id":44262,"date":"2024-07-31T08:07:03","date_gmt":"2024-07-31T06:07:03","guid":{"rendered":"https:\/\/archive.displayeurope.eu\/vyukove-programy\/"},"modified":"2024-09-25T13:43:22","modified_gmt":"2024-09-25T11:43:22","slug":"vyukove-programy","status":"publish","type":"page","link":"https:\/\/archive.displayeurope.eu\/sk\/vyukove-programy\/","title":{"rendered":"V\u00fdukov\u00e9 programy"},"content":{"rendered":"\n<h1 class=\"wp-block-heading\">Vitajte v sekcii n\u00e1vodov na str\u00e1nke Display Europe<\/h1>\n\n<div style=\"height:50px\" aria-hidden=\"true\" class=\"wp-block-spacer\"><\/div>\n\n<figure class=\"wp-block-image size-large\"><img loading=\"lazy\" decoding=\"async\" width=\"963\" height=\"642\" src=\"https:\/\/archive.displayeurope.eu\/wp-content\/uploads\/2024\/08\/TTP05138-963x642.jpg\" alt=\"\" class=\"wp-image-44166\" srcset=\"https:\/\/archive.displayeurope.eu\/wp-content\/uploads\/2024\/08\/TTP05138-963x642.jpg 963w, https:\/\/archive.displayeurope.eu\/wp-content\/uploads\/2024\/08\/TTP05138-339x226.jpg 339w, https:\/\/archive.displayeurope.eu\/wp-content\/uploads\/2024\/08\/TTP05138-768x512.jpg 768w, https:\/\/archive.displayeurope.eu\/wp-content\/uploads\/2024\/08\/TTP05138.jpg 1200w\" sizes=\"auto, (max-width: 963px) 100vw, 963px\" \/><\/figure>\n\n<div style=\"height:50px\" aria-hidden=\"true\" class=\"wp-block-spacer\"><\/div>\n\n<p>T\u00e1to str\u00e1nka je venovan\u00e1 poskytovaniu z\u00e1kladn\u00fdch n\u00e1strojov a poznatkov novin\u00e1rom na zlep\u0161enie ich spravodajstva. <br\/>N\u00e1jdete tu komplexn\u00e9 n\u00e1vody ur\u010den\u00e9 na zlep\u0161enie presnosti va\u0161ej pr\u00e1ce a na presk\u00famanie cezhrani\u010dnej \u017eurnalistiky ako met\u00f3dy aj sp\u00f4sobu myslenia. \u010ci u\u017e zdokona\u013eujete svoje spravodajsk\u00e9 zru\u010dnosti, alebo si chcete osvoji\u0165 nov\u00e9 pr\u00edstupy vo svojej \u017eurnalistike, tieto zdroje v\u00e1m pom\u00f4\u017eu. V s\u00fa\u010dasnosti medzi na\u0161e v\u00fdukov\u00e9 materi\u00e1ly &#8211; dostupn\u00e9 v 15 jazykoch &#8211; patria &#8222;Odpor\u00fa\u010dania pre presnej\u0161ie spravodajstvo&#8220; a &#8222;Cezhrani\u010dn\u00e1 \u017eurnalistika ako met\u00f3da a sp\u00f4sob myslenia&#8220;.<br\/><br\/>Poz\u00fdvame v\u00e1s, aby ste sa k nim pravidelne vracali, preto\u017ee v bud\u00facnosti budeme na\u0161u ponuku na\u010falej roz\u0161irova\u0165 o \u010fal\u0161ie hodnotn\u00e9 v\u00fdukov\u00e9 materi\u00e1ly.<\/p>\n\n<div style=\"height:50px\" aria-hidden=\"true\" class=\"wp-block-spacer\"><\/div>\n\n<hr class=\"wp-block-separator has-alpha-channel-opacity\"\/>\n\n<div style=\"height:50px\" aria-hidden=\"true\" class=\"wp-block-spacer\"><\/div>\n\n<h4 class=\"wp-block-heading\">Cezhrani\u010dn\u00e1 pr\u00edru\u010dka<\/h4>\n\n<div style=\"height:20px\" aria-hidden=\"true\" class=\"wp-block-spacer\"><\/div>\n\n<div class=\"dropdown-button-container\">\n  <select name=\"languages\" id=\"handbook-select\">\n    <option value=\"\">&#8211;Pros\u00edm, vyberte mo\u017enos\u0165&#8211;<\/option>\n    <option value=\"https:\/\/archive.displayeurope.eu\/wp-content\/uploads\/2024\/09\/English-crossborderjournalism-mindset-method.pdf\">ENGLISH<\/option>\n    <option value=\"https:\/\/archive.displayeurope.eu\/wp-content\/uploads\/2024\/09\/English-crossborderjournalism-mindset-method.pdf\">FRAN\u00c7AIS<\/option>\n    <option value=\"https:\/\/archive.displayeurope.eu\/wp-content\/uploads\/2024\/09\/English-crossborderjournalism-mindset-method.pdf\">DEUTSCH<\/option>\n    <option value=\"https:\/\/archive.displayeurope.eu\/wp-content\/uploads\/2024\/09\/Spanish-crossborderjournalism-mindset-method.pdf\">ESPA\u00d1OL<\/option>\n    <option value=\"https:\/\/archive.displayeurope.eu\/wp-content\/uploads\/2024\/09\/Italian-crossborderjournalism-mindset-method.pdf\">ITALIANO<\/option>\n    <option value=\"https:\/\/archive.displayeurope.eu\/wp-content\/uploads\/2024\/09\/Greek-crossborderjournalism-mindset-method.pdf\">\u0395\u039b\u039b\u0397\u039d\u0399\u039a\u0386<\/option>\n    <option value=\"https:\/\/archive.displayeurope.eu\/wp-content\/uploads\/2024\/09\/Polish-crossborderjournalism-mindset-method.pdf\">POLSKI<\/option>\n    <option value=\"https:\/\/archive.displayeurope.eu\/wp-content\/uploads\/2024\/09\/Portugese-crossborderjournalism-mindset-method.pdf\">PORTUGU\u00caS<\/option>\n    <option value=\"https:\/\/archive.displayeurope.eu\/wp-content\/uploads\/2024\/09\/Dutch-crossborderjournalism-mindset-method.pdf\">NEDERLANDS<\/option>\n    <option value=\"https:\/\/archive.displayeurope.eu\/wp-content\/uploads\/2024\/09\/Hungarian-crossborderjournalism-mindset-method.pdf\">MAGYAR<\/option>\n    <option value=\"https:\/\/archive.displayeurope.eu\/wp-content\/uploads\/2024\/09\/Czech-crossborderjournalism-mindset-method.pdf\">\u010cE\u0160TINA<\/option>\n    <option value=\"https:\/\/archive.displayeurope.eu\/wp-content\/uploads\/2024\/09\/Russian-crossborderjournalism-mindset-method.pdf\">RU\u0421\u0421\u041a\u0418\u0419<\/option>\n    <option value=\"https:\/\/archive.displayeurope.eu\/wp-content\/uploads\/2024\/09\/Slovenian-crossborderjournalism-mindset-method.pdf\">SLOVEN\u010cINA<\/option>\n    <option value=\"https:\/\/archive.displayeurope.eu\/wp-content\/uploads\/2024\/09\/Turkish-crossborderjournalism-mindset-method.pdf\">T\u00dcRK\u00c7E<\/option>\n    <option value=\"https:\/\/archive.displayeurope.eu\/wp-content\/uploads\/2024\/09\/Ukrainian-crossborderjournalism-mindset-method.pdf\">\u0423\u041a\u0420\u0410\u0407\u041d\u0421\u042c\u041a\u0410<\/option>\n  <\/select>\n\n <button class=\"btn-pdf\" onclick=\"downloadCrossborderPDF()\">Na stiahnutie<\/button><\/div>\n\n<script>\n  function downloadCrossborderPDF() {\n    var select = document.getElementById(\"handbook-select\");\n    var selectedValue = select.options[select.selectedIndex].value;\n    if (selectedValue) {\n      var a = document.createElement('a');\n      a.href = selectedValue;\n      a.download = selectedValue.split('\/').pop(); \n      document.body.appendChild(a);\n      a.click();\n      document.body.removeChild(a);\n    } else {\n      alert(\"Please choose a language\");\n    }\n  }\n<\/script>\n\n<div style=\"height:50px\" aria-hidden=\"true\" class=\"wp-block-spacer\"><\/div>\n\n<h4 class=\"wp-block-heading\">Odpor\u00fa\u010dania pre redakcie<\/h4>\n\n<div style=\"height:20px\" aria-hidden=\"true\" class=\"wp-block-spacer\"><\/div>\n\n<div class=\"dropdown-button-container\">\n  <select name=\"languages\" id=\"recommendations-select\">\n    <option value=\"\">&#8211;Pros\u00edm, vyberte mo\u017enos\u0165&#8211;<\/option>\n    <option value=\"https:\/\/archive.displayeurope.eu\/wp-content\/uploads\/2024\/09\/English-Recommendations-for-more-accurate-reporting.pdf\">ENGLISH<\/option>\n    <option value=\"https:\/\/archive.displayeurope.eu\/wp-content\/uploads\/2024\/09\/French-Recommendations-for-more-accurate-reporting.pdf\">FRAN\u00c7AIS<\/option>\n    <option value=\"https:\/\/archive.displayeurope.eu\/wp-content\/uploads\/2024\/09\/German-Recommendations-for-more-accurate-reporting.pdf\">DEUTSCH<\/option>\n    <option value=\"https:\/\/archive.displayeurope.eu\/wp-content\/uploads\/2024\/09\/Spanish-Recommendations-for-more-accurate-reporting.pdf\">ESPA\u00d1OL<\/option>\n    <option value=\"https:\/\/archive.displayeurope.eu\/wp-content\/uploads\/2024\/09\/Italian-Recommendations-for-more-accurate-reporting.pdf\">ITALIANO<\/option>\n    <option value=\"https:\/\/archive.displayeurope.eu\/wp-content\/uploads\/2024\/09\/Greek-Recommendations-for-more-accurate-reporting.pdf\">\u0395\u039b\u039b\u0397\u039d\u0399\u039a\u0386<\/option>\n    <option value=\"https:\/\/archive.displayeurope.eu\/wp-content\/uploads\/2024\/09\/Polish-Recommendations-for-more-accurate-reporting.pdf\">POLSKI<\/option>\n    <option value=\"https:\/\/archive.displayeurope.eu\/wp-content\/uploads\/2024\/09\/Portuguese-Recommendations-for-more-accurate-reporting.pdf\">PORTUGU\u00caS<\/option>\n    <option value=\"https:\/\/archive.displayeurope.eu\/wp-content\/uploads\/2024\/09\/Dutch-Recommendations-for-more-accurate-reporting.pdf\">NEDERLANDS<\/option>\n    <option value=\"https:\/\/archive.displayeurope.eu\/wp-content\/uploads\/2024\/09\/Hungarian-Recommendations-for-more-accurate-reporting.pdf\">MAGYAR<\/option>\n    <option value=\"https:\/\/archive.displayeurope.eu\/wp-content\/uploads\/2024\/09\/Czech-Recommendations-for-more-accurate-reporting.pdf\">\u010cE\u0160TINA<\/option>\n    <option value=\"https:\/\/archive.displayeurope.eu\/wp-content\/uploads\/2024\/09\/Russian-Recommendations-for-more-accurate-reporting.pdf\">RU\u0421\u0421\u041a\u0418\u0419<\/option>\n    <option value=\"https:\/\/archive.displayeurope.eu\/wp-content\/uploads\/2024\/09\/Slovenian-Recommendations-for-more-accurate-reporting.pdf\">SLOVEN\u010cINA<\/option>\n    <option value=\"https:\/\/archive.displayeurope.eu\/wp-content\/uploads\/2024\/09\/Turkish-Recommendations-for-more-accurate-reporting.pdf\">T\u00dcRK\u00c7E<\/option>\n    <option value=\"https:\/\/archive.displayeurope.eu\/wp-content\/uploads\/2024\/09\/Ukrainian-Recommendations-for-more-accurate-reporting.pdf\">\u0423\u041a\u0420\u0410\u0407\u041d\u0421\u042c\u041a\u0410<\/option>\n  <\/select>\n\n <button class=\"btn-pdf\" onclick=\"downloadRecommendationsPDF()\">Na stiahnutie<\/button><\/div>\n\n<script>\n  function downloadRecommendationsPDF() {\n    var select = document.getElementById(\"recommendations-select\");\n    var selectedValue = select.options[select.selectedIndex].value;\n    if (selectedValue) {\n      var a = document.createElement('a');\n      a.href = selectedValue;\n      a.download = selectedValue.split('\/').pop(); \n      document.body.appendChild(a);\n      a.click();\n      document.body.removeChild(a);\n    } else {\n      alert(\"Please choose a language\");\n    }\n  }\n<\/script>\n<style>\n    \/* Container f\u00fcr Dropdown und Button *\/ .dropdown-button-container { display: flex; align-items: center; \/* Vertikale Ausrichtung *\/ gap: 10px; \/* Abstand zwischen Dropdown und Button *\/ } \/* Styling f\u00fcr den Button *\/ .btn-pdf { padding: 10px 20px; background-color: #F26C4F; color: white; cursor: pointer; text-decoration: none; border: .btn-pdf:hover { background-color: transparent; color: transparent; color: 1px solid #F26C4F; border-radius: 5px; } .btn-pdf:hover { background-color: transparent; color: #F26C4F; border: *\/ select { padding: 1px solid #F26C4F; } \/* Entferne Dropdown-Styling *\/ select { padding: 10px; border: 1px solid #ddd; border-radius: 5px; font-size: 16px; } select:focus { border-color: #F26C4F; outline: none; }<\/style>\n\n<div style=\"height:50px\" aria-hidden=\"true\" class=\"wp-block-spacer\"><\/div>\n\n<hr class=\"wp-block-separator has-alpha-channel-opacity\"\/>\n\n<div style=\"height:50px\" aria-hidden=\"true\" class=\"wp-block-spacer\"><\/div>\n\n<p>Vydavatelia, ktor\u00ed s\u00fa s\u00fa\u010das\u0165ou Display Europe, maj\u00fa exkluz\u00edvny pr\u00edstup k vyhraden\u00e9mu intern\u00e9mu priestoru na <a href=\"https:\/\/hostwire.org\/g\/display_europe\" data-type=\"link\" data-id=\"https:\/\/hostwire.org\/g\/display_europe\">platforme Hostwriter<\/a>.<\/p>\n\n<p><a href=\"https:\/\/hostwriter.org\/for-publishers\" data-type=\"link\" data-id=\"https:\/\/hostwriter.org\/for-publishers\">Hostwriter pre vydavate\u013eov<\/a> posil\u0148uje eur\u00f3pske medi\u00e1lne prostredie t\u00fdm, \u017ee podporuje priame prepojenie medzi vydavate\u013emi a r\u00f4znorod\u00fdmi novin\u00e1rmi, overovate\u013emi faktov a report\u00e9rmi z cel\u00e9ho sveta. Vydavatelia maj\u00fa pr\u00edstup k sieti Hostwriter, ktor\u00e1 zah\u0155\u0148a viac ako 6600 schv\u00e1len\u00fdch novin\u00e1rov na celom svete. Vyu\u017eit\u00edm tejto rozsiahlej skupiny talentov maj\u00fa vydavatelia mo\u017enos\u0165 diverzifikova\u0165 svoju ponuku obsahu, posilni\u0165 svoj glob\u00e1lny dosah a zauja\u0165 publikum bohat\u00fdmi, rozmanit\u00fdmi poh\u013eadmi na naliehav\u00e9 probl\u00e9my, \u010do u\u013eah\u010duje vytv\u00e1ranie atrakt\u00edvnych cezhrani\u010dn\u00fdch pr\u00edbehov, ktor\u00e9 presahuj\u00fa geografick\u00e9 hranice a zvy\u0161uj\u00fa \u00farove\u0148 \u017eurnalistiky v Eur\u00f3pe i mimo nej.<\/p>\n","protected":false},"excerpt":{"rendered":"<p>Vitajte v sekcii n\u00e1vodov na str\u00e1nke Display Europe T\u00e1to str\u00e1nka je venovan\u00e1 poskytovaniu z\u00e1kladn\u00fdch n\u00e1strojov a poznatkov novin\u00e1rom na zlep\u0161enie ich spravodajstva. N\u00e1jdete tu komplexn\u00e9 n\u00e1vody ur\u010den\u00e9 na zlep\u0161enie presnosti va\u0161ej pr\u00e1ce a na presk\u00famanie cezhrani\u010dnej \u017eurnalistiky ako met\u00f3dy aj sp\u00f4sobu myslenia. \u010ci u\u017e zdokona\u013eujete svoje spravodajsk\u00e9 zru\u010dnosti, alebo si chcete osvoji\u0165 nov\u00e9 pr\u00edstupy vo [&hellip;]<\/p>\n","protected":false},"author":1,"featured_media":0,"parent":0,"menu_order":0,"comment_status":"closed","ping_status":"closed","template":"","meta":{"footnotes":""},"class_list":["post-44262","page","type-page","status-publish","hentry"],"_links":{"self":[{"href":"https:\/\/archive.displayeurope.eu\/sk\/wp-json\/wp\/v2\/pages\/44262","targetHints":{"allow":["GET"]}}],"collection":[{"href":"https:\/\/archive.displayeurope.eu\/sk\/wp-json\/wp\/v2\/pages"}],"about":[{"href":"https:\/\/archive.displayeurope.eu\/sk\/wp-json\/wp\/v2\/types\/page"}],"author":[{"embeddable":true,"href":"https:\/\/archive.displayeurope.eu\/sk\/wp-json\/wp\/v2\/users\/1"}],"replies":[{"embeddable":true,"href":"https:\/\/archive.displayeurope.eu\/sk\/wp-json\/wp\/v2\/comments?post=44262"}],"version-history":[{"count":5,"href":"https:\/\/archive.displayeurope.eu\/sk\/wp-json\/wp\/v2\/pages\/44262\/revisions"}],"predecessor-version":[{"id":49870,"href":"https:\/\/archive.displayeurope.eu\/sk\/wp-json\/wp\/v2\/pages\/44262\/revisions\/49870"}],"wp:attachment":[{"href":"https:\/\/archive.displayeurope.eu\/sk\/wp-json\/wp\/v2\/media?parent=44262"}],"curies":[{"name":"wp","href":"https:\/\/api.w.org\/{rel}","templated":true}]}}