{"id":10902,"date":"2023-11-23T16:46:19","date_gmt":"2023-11-23T15:46:19","guid":{"rendered":"https:\/\/archive.displayeurope.eu\/haber-bulteni\/"},"modified":"2024-08-28T15:05:09","modified_gmt":"2024-08-28T13:05:09","slug":"bulten","status":"publish","type":"page","link":"https:\/\/archive.displayeurope.eu\/tr\/bulten\/","title":{"rendered":"Haber B\u00fclteni"},"content":{"rendered":"<style>\/*! elementor - v3.20.0 - 26-03-2024 *\/<br \/>\n.elementor-heading-title{padding:0;margin:0;line-height:1}.elementor-widget-heading .elementor-heading-title[class*=elementor-size-]>a{color:inherit;font-size:inherit;line-height:inherit}.elementor-widget-heading .elementor-heading-title.elementor-size-small{font-size:15px}.elementor-widget-heading .elementor-heading-title.elementor-size-medium{font-size:19px}.elementor-widget-heading .elementor-heading-title.elementor-size-large{font-size:29px}.elementor-widget-heading .elementor-heading-title.elementor-size-xl{font-size:39px}.elementor-widget-heading .elementor-heading-title.elementor-size-xxl{font-size:59px}<\/style>\n<h1>Subscribe to Display Europe Newsletter<\/h1>\n<p>Avrupa \u00e7\u0131karlar\u0131 hakk\u0131nda ki\u015fisel g\u00fcncellemeniz.<br \/>\n\u0130lgili t\u00fcm haberler ve \u00f6zel i\u00e7erikler do\u011frudan gelen kutunuza!<\/p>\n<p>[B\u00fclten]<\/p>\n","protected":false},"excerpt":{"rendered":"<p>Subscribe to Display Europe Newsletter Avrupa \u00e7\u0131karlar\u0131 hakk\u0131nda ki\u015fisel g\u00fcncellemeniz. \u0130lgili t\u00fcm haberler ve \u00f6zel i\u00e7erikler do\u011frudan gelen kutunuza! [B\u00fclten]<\/p>\n","protected":false},"author":35,"featured_media":0,"parent":0,"menu_order":0,"comment_status":"closed","ping_status":"closed","template":"","meta":{"footnotes":""},"class_list":["post-10902","page","type-page","status-publish","hentry"],"_links":{"self":[{"href":"https:\/\/archive.displayeurope.eu\/tr\/wp-json\/wp\/v2\/pages\/10902","targetHints":{"allow":["GET"]}}],"collection":[{"href":"https:\/\/archive.displayeurope.eu\/tr\/wp-json\/wp\/v2\/pages"}],"about":[{"href":"https:\/\/archive.displayeurope.eu\/tr\/wp-json\/wp\/v2\/types\/page"}],"author":[{"embeddable":true,"href":"https:\/\/archive.displayeurope.eu\/tr\/wp-json\/wp\/v2\/users\/35"}],"replies":[{"embeddable":true,"href":"https:\/\/archive.displayeurope.eu\/tr\/wp-json\/wp\/v2\/comments?post=10902"}],"version-history":[{"count":3,"href":"https:\/\/archive.displayeurope.eu\/tr\/wp-json\/wp\/v2\/pages\/10902\/revisions"}],"predecessor-version":[{"id":45811,"href":"https:\/\/archive.displayeurope.eu\/tr\/wp-json\/wp\/v2\/pages\/10902\/revisions\/45811"}],"wp:attachment":[{"href":"https:\/\/archive.displayeurope.eu\/tr\/wp-json\/wp\/v2\/media?parent=10902"}],"curies":[{"name":"wp","href":"https:\/\/api.w.org\/{rel}","templated":true}]}}