{"id":14873,"date":"2023-09-19T09:07:57","date_gmt":"2023-09-19T07:07:57","guid":{"rendered":"https:\/\/archive.displayeurope.eu\/abonelik\/"},"modified":"2025-01-13T21:46:09","modified_gmt":"2025-01-13T20:46:09","slug":"coop-uyelik-bagislari","status":"publish","type":"page","link":"https:\/\/archive.displayeurope.eu\/tr\/coop-uyelik-bagislari\/","title":{"rendered":"COOP-\u00fcyelik &amp; ba\u011f\u0131\u015flar"},"content":{"rendered":"<p><style>\/*! elementor - v3.18.0 - 04-12-2023 *\/<br \/>\n.elementor-heading-title{padding:0;margin:0;line-height:1}.elementor-widget-heading .elementor-heading-title[class*=elementor-size-]&gt;a{color:inherit;font-size:inherit;line-height:inherit}.elementor-widget-heading .elementor-heading-title.elementor-size-small{font-size:15px}.elementor-widget-heading .elementor-heading-title.elementor-size-medium{font-size:19px}.elementor-widget-heading .elementor-heading-title.elementor-size-large{font-size:29px}.elementor-widget-heading .elementor-heading-title.elementor-size-xl{font-size:39px}.elementor-widget-heading .elementor-heading-title.elementor-size-xxl{font-size:59px}<\/style>\n<\/p>\n<h1>Genel Kurul<\/h1>\n<h2> <\/h2>\n<h2>Display Europe Kooperatifi<\/h2>\n<p><img loading=\"lazy\" decoding=\"async\" src=\"https:\/\/archive.displayeurope.eu\/wp-content\/uploads\/2023\/12\/de-logo-inside.png\" alt=\"\" width=\"260\" height=\"90\" \/><\/p>\n<h2> <\/h2>\n<h2>3. Ola\u011fan\u00fcst\u00fc Genel Kurul<\/h2>\n<p><em>28 Ocak 2025, 13.00 CET<\/em><br \/><em>Hybrid:<\/em><br \/><em>@ Jasna 10\/3, Var\u015fova<\/em><br \/><em>@ https:\/\/pro.fairteaching.net\/r\/ECF<\/em><\/p>\n<ol>\n<li>Toplant\u0131n\u0131n usul\u00fcne uygun olarak yap\u0131ld\u0131\u011f\u0131n\u0131n tespiti, toplant\u0131 yeter say\u0131s\u0131n\u0131n belirlenmesi<\/li>\n<li>Y\u00f6netim Kurulu ve Denetim Kurulu Ba\u015fkan\u0131&#8217;n\u0131n Raporu<\/li>\n<li>Y\u00f6netim Kurulu \u0130\u00e7 T\u00fcz\u00fc\u011f\u00fcn\u00fcn Onaylanmas\u0131<\/li>\n<li>Y\u00f6netim Kurulu \u00dcyelerinin Se\u00e7imi<\/li>\n<li>Denetim Kurulu \u00dcyelerinin Se\u00e7imi<\/li>\n<li>T\u00fcz\u00fck De\u011fi\u015fikli\u011fi<br \/>\n<h3 style=\"padding-left: 40px;\">\u00a7 18. Kooperatifin temsili<\/h3>\n<ol>\n<li style=\"list-style-type: none;\">\n<ol>\n<li>Kooperatifi mahkeme i\u00e7inde ve d\u0131\u015f\u0131nda y\u00f6netim kurulu temsil eder.<\/li>\n<li>Kooperatifi temsile, biri ba\u015fkan veya ba\u015fkan vekili olmak \u00fczere iki y\u00f6netim kurulu \u00fcyesi, ba\u015fkan veya ba\u015fkan vekili ile birlikte bir imza yetkilisi m\u00fc\u015ftereken yetkilidir.<\/li>\n<li>Kooperatif ad\u0131na imzalar, y\u00f6netim kurulu ba\u015fkan\u0131 ve ba\u015fkan vekili veya bunlardan biri ile di\u011fer bir y\u00f6netim kurulu \u00fcyesi veya imza yetkilisi taraf\u0131ndan \u015firket unvan\u0131 alt\u0131na at\u0131lacak \u015fekilde at\u0131l\u0131r.<\/li>\n<\/ol>\n<\/li>\n<\/ol>\n<h3 style=\"padding-left: 40px;\">\u00a7 35. \u00c7o\u011funluk gereklilikleri<\/h3>\n<ol>\n<li style=\"list-style-type: none;\">\n<ol>\n<li>Genel Kurul kararlar\u0131 salt \u00e7o\u011funlukla kabul edilir. Madde 34 paragraf 2&#8217;de listelenen maddelere ili\u015fkin kararlar i\u00e7in kullan\u0131lan ge\u00e7erli oylar\u0131n d\u00f6rtte \u00fc\u00e7 \u00e7o\u011funlu\u011fu gereklidir. Oylama sonucunun belirlenmesinde \u00e7ekimser oylar dikkate al\u0131nmaz.<\/li>\n<\/ol>\n<\/li>\n<\/ol>\n<h3 style=\"padding-left: 40px;\">VIII. Ticaret siciline tescil<\/h3>\n<h4 style=\"padding-left: 40px;\">\u00a7 45.<\/h4>\n<p style=\"padding-left: 40px;\">Ana s\u00f6zle\u015fmenin ticaret siciline tescili i\u00e7in ba\u015fvurulmal\u0131d\u0131r. A\u015fa\u011f\u0131daki y\u00f6netim kurulu \u00fcyeleri tescil ile g\u00f6revlendirilmi\u015ftir: Ingo Leindecker<br \/>Mahkeme tescili, bu t\u00fcz\u00fc\u011f\u00fcn belirli h\u00fck\u00fcmlerinin &#8211; \u00f6zellikle de \u015firket ad\u0131n\u0131n &#8211; de\u011fi\u015ftirilmesi ko\u015fuluna tabi k\u0131larsa, yukar\u0131da belirtilen \u00fcyeler gerekli de\u011fi\u015fiklikleri yapmaya yetkilidir.<\/p>\n<\/li>\n<li>\u00c7e\u015fitli<\/li>\n<\/ol>\n<p><strong>Genel Kurul&#8217;un yeterli \u00e7o\u011funlu\u011fa sahip olmamas\u0131 halinde, yar\u0131m saat bekledikten sonra, haz\u0131r bulunan veya temsil edilen \u00fcye say\u0131s\u0131na bak\u0131lmaks\u0131z\u0131n g\u00fcndemin t\u00fcm maddeleri hakk\u0131nda karar verme hakk\u0131na sahip olacakt\u0131r (\u00a7 34 paragraf 4).<\/strong><\/p>\n<h1> <\/h1>\n<hr \/>\n<h1> <\/h1>\n<h1>COOP-\u00fcyelik &amp; ba\u011f\u0131\u015flar<\/h1>\n<h1> <\/h1>\n<h2>Display Europe Kooperatifi<\/h2>\n<p><img loading=\"lazy\" decoding=\"async\" src=\"https:\/\/archive.displayeurope.eu\/wp-content\/uploads\/2023\/12\/de-logo-inside.png\" alt=\"\" width=\"260\" height=\"90\" \/><\/p>\n<h2> <\/h2>\n<p><em>Vizyonumuzla uyumlu birey ve kurulu\u015flar\u0131 bir araya gelmeye, el ele vermeye ve Avrupa medya ortam\u0131n\u0131 yeniden tan\u0131mlayan d\u00f6n\u00fc\u015ft\u00fcr\u00fcc\u00fc bir kooperatif olu\u015fturmaya davet ediyoruz. Birlikte, i\u015fbirli\u011fini, yenili\u011fi ve herkes i\u00e7in dijital bir kamusal alan\u0131n kolektif aray\u0131\u015f\u0131n\u0131 temsil eden bir platform olu\u015ftural\u0131m.<\/em><\/p>\n<h2>Temel hedefler:<\/h2>\n<ul>\n<li>Avrupa Dijital Kamusal Alan\u0131n\u0131n Te\u015fvik Edilmesi: Sivil toplumu merkeze alarak, kamu yarar\u0131na adanm\u0131\u015f bir platform geli\u015ftirmeyi ama\u00e7l\u0131yoruz.<\/li>\n<li>\u0130leti\u015fim ve Gazetecili\u011fin Geli\u015ftirilmesi: Kolektif \u00e7\u0131kara \u00f6ncelik veren ve a\u00e7\u0131k diyalo\u011fu te\u015fvik eden giri\u015fimleri desteklemek.<\/li>\n<\/ul>\n<h2> <\/h2>\n<h2>Stratejiler:<\/h2>\n<ul>\n<li>Pan-Avrupa, sivil toplum i\u00e7eri\u011fine odaklanan, \u00e7ok dilli bir Avrupa medya portal\u0131\/platformunun kurulmas\u0131 ve i\u015fletilmesi.<\/li>\n<li>Avrupa medya platformlar\u0131 a\u011f\u0131n\u0131n kurulmas\u0131n\u0131n desteklenmesi.<\/li>\n<li>S\u00fcrd\u00fcr\u00fclebilir teknolojik a\u00e7\u0131k kaynak geli\u015ftirme ve bak\u0131m\u0131n\u0131n te\u015fvik edilmesi.<\/li>\n<li>Geli\u015ftiriciler ve gazeteciler i\u00e7in besleyici bir ortam yaratmak.<\/li>\n<li>Abonelik se\u00e7enekleri ve sendikasyon da dahil olmak \u00fczere s\u00fcrd\u00fcr\u00fclebilir finansman modelleri geli\u015ftirmek.<\/li>\n<\/ul>\n<h2> <\/h2>\n<h2>Motivasyon:<\/h2>\n<ul>\n<li>S\u00fcrd\u00fcr\u00fclebilirlik: Uzun vadeli uygulanabilirlik ve istikrar\u0131n sa\u011flanmas\u0131.<\/li>\n<li>Sorumlulu\u011fun S\u0131n\u0131rland\u0131r\u0131lmas\u0131 ve Risk Payla\u015f\u0131m\u0131: Payda\u015flar\u0131n \u00e7\u0131karlar\u0131n\u0131n korunmas\u0131.<\/li>\n<li>\u00d6z Sermaye \u00dcretimi: \u00dcyelerin finansal deste\u011finin te\u015fvik edilmesi.<\/li>\n<li>\u00c7e\u015fitli Sivil Toplum Sponsorlu\u011fu: Geni\u015f bir destek yelpazesine olanak sa\u011flamak.<\/li>\n<li>Demokratik Platform Y\u00f6neti\u015fimi: \u00dcyelerin karar alma s\u00fcre\u00e7lerine dahil edilmesi.<\/li>\n<li>Uzun Vadeli Kalk\u0131nma Perspektifi: Kal\u0131c\u0131 b\u00fcy\u00fcme i\u00e7in payda\u015flar\u0131n kat\u0131l\u0131m\u0131.<\/li>\n<\/ul>\n<h2> <\/h2>\n<h2>Kilometre Ta\u015flar\u0131:<\/h2>\n<ul>\n<li>Kurucu Meclis 9 Ekim 2023 tarihinde ger\u00e7ekle\u015fmi\u015ftir; merkezi Viyana\/Avusturya&#8217;dad\u0131r.<\/li>\n<li>Kurucu Kurulu\u015f \u00dcyeleri: Avrupa K\u00fclt\u00fcr Vakf\u0131, CMFE &#8211; Community Media Forum Europe, Cultural Broadcasting Archive, Eurozine, fairkom, Krytyka Polityczna, Voxeurop<\/li>\n<li>Yeni \u00dcye Al\u0131m\u0131: 2024 ilkbahar\u0131nda bekleniyor<\/li>\n<\/ul>\n<h2>Neden ba\u011f\u0131\u015f yapmal\u0131s\u0131n\u0131z?<\/h2>\n<h4>Avantajlar<\/h4>\n<ul>\n<li>K\u0131tan\u0131n \u00e7e\u015fitli k\u00f6\u015felerinden 15 dile \u00e7evrilmi\u015f harika \u00f6yk\u00fcler<\/li>\n<li>Haber b\u00fclteni hizmeti (opt-in)<\/li>\n<li>\u00dccretsiz <a href=\"https:\/\/displayeurope.social\">Mastodon<\/a> hesab\u0131 (l\u00fctfen bir Display Europe Giri\u015f Anahtar\u0131 i\u00e7in kaydolun)<\/li>\n<\/ul>\n<p>Platformu geni\u015fletmek ve Display Europe&#8217;u dijital ana \u00fcss\u00fcn\u00fcz haline getirmek i\u00e7in ek, yararl\u0131 \u00e7evrimi\u00e7i hizmetler eklemek i\u00e7in \u00e7e\u015fitli fikirlerimiz var. Her t\u00fcrl\u00fc katk\u0131, ba\u011f\u0131ms\u0131z bir medya merkezinin daha da geli\u015fmesine yard\u0131mc\u0131 olacakt\u0131r!<\/p>\n\n<p>\n<a href=\"https:\/\/kulturspenden.at\/donations\/spende-an-display-europe\" target=\"_blank\" rel=\"noopener\">\n\t<div class=\"donation-logo\" style=\"position:relative;max-width:10rem;padding:0;margin:0;\">\n\t\t<svg viewbox=\"0 0 205.9 39.69\" style=\"position: absolute; top: 0px; left: 0px; width: 100%; height: 100%;\"><path d=\"m34.56,11.36l1.82-1.82c.17-.17.22-.33.22-.55v-.17c0-4.85-3.8-8.82-8.82-8.82-2.26,0-4.57.94-6.23,2.59l-3.64,3.64v-3.36c0-.5-.39-.88-.88-.88H.88c-.5,0-.88.39-.88.88v33.95c0,.5.39.88.88.88h16.15c.5,0,.88-.39.88-.88v-3.36l5.95,5.95c.22.22.44.28.66.28s.44-.06.66-.28l13.34-13.34c1.65-1.65,2.59-3.86,2.59-6.23,0-3.91-2.65-7.39-6.56-8.49h0Zm-11.35-7.11c1.21-1.21,2.87-1.93,4.57-1.93,3.42,0,6.23,2.59,6.45,6.06l-8.99,8.99c-1.23-4.52-5.52-6.35-8.31-6.35h-.5l6.78-6.78h0Zm-7.61,31.14H2.32V4.3h13.28v4.24l-5.07,5.07c-1.65,1.65-2.59,3.86-2.59,6.23s.94,4.57,2.59,6.23l5.07,5.07v4.24h0Zm21.28-10.97l-12.35,12.35-12.35-12.35c-1.27-1.27-1.93-2.92-1.93-4.57,0-3.69,2.92-6.5,6.5-6.5s6.5,2.81,6.5,6.5c0,.66.5,1.16,1.16,1.16.5,0,.83-.33,1.27-.77l6.89-6.89c3.47.17,6.23,2.92,6.23,6.5,0,1.65-.66,3.31-1.93,4.57h0Z\" stroke-width=\"0\" fill=\"#1a171b\"><\/path><path d=\"m205.69,23.89c-.07-.22-.26-.22-.43-.14-.19.07-.43.17-.82.17-.58,0-.89-.29-.89-1.18v-5.25h2.35c.14,0,.31-.12.31-.31v-1.39c0-.19-.17-.31-.31-.31h-2.35v-1.87c0-.12-.1-.34-.34-.31l-1.65.12-.29,2.06h-1.15c-.12,0-.29.12-.29.31v1.39c0,.19.17.31.31.31h1.03v5.18c0,2.83,1.68,3.41,3,3.41,1.39,0,2.11-.58,1.99-.91l-.48-1.27h0Zm-10.22-.43c-.62.55-1.22.77-1.8.77-.72,0-1.22-.41-1.22-1.1,0-.6.36-1.03,1.03-1.29l1.65-.62.34.1v2.16-.02Zm3.43.89c-.02-.19-.12-.26-.31-.26-.65,0-.86-.14-.86-.89v-4.03c0-2.59-1.46-3.91-3.79-3.91-1.92,0-3.31,1.1-3.74,2.71-.07.26.02.38.22.46l1.37.46c.17.05.36.02.46-.26.26-.86.74-1.34,1.65-1.34.79,0,1.56.34,1.56,1.53v.31l-.24.34-2.37.79c-1.68.55-2.76,1.51-2.76,2.95,0,1.75,1.46,2.88,3,2.88,1.08,0,1.75-.36,2.33-.86h.82c.17.31.7.79,1.53.79.62,0,1.25-.14,1.22-.58l-.07-1.08h-.02Zm-10.86,1.58c.22,0,.41-.19.41-.41v-2.16c0-.22-.19-.41-.41-.41h-1.92c-.22,0-.41.19-.41.41v2.16c0,.22.19.41.41.41h1.92Zm-4.53,0c.19,0,.31-.17.31-.31v-6.59c0-2.81-1.97-3.72-3.17-3.72-.98,0-1.77.34-2.4.91h-.89l-.1-.46c-.02-.14-.1-.34-.36-.34h-1.32c-.17,0-.31.14-.31.31v9.88c0,.14.12.31.31.31h1.75c.19,0,.31-.17.31-.31v-6.45c0-1.27,1.15-1.77,2.06-1.77,1.06,0,1.73.65,1.73,1.63v6.59c0,.14.12.31.31.31h1.77Zm-11.27-4.75c.7,0,.84-.34.84-1.29,0-2.66-1.85-4.63-4.51-4.63-3,0-4.94,2.54-4.94,5.4s1.75,5.42,4.94,5.42c2.54,0,3.86-1.65,4.36-2.95.05-.14.05-.31-.17-.41l-1.41-.6c-.19-.07-.36,0-.46.22-.34.84-.86,1.73-2.33,1.73s-2.35-1.13-2.52-2.42l.36-.46h5.84Zm-6.09-1.77c.24-1.2,1.22-2.13,2.42-2.13s2.11.84,2.11,2.13h-4.53Zm-6.79,1.89c0,1.44-.82,2.71-2.45,2.71-1.82,0-2.59-1.58-2.59-3.36s.77-3.33,2.59-3.33c1.63,0,2.45,1.22,2.45,2.69v1.29Zm-3.09-6.04c-2.3,0-4.36,2.21-4.36,5.37,0,2.9,1.7,5.44,4.36,5.44,1.03,0,1.82-.36,2.42-.94h.84l.1.48c.02.14.12.31.31.31h1.37c.19,0,.31-.17.31-.31v-15.16c0-.14-.12-.31-.31-.31h-1.75c-.19,0-.31.17-.31.31v5.54l-.58.19c-.6-.58-1.41-.94-2.4-.94m-6.64,10.67c.19,0,.31-.17.31-.31v-6.59c0-2.81-1.97-3.72-3.17-3.72-.98,0-1.77.34-2.4.91h-.89l-.1-.46c-.02-.14-.1-.34-.36-.34h-1.32c-.17,0-.31.14-.31.31v9.88c0,.14.12.31.31.31h1.75c.19,0,.31-.17.31-.31v-6.45c0-1.27,1.15-1.77,2.06-1.77,1.06,0,1.73.65,1.73,1.63v6.59c0,.14.12.31.31.31h1.77Zm-11.15-4.75c.7,0,.84-.34.84-1.29,0-2.66-1.85-4.63-4.51-4.63-3,0-4.94,2.54-4.94,5.4s1.75,5.42,4.94,5.42c2.54,0,3.86-1.65,4.36-2.95.05-.14.05-.31-.17-.41l-1.41-.6c-.19-.07-.36,0-.46.22-.34.84-.86,1.73-2.33,1.73s-2.35-1.13-2.52-2.42l.36-.46h5.84Zm-6.09-1.77c.24-1.2,1.22-2.13,2.42-2.13s2.11.84,2.11,2.13h-4.53Zm-11.44.65c0-1.44.82-2.73,2.45-2.73,1.82,0,2.59,1.58,2.59,3.36s-.77,3.33-2.59,3.33c-1.63,0-2.45-1.2-2.45-2.66v-1.29h0Zm3.09,6.02c2.3,0,4.36-2.18,4.36-5.37,0-2.88-1.73-5.44-4.36-5.44-1.03,0-1.82.38-2.42.96h-.84l-.1-.48c-.02-.14-.12-.31-.31-.31h-1.37c-.19,0-.31.17-.31.31v14.65c0,.14.12.31.31.31h1.75c.19,0,.31-.17.31-.31v-5.04l.58-.19c.6.58,1.41.91,2.4.91m-11.25-6.81c-.7-.31-1.08-.55-1.08-1.13s.7-.94,1.37-.94c.94,0,1.25.53,1.46,1.22.07.26.26.29.43.24l1.41-.5c.19-.07.26-.14.19-.43-.41-1.39-1.56-2.47-3.5-2.47-2.16,0-3.62,1.39-3.62,2.88,0,1.22.72,2.18,2.04,2.85.77.38,1.1.5,1.99.94.74.36,1.01.62,1.01,1.1,0,.58-.53,1.1-1.61,1.1-1.22,0-1.68-.91-1.8-1.77-.02-.24-.17-.31-.41-.24l-1.51.5c-.14.05-.22.17-.19.36.29,1.89,1.97,3.12,3.86,3.12,2.16,0,3.91-1.29,3.91-3.17,0-1.32-.82-2.21-2.3-2.93-.6-.29-1.18-.53-1.65-.74m-8.92,6.67c.19,0,.31-.17.31-.31v-5.37c0-1.68.72-2.76,1.73-2.76.55,0,.91.19,1.27.43.19.12.38,0,.46-.17l.72-1.56c.05-.12,0-.26-.14-.41-.19-.19-.72-.53-1.39-.53-.79,0-1.39.31-2.04,1.08h-.89l-.1-.58c-.02-.14-.1-.34-.36-.34h-1.32c-.17,0-.31.14-.31.31v9.88c0,.14.12.31.31.31h1.75v.02Zm-4.99,0c.17,0,.31-.14.31-.31v-9.88c0-.14-.12-.31-.31-.31h-1.75c-.19,0-.31.17-.31.31v6.45c0,1.27-1.15,1.77-2.06,1.77-1.06,0-1.73-.65-1.73-1.63v-6.59c0-.14-.12-.31-.31-.31h-1.75c-.19,0-.31.17-.31.31v6.59c0,2.81,1.97,3.72,3.17,3.72.98,0,1.77-.34,2.4-.91h.89l.1.46c.02.14.1.34.36.34h1.32-.02Zm-10.62-2.04c-.07-.22-.26-.22-.43-.14-.19.07-.43.17-.82.17-.58,0-.89-.29-.89-1.18v-5.25h2.35c.14,0,.31-.12.31-.31v-1.39c0-.19-.17-.31-.31-.31h-2.35v-1.87c0-.12-.1-.34-.34-.31l-1.65.12-.29,2.06h-1.15c-.12,0-.29.12-.29.31v1.39c0,.19.17.31.31.31h1.03v5.18c0,2.83,1.68,3.41,3,3.41,1.39,0,2.11-.58,1.99-.91l-.48-1.27h.01Zm-7.99,2.04c.19,0,.31-.17.31-.31v-15.16c0-.14-.12-.31-.31-.31h-1.75c-.19,0-.31.17-.31.31v15.16c0,.14.12.31.31.31h1.75Zm-4.99,0c.17,0,.31-.14.31-.31v-9.88c0-.14-.12-.31-.31-.31h-1.75c-.19,0-.31.17-.31.31v6.45c0,1.27-1.15,1.77-2.06,1.77-1.06,0-1.73-.65-1.73-1.63v-6.59c0-.14-.12-.31-.31-.31h-1.75c-.19,0-.31.17-.31.31v6.59c0,2.81,1.97,3.72,3.17,3.72.98,0,1.77-.34,2.4-.91h.89l.1.46c.02.14.1.34.36.34h1.32-.02Zm-9.81,0c.26,0,.41-.26.24-.5l-4.08-5.68,3.6-3.81c.14-.17.07-.5-.24-.5h-2.09c-.12,0-.19.05-.26.12l-3.62,4.03v-9.11c0-.14-.12-.31-.31-.31h-1.75c-.19,0-.31.17-.31.31v15.16c0,.14.12.31.31.31h1.75c.19,0,.31-.17.31-.31v-3.14l.67-.72h.62l2.81,4c.1.12.14.17.26.17h2.09v-.02Z\" stroke-width=\"0\" fill=\"#1a171b\"><\/path><\/svg><div class=\"css-175oi2r\" style=\"opacity: 0;\"><svg viewbox=\"0 0 205.9 39.69\"><path d=\"m24.53,36.77l-12.35-12.35c-1.27-1.27-1.93-2.92-1.93-4.57,0-3.69,2.92-6.5,6.5-6.5s6.5,2.81,6.5,6.5c0,.66.5,1.16,1.16,1.16.5,0,.83-.33,1.27-.77l6.89-6.89c3.47.17,6.23,2.92,6.23,6.5,0,1.65-.66,3.31-1.93,4.57l-12.35,12.35h.01Z\" stroke-width=\"0\" fill=\"#d51130\"><\/path><path d=\"m12.93,25.16c-1.05-1.05-1.6-2.43-1.6-3.81,0-3.04,2.49-5.41,5.41-5.41s5.41,2.36,5.41,5.32c0,.99.84,1.81,1.84,1.81.77,0,1.24-.39,1.9-1.05l8.39-8.39c-.49-.14-1.18-.26-1.71-.28l-6.89,6.89c-.44.44-.77.77-1.27.77-.66,0-1.16-.5-1.16-1.16,0-3.69-2.87-6.5-6.5-6.5s-6.5,2.81-6.5,6.5c0,1.65.66,3.31,1.93,4.57l.75.75h0Z\" stroke-width=\"0\" fill=\"#8d191d\"><\/path><\/svg><\/div>\n\t<\/div>\n<\/a>\n<\/p>\n","protected":false},"excerpt":{"rendered":"<p>Genel Kurul Display Europe Kooperatifi 3. Ola\u011fan\u00fcst\u00fc Genel Kurul 28 Ocak 2025, 13.00 CETHybrid:@ Jasna 10\/3, Var\u015fova@ https:\/\/pro.fairteaching.net\/r\/ECF Toplant\u0131n\u0131n usul\u00fcne uygun olarak yap\u0131ld\u0131\u011f\u0131n\u0131n tespiti, toplant\u0131 yeter say\u0131s\u0131n\u0131n belirlenmesi Y\u00f6netim Kurulu ve Denetim Kurulu Ba\u015fkan\u0131&#8217;n\u0131n Raporu Y\u00f6netim Kurulu \u0130\u00e7 T\u00fcz\u00fc\u011f\u00fcn\u00fcn Onaylanmas\u0131 Y\u00f6netim Kurulu \u00dcyelerinin Se\u00e7imi Denetim Kurulu \u00dcyelerinin Se\u00e7imi T\u00fcz\u00fck De\u011fi\u015fikli\u011fi \u00a7 18. Kooperatifin temsili Kooperatifi [&hellip;]<\/p>\n","protected":false},"author":1,"featured_media":0,"parent":0,"menu_order":0,"comment_status":"closed","ping_status":"closed","template":"","meta":{"footnotes":""},"class_list":["post-14873","page","type-page","status-publish","hentry"],"_links":{"self":[{"href":"https:\/\/archive.displayeurope.eu\/tr\/wp-json\/wp\/v2\/pages\/14873","targetHints":{"allow":["GET"]}}],"collection":[{"href":"https:\/\/archive.displayeurope.eu\/tr\/wp-json\/wp\/v2\/pages"}],"about":[{"href":"https:\/\/archive.displayeurope.eu\/tr\/wp-json\/wp\/v2\/types\/page"}],"author":[{"embeddable":true,"href":"https:\/\/archive.displayeurope.eu\/tr\/wp-json\/wp\/v2\/users\/1"}],"replies":[{"embeddable":true,"href":"https:\/\/archive.displayeurope.eu\/tr\/wp-json\/wp\/v2\/comments?post=14873"}],"version-history":[{"count":6,"href":"https:\/\/archive.displayeurope.eu\/tr\/wp-json\/wp\/v2\/pages\/14873\/revisions"}],"predecessor-version":[{"id":50258,"href":"https:\/\/archive.displayeurope.eu\/tr\/wp-json\/wp\/v2\/pages\/14873\/revisions\/50258"}],"wp:attachment":[{"href":"https:\/\/archive.displayeurope.eu\/tr\/wp-json\/wp\/v2\/media?parent=14873"}],"curies":[{"name":"wp","href":"https:\/\/api.w.org\/{rel}","templated":true}]}}