{"id":14900,"date":"2023-09-19T08:58:43","date_gmt":"2023-09-19T06:58:43","guid":{"rendered":"https:\/\/archive.displayeurope.eu\/hibeler\/"},"modified":"2023-12-11T22:30:29","modified_gmt":"2023-12-11T21:30:29","slug":"hibeler","status":"publish","type":"page","link":"https:\/\/archive.displayeurope.eu\/tr\/hibeler\/","title":{"rendered":"Hibeler"},"content":{"rendered":"<h1>Hibeler<\/h1>\n<p>Display Europe projesinin bir par\u00e7as\u0131 olarak, iki Hibe \u00c7a\u011fr\u0131s\u0131 &#8211; <a href=\"https:\/\/culturalfoundation.eu\/programmes\/display-europe\/\"><br \/>\n  <u><br \/>\n    <em>Display Europe Hibe \u00c7a\u011fr\u0131s\u0131<\/em><br \/>\n  <\/u><br \/>\n<\/a> ve Display <em>Europe mikro-hibe \u00e7a\u011fr\u0131s\u0131 <\/em>, Avrupa K\u00fclt\u00fcr Vakf\u0131 (Display Europe konsorsiyum ortaklar\u0131ndan biri) koordinasyonunda<em> <\/em>medya toplulu\u011fu \u00fcyelerini, se\u00e7ilmeleri halinde displayeurope.eu platformu i\u00e7in yarat\u0131lacak ve bu platformda sunulacak orijinal i\u00e7erik haline gelecek teklifler sunmaya davet etti. Bu egemen, a\u00e7\u0131k kaynakl\u0131 dijital platform, Avrupa&#8217;n\u0131n \u00e7ok y\u00f6nl\u00fc ger\u00e7eklerinin \u00f6zg\u00fcn tasvirleriyle vatanda\u015flar\u0131 g\u00fc\u00e7lendirerek demokrasiyi te\u015fvik etmektedir. S\u0131n\u0131r \u00f6tesi i\u015fbirli\u011fi, gazetecilikte m\u00fckemmelli\u011fe adanm\u0131\u015fl\u0131k ve pan-Avrupa konular\u0131na ilgin\u00e7 yakla\u015f\u0131m, ba\u011f\u0131ms\u0131z bir j\u00fcri taraf\u0131ndan de\u011ferlendirilen \u00f6d\u00fcl ba\u015fvurular\u0131n\u0131n kriterleri aras\u0131nda yer ald\u0131.<\/p>\n<p>Display, temel haklar ve sivil \u00f6zg\u00fcrl\u00fckleri savunan, ayr\u0131mc\u0131l\u0131\u011fa u\u011frayan ve ezilen az\u0131nl\u0131klar\u0131n sesi ve y\u00fcz\u00fc olan ba\u011f\u0131ms\u0131z medyay\u0131 temsil etti\u011finden, Display Europe Hibe \u00c7a\u011fr\u0131s\u0131 kapsam\u0131nda Avrupa&#8217;n\u0131n medya anlat\u0131s\u0131n\u0131n gelece\u011fini \u015fekillendirecek yedi giri\u015fimden olu\u015fan bir se\u00e7ki ortaya konmu\u015ftur. \u0130talya, Hollanda, Slovenya, Portekiz ve Fransa&#8217;dan gelen bu projeler, Avrupa hikayesini yeniden \u015fekillendirmeye olan sars\u0131lmaz ba\u011fl\u0131l\u0131klar\u0131 nedeniyle se\u00e7ildi.<\/p>\n<h2>Se\u00e7ilen teklifler \u015funlard\u0131r:<\/h2>\n<p>\t\t\t\t<a href=\"https:\/\/spheranetwork.com\/\" tabindex=\"-1\"><br \/>\n\t\t\t\t\t\t\t\t<\/a><\/p>\n<h4>\n\t\t\t\t\t<a href=\"https:\/\/spheranetwork.com\/\" ><br \/>\n\t\t\t\t\t\tSphera Network for Display (\u0130talya)\t\t\t\t\t<\/a><br \/>\n\t\t\t\t<\/h4>\n<p>\n\t\t\t\t\t\t&#8220;Avrupa Gen\u00e7li\u011fi ve \u0130klim Acil Durumu&#8221;, Avrupa&#8217;n\u0131n iklim krizini inceleyen ve gen\u00e7 Avrupal\u0131lar\u0131n direncini ve kararl\u0131l\u0131\u011f\u0131n\u0131 vurgulayan, yedi AB dilinde mevcut olan b\u00fcy\u00fcleyici bir video serisidir.\t\t\t\t\t<\/p>\n<p>\t\t\t\t<a href=\"https:\/\/www.heretosupport.nl\/cityrightsradio\" tabindex=\"-1\"><br \/>\n\t\t\t\t\t\t\t\t<\/a><\/p>\n<h4>\n\t\t\t\t\t<a href=\"https:\/\/www.heretosupport.nl\/cityrightsradio\" ><br \/>\n\t\t\t\t\t\tKent Haklar\u0131 Radyosu (Hollanda)\t\t\t\t\t<\/a><br \/>\n\t\t\t\t<\/h4>\n<p>\n\t\t\t\t\t\tAmsterdam&#8217;daki belgesiz vatanda\u015flar taraf\u0131ndan haz\u0131rlanan bu podcast, ya\u015fanm\u0131\u015f deneyimleri, politika analizlerini ve topluluk ittifaklar\u0131n\u0131 vurgulayarak \u00f6tekile\u015ftirilenlerin seslerini y\u00fckseltiyor.\t\t\t\t\t<\/p>\n<h4>\n\t\t\t\t\t\tGer\u00e7ek Hayatta G\u00f6\u00e7 (Slovenya)<br \/>\n\t\t\t\t<\/h4>\n<p>\n\t\t\t\t\t\t&#8220;Migration IRL&#8221;, Slovenya, Bosna Hersek, S\u0131rbistan ve Polonya&#8217;daki g\u00f6\u00e7menlerin canl\u0131 katk\u0131lar\u0131n\u0131, temsillerini ve topluma dahil edilmelerini sergileyerek ger\u00e7ek hayat hikayelerini ke\u015ffederek hakim g\u00f6\u00e7men anlat\u0131lar\u0131na meydan okuyor.\t\t\t\t\t<\/p>\n<p>\t\t\t\t<a href=\"https:\/\/divergente.pt\/abstencao-de-voto\/?lang=en\" tabindex=\"-1\"><br \/>\n\t\t\t\t\t\t\t\t<\/a><\/p>\n<h4>\n\t\t\t\t\t<a href=\"https:\/\/divergente.pt\/abstencao-de-voto\/?lang=en\" ><br \/>\n\t\t\t\t\t\tSe\u00e7men olmayan saatli bomba (Portekiz)\t\t\t\t\t<\/a><br \/>\n\t\t\t\t<\/h4>\n<p>\n\t\t\t\t\t\tSe\u00e7men olmayanlar\u0131n y\u00fckseli\u015fini ara\u015ft\u0131ran bu giri\u015fim, sivil kat\u0131l\u0131m\u0131 ve bunun demokrasi \u00fczerindeki etkilerini anlamak i\u00e7in ki\u015fisel hikayeleri ve toplumsal fakt\u00f6rleri inceleyerek istatistikleri insanile\u015ftiriyor.\t\t\t\t\t<\/p>\n<h4>\n\t\t\t\t\t\tCezaevindeki Trans Bireyler (Fransa)<br \/>\n\t\t\t\t<\/h4>\n<p>\n\t\t\t\t\t\tBu podcast serisi, g\u00f6r\u00fcn\u00fcrl\u00fck, kapsay\u0131c\u0131l\u0131k ve insan haklar\u0131 savunuculu\u011fu yaparak Avrupa hapishanelerinde trans bireylerin kar\u015f\u0131la\u015ft\u0131\u011f\u0131 zorluklara \u0131\u015f\u0131k tutuyor.\t\t\t\t\t<\/p>\n<h4>\n\t\t\t\t\t\tInclusive Ondes (Fransa)<br \/>\n\t\t\t\t<\/h4>\n<p>\n\t\t\t\t\t\tBask dilinde podcastler ve videolar arac\u0131l\u0131\u011f\u0131yla &#8220;Inclusive Ondes&#8221;, k\u00fcresel g\u00f6\u00e7 ba\u011flamlar\u0131n\u0131n yan\u0131 s\u0131ra tarihi Bidasoa Nehri boyunca yerel g\u00f6\u00e7 dalgalar\u0131 ile ilgili konular\u0131 tart\u0131\u015farak, kurumsal liderler, vatanda\u015f a\u011flar\u0131 ve g\u00f6\u00e7menlere yer vererek k\u00fclt\u00fcrel bo\u015fluklar aras\u0131nda k\u00f6pr\u00fc kuruyor.\t\t\t\t\t<\/p>\n<h4>\n\t\t\t\t\t\tBat\u0131 Avrupa&#8217;da &#8216;Ba\u015farmak&#8217;: Do\u011fu Avrupal\u0131 Gen\u00e7 Kad\u0131nlar\u0131n Deneyimleri (Fransa)<br \/>\n\t\t\t\t<\/h4>\n<p>\n\t\t\t\t\t\tBu giri\u015fim, Do\u011fu Avrupal\u0131 gen\u00e7 kad\u0131nlar\u0131n Bat\u0131 Avrupa&#8217;da kar\u015f\u0131la\u015ft\u0131klar\u0131 zorluklar\u0131 ve deneyimlerini sergileyerek, k\u00fclt\u00fcrel farkl\u0131l\u0131klar aras\u0131nda k\u00f6pr\u00fc kurarken anlay\u0131\u015f ve empatiyi te\u015fvik etmektedir.\t\t\t\t\t<\/p>\n<p>Avrupal\u0131lara ana ak\u0131m anlat\u0131lar\u0131n d\u0131\u015f\u0131nda \u00e7e\u015fitli ve g\u00fcvenilir bilgiler sunarak medya d\u00fcnyas\u0131nda devrim yaratmay\u0131 ama\u00e7layan Display Europe, Kas\u0131m ay\u0131nda, s\u0131n\u0131r \u00f6tesi i\u015fbirli\u011fine ilgi duyan k\u00fc\u00e7\u00fck medya kurulu\u015flar\u0131 ve gazetecileri davet eden <em>Display Europe mikro hibe \u00e7a\u011fr\u0131s\u0131n\u0131<\/em> da yay\u0131nl\u0131yor. \u00c7a\u011fr\u0131 hakk\u0131nda daha fazla bilgi <u>burada (TBC)<\/u>. <\/p>\n<p>Ba\u015fvuru s\u00fcreci veya di\u011fer sorular\u0131n\u0131z i\u00e7in l\u00fctfen a\u015fa\u011f\u0131daki adrese ba\u015fvurun <a href=\"mailto:grants@displayeurope.eu\"><br \/>\n  <u>grants@displayeurope.eu<\/u><br \/>\n<\/a>.<\/p>\n<p>Ba\u011f\u0131ms\u0131z bir j\u00fcri taraf\u0131ndan de\u011ferlendirilen \u00f6d\u00fcl ba\u015fvurular\u0131n\u0131n kriterleri aras\u0131nda gazetecilikte m\u00fckemmeliyete adanm\u0131\u015fl\u0131k ve pan-Avrupa konular\u0131na ilgin\u00e7 yakla\u015f\u0131m yer ald\u0131.<\/p>\n","protected":false},"excerpt":{"rendered":"<p>Hibeler Display Europe projesinin bir par\u00e7as\u0131 olarak, iki Hibe \u00c7a\u011fr\u0131s\u0131 &#8211; Display Europe Hibe \u00c7a\u011fr\u0131s\u0131 ve Display Europe mikro-hibe \u00e7a\u011fr\u0131s\u0131 , Avrupa K\u00fclt\u00fcr Vakf\u0131 (Display Europe konsorsiyum ortaklar\u0131ndan biri) koordinasyonunda medya toplulu\u011fu \u00fcyelerini, se\u00e7ilmeleri halinde displayeurope.eu platformu i\u00e7in yarat\u0131lacak ve bu platformda sunulacak orijinal i\u00e7erik haline gelecek teklifler sunmaya davet etti. Bu egemen, a\u00e7\u0131k kaynakl\u0131 [&hellip;]<\/p>\n","protected":false},"author":1,"featured_media":0,"parent":0,"menu_order":0,"comment_status":"closed","ping_status":"closed","template":"","meta":{"footnotes":""},"class_list":["post-14900","page","type-page","status-publish","hentry"],"_links":{"self":[{"href":"https:\/\/archive.displayeurope.eu\/tr\/wp-json\/wp\/v2\/pages\/14900","targetHints":{"allow":["GET"]}}],"collection":[{"href":"https:\/\/archive.displayeurope.eu\/tr\/wp-json\/wp\/v2\/pages"}],"about":[{"href":"https:\/\/archive.displayeurope.eu\/tr\/wp-json\/wp\/v2\/types\/page"}],"author":[{"embeddable":true,"href":"https:\/\/archive.displayeurope.eu\/tr\/wp-json\/wp\/v2\/users\/1"}],"replies":[{"embeddable":true,"href":"https:\/\/archive.displayeurope.eu\/tr\/wp-json\/wp\/v2\/comments?post=14900"}],"version-history":[{"count":0,"href":"https:\/\/archive.displayeurope.eu\/tr\/wp-json\/wp\/v2\/pages\/14900\/revisions"}],"wp:attachment":[{"href":"https:\/\/archive.displayeurope.eu\/tr\/wp-json\/wp\/v2\/media?parent=14900"}],"curies":[{"name":"wp","href":"https:\/\/api.w.org\/{rel}","templated":true}]}}