{"id":15094,"date":"2023-08-17T13:23:24","date_gmt":"2023-08-17T11:23:24","guid":{"rendered":"https:\/\/archive.displayeurope.eu\/iletisim\/"},"modified":"2024-08-19T12:01:59","modified_gmt":"2024-08-19T10:01:59","slug":"iletisim","status":"publish","type":"page","link":"https:\/\/archive.displayeurope.eu\/tr\/iletisim\/","title":{"rendered":"\u0130leti\u015fim"},"content":{"rendered":"<p>E\u011fer Display Europe ile ileti\u015fime ge\u00e7mek isterseniz veya portal ve i\u00e7eri\u011fimiz hakk\u0131nda herhangi bir sorunuz varsa, l\u00fctfen bize ula\u015fmaktan \u00e7ekinmeyin.<\/p>\n<style>\/*! elementor - v3.20.0 - 11-03-2024 *\/\n.elementor-heading-title{padding:0;margin:0;line-height:1}.elementor-widget-heading .elementor-heading-title[class*=elementor-size-]>a{color:inherit;font-size:inherit;line-height:inherit}.elementor-widget-heading .elementor-heading-title.elementor-size-small{font-size:15px}.elementor-widget-heading .elementor-heading-title.elementor-size-medium{font-size:19px}.elementor-widget-heading .elementor-heading-title.elementor-size-large{font-size:29px}.elementor-widget-heading .elementor-heading-title.elementor-size-xl{font-size:39px}.elementor-widget-heading .elementor-heading-title.elementor-size-xxl{font-size:59px}<\/style>\n<h2>Bu formu doldurun:<\/h2>\n<h3>Veya do\u011frudan posta yoluyla<\/h3>\n<link rel=\"stylesheet\" href=\"https:\/\/archive.displayeurope.eu\/wp-content\/plugins\/elementor\/assets\/css\/widget-icon-list.min.css\">\n<ul>\n<li>\n\t\t\t\t\t\t\t\t\t\t\t<a href=\"mailto:support@displayeurope.eu\"><br \/>\n\t\t\t\t\t\t\t\t\t\tdestek<br \/>\n\t\t\t\t\t\t\t\t\t\t\t<\/a>\n\t\t\t\t\t\t\t\t\t<\/li>\n<li>\n\t\t\t\t\t\t\t\t\t\t\t<a href=\"mailto:partner@displayeurope.eu\"><br \/>\n\t\t\t\t\t\t\t\t\t\t\u0130\u015eB\u0130RL\u0130KLER\u0130<br \/>\n\t\t\t\t\t\t\t\t\t\t\t<\/a>\n\t\t\t\t\t\t\t\t\t<\/li>\n<li>\n\t\t\t\t\t\t\t\t\t\t\t<a href=\"mailto:privacy@displayeurope.eu\"><br \/>\n\t\t\t\t\t\t\t\t\t\tmahremiyet<br \/>\n\t\t\t\t\t\t\t\t\t\t\t<\/a>\n\t\t\t\t\t\t\t\t\t<\/li>\n<\/ul>\n<h3><a href=\"https:\/\/displayeurope.social\/@social\">Veya Mastodon&#8217;da bizimle tart\u0131\u015f\u0131n<\/a><\/h3>\n<ul>\n<li>\n\t\t\t\t\t\t\t\t\t\t\t<a href=\"https:\/\/displayeurope.social\/@social\"><br \/>\n\t\t\t\t\t\t\t\t\t\t@social@displayeurope.social<br \/>\n\t\t\t\t\t\t\t\t\t\t\t<\/a>\n\t\t\t\t\t\t\t\t\t<\/li>\n<\/ul>\n<style>\/*! elementor - v3.20.0 - 11-03-2024 *\/\n.elementor-column .elementor-spacer-inner{height:var(--spacer-size)}.e-con{--container-widget-width:100%}.e-con-inner>.elementor-widget-spacer,.e-con>.elementor-widget-spacer{width:var(--container-widget-width,var(--spacer-size));--align-self:var(--container-widget-align-self,initial);--flex-shrink:0}.e-con-inner>.elementor-widget-spacer>.elementor-widget-container,.e-con>.elementor-widget-spacer>.elementor-widget-container{height:100%;width:100%}.e-con-inner>.elementor-widget-spacer>.elementor-widget-container>.elementor-spacer,.e-con>.elementor-widget-spacer>.elementor-widget-container>.elementor-spacer{height:100%}.e-con-inner>.elementor-widget-spacer>.elementor-widget-container>.elementor-spacer>.elementor-spacer-inner,.e-con>.elementor-widget-spacer>.elementor-widget-container>.elementor-spacer>.elementor-spacer-inner{height:var(--container-widget-height,var(--spacer-size))}.e-con-inner>.elementor-widget-spacer.elementor-widget-empty,.e-con>.elementor-widget-spacer.elementor-widget-empty{position:relative;min-height:22px;min-width:22px}.e-con-inner>.elementor-widget-spacer.elementor-widget-empty .elementor-widget-empty-icon,.e-con>.elementor-widget-spacer.elementor-widget-empty .elementor-widget-empty-icon{position:absolute;top:0;bottom:0;left:0;right:0;margin:auto;padding:0;width:22px;height:22px}<\/style>\n","protected":false},"excerpt":{"rendered":"<p>E\u011fer Display Europe ile ileti\u015fime ge\u00e7mek isterseniz veya portal ve i\u00e7eri\u011fimiz hakk\u0131nda herhangi bir sorunuz varsa, l\u00fctfen bize ula\u015fmaktan \u00e7ekinmeyin. Bu formu doldurun: Veya do\u011frudan posta yoluyla destek \u0130\u015eB\u0130RL\u0130KLER\u0130 mahremiyet Veya Mastodon&#8217;da bizimle tart\u0131\u015f\u0131n @social@displayeurope.social<\/p>\n","protected":false},"author":1,"featured_media":0,"parent":0,"menu_order":0,"comment_status":"closed","ping_status":"closed","template":"","meta":{"footnotes":""},"class_list":["post-15094","page","type-page","status-publish","hentry"],"_links":{"self":[{"href":"https:\/\/archive.displayeurope.eu\/tr\/wp-json\/wp\/v2\/pages\/15094","targetHints":{"allow":["GET"]}}],"collection":[{"href":"https:\/\/archive.displayeurope.eu\/tr\/wp-json\/wp\/v2\/pages"}],"about":[{"href":"https:\/\/archive.displayeurope.eu\/tr\/wp-json\/wp\/v2\/types\/page"}],"author":[{"embeddable":true,"href":"https:\/\/archive.displayeurope.eu\/tr\/wp-json\/wp\/v2\/users\/1"}],"replies":[{"embeddable":true,"href":"https:\/\/archive.displayeurope.eu\/tr\/wp-json\/wp\/v2\/comments?post=15094"}],"version-history":[{"count":1,"href":"https:\/\/archive.displayeurope.eu\/tr\/wp-json\/wp\/v2\/pages\/15094\/revisions"}],"predecessor-version":[{"id":44314,"href":"https:\/\/archive.displayeurope.eu\/tr\/wp-json\/wp\/v2\/pages\/15094\/revisions\/44314"}],"wp:attachment":[{"href":"https:\/\/archive.displayeurope.eu\/tr\/wp-json\/wp\/v2\/media?parent=15094"}],"curies":[{"name":"wp","href":"https:\/\/api.w.org\/{rel}","templated":true}]}}