{"id":15168,"date":"2023-06-27T14:23:20","date_gmt":"2023-06-27T12:23:20","guid":{"rendered":"https:\/\/archive.displayeurope.eu\/vizyonumuz\/"},"modified":"2024-09-25T08:01:10","modified_gmt":"2024-09-25T06:01:10","slug":"bizim-vizyonumuz-faq","status":"publish","type":"page","link":"https:\/\/archive.displayeurope.eu\/tr\/bizim-vizyonumuz-faq\/","title":{"rendered":"Vizyonumuz &amp; SSS"},"content":{"rendered":"\n<h1 class=\"wp-block-heading\">Vizyonumuz &amp; SSS<\/h1>\n\n<h2 class=\"wp-block-heading\">\u00a0<\/h2>\n\n<h2 class=\"wp-block-heading\">Vizyonumuz<\/h2>\n\n<p><strong>Display&#8217;in mimarlar\u0131, kamusal de\u011ferlere ve kapsay\u0131c\u0131l\u0131\u011fa dayanan bir Avrupa medyas\u0131na inanmaktad\u0131r. <\/strong><\/p>\n\n<p>Ortak bir Avrupa medyas\u0131na katk\u0131da bulunurlar, \u00e7\u00fcnk\u00fc s\u0131n\u0131rlar\u0131 hi\u00e7e sayan g\u00fc\u00e7ler Avrupal\u0131lar\u0131n ya\u015famlar\u0131n\u0131 \u015fekillendirir. H\u00fck\u00fcmetlerden ve ticari etkilerden ba\u011f\u0131ms\u0131z, Avrupal\u0131lar\u0131n &#8211; ge\u00e7mi\u015fleri ne olursa olsun &#8211; ba\u011flant\u0131 kurabilecekleri, fikirlerini payla\u015fabilecekleri, g\u00f6r\u00fc\u015flerini tart\u0131\u015fabilecekleri ve g\u00fc\u00e7l\u00fclerden hesap sormak i\u00e7in g\u00fcvenilir bilgi bulabilecekleri bir alan in\u015fa ediyorlar.<\/p>\n\n<h2 class=\"wp-block-heading\">\u00a0<\/h2>\n\n<h3 class=\"wp-block-heading\">\u00dccretsiz ve G\u00fcvenilir<\/h3>\n\n<p>Display Europe, k\u0131tan\u0131n d\u00f6rt bir yan\u0131ndaki vatanda\u015flara, ana ak\u0131m ve ulusal medya taraf\u0131ndan genellikle g\u00f6z ard\u0131 edilen g\u00fcvenilir bilgi ve perspektifler sunmay\u0131 ama\u00e7lamaktad\u0131r. \u00c7eviri, sendikasyon ve \u00f6zg\u00fcn i\u00e7eriklere odaklanan Display Europe, Cape Roca&#8217;dan Ural havzas\u0131na kadar Avrupa&#8217;n\u0131n kapsaml\u0131 bir g\u00f6r\u00fcn\u00fcm\u00fcn\u00fc sunmay\u0131 ama\u00e7lamaktad\u0131r. \u00d6zg\u00fcn i\u00e7erikler aras\u0131nda ayl\u0131k b\u00f6lgesel ve tematik bas\u0131n incelemeleri, Avrupa&#8217;y\u0131 ilgilendiren konularda multimedya s\u0131n\u0131r \u00f6tesi projeler ve haftal\u0131k bir Avrupa talk show&#8217;u yer alacakt\u0131r. Se\u00e7ilmi\u015f i\u00e7erik i\u00e7in \u00fccretsiz, merkezi bir portal olarak hizmet verecek, arama yap\u0131labilecek ve 15 Avrupa diline \u00e7evrilebilecektir.<\/p>\n\n<h2 class=\"wp-block-heading\">\u00a0<\/h2>\n\n<h3 class=\"wp-block-heading\">Kat\u0131l\u0131n ve Payla\u015f\u0131n<\/h3>\n\n<p>Halk\u0131n aktif kat\u0131l\u0131m\u0131n\u0131 taahh\u00fct eden platform, Avrupa vatanda\u015flar\u0131n\u0131 medyay\u0131 ve de\u011ferlerini aktif bir \u015fekilde \u015fekillendirmeye te\u015fvik edecektir. Makale Kul\u00fcb\u00fc gibi \u00f6zellikler okuyucularla gazetecileri bir araya getirerek medya \u00fcretiminde bir topluluk zihniyetini te\u015fvik edecektir. Ayr\u0131ca, kullan\u0131c\u0131 taraf\u0131ndan olu\u015fturulan dinamik bir i\u00e7erik modeli, sosyal medya eri\u015fimi ve uyumlu \u015fampiyonlar ve kurulu\u015flarla ortakl\u0131klar taraf\u0131ndan desteklenen, kullan\u0131c\u0131lar\u0131 benzersiz Avrupa perspektiflerini payla\u015fmaya te\u015fvik edecektir.<\/p>\n\n<h2 class=\"wp-block-heading\">\u00a0<\/h2>\n\n<h3 class=\"wp-block-heading\">G\u00fcvenli ve Etik<\/h3>\n\n<p>Mevcut platformlar\u0131n birle\u015fik bir a\u011f\u0131 olarak Display Europe, gizlilik dostu s\u00fcre\u00e7lere dayal\u0131 a\u00e7\u0131k kaynakl\u0131 yaz\u0131l\u0131m ve a\u00e7\u0131k protokoller kullanmaktad\u0131r. Platform egemen, kendi kendini y\u00f6neten, a\u00e7\u0131k kaynakl\u0131 bir dijital altyap\u0131 \u00fczerine in\u015fa edilmi\u015ftir ve Big Tech sosyal medya ve yay\u0131n platformlar\u0131ndan ba\u011f\u0131ms\u0131zd\u0131r. Di\u011fer platformlardan farkl\u0131 olarak, Display&#8217;in i\u00e7erik \u00f6neri algoritmalar\u0131 kullan\u0131c\u0131lar\u0131 kar\u0131\u015f\u0131k ve dengeli bir i\u00e7erik yolculu\u011funa y\u00f6nlendirir. Display ki\u015fisel verileri yaln\u0131zca ye\u015fil \u0131\u015f\u0131k yak\u0131ld\u0131\u011f\u0131nda toplar ve kullan\u0131c\u0131lar veri toplamay\u0131 tamamen devre d\u0131\u015f\u0131 b\u0131rakabilir.<\/p>\n\n<h2 class=\"wp-block-heading\">S\u0131k\u00e7a sorulan sorular<\/h2>\n\n<h3 class=\"wp-block-heading\">Display Europe nedir?<\/h3>\n\n<p>Display Europe, 15 dilde Avrupa perspektifi sunan bir medya platformudur. K\u0131tan\u0131n d\u00f6rt bir yan\u0131ndan ba\u011f\u0131ms\u0131z medya kurulu\u015flar\u0131ndan olu\u015fan bir a\u011f taraf\u0131ndan sa\u011flanan Display Originals ve birle\u015ftirilmi\u015f medya i\u00e7eri\u011fi sunar. Kamusal de\u011ferlere ve kapsay\u0131c\u0131l\u0131\u011fa dayanan Display Europe, a\u00e7\u0131k kaynakl\u0131 yaz\u0131l\u0131mdan \u00fcretilmi\u015ftir ve B\u00fcy\u00fck Teknoloji&#8217;nin etik olmayan veri toplama uygulamalar\u0131ndan uzak durmaktad\u0131r. Algoritmalar\u0131 kullan\u0131c\u0131lara kar\u0131\u015f\u0131k ve dengeli bir i\u00e7erik deneyimi konusunda rehberlik eder.<\/p>\n\n<p>Displayeurope.eu, Avrupa medya kurulu\u015flar\u0131ndan geni\u015f bir yelpazede i\u00e7eri\u011fe eri\u015fim sa\u011flayan benzersiz bir platformdur. Filtre balonlar\u0131n\u0131 k\u0131rmay\u0131 ve Avrupa&#8217;daki vatanda\u015flar\u0131n g\u00fcvenilir bilgiye eri\u015fimini sa\u011flamay\u0131 ama\u00e7lamaktad\u0131r. Platform, Avrupa&#8217;n\u0131n geleneksel olarak ana ak\u0131m veya ulusal medya taraf\u0131ndan ele al\u0131nmayan \u00e7e\u015fitli y\u00f6nlerini kapsamaktad\u0131r. Display Europe, \u00e7eviri, sendikasyon ve orijinal i\u00e7erik \u00fcretimine odaklanarak Avrupa medya ortam\u0131nda devrim yarat\u0131yor. <\/p>\n\n<p>displayeurope.eu&#8217;nun geli\u015ftirilmesi, Display Europe &#8211; Demokrasi Ekranlarda Y\u00fcr\u00fcr ba\u015fl\u0131\u011f\u0131 alt\u0131nda ba\u011f\u0131ms\u0131z medya ve etik teknoloji sekt\u00f6r\u00fcnden on yedi \u00fcyenin yer ald\u0131\u011f\u0131 bir konsorsiyum taraf\u0131ndan y\u00f6netilmektedir. Proje, Avrupa Birli\u011fi&#8217;nden al\u0131nan bir hibe ile ortakla\u015fa finanse edilmi\u015ftir.<\/p>\n\n<p>Ayr\u0131ca Display Europe &#8211; Democracy Runs on Screens iki hibe program\u0131n\u0131 da y\u00f6netmektedir: Display Europe Hibe \u00c7a\u011fr\u0131s\u0131 (kapal\u0131) ve Display Europe mikro-hibe \u00c7a\u011fr\u0131s\u0131 (31 Mart 2023 tarihine kadar ayl\u0131k olarak a\u00e7\u0131lmaktad\u0131r). Mikro hibe \u00e7a\u011fr\u0131s\u0131 hakk\u0131nda daha fazla bilgi i\u00e7in l\u00fctfen bak\u0131n\u0131z <a href=\"https:\/\/culturalfoundation.eu\/programmes\/display-europe\/\"><u>Burada<\/u><\/a>. Bu hibeler arac\u0131l\u0131\u011f\u0131yla \u00f6d\u00fcllendirilen hibe sahipleri, Display Europe&#8217;da sergilenecek i\u00e7erikler olu\u015fturacaklard\u0131r. <\/p>\n\n<h3 class=\"wp-block-heading\">Display Europe nas\u0131l \u00e7al\u0131\u015f\u0131r?<\/h3>\n\n<p>Display Europe, medya kurulu\u015flar\u0131, yay\u0131nc\u0131l\u0131k ve yay\u0131n formatlar\u0131, b\u00f6lgeler ve diller aras\u0131nda yepyeni bir i\u00e7erik katman\u0131n\u0131 birbirine ba\u011flayan ve bunlara eri\u015fim sa\u011flayan \u00e7ok \u00f6nemli bir dijital altyap\u0131 par\u00e7as\u0131d\u0131r. A\u00e7\u0131k kaynakl\u0131 yaz\u0131l\u0131m ve gizlilik dostu s\u00fcre\u00e7lere dayal\u0131 a\u00e7\u0131k protokollerle \u00e7al\u0131\u015fan mevcut platformlar\u0131n birle\u015fik bir a\u011f\u0131 olarak i\u015flev g\u00f6r\u00fcr. Maliyetli ve pahal\u0131 dijital altyap\u0131lar kuramayan ve s\u00fcrd\u00fcremeyen, ancak uluslararas\u0131 izleyicilere sunacak ilgili i\u00e7eri\u011fe sahip olan medya i\u00e7in bir dengeleme tahtas\u0131 sa\u011flayacakt\u0131r. Konsorsiyum, topluluk medyas\u0131 ile k\u00fc\u00e7\u00fck ve orta \u00f6l\u00e7ekli i\u00e7erik yarat\u0131c\u0131lar\u0131n\u0131 bir araya getirecek ve geni\u015fleyen uluslararas\u0131 profesyonel bir topluluk olarak onlara kolayl\u0131k sa\u011flayacakt\u0131r.<\/p>\n\n<h3 class=\"wp-block-heading\">Display Europe&#8217;u kim y\u00f6netiyor?<\/h3>\n\n<p><a href=\"https:\/\/culturalfoundation.eu\/programmes\/display-europe\/\"><u>Display Avrupa<\/u><\/a> bir konsorsiyum taraf\u0131ndan y\u00f6netilmektedir. <a href=\"https:\/\/culturalfoundation.eu\/\"><u>Avrupa K\u00fclt\u00fcr Vakf\u0131<\/u><\/a> (ECF), <a href=\"https:\/\/cba.media\/what-is-the-cba\"><u>K\u00fclt\u00fcrel Yay\u0131n Ar\u015fivi<\/u><\/a> (CBA), fairkom, Eurozine, Voxeurop, Hostwriter, Krytyka Polityczna, <a href=\"https:\/\/www.eldiario.es\/\"><u>El <\/u><u>Diario<\/u><\/a>, \u0130yi Sohbetler, <a href=\"https:\/\/publicspaces.net\/\"><u>Kamusal Alanlar<\/u><\/a>, <a href=\"https:\/\/www.cmfe.eu\/\"><u>Community Media Forum Europe<\/u><\/a> (CMFE), <a href=\"https:\/\/www.human.nl\/\"><u>\u0130nsan<\/u><\/a>, <a href=\"https:\/\/www.vpro.nl\/\"><u>VPRO<\/u><\/a>, <a href=\"https:\/\/www.soundandvision.com\/\"><u>Ses ve G\u00f6r\u00fcnt\u00fc<\/u><\/a>, <a href=\"https:\/\/yepp.it\/ita\"><u>YEPP \u0130talya<\/u><\/a>, Fanzingo ve <a href=\"https:\/\/www.schumanshow.eu\/\"><u>Schuman G\u00f6sterisi<\/u><\/a>.<\/p>\n\n<h3 class=\"wp-block-heading\">displayeurope.eu \u00fccretsiz mi?<\/h3>\n\n<p>Portaldaki i\u00e7erik a\u00e7\u0131k kaynakl\u0131d\u0131r ve herhangi bir \u00f6deme duvar\u0131 olmaks\u0131z\u0131n serbest\u00e7e eri\u015filebilir. Ancak \u00f6neriler, ortaklar\u0131n kendi web sayfalar\u0131ndaki \u00f6deme duvarlar\u0131n\u0131n arkas\u0131ndaki kaliteli i\u00e7eri\u011fe y\u00f6nlendirmeye izin verecektir. Bu ayn\u0131 zamanda <strong>ortaklar\u0131n<\/strong> i\u00e7eriklerini platform \u00fczerinden tan\u0131tmalar\u0131na da olanak tan\u0131yacakt\u0131r. Platform a\u00e7\u0131k kaynak modeliyle \u00e7al\u0131\u015fmakta ve ortaklar\u0131n i\u00e7eriklerini sosyal medya, televizyon, radyo ve gazeteler de dahil olmak \u00fczere \u00e7e\u015fitli kanallar arac\u0131l\u0131\u011f\u0131yla tan\u0131tmalar\u0131na olanak sa\u011flamaktad\u0131r. Bu yakla\u015f\u0131m, \u00f6zel materyallerden ziyade i\u015fbirli\u011fini ve orijinal i\u00e7eri\u011fi vurgulamaktad\u0131r.<\/p>\n\n<h3 class=\"wp-block-heading\">Display Europe i\u00e7in finansman nereden geliyor?<\/h3>\n\n<p>Display Europe &#8211; Democracy Runs on Screens, &#8220;Avrupa Medya Platformlar\u0131&#8221; pilot proje \u00e7a\u011fr\u0131s\u0131 \u00e7er\u00e7evesinde \u0130leti\u015fim A\u011flar\u0131, \u0130\u00e7erik ve Teknoloji Genel M\u00fcd\u00fcrl\u00fc\u011f\u00fc taraf\u0131ndan finanse edilmektedir. Ek finansman Avrupa K\u00fclt\u00fcr Vakf\u0131 ve konsorsiyumdaki di\u011fer ortaklardan gelmektedir. Uzun vadede Display Europe, kamu (Avrupa) fonlar\u0131, hay\u0131rsever fonlar\u0131 ve \u00fcyelikler, ba\u011f\u0131\u015flar ve aboneliklerin bir kar\u0131\u015f\u0131m\u0131 ile finanse edilecektir.<\/p>\n\n<h3 class=\"wp-block-heading\">Displayeurope.eu&#8217;ya kat\u0131labilir miyim?<\/h3>\n\n<p><strong>Evet<\/strong><strong> yapabilirsiniz. <\/strong>Display Europe, Avrupa vatanda\u015flar\u0131n\u0131n bilgi payla\u015fmaya ve deneyimlemeye te\u015fvik edildi\u011fi aktif bir kamu forumu i\u015flevi sunmaktad\u0131r.<\/p>\n\n<p><strong>AVRUPA KONU\u015eMALARI<\/strong><\/p>\n\n<p>Display Europe, platformda aktif kat\u0131l\u0131m f\u0131rsatlar\u0131n\u0131 kademeli olarak art\u0131racakt\u0131r. 2024 bahar\u0131ndan itibaren okuyucular da g\u00f6r\u00fc\u015flerini dile getirebilecek ve daha geni\u015f siyasi konular\u0131 di\u011fer okuyucularla tart\u0131\u015fabilecek. Display&#8217;deki makalelerin her birine g\u00f6m\u00fcl\u00fc olarak, okuyucular\u0131n makale temalar\u0131 ve Avrupa siyaseti hakk\u0131ndaki g\u00f6r\u00fc\u015flerini \u00f6\u011frenmek i\u00e7in anketler yer alacak. Bir e\u015fle\u015ftirme algoritmas\u0131, tek bir kat\u0131l\u0131mc\u0131y\u0131, m\u00fcmk\u00fcnse ba\u015fka bir Avrupa \u00fclkesinde, kendilerinden \u00e7ok farkl\u0131 d\u00fc\u015f\u00fcnen biriyle e\u015fle\u015ftirecek.<\/p>\n\n<p><strong>MAKALE KUL\u00dcB\u00dc<\/strong><\/p>\n\n<p>Display Europe i\u00e7in haz\u0131rlanan \u00f6zg\u00fcn i\u00e7erikler, ilgili gazetecilerin kullan\u0131c\u0131larla tart\u0131\u015fmak \u00fczere halka a\u00e7\u0131k bir forum a\u00e7t\u0131\u011f\u0131 ayl\u0131k Makale Kul\u00fcb\u00fc&#8217;nde yer alacak. Makale Kul\u00fcb\u00fcn\u00fcn amac\u0131, okuyucular\u0131 platformun arkas\u0131ndaki gazetecilerle bulu\u015fturmak ve gazetecileri makalelerinin \u00fcretimi ve de\u011ferlendirilmesinde bir topluluk zihniyetini benimsemeye te\u015fvik etmektir. Bu format ayn\u0131 zamanda gazetecilerin gelecekteki makalelerinin yaz\u0131m\u0131nda uzmanl\u0131k ve girdi i\u00e7in izleyicilere ba\u015fvurmalar\u0131na da olanak tan\u0131yacak.<\/p>\n\n<p><strong>SOSYAL MEDYA<\/strong><\/p>\n\n<p>Daha uzun vadede, Display Europe&#8217;un topluluk kat\u0131l\u0131m\u0131, kullan\u0131c\u0131lar\u0131 Avrupa hakk\u0131ndaki bak\u0131\u015f a\u00e7\u0131lar\u0131n\u0131 payla\u015fmaya te\u015fvik eden dinamik bir i\u00e7erik modeli etraf\u0131nda geli\u015fecektir. Platform, konu\u015fmalar\u0131 te\u015fvik etmek, i\u00e7eri\u011fi tan\u0131tmak ve temel mesajlar\u0131 g\u00fc\u00e7lendirmek i\u00e7in a\u00e7\u0131k kaynakl\u0131 sosyal medya stratejilerini (\u00f6zellikle Mastodon) kullanacakt\u0131r. Display Europe&#8217;un de\u011ferleriyle uyumlu influencer&#8217;lar ve kurulu\u015flarla ortakl\u0131klar da stratejinin \u00f6nemli bir par\u00e7as\u0131d\u0131r.<\/p>\n\n<h3 class=\"wp-block-heading\">Display Europe&#8217;un di\u011fer Avrupa medya platformlar\u0131ndan fark\u0131 nedir?<\/h3>\n\n<ul class=\"wp-block-list\">\n<li>Display Europe, di\u011fer medyalara y\u00f6nelik hizmet platformlar\u0131n\u0131n aksine do\u011frudan vatanda\u015flar\u0131 hedeflemektedir.<\/li>\n\n\n\n<li>Display Europe, t\u00fcm AB \u00fcye \u00fclkelerini ve Bat\u0131 Balkanlar ve Ukrayna da dahil olmak \u00fczere baz\u0131 kom\u015fu \u00fclkeleri kapsayacakt\u0131r.<\/li>\n\n\n\n<li>Display Europe sivil toplum taraf\u0131ndan in\u015fa edilmi\u015ftir ve Avrupa demokrasisini g\u00fc\u00e7lendirmekten ba\u015fka bir \u00e7\u0131kar\u0131 yoktur.<\/li>\n\n\n\n<li>Display Europe, ba\u015fkalar\u0131 taraf\u0131ndan da kullan\u0131labilen a\u00e7\u0131k kaynak teknolojisine dayanmaktad\u0131r.<\/li>\n\n\n\n<li>Display Europe, Big Tech&#8217;in etik olmayan veri toplama uygulamalar\u0131ndan uzakla\u015f\u0131yor.<\/li>\n\n\n\n<li>Display Europe 15 dilde mevcuttur.<\/li>\n<\/ul>\n\n<h3 class=\"wp-block-heading\">Display Europe hangi dillerde kullan\u0131labilir?<\/h3>\n\n<p>\u0130lk a\u015famada, Display Europe a\u015fa\u011f\u0131daki dillerde kullan\u0131labilir<\/p>\n\n<ol class=\"wp-block-list\">\n<li>\u0130ngilizce<\/li>\n\n\n\n<li>Alman<\/li>\n\n\n\n<li>H\u0131rvat\u00e7a \/ Bo\u015fnak\u00e7a \/ S\u0131rp\u00e7a<\/li>\n\n\n\n<li>\u00c7ek Cumhuriyeti<\/li>\n\n\n\n<li>Slovak\u00e7a<\/li>\n\n\n\n<li>Frans\u0131zca<\/li>\n\n\n\n<li>Macarca<\/li>\n\n\n\n<li>\u0130talyan<\/li>\n\n\n\n<li>Leh\u00e7e<\/li>\n\n\n\n<li>\u0130spanyolca<\/li>\n\n\n\n<li>Hollandaca<\/li>\n\n\n\n<li>Portekizce<\/li>\n\n\n\n<li>Ukrayna<\/li>\n\n\n\n<li>Rus\u00e7a<\/li>\n\n\n\n<li>T\u00fcrk\u00e7e<\/li>\n<\/ol>\n\n<p>\u0130lerleyen a\u015famalarda Arap\u00e7a, Romence ve \u0130sve\u00e7\u00e7e gibi daha fazla dil eklenecektir.<\/p>\n\n<h3 class=\"wp-block-heading\">\u00d6zg\u00fcn i\u00e7erik olu\u015fturulacak m\u0131?<\/h3>\n\n<p>Editoryal ortaklar Eurozine (AUT), Voxeurop (FR), Krytyka Polityczna (PL), ElDiario (ESP) ve HUMAN (NL) Display Originals&#8217;\u0131n olu\u015fturulmas\u0131ndan sorumludur. Orijinal i\u00e7erik haftal\u0131k bir Avrupa talkshow&#8217;u, ayl\u0131k b\u00f6lgesel ve tematik bas\u0131n incelemeleri ve Avrupa&#8217;y\u0131 ilgilendiren acil konulara ili\u015fkin multimedya s\u0131n\u0131r \u00f6tesi projeleri i\u00e7ermektedir.<\/p>\n\n<h3 class=\"wp-block-heading\">Display&#8217;in arka plan\u0131nda ne var?<\/h3>\n\n<p>Avrupa K\u00fclt\u00fcr Vakf\u0131, ekonomik, sosyal, k\u00fclt\u00fcrel veya ulusal ge\u00e7mi\u015fleri a\u015fan bir kamusal alana y\u00f6nelik artan ihtiyaca yan\u0131t olarak 2020 ve 2021 y\u0131llar\u0131nda bir dizi \u00e7evrimi\u00e7i ve \u00e7evrimd\u0131\u015f\u0131 at\u00f6lye \u00e7al\u0131\u015fmas\u0131 ger\u00e7ekle\u015ftirdi. Bu \u00e7al\u0131\u015ftaylar gazetecileri, ara\u015ft\u0131rmac\u0131lar\u0131 ve vatanda\u015flar\u0131 bir araya getirerek piyasa ve h\u00fck\u00fcmet etkilerinden ar\u0131nm\u0131\u015f, a\u011fa ba\u011fl\u0131 bir Avrupa medya modeli \u00f6ng\u00f6rmelerini sa\u011flad\u0131. 2021&#8217;deki A\u00e7\u0131k \u00c7a\u011fr\u0131&#8217;n\u0131n ard\u0131ndan Avrupa K\u00fclt\u00fcr Vakf\u0131, gazetecilikte s\u0131n\u0131r \u00f6tesi i\u015fbirli\u011fini ve kamusal de\u011ferlere dayal\u0131 bir dijital altyap\u0131n\u0131n geli\u015ftirilmesini te\u015fvik etmeyi ama\u00e7layan \u00e7e\u015fitli hibeler veriyor.<\/p>\n\n<p>Buna paralel olarak, bir grup medya aktivisti, ara\u015ft\u0131rmac\u0131 ve inisiyatif 2020 y\u0131l\u0131nda Payla\u015f\u0131lan Dijital Avrupa Kamusal Alan\u0131 (SDEPS.eu) koalisyonunu kurmu\u015ftur. Koalisyon i\u00e7indeki s\u00f6ylem ve olas\u0131<a href=\"http:\/\/www.baratsits.at\/building-a-european-digital-public-space\/\">bir<\/a>mimarinin g\u00f6r\u00fcn\u00fcm\u00fc &#8220;<a href=\"http:\/\/www.baratsits.at\/building-a-european-digital-public-space\/\">Building a European Digital Public Space<\/a>&#8220;, Strategies for taking back control from Big Tech platforms (2021) <a href=\"https:\/\/www.irights-lab.de\/publikationen\/dps\">https:\/\/www.irights-lab.de\/publikationen\/dps<\/a> adl\u0131 yay\u0131nda \u00f6zetlenmi\u015ftir <a href=\"https:\/\/www.irights-lab.de\/publikationen\/dps\">.<\/a> Bu tart\u0131\u015fmalar temelinde, 2022 y\u0131l\u0131nda Linz&#8217;de bir hackathon d\u00fczenlenmi\u015ftir <a href=\"https:\/\/cba.media\/building-a-european-cultural-backbone\">https:\/\/cba.media\/building-a-european-cultural-backbone.<\/a><\/p>\n\n<p>ECF&#8217;nin bursiyerleri ve hackathon&#8217;da kurulan a\u011f aras\u0131ndaki i\u015fbirli\u011fi Display Europe&#8217;un olu\u015fturulmas\u0131yla sonu\u00e7land\u0131.<\/p>\n\n<p>Platform, pan-Avrupa perspektifi ve ortak Avrupa \u00e7\u0131karlar\u0131n\u0131n tart\u0131\u015f\u0131labilece\u011fi bir alan sa\u011flamay\u0131 ama\u00e7lamaktad\u0131r. Kamusal tart\u0131\u015fmalara ve medyaya olan g\u00fcven kayb\u0131na kar\u015f\u0131 koymak ve ger\u00e7eklerden uzak pop\u00fclist fikirlere ve geleneksel medyada belirli gruplar\u0131n d\u0131\u015flanmas\u0131na kar\u015f\u0131 durmak istiyor.<\/p>\n\n<p>Display Europe, medya kurulu\u015flar\u0131 ve i\u00e7erik olu\u015fturucular\u0131 i\u00e7in oyun alan\u0131n\u0131 e\u015fitleyerek Avrupa i\u00e7in \u00e7ok \u00f6nemli bir dijital altyap\u0131ya katk\u0131da bulunma potansiyeline sahiptir. Lansman\u0131 sadece yeni bir medya platformunun tan\u0131t\u0131m\u0131 de\u011fil, ayn\u0131 zamanda Avrupa medyas\u0131nda \u00e7e\u015fitlilik, kapsay\u0131c\u0131l\u0131k ve kamusal de\u011ferlerin \u00f6n plana \u00e7\u0131kt\u0131\u011f\u0131 yeni bir d\u00f6nem anlam\u0131na geliyor.<\/p>\n\n<h3 class=\"wp-block-heading\">displayeurope.eu adresini kullanabilmek i\u00e7in \u00f6deme yapmam gerekiyor mu?<\/h3>\n\n<p>\u0130\u00e7erik \u00fccretsizdir, ancak AB fonlar\u0131na daha az ba\u011f\u0131ml\u0131 olmak i\u00e7in bunu k\u00fc\u00e7\u00fck bir miktarla destekleyebilirsiniz.<\/p>\n\n<p>Platformun bak\u0131m\u0131n\u0131, i\u00e7erik \u00fcretimini ve Mastodon&#8217;un ve daha gelecek hizmetlerin sa\u011flanmas\u0131n\u0131 desteklemek i\u00e7in 2024 y\u0131l\u0131nda bir abonelik hizmeti sunaca\u011f\u0131z.<\/p>\n\n<p>Bu arada Avrupa K\u00fclt\u00fcr Vakf\u0131&#8217;na \u015fu adresten ba\u011f\u0131\u015fta bulunabilirsiniz <a href=\"https:\/\/culturalfoundation.iraiser.eu\/support\/~my-donation\"><u>https:\/\/culturalfoundation.iraiser.eu\/support\/~my-donation<\/u><\/a>. ECF kurucu \u00fcye olarak bu ba\u011f\u0131\u015flar\u0131 Display Europe&#8217;a iletecektir.<\/p>\n\n<h3 class=\"wp-block-heading\">Bir topluluk medya \u00fcyesiyim, nas\u0131l kat\u0131labilir ve sizinle \u00e7apraz i\u00e7erik payla\u015fabilirim?<\/h3>\n\n<p>A\u011f\u0131m\u0131z, ortak de\u011ferleri ve k\u0131talar aras\u0131 anlay\u0131\u015flar\u0131 kutlayan i\u015fbirlik\u00e7i bir federasyona ortak olarak kat\u0131lmalar\u0131 i\u00e7in bireyleri ve kurulu\u015flar\u0131 s\u0131cak bir \u015fekilde davet etmektedir. L\u00fctfen a\u015fa\u011f\u0131daki <a href=\"https:\/\/archive.displayeurope.eu\/tr\/bize-katilin\/\" data-type=\"page\" data-id=\"10996\"><u>link<\/u><\/a> Burada, sitenin altbilgisinde yer alan &#8220;Medie orta\u011f\u0131 olun&#8221; metninde, i\u015fe al\u0131m s\u00fcreci hakk\u0131nda daha fazla ayr\u0131nt\u0131 verilmektedir. <\/p>\n\n<h3 class=\"wp-block-heading\">Display Europe&#8217;un y\u00f6neti\u015fim yap\u0131s\u0131 nedir?<\/h3>\n\n<p>Display Europe, \u00fcyelerine ba\u011fl\u0131l\u0131\u011f\u0131 ve platform i\u00e7inde s\u00fcrd\u00fcr\u00fclebilir de\u011fer yaratmas\u0131yla tan\u0131nan bir kooperatif modelini benimseyerek bir kooperatife d\u00f6n\u00fc\u015fme s\u00fcrecindedir. Geleneksel risk sermayesi destekli platformlar\u0131n aksine, kooperatifler \u00fcyelerinin \u00e7\u0131karlar\u0131na \u00f6ncelik verir ve ortakla\u015fa yarat\u0131lan de\u011feri platforma yeniden yat\u0131rarak platformun hizmet kalitesini a\u015f\u0131r\u0131 ticarile\u015fme olmadan koruyan bir i\u015f stratejisini te\u015fvik eder.<\/p>\n\n<p>Vizyonumuzla \u00f6rt\u00fc\u015fen ki\u015fi ve kurulu\u015flar\u0131 bir araya gelerek Avrupa medya ortam\u0131n\u0131 yeniden tan\u0131mlayan d\u00f6n\u00fc\u015ft\u00fcr\u00fcc\u00fc bir kooperatif olu\u015fturmaya davet ediyoruz. Birlikte, i\u015fbirli\u011fini, yenili\u011fi ve herkes i\u00e7in dijital bir kamusal alan\u0131n kolektif aray\u0131\u015f\u0131n\u0131 temsil eden bir platform olu\u015fturmay\u0131 arzuluyoruz.<\/p>\n\n<p>Vizyonumuzu payla\u015f\u0131yor ve bu heyecan verici giri\u015fimin bir \u00fcyesi olmak istiyorsan\u0131z, sizi a\u015fa\u011f\u0131daki adrese ula\u015fmaya davet ediyoruz <a href=\"mailto:coop@displayeurope.eu\"><u>coop@displayeurope.eu<\/u><\/a>.<\/p>\n\n<p>Kooperatifin hedefleri, stratejileri, motivasyonu ve d\u00f6n\u00fcm noktas\u0131 hakk\u0131nda daha fazla bilgi edinmek i\u00e7in l\u00fctfen sitenin altbilgi konumundaki Display Europe Cooperative metnine g\u00f6z at\u0131n<a href=\"https:\/\/archive.displayeurope.eu\/tr\/?page_id=15330\" data-type=\"page\" data-id=\"4986\">(ba\u011flant\u0131<\/a>).<\/p>\n\n<h3 class=\"wp-block-heading\">A\u00e7\u0131k kaynak kodlusunuz, ancak sitenizde LinkedIn ve Instagram&#8217;\u0131 g\u00f6r\u00fcyorum?<\/h3>\n\n<p>Evet, a\u00e7\u0131k kaynakl\u0131 bir platformuz ve PeerTube ve Mastodon gibi a\u00e7\u0131k kaynakl\u0131 sosyal medya uygulamalar\u0131n\u0131n kullan\u0131m\u0131n\u0131 te\u015fvik ediyoruz, ancak projenin ilk tan\u0131t\u0131m\u0131 i\u00e7in Instagram, Facebook ve LinkdIn gibi sosyal medya hesaplar\u0131n\u0131 kullan\u0131yoruz. Orada \u00e7o\u011funlukla i\u00e7eri\u011fimizi g\u00f6stermiyoruz, sadece tan\u0131t\u0131mlar yap\u0131yoruz. Ancak, ana ak\u0131m medya yerine etik standartlara sahip a\u00e7\u0131k kaynakl\u0131 sosyal medya hesaplar\u0131n\u0131n kullan\u0131lmas\u0131n\u0131 savunuyoruz.<\/p>\n\n<h3 class=\"wp-block-heading\">Hangi a\u00e7\u0131k kaynak teknolojilerini kullan\u0131yoruz?<\/h3>\n\n<p>i\u00e7in protokol olan ActivityPub&#8217;\u0131 konu\u015fan \u00e7er\u00e7eveler kullanmay\u0131 tercih ediyoruz. <a href=\"https:\/\/archive.displayeurope.eu\/tr\/?page_id=14949#\/media\/Datei:A_view_into_the_Fediverse.png\"><u>Fediverse<\/u><\/a>. Bu, herhangi bir y\u00f6nde \u00e7ok kolay bir \u015fekilde i\u00e7erik al\u0131\u015fveri\u015fi yapmam\u0131z\u0131 sa\u011flar.<\/p>\n\n<ul class=\"wp-block-list\">\n<li><a href=\"https:\/\/displayeurope.video\/\"><u>PeerTube<\/u><\/a> video da\u011f\u0131t\u0131m\u0131 i\u00e7in<\/li>\n\n\n\n<li><a href=\"https:\/\/displayeurope.social\/explore\"><u>Mastodon<\/u><\/a> mikroblog i\u00e7in<\/li>\n\n\n\n<li><a href=\"https:\/\/cba.media\/\"><u>CBA<\/u><\/a> ses i\u00e7in<\/li>\n\n\n\n<li><a href=\"https:\/\/codeberg.org\/Kbin\/kbin-core\"><u>Kbin<\/u><\/a> tart\u0131\u015fmalar i\u00e7in (2024&#8217;e entegre edilecek)<\/li>\n<\/ul>\n\n<p>Di\u011fer altyap\u0131 par\u00e7alar\u0131 i\u00e7in yaln\u0131zca a\u015fa\u011f\u0131daki gibi A\u00e7\u0131k Kaynak ara\u00e7lar\u0131n\u0131 kullan\u0131yoruz<\/p>\n\n<ul class=\"wp-block-list\">\n<li>Keycloak (Tekli Oturum A\u00e7ma) <a href=\"https:\/\/key.displayeurope.eu\"><u>https:\/\/key.displayeurope.eu<\/u><\/a> <\/li>\n\n\n\n<li>Minio (Depolama ve CDN)<\/li>\n\n\n\n<li>kubernetes (bulut bili\u015fim)<\/li>\n\n\n\n<li>Matomo (\u0130statistik)<\/li>\n\n\n\n<li><a href=\"https:\/\/newsletter.displ.eu\/lists\/?p=subscribe&amp;id=1\"><u>phplist<\/u><\/a> haber b\u00fcltenleri i\u00e7in<\/li>\n<\/ul>\n","protected":false},"excerpt":{"rendered":"<p>Vizyonumuz &amp; SSS \u00a0 Vizyonumuz Display&#8217;in mimarlar\u0131, kamusal de\u011ferlere ve kapsay\u0131c\u0131l\u0131\u011fa dayanan bir Avrupa medyas\u0131na inanmaktad\u0131r. Ortak bir Avrupa medyas\u0131na katk\u0131da bulunurlar, \u00e7\u00fcnk\u00fc s\u0131n\u0131rlar\u0131 hi\u00e7e sayan g\u00fc\u00e7ler Avrupal\u0131lar\u0131n ya\u015famlar\u0131n\u0131 \u015fekillendirir. H\u00fck\u00fcmetlerden ve ticari etkilerden ba\u011f\u0131ms\u0131z, Avrupal\u0131lar\u0131n &#8211; ge\u00e7mi\u015fleri ne olursa olsun &#8211; ba\u011flant\u0131 kurabilecekleri, fikirlerini payla\u015fabilecekleri, g\u00f6r\u00fc\u015flerini tart\u0131\u015fabilecekleri ve g\u00fc\u00e7l\u00fclerden hesap sormak i\u00e7in g\u00fcvenilir bilgi [&hellip;]<\/p>\n","protected":false},"author":1,"featured_media":0,"parent":0,"menu_order":0,"comment_status":"closed","ping_status":"closed","template":"","meta":{"footnotes":""},"class_list":["post-15168","page","type-page","status-publish","hentry"],"_links":{"self":[{"href":"https:\/\/archive.displayeurope.eu\/tr\/wp-json\/wp\/v2\/pages\/15168","targetHints":{"allow":["GET"]}}],"collection":[{"href":"https:\/\/archive.displayeurope.eu\/tr\/wp-json\/wp\/v2\/pages"}],"about":[{"href":"https:\/\/archive.displayeurope.eu\/tr\/wp-json\/wp\/v2\/types\/page"}],"author":[{"embeddable":true,"href":"https:\/\/archive.displayeurope.eu\/tr\/wp-json\/wp\/v2\/users\/1"}],"replies":[{"embeddable":true,"href":"https:\/\/archive.displayeurope.eu\/tr\/wp-json\/wp\/v2\/comments?post=15168"}],"version-history":[{"count":7,"href":"https:\/\/archive.displayeurope.eu\/tr\/wp-json\/wp\/v2\/pages\/15168\/revisions"}],"predecessor-version":[{"id":49820,"href":"https:\/\/archive.displayeurope.eu\/tr\/wp-json\/wp\/v2\/pages\/15168\/revisions\/49820"}],"wp:attachment":[{"href":"https:\/\/archive.displayeurope.eu\/tr\/wp-json\/wp\/v2\/media?parent=15168"}],"curies":[{"name":"wp","href":"https:\/\/api.w.org\/{rel}","templated":true}]}}