{"id":15205,"date":"2023-09-19T09:10:34","date_gmt":"2023-09-19T07:10:34","guid":{"rendered":"https:\/\/archive.displayeurope.eu\/kunye\/"},"modified":"2024-09-05T07:49:23","modified_gmt":"2024-09-05T05:49:23","slug":"baski-catisma-cozunurluk","status":"publish","type":"page","link":"https:\/\/archive.displayeurope.eu\/tr\/baski-catisma-cozunurluk\/","title":{"rendered":"K\u00fcnye &amp; \u00c7at\u0131\u015fma \u00e7\u00f6z\u00fcm\u00fc"},"content":{"rendered":"\n<h1 class=\"wp-block-heading\">K\u00fcnye<\/h1>\n\n<p>Medya Yasas\u0131 (\u00d6sterreichisches Mediengesetz) Madde 25 (5) uyar\u0131nca a\u00e7\u0131klama y\u00fck\u00fcml\u00fcl\u00fc\u011f\u00fc<\/p>\n\n<h2 class=\"wp-block-heading\">Platform operat\u00f6r\u00fc \/ Medya sahibi<\/h2>\n\n<p>Display Europe<br\/>c\/o OKTO.TV<br\/>Missindorfstra\u00dfe 19<br\/>1140 Viyana<br\/>Avusturya<\/p>\n\n<p>E-Mail: <a href=\"mailto:coop@displayeurope.eu\">coop@displayeurope.eu<\/a><\/p>\n\n<h2 class=\"wp-block-heading\">Organizasyon Detaylar\u0131<\/h2>\n\n<p>Kurucu meclis 16 Ekim 2023 tarihinde ger\u00e7ekle\u015ftirilmi\u015ftir. Ticaret siciline 8 \u015eubat 2024 tarihinde kaydedilmi\u015ftir.<\/p>\n\n<p>Genel M\u00fcd\u00fcr Alexander Baratsits<\/p>\n\n<p>Denetim Kurulu \u00dcyeleri: Menno Weijs (Avrupa K\u00fclt\u00fcr Vakf\u0131), Vladimir Radinovi\u0107 (EMCF), Paul Salvan\u00e8s (Voxeurop), Roland Alton-Scheidl (fairkom)<\/p>\n\n<p>\u015eirket kay\u0131t numaras\u0131: FN619589k (Handelsgericht Wien)<\/p>\n\n<p>UID: ATU80768689<\/p>\n\n<h2 class=\"wp-block-heading\">Yasal Ayr\u0131nt\u0131lar<\/h2>\n\n<p>Uygulanabilir yasal h\u00fck\u00fcmler: G\u00f6rsel-\u0130\u015fitsel Medya Hizmetleri Yasas\u0131 (AMD-G), Medya Yasas\u0131<\/p>\n\n<p>D\u00fczenleyici Kurum: KommAustria, Mariahilfer Strasse 77-79, 1060 Viyana<\/p>\n\n<h2 class=\"wp-block-heading\">Kurulu\u015fun amac\u0131 ve y\u00f6nelim beyan\u0131<\/h2>\n\n<p>Display Europe, (i) pan-Avrupa medya i\u00e7eri\u011fi yay\u0131nlayan, temel haklara y\u00f6nelik ve Gazetecilik G\u00fcven Giri\u015fimi \u00e7er\u00e7evesine uymaya \u00e7al\u0131\u015fan bir medya platformu i\u015fletmektedir. (ii) \u00f6zellikle sivil toplum giri\u015fimlerinden gelen medya i\u00e7eri\u011fine ev sahipli\u011fi yapar ve bu t\u00fcr i\u00e7eri\u011fin yay\u0131nlanmas\u0131na a\u00e7\u0131k eri\u015fim sa\u011flar.<\/p>\n\n<h2 class=\"wp-block-heading\">displayeurope.eu<\/h2>\n\n<p>displayeurope.eu, kamusal de\u011ferlere ba\u011fl\u0131, \u00e7\u0131\u011f\u0131r a\u00e7an bir medya platformudur. Platform, k\u0131tan\u0131n d\u00f6rt bir yan\u0131ndaki vatanda\u015flar\u0131n g\u00fcvenilir bilgiye ve genellikle ana ak\u0131m veya ulusal medya taraf\u0131ndan aktar\u0131lmayan bir Avrupa resmine eri\u015fimini sa\u011flar. \u00c7eviri, sendikasyon ve \u00f6zg\u00fcn i\u00e7erik yoluyla displayeurope.eu, Avrupa&#8217;n\u0131n d\u00f6rt bir yan\u0131ndan g\u00fcvenilir medyay\u0131 toplar ve yayar. Egemen, kendi kendini y\u00f6neten, a\u00e7\u0131k kaynakl\u0131 bir dijital altyap\u0131dan in\u015fa edilen Displayeurope.eu, \u015fu anda medya \u00fcretimini filtreleyen ve \u00e7er\u00e7eveleyen B\u00fcy\u00fck Teknoloji sosyal medya ve ak\u0131\u015f platformlar\u0131ndan kurtulacakt\u0131r. Avrupa&#8217;n\u0131n bu daha demokratik g\u00f6r\u00fcnt\u00fcs\u00fcnde, displayeurope.eu k\u0131ta genelinde demokrasi i\u00e7in bir g\u00fc\u00e7 olacakt\u0131r.<\/p>\n\n<hr class=\"wp-block-separator has-alpha-channel-opacity\"\/>\n\n<h1 class=\"wp-block-heading\">\u00c7at\u0131\u015fma \u00c7\u00f6z\u00fcm\u00fc<\/h1>\n\n<p>Herhangi bir yasal ihlalle kar\u015f\u0131la\u015f\u0131rsan\u0131z, l\u00fctfen talebinizi bize bir e-posta \u015feklinde g\u00f6nderin. Endi\u015fenizin tam olarak ne oldu\u011funu bilmemiz i\u00e7in m\u00fcmk\u00fcn oldu\u011funca kesin olman\u0131z (ekran g\u00f6r\u00fcnt\u00fcs\u00fc, ba\u011flant\u0131 vb.) \u00f6nemlidir.<br\/>G\u00f6nderdikten sonra, e-postan\u0131n al\u0131nd\u0131\u011f\u0131na dair bir onay alacaks\u0131n\u0131z.<\/p>\n\n<p>L\u00fctfen bu e-postay\u0131 <a href=\"mailto:support@displayeurope.eu\">support@displayeurope.eu<\/a> adresine g\u00f6nderin veya bununla bir bilet yaz\u0131n <\/p>\n\n<button id=\"zammad-feedback-form\">Geri bildirim formu<\/button><script id=\"zammad_form_script\" src=\"https:\/\/helpdesk.displayeurope.eu\/assets\/form\/form.js\"><\/script><script>\njQuery(document).ready(function($) {\n$(function() {\n  $('#zammad-feedback-form').ZammadForm({\n    messageTitle: 'Feedback-Formular',\n    messageSubmit: 'Send',\n    messageThankYou: 'Ticket #%s.',\n    modal: true\n  });\n});\n});\n<\/script>\n\n<hr class=\"wp-block-separator has-alpha-channel-opacity\"\/>\n\n<script src=\"https:\/\/helpdesk.displayeurope.eu\/assets\/chat\/chat.min.js\"><\/script>\n<script>\njQuery(document).ready(function($) {\n$(function() {\n  new ZammadChat({\n    fontSize: '12px',\n    chatId: 1\n  });\n});\n});\n<\/script>\n\n<p>Son G\u00fcncelleme: 03 Eyl\u00fcl 2024<\/p>\n\n<p><\/p>\n\n<figure class=\"wp-block-image size-full\"><img loading=\"lazy\" decoding=\"async\" width=\"611\" height=\"204\" src=\"https:\/\/archive.displayeurope.eu\/wp-content\/uploads\/2023\/06\/DisplayLogo_Tag.png\" alt=\"\" class=\"wp-image-7674\" srcset=\"https:\/\/archive.displayeurope.eu\/wp-content\/uploads\/2023\/06\/DisplayLogo_Tag.png 611w, https:\/\/archive.displayeurope.eu\/wp-content\/uploads\/2023\/06\/DisplayLogo_Tag-360x120.png 360w\" sizes=\"auto, (max-width: 611px) 100vw, 611px\" \/><\/figure>\n","protected":false},"excerpt":{"rendered":"<p>K\u00fcnye Medya Yasas\u0131 (\u00d6sterreichisches Mediengesetz) Madde 25 (5) uyar\u0131nca a\u00e7\u0131klama y\u00fck\u00fcml\u00fcl\u00fc\u011f\u00fc Platform operat\u00f6r\u00fc \/ Medya sahibi Display Europec\/o OKTO.TVMissindorfstra\u00dfe 191140 ViyanaAvusturya E-Mail: coop@displayeurope.eu Organizasyon Detaylar\u0131 Kurucu meclis 16 Ekim 2023 tarihinde ger\u00e7ekle\u015ftirilmi\u015ftir. Ticaret siciline 8 \u015eubat 2024 tarihinde kaydedilmi\u015ftir. Genel M\u00fcd\u00fcr Alexander Baratsits Denetim Kurulu \u00dcyeleri: Menno Weijs (Avrupa K\u00fclt\u00fcr Vakf\u0131), Vladimir Radinovi\u0107 (EMCF), Paul [&hellip;]<\/p>\n","protected":false},"author":1,"featured_media":0,"parent":0,"menu_order":0,"comment_status":"closed","ping_status":"closed","template":"","meta":{"footnotes":""},"class_list":["post-15205","page","type-page","status-publish","hentry"],"_links":{"self":[{"href":"https:\/\/archive.displayeurope.eu\/tr\/wp-json\/wp\/v2\/pages\/15205","targetHints":{"allow":["GET"]}}],"collection":[{"href":"https:\/\/archive.displayeurope.eu\/tr\/wp-json\/wp\/v2\/pages"}],"about":[{"href":"https:\/\/archive.displayeurope.eu\/tr\/wp-json\/wp\/v2\/types\/page"}],"author":[{"embeddable":true,"href":"https:\/\/archive.displayeurope.eu\/tr\/wp-json\/wp\/v2\/users\/1"}],"replies":[{"embeddable":true,"href":"https:\/\/archive.displayeurope.eu\/tr\/wp-json\/wp\/v2\/comments?post=15205"}],"version-history":[{"count":8,"href":"https:\/\/archive.displayeurope.eu\/tr\/wp-json\/wp\/v2\/pages\/15205\/revisions"}],"predecessor-version":[{"id":49174,"href":"https:\/\/archive.displayeurope.eu\/tr\/wp-json\/wp\/v2\/pages\/15205\/revisions\/49174"}],"wp:attachment":[{"href":"https:\/\/archive.displayeurope.eu\/tr\/wp-json\/wp\/v2\/media?parent=15205"}],"curies":[{"name":"wp","href":"https:\/\/api.w.org\/{rel}","templated":true}]}}