{"id":15327,"date":"2023-09-19T09:10:14","date_gmt":"2023-09-19T07:10:14","guid":{"rendered":"https:\/\/archive.displayeurope.eu\/copyleft\/"},"modified":"2024-08-29T02:07:01","modified_gmt":"2024-08-29T00:07:01","slug":"telif-hakki","status":"publish","type":"page","link":"https:\/\/archive.displayeurope.eu\/tr\/telif-hakki\/","title":{"rendered":"Telif Hakk\u0131"},"content":{"rendered":"\n<p>M\u00fcmk\u00fcn oldu\u011funca a\u00e7\u0131k olmaya \u00e7al\u0131\u015f\u0131yoruz. <a href=\"https:\/\/en.wikipedia.org\/wiki\/Copyleft\">copyleft<\/a> hareketi, geli\u015fen bir i\u015fbirli\u011fi k\u00fclt\u00fcr\u00fc ve payla\u015f\u0131m ekonomisi i\u00e7in telif haklar\u0131n\u0131n da iyi bir \u015fekilde \u00e7er\u00e7evelenebilece\u011fini kan\u0131tlam\u0131\u015ft\u0131r.<\/p>\n\n\n\n<h2 class=\"wp-block-heading\">A\u00e7\u0131k \u0130\u00e7erik<\/h2>\n\n\n\n<p>Ba\u015fkalar\u0131n\u0131n i\u00e7eri\u011fimizi yeniden kullanmas\u0131na izin veriyoruz. Display Europe i\u00e7in olu\u015fturulan orijinaller Creative Commons kapsam\u0131nda daha da geni\u015f bir \u015fekilde lisanslanm\u0131\u015ft\u0131r <a href=\"http:\/\/creativecommons.org\/licenses\/by\/4.0\/?ref=chooser-v1\" target=\"_blank\" rel=\"license noopener noreferrer\"><img loading=\"lazy\" decoding=\"async\" src=\"https:\/\/chooser-beta.creativecommons.org\/img\/cc-logo.f0ab4ebe.svg\" width=\"20\" height=\"20\" data-v-a0d4e8a8=\"\"><img loading=\"lazy\" decoding=\"async\" src=\"https:\/\/chooser-beta.creativecommons.org\/img\/cc-by.21b728bb.svg\" width=\"20\" height=\"20\" data-v-a0d4e8a8=\"\"><\/a>. \u0130\u00e7eri\u011fimizi yeniden kullan\u0131rsan\u0131z, iyi g\u00f6r\u00fcn\u00fcr eklemeniz gerekir: <a href=\"http:\/\/creativecommons.org\/licenses\/by\/4.0\/\">CC-by<\/a> <a href=\"https:\/\/archive.displayeurope.eu\">DisplayEurope<\/a><\/p>\n\n\n\n<h2 class=\"wp-block-heading\">A\u00e7\u0131k Kaynak<\/h2>\n\n\n\n<p>Teknoloji y\u0131\u011f\u0131n\u0131m\u0131z tamamen Kubernetes, Minio, Matomo, WordPress, PeerTube, Mastodon, Keycloak ve \u00e7ok daha fazlas\u0131 gibi a\u00e7\u0131k kaynakl\u0131 \u00e7er\u00e7eveler ve ara\u00e7lar \u00fczerine kuruludur.<\/p>\n\n\n\n<p>Geli\u015ftirmekte oldu\u011fumuz yaz\u0131l\u0131m, GPLv3 veya AGPLv3 a\u00e7\u0131k kaynak lisanslar\u0131 alt\u0131nda yay\u0131nlanmaktad\u0131r. Kod depolar\u0131m\u0131z <a href=\"https:\/\/git.fairkom.net\/emb\/displ.eu\">git.fairkom.net<\/a> adresinde bulunabilir.<\/p>\n\n\n\n<h2 class=\"wp-block-heading\">A\u00e7\u0131k Standartlar<\/h2>\n\n\n\n<p><a href=\"https:\/\/en.wikipedia.org\/wiki\/ActivityPub\">ActivityPub<\/a>&#8216;\u0131 interaktif medya i\u00e7in fiili standart olarak kullan\u0131yoruz ve WordPress sendikasyonu, PeerTube federasyonu ve Mastodon da\u011f\u0131t\u0131lm\u0131\u015f sosyal medya i\u00e7in konu\u015fland\u0131rd\u0131k. Hen\u00fcz ActivityPub ile federasyon kuramayan i\u00e7erik ortaklar\u0131ndan RSS beslemelerine abone oluyoruz.<\/p>\n\n\n\n<h2 class=\"wp-block-heading\">A\u00e7\u0131k Yapay Zeka<\/h2>\n\n\n\n<p>Yapay Zeka ara\u00e7lar\u0131ndan yararlan\u0131rken her zaman a\u00e7\u0131k kaynakl\u0131 modelleri tercih edece\u011fiz.<\/p>\n\n\n\n<h2 class=\"wp-block-heading\">A\u00e7\u0131k Y\u00f6neti\u015fim<\/h2>\n\n\n\n<p>Display Europe kar amac\u0131 g\u00fctmeyen bir kooperatife aittir. Sadece i\u00e7erik ortaklar\u0131 de\u011fil, kullan\u0131c\u0131lar\u0131m\u0131z bile \u00fcye olabilir ve b\u00f6ylece karar alma s\u00fcre\u00e7lerine kat\u0131labilirler.<\/p>\n","protected":false},"excerpt":{"rendered":"<p>M\u00fcmk\u00fcn oldu\u011funca a\u00e7\u0131k olmaya \u00e7al\u0131\u015f\u0131yoruz. copyleft hareketi, geli\u015fen bir i\u015fbirli\u011fi k\u00fclt\u00fcr\u00fc ve payla\u015f\u0131m ekonomisi i\u00e7in telif haklar\u0131n\u0131n da iyi bir \u015fekilde \u00e7er\u00e7evelenebilece\u011fini kan\u0131tlam\u0131\u015ft\u0131r. A\u00e7\u0131k \u0130\u00e7erik Ba\u015fkalar\u0131n\u0131n i\u00e7eri\u011fimizi yeniden kullanmas\u0131na izin veriyoruz. Display Europe i\u00e7in olu\u015fturulan orijinaller Creative Commons kapsam\u0131nda daha da geni\u015f bir \u015fekilde lisanslanm\u0131\u015ft\u0131r . \u0130\u00e7eri\u011fimizi yeniden kullan\u0131rsan\u0131z, iyi g\u00f6r\u00fcn\u00fcr eklemeniz gerekir: CC-by DisplayEurope [&hellip;]<\/p>\n","protected":false},"author":1,"featured_media":0,"parent":0,"menu_order":0,"comment_status":"closed","ping_status":"closed","template":"","meta":{"footnotes":""},"class_list":["post-15327","page","type-page","status-publish","hentry"],"_links":{"self":[{"href":"https:\/\/archive.displayeurope.eu\/tr\/wp-json\/wp\/v2\/pages\/15327","targetHints":{"allow":["GET"]}}],"collection":[{"href":"https:\/\/archive.displayeurope.eu\/tr\/wp-json\/wp\/v2\/pages"}],"about":[{"href":"https:\/\/archive.displayeurope.eu\/tr\/wp-json\/wp\/v2\/types\/page"}],"author":[{"embeddable":true,"href":"https:\/\/archive.displayeurope.eu\/tr\/wp-json\/wp\/v2\/users\/1"}],"replies":[{"embeddable":true,"href":"https:\/\/archive.displayeurope.eu\/tr\/wp-json\/wp\/v2\/comments?post=15327"}],"version-history":[{"count":3,"href":"https:\/\/archive.displayeurope.eu\/tr\/wp-json\/wp\/v2\/pages\/15327\/revisions"}],"predecessor-version":[{"id":47126,"href":"https:\/\/archive.displayeurope.eu\/tr\/wp-json\/wp\/v2\/pages\/15327\/revisions\/47126"}],"wp:attachment":[{"href":"https:\/\/archive.displayeurope.eu\/tr\/wp-json\/wp\/v2\/media?parent=15327"}],"curies":[{"name":"wp","href":"https:\/\/api.w.org\/{rel}","templated":true}]}}