{"id":15400,"date":"2023-12-07T17:22:07","date_gmt":"2023-12-07T16:22:07","guid":{"rendered":"https:\/\/archive.displayeurope.eu\/medya-ortagi-olun\/"},"modified":"2024-09-25T08:01:01","modified_gmt":"2024-09-25T06:01:01","slug":"bize-katilin","status":"publish","type":"page","link":"https:\/\/archive.displayeurope.eu\/tr\/bize-katilin\/","title":{"rendered":"Bize kat\u0131l\u0131n"},"content":{"rendered":"\n<h1 class=\"wp-block-heading\">Display Europe a\u011f\u0131na kat\u0131l\u0131n!<\/h1>\n\n<p>Ba\u011f\u0131ms\u0131z bir medya kurulu\u015fu ya da bir topluluk medya organizasyonuysan\u0131z ve haber ve programlar\u0131n\u0131z Avrupa ve Avrupal\u0131lar \u00fczerine odaklan\u0131yorsa, a\u011f\u0131m\u0131za kat\u0131labilirsiniz! L\u00fctfen a\u015fa\u011f\u0131daki formu doldurun ve bize i\u00e7eri\u011finizin RSS Beslemesini sa\u011flay\u0131n; makaleleriniz, podcast&#8217;leriniz ve video programlar\u0131n\u0131z Display Europe platformunda ke\u015ffedilebilir olacakt\u0131r.<\/p>\n\n<p>A\u011f\u0131m\u0131z hakk\u0131nda ba\u015fka sorular\u0131n\u0131z varsa l\u00fctfen <a href=\"mailto:partner@displayeurope.eu\">partner@displayeurope.eu<\/a> adresinden bize yaz\u0131n <a href=\"mailto:partner@displayeurope.eu\">.<\/a><\/p>\n\n<h2 class=\"wp-block-heading\">\u00a0<\/h2>\n\n<h2 class=\"wp-block-heading\"><strong>Portalda hangi makalelere yer verece\u011fimizi nas\u0131l se\u00e7iyoruz?<\/strong><\/h2>\n\n<p>Edit\u00f6r ekibimiz, g\u00f6revleri ortaklar taraf\u0131ndan incelenmek ve yay\u0131nlanmak \u00fczere g\u00f6nderilen makaleleri se\u00e7mek olan topluluk edit\u00f6rlerinden olu\u015fmaktad\u0131r. G\u00f6nderilen t\u00fcm makalelere ayn\u0131 sayg\u0131yla yakla\u015f\u0131rlar. Makaleler, Topluluk Edit\u00f6rleri i\u00e7in \u00f6nceden tan\u0131mlanm\u0131\u015f bir dizi editoryal k\u0131lavuz arac\u0131l\u0131\u011f\u0131yla se\u00e7ilir. Bu y\u00f6nergeleri buradan okuyabilirsiniz:<\/p>\n\n<ul class=\"wp-block-list\">\n<li><a href=\"https:\/\/archive.displayeurope.eu\/wp-content\/uploads\/2024\/05\/Guidelines-for-Community-Editors-of-the-Display-Europe.pdf\">Display Europe topluluk edit\u00f6rleri i\u00e7in k\u0131lavuz ilkeler<\/a><\/li>\n<\/ul>\n\n<p>Portalda yer almak \u00fczere bir makale g\u00f6ndermek isterseniz, l\u00fctfen <a href=\"mailto:contact@displayeurope.eu\">contact@displayeurope.eu<\/a> adresinden edit\u00f6r ekibimize yaz\u0131n <a href=\"mailto:contact@displayeurope.eu\">.<\/a><\/p>\n\n<h2 class=\"wp-block-heading\">\u00a0<\/h2>\n\n<h2 class=\"wp-block-heading\"><strong>Display Europe Co-op&#8217;a kat\u0131l\u0131n<\/strong><\/h2>\n\n<p>Display Europe ekibine kat\u0131lmak ve Display Europe platformunun gelece\u011fini \u015fekillendirmek istiyorsan\u0131z, bunu kooperatifimize \u00fcye olarak yapabilirsiniz. Display Europe kooperatifi Avusturya&#8217;da kar amac\u0131 g\u00fctmeyen bir medya kooperatifi olarak kurulmu\u015ftur. Daha fazla bilgi edinmek isterseniz l\u00fctfen <a href=\"mailto:coop@displayeurope.eu\">coop@displayeurope.eu<\/a> adresinden bizimle ileti\u015fime ge\u00e7in <a href=\"mailto:coop@displayeurope.eu\">.<\/a><\/p>\n\n<div style=\"height:100px\" aria-hidden=\"true\" class=\"wp-block-spacer\"><\/div>\n   <form method=\"post\" class=\"customform\">\n    <h3>Apply with your Organization<\/h3>\n    <div class=\"input-field\">\n        <label for=\"medianame\">* Organization:<\/label>\n        <input\n            type=\"text\"\n            id=\"medianame\"\n            name=\"medianame\"\n            placeholder=\"Organization Name\"\n            value=\"\"\n            required\n        >\n    <\/div>\n    <div class=\"input-field\">\n        <label for=\"contact_person\">* Contact person:<\/label>\n        <input\n            type=\"text\"\n            id=\"contact_person\"\n            name=\"contact_person\"\n            placeholder=\"Contact Name\"\n            value=\"\"\n            required\n        >\n    <\/div>\n    <div class=\"input-field\">\n        <label for=\"contact_email\">* Contact Email:<\/label>\n        <input\n            type=\"email\"\n            id=\"contact_email\"\n            name=\"contact_email\"\n            placeholder=\"you@yourcompany.org\"\n            value=\"\"\n            required\n        >\n    <\/div>\n    <div class=\"input-field\">\n        <label for=\"country\">* Country:<\/label>\n        <select\n            id=\"country\"\n            name=\"country\"\n            required\n        >\n            <option value=\"\">Please select<\/option>\n                            <option value=\"AL\">Albania<\/option>\n                            <option value=\"AD\">Andorra<\/option>\n                            <option value=\"AT\">Austria<\/option>\n                            <option value=\"BY\">Belarus<\/option>\n                            <option value=\"BE\">Belgium<\/option>\n                            <option value=\"BA\">Bosnia and Herzegovina<\/option>\n                            <option value=\"BG\">Bulgaria<\/option>\n                            <option value=\"HR\">Croatia<\/option>\n                            <option value=\"CY\">Cyprus<\/option>\n                            <option value=\"CZ\">Czech Republic<\/option>\n                            <option value=\"DK\">Denmark<\/option>\n                            <option value=\"EE\">Estonia<\/option>\n                            <option value=\"FI\">Finland<\/option>\n                            <option value=\"FR\">France<\/option>\n                            <option value=\"DE\">Germany<\/option>\n                            <option value=\"GR\">Greece<\/option>\n                            <option value=\"HU\">Hungary<\/option>\n                            <option value=\"IS\">Iceland<\/option>\n                            <option value=\"IE\">Ireland<\/option>\n                            <option value=\"IT\">Italy<\/option>\n                            <option value=\"XK\">Kosovo<\/option>\n                            <option value=\"LV\">Latvia<\/option>\n                            <option value=\"LI\">Liechtenstein<\/option>\n                            <option value=\"LT\">Lithuania<\/option>\n                            <option value=\"LU\">Luxembourg<\/option>\n                            <option value=\"MT\">Malta<\/option>\n                            <option value=\"MD\">Moldova<\/option>\n                            <option value=\"MC\">Monaco<\/option>\n                            <option value=\"ME\">Montenegro<\/option>\n                            <option value=\"NL\">Netherlands<\/option>\n                            <option value=\"MK\">North Macedonia<\/option>\n                            <option value=\"NO\">Norway<\/option>\n                            <option value=\"PL\">Poland<\/option>\n                            <option value=\"PT\">Portugal<\/option>\n                            <option value=\"RO\">Romania<\/option>\n                            <option value=\"RU\">Russia<\/option>\n                            <option value=\"SM\">San Marino<\/option>\n                            <option value=\"RS\">Serbia<\/option>\n                            <option value=\"SK\">Slovakia<\/option>\n                            <option value=\"SI\">Slovenia<\/option>\n                            <option value=\"ES\">Spain<\/option>\n                            <option value=\"SE\">Sweden<\/option>\n                            <option value=\"CH\">Switzerland<\/option>\n                            <option value=\"UA\">Ukraine<\/option>\n                            <option value=\"GB\">United Kingdom<\/option>\n                            <option value=\"VA\">Vatican City<\/option>\n                    <\/select>\n    <\/div>\n    <div class=\"input-field\">\n        <label for=\"link\">* Link:<\/label>\n        <input\n            type=\"text\"\n            id=\"link\"\n            name=\"link\"\n            placeholder=\"Your Site-URL \/ RSS-Feed\"\n            value=\"\"\n            required\n        >\n    <\/div>\n    <div class=\"input-field\">\n        <div class=\"checkbox-group\">\n            <label>* Media Type:<\/label>\n            <label><input type=\"checkbox\" name=\"choices[]\" value=\"Audio\"> Audio<\/label>\n            <label><input type=\"checkbox\" name=\"choices[]\" value=\"Video\"> Video<\/label>\n            <label><input type=\"checkbox\" name=\"choices[]\" value=\"Text\"> Text<\/label>\n        <\/div>\n        <small>\n            The types of media you plan to publish with Display Europe        <\/small>\n    <\/div>\n    <div class=\"input-field\">\n        <label for=\"comments\">Comments &amp; Questions:<\/label>\n        <textarea\n            id=\"comments\"\n            name=\"comments\"\n            rows=\"8\"\n        ><\/textarea>\n    <\/div>\n    <div class=\"input-field\">\n        <label>\n            <input\n                type=\"checkbox\"\n                name=\"accept\"\n                value=\"1\"\n                required\n            >\n            I accept the            <a\n                href=\"https:\/\/displayeurope.eu\/wp-content\/uploads\/2024\/04\/DisplayEurope_UserAgreementPartners_EN.pdf\"\n                target=\"_blank\">\n                terms & conditions.            <\/a>\n        <\/label>\n    <\/div>\n\n    <div class=\"input-group\">\n        <div class=\"input-field\">\n            <input\n                type=\"submit\"\n                name=\"custom_form_submit\"\n                value=Send            >\n        <\/div>\n        <div class=\"input-field\">\n            <div class=\"frc-captcha\" data-sitekey=\"FCMQUN6I5B87NIU7\"><\/div>\n        <\/div>\n    <\/div>\n    <small>* Required<\/small>\n\n    <script\n        type=\"module\"\n        src=\"https:\/\/archive.displayeurope.eu\/wp-content\/plugins\/customforms\/public\/js\/widget.module.min.js\"\n        async defer\n    ><\/script>\n    <script nomodule src=\"https:\/\/archive.displayeurope.eu\/wp-content\/plugins\/customforms\/public\/js\/widget.min.js\" async defer><\/script>\n<\/form>\n\n    \n","protected":false},"excerpt":{"rendered":"<p>Display Europe a\u011f\u0131na kat\u0131l\u0131n! Ba\u011f\u0131ms\u0131z bir medya kurulu\u015fu ya da bir topluluk medya organizasyonuysan\u0131z ve haber ve programlar\u0131n\u0131z Avrupa ve Avrupal\u0131lar \u00fczerine odaklan\u0131yorsa, a\u011f\u0131m\u0131za kat\u0131labilirsiniz! L\u00fctfen a\u015fa\u011f\u0131daki formu doldurun ve bize i\u00e7eri\u011finizin RSS Beslemesini sa\u011flay\u0131n; makaleleriniz, podcast&#8217;leriniz ve video programlar\u0131n\u0131z Display Europe platformunda ke\u015ffedilebilir olacakt\u0131r. A\u011f\u0131m\u0131z hakk\u0131nda ba\u015fka sorular\u0131n\u0131z varsa l\u00fctfen partner@displayeurope.eu adresinden bize yaz\u0131n [&hellip;]<\/p>\n","protected":false},"author":35,"featured_media":0,"parent":0,"menu_order":0,"comment_status":"closed","ping_status":"closed","template":"","meta":{"footnotes":""},"class_list":["post-15400","page","type-page","status-publish","hentry"],"_links":{"self":[{"href":"https:\/\/archive.displayeurope.eu\/tr\/wp-json\/wp\/v2\/pages\/15400","targetHints":{"allow":["GET"]}}],"collection":[{"href":"https:\/\/archive.displayeurope.eu\/tr\/wp-json\/wp\/v2\/pages"}],"about":[{"href":"https:\/\/archive.displayeurope.eu\/tr\/wp-json\/wp\/v2\/types\/page"}],"author":[{"embeddable":true,"href":"https:\/\/archive.displayeurope.eu\/tr\/wp-json\/wp\/v2\/users\/35"}],"replies":[{"embeddable":true,"href":"https:\/\/archive.displayeurope.eu\/tr\/wp-json\/wp\/v2\/comments?post=15400"}],"version-history":[{"count":3,"href":"https:\/\/archive.displayeurope.eu\/tr\/wp-json\/wp\/v2\/pages\/15400\/revisions"}],"predecessor-version":[{"id":49824,"href":"https:\/\/archive.displayeurope.eu\/tr\/wp-json\/wp\/v2\/pages\/15400\/revisions\/49824"}],"wp:attachment":[{"href":"https:\/\/archive.displayeurope.eu\/tr\/wp-json\/wp\/v2\/media?parent=15400"}],"curies":[{"name":"wp","href":"https:\/\/api.w.org\/{rel}","templated":true}]}}