{"id":16431,"date":"2023-05-18T09:40:46","date_gmt":"2023-05-18T07:40:46","guid":{"rendered":"https:\/\/archive.displayeurope.eu\/ev\/"},"modified":"2024-08-28T15:04:28","modified_gmt":"2024-08-28T13:04:28","slug":"ev","status":"publish","type":"page","link":"https:\/\/archive.displayeurope.eu\/tr\/","title":{"rendered":"Ev"},"content":{"rendered":"\r\n\t<div class=\"post-list\">\r\n\r\n\t\t\r\n\r\n\t\t\r\n\t\t\t<div class=\"post-item post-item-eayxfvdhdab4ari457n5iy4nnhm\">\r\n\t\t\t\t<div class=\"thumbnail-wrapper\">\r\n\t\t\t\t\t<a href=\"https:\/\/archive.displayeurope.eu\/tr\/preview\/eayxfvdhdab4ari457n5iy4nnhm-secim-gunu-yaklasirken-almanyanin-asiri-sagci-guvenlik-duvari-titriyor-ama-saglam-duruyor\/\">\r\n\t\t\t\t\t\t<img decoding=\"async\" class=\"thumbnail-image\" src=\"https:\/\/voxeurop.eu\/wp-content\/uploads\/2025\/02\/voxeurop-germany-Rahma.png\">\r\n\t\t\t\t\t<\/a>\r\n\t\t\t\t<\/div>\r\n\t\t\t\t<div class=\"post-content\">\r\n\t\t\t\t\t<div class=\"author-meta\">\r\n\t\t\t\t\t\t\r\n\t\t\t\t\t\t\t\t\t\t\t\t\t\t<a target=\"_blank\" href=\"https:\/\/archive.displayeurope.eu\/tr\/authors\/voxeurop\/\">\r\n\t\t\t\t\t\t\t\r\n\t\t\t\t\t\t\t\t\t\t\t\t\t\t\t<img decoding=\"async\" class=\"author-image-in-list\" src=\"https:\/\/archive.displayeurope.eu\/wp-content\/uploads\/2023\/12\/Logo_actuel_de_Voxeurop.png\" alt=\"Voxeurop\">\r\n\t\t\t\t\t\t\t\r\n\t\t\t\t\t\t\t\t\t\t\t\t\t\t<\/a>\r\n\t\t\t\t\t\t\t\r\n\t\t\t\t\t\t\r\n\t\t\t\t\t\t\t\t\t\t\t\t\t<span class=\"origin-badge origin-badge-federated\">Federatif i\u00e7erik<\/span>\r\n\t\t\t\t\t\t\t\t\t\t\t<\/div>\r\n\t\t\t\t\t<h2 class=\"post-title\"><a href=\"https:\/\/archive.displayeurope.eu\/tr\/preview\/eayxfvdhdab4ari457n5iy4nnhm-secim-gunu-yaklasirken-almanyanin-asiri-sagci-guvenlik-duvari-titriyor-ama-saglam-duruyor\/\">Se\u00e7im g\u00fcn\u00fc yakla\u015f\u0131rken Almanya'n\u0131n a\u015f\u0131r\u0131 sa\u011fc\u0131 g\u00fcvenlik duvar\u0131 titriyor ama sa\u011flam duruyor<\/a><\/h2>\r\n\t\t\t\t\t<div class=\"post-excerpt\">\r\n\t\t\t\t\t\t\"E\u011fer buna yeniden g\u00f6\u00e7 denecekse, bu yeniden entegrasyon anlam\u0131na gelecektir,\" diyen Alice Weidel Ocak ay\u0131 ba\u015f\u0131nda Riesa'daki AfD parti konferans\u0131nda co\u015fkulu alk\u0131\u015flarla kar\u015f\u0131land\u0131 - ayn\u0131 terimin Almanya'da \u015fok dalgalar\u0131 yaratmas\u0131ndan sadece bir y\u0131l sonra. Weidel, AfD'nin 2013'te kurulmas\u0131ndan bu yana ba\u015fbakanl\u0131k i\u00e7in g\u00f6sterdi\u011fi ilk aday; partinin \u015fu anda y\u00fczde 20,8 oy oran\u0131na sahip oldu\u011fu d\u00fc\u015f\u00fcn\u00fcld\u00fc\u011f\u00fcnde&hellip;\t\t\t\t\t<\/div>\r\n\t\t\t\t\t<div class=\"post-meta\">\r\n\t\t\t\t\t\t<span class=\"post-date\">\r\n\t\t\t\t\t\t\t17 February, 2025\t\t\t\t\t\t<\/span>\r\n\r\n\t\t\t\t\t\t<div class=\"post-icons\">\r\n\t\t\t\t\t\t\t\t\t\t\t\t\t\t\t\t\t\t\t\t<\/div>\r\n\t\t\t\t\t<\/div>\r\n\t\t\t\t<\/div>\r\n\t\t\t<\/div>\r\n\r\n\t\t\r\n\t\t\t<div class=\"post-item post-item-eayxdeagmuyyqrpfqvxmcupvsso\">\r\n\t\t\t\t<div class=\"thumbnail-wrapper\">\r\n\t\t\t\t\t<a href=\"https:\/\/archive.displayeurope.eu\/tr\/preview\/eayxdeagmuyyqrpfqvxmcupvsso-avrupa-abdnin-buyuk-teknoloji-juggernautuna-karsi-durabilir-mi\/\">\r\n\t\t\t\t\t\t<img decoding=\"async\" class=\"thumbnail-image\" src=\"https:\/\/voxeurop.eu\/wp-content\/uploads\/2025\/02\/Nardi-Maga-Europe.png\">\r\n\t\t\t\t\t<\/a>\r\n\t\t\t\t<\/div>\r\n\t\t\t\t<div class=\"post-content\">\r\n\t\t\t\t\t<div class=\"author-meta\">\r\n\t\t\t\t\t\t\r\n\t\t\t\t\t\t\t\t\t\t\t\t\t\t<a target=\"_blank\" href=\"https:\/\/archive.displayeurope.eu\/tr\/authors\/voxeurop\/\">\r\n\t\t\t\t\t\t\t\r\n\t\t\t\t\t\t\t\t\t\t\t\t\t\t\t<img decoding=\"async\" class=\"author-image-in-list\" src=\"https:\/\/archive.displayeurope.eu\/wp-content\/uploads\/2023\/12\/Logo_actuel_de_Voxeurop.png\" alt=\"Voxeurop\">\r\n\t\t\t\t\t\t\t\r\n\t\t\t\t\t\t\t\t\t\t\t\t\t\t<\/a>\r\n\t\t\t\t\t\t\t\r\n\t\t\t\t\t\t\r\n\t\t\t\t\t\t\t\t\t\t\t\t\t<span class=\"origin-badge origin-badge-federated\">Federatif i\u00e7erik<\/span>\r\n\t\t\t\t\t\t\t\t\t\t\t<\/div>\r\n\t\t\t\t\t<h2 class=\"post-title\"><a href=\"https:\/\/archive.displayeurope.eu\/tr\/preview\/eayxdeagmuyyqrpfqvxmcupvsso-avrupa-abdnin-buyuk-teknoloji-juggernautuna-karsi-durabilir-mi\/\">Avrupa, ABD'nin b\u00fcy\u00fck teknoloji juggernaut'una kar\u015f\u0131 durabilir mi?<\/a><\/h2>\r\n\t\t\t\t\t<div class=\"post-excerpt\">\r\n\t\t\t\t\t\tSosyal a\u011f X'in (Tesla ve SpaceX'in yan\u0131 s\u0131ra) patronu Elon Musk'\u0131n tekrarlanan m\u00fcdahaleleri zor sorular\u0131 g\u00fcndeme getiriyor. Avrupa'n\u0131n kamusal tart\u0131\u015fmalar\u0131 ve se\u00e7imleri yabanc\u0131 dezenformasyon belas\u0131ndan kurtulabilecek mi? Ve \u015fimdi Musk'a \u00c7inlilerin sahip oldu\u011fu TikTok ve Mark Zuckerberg taraf\u0131ndan kontrol edilen ve Facebook, Instagram, WhatsApp ve Threads'i b\u00fcnyesinde bar\u0131nd\u0131ran Meta da kat\u0131ld\u0131 . Amerikal\u0131 k\u00f6\u015fe yazar\u0131&hellip;\t\t\t\t\t<\/div>\r\n\t\t\t\t\t<div class=\"post-meta\">\r\n\t\t\t\t\t\t<span class=\"post-date\">\r\n\t\t\t\t\t\t\t15 February, 2025\t\t\t\t\t\t<\/span>\r\n\r\n\t\t\t\t\t\t<div class=\"post-icons\">\r\n\t\t\t\t\t\t\t\t\t\t\t\t\t\t\t\t\t\t\t\t<\/div>\r\n\t\t\t\t\t<\/div>\r\n\t\t\t\t<\/div>\r\n\t\t\t<\/div>\r\n\r\n\t\t\r\n\t\t\t<div class=\"post-item post-item-eayw6dsd66slarnibq2iytafyzi\">\r\n\t\t\t\t<div class=\"thumbnail-wrapper\">\r\n\t\t\t\t\t<a href=\"https:\/\/archive.displayeurope.eu\/tr\/preview\/eayw6dsd66slarnibq2iytafyzi-hanna-perekhoda-ukraynadaki-ozgurluk-mucadelesi-fasist-guclere-karsi-verilen-kuresel-mucadeleyle-yakindan-baglantilidir\/\">\r\n\t\t\t\t\t\t<img decoding=\"async\" class=\"thumbnail-image\" src=\"https:\/\/voxeurop.eu\/wp-content\/uploads\/2025\/02\/Hanna-Perekhoda-4.png\">\r\n\t\t\t\t\t<\/a>\r\n\t\t\t\t<\/div>\r\n\t\t\t\t<div class=\"post-content\">\r\n\t\t\t\t\t<div class=\"author-meta\">\r\n\t\t\t\t\t\t\r\n\t\t\t\t\t\t\t\t\t\t\t\t\t\t<a target=\"_blank\" href=\"https:\/\/archive.displayeurope.eu\/tr\/authors\/voxeurop\/\">\r\n\t\t\t\t\t\t\t\r\n\t\t\t\t\t\t\t\t\t\t\t\t\t\t\t<img decoding=\"async\" class=\"author-image-in-list\" src=\"https:\/\/archive.displayeurope.eu\/wp-content\/uploads\/2023\/12\/Logo_actuel_de_Voxeurop.png\" alt=\"Voxeurop\">\r\n\t\t\t\t\t\t\t\r\n\t\t\t\t\t\t\t\t\t\t\t\t\t\t<\/a>\r\n\t\t\t\t\t\t\t\r\n\t\t\t\t\t\t\r\n\t\t\t\t\t\t\t\t\t\t\t\t\t<span class=\"origin-badge origin-badge-federated\">Federatif i\u00e7erik<\/span>\r\n\t\t\t\t\t\t\t\t\t\t\t<\/div>\r\n\t\t\t\t\t<h2 class=\"post-title\"><a href=\"https:\/\/archive.displayeurope.eu\/tr\/preview\/eayw6dsd66slarnibq2iytafyzi-hanna-perekhoda-ukraynadaki-ozgurluk-mucadelesi-fasist-guclere-karsi-verilen-kuresel-mucadeleyle-yakindan-baglantilidir\/\">Hanna Perekhoda: 'Ukrayna'daki \u00f6zg\u00fcrl\u00fck m\u00fccadelesi fa\u015fist g\u00fc\u00e7lere kar\u015f\u0131 verilen k\u00fcresel m\u00fccadeleyle yak\u0131ndan ba\u011flant\u0131l\u0131d\u0131r'<\/a><\/h2>\r\n\t\t\t\t\t<div class=\"post-excerpt\">\r\n\t\t\t\t\t\tHanna Perekhoda, Lozan \u00dcniversitesi - Siyasal \u00c7al\u0131\u015fmalar Enstit\u00fcs\u00fc veUluslararas\u0131 Tarih ve K\u00fcreselle\u015fme Siyasal \u00c7al\u0131\u015fmalar Merkezi'nde tarih\u00e7i ve ara\u015ft\u0131rmac\u0131 olarak g\u00f6rev yapmakta olup, Rusya \u0130mparatorlu\u011fu ve Sovyetler Birli\u011fi ba\u011flam\u0131nda milliyet\u00e7ilik konusunda uzmanla\u015fm\u0131\u015ft\u0131r. Doktora ara\u015ft\u0131rmas\u0131, Bol\u015feviklerin 1917 ve 1920'ler aras\u0131nda Ukrayna'daki siyasi stratejilerini incelemektedir. Perekhoda ayr\u0131ca, Rus devlet ideolojisinde Ukrayna'n\u0131n rol\u00fcne \u00f6zel olarak odaklanarak, Rus siyasi tahayy\u00fcl\u00fcn\u00fcn&hellip;\t\t\t\t\t<\/div>\r\n\t\t\t\t\t<div class=\"post-meta\">\r\n\t\t\t\t\t\t<span class=\"post-date\">\r\n\t\t\t\t\t\t\t11 February, 2025\t\t\t\t\t\t<\/span>\r\n\r\n\t\t\t\t\t\t<div class=\"post-icons\">\r\n\t\t\t\t\t\t\t\t\t\t\t\t\t\t\t\t\t\t\t\t<\/div>\r\n\t\t\t\t\t<\/div>\r\n\t\t\t\t<\/div>\r\n\t\t\t<\/div>\r\n\r\n\t\t\r\n\t\t\t<div class=\"post-item post-item-eayw43fil2nzqrmzlqo435k24ha\">\r\n\t\t\t\t<div class=\"thumbnail-wrapper\">\r\n\t\t\t\t\t<a href=\"https:\/\/archive.displayeurope.eu\/tr\/preview\/eayw43fil2nzqrmzlqo435k24ha-savasanlar-ve-savasmayanlar-cepheye-cagrilan-ukraynalilar-ve-rusyadaki-putin-kusagi\/\">\r\n\t\t\t\t\t\t<img decoding=\"async\" class=\"thumbnail-image\" src=\"https:\/\/voxeurop.eu\/wp-content\/uploads\/2025\/02\/RUSSIA-UKRAINE-MOV-1-4.jpg\">\r\n\t\t\t\t\t<\/a>\r\n\t\t\t\t<\/div>\r\n\t\t\t\t<div class=\"post-content\">\r\n\t\t\t\t\t<div class=\"author-meta\">\r\n\t\t\t\t\t\t\r\n\t\t\t\t\t\t\t\t\t\t\t\t\t\t<a target=\"_blank\" href=\"https:\/\/archive.displayeurope.eu\/tr\/authors\/voxeurop\/\">\r\n\t\t\t\t\t\t\t\r\n\t\t\t\t\t\t\t\t\t\t\t\t\t\t\t<img decoding=\"async\" class=\"author-image-in-list\" src=\"https:\/\/archive.displayeurope.eu\/wp-content\/uploads\/2023\/12\/Logo_actuel_de_Voxeurop.png\" alt=\"Voxeurop\">\r\n\t\t\t\t\t\t\t\r\n\t\t\t\t\t\t\t\t\t\t\t\t\t\t<\/a>\r\n\t\t\t\t\t\t\t\r\n\t\t\t\t\t\t\r\n\t\t\t\t\t\t\t\t\t\t\t\t\t<span class=\"origin-badge origin-badge-federated\">Federatif i\u00e7erik<\/span>\r\n\t\t\t\t\t\t\t\t\t\t\t<\/div>\r\n\t\t\t\t\t<h2 class=\"post-title\"><a href=\"https:\/\/archive.displayeurope.eu\/tr\/preview\/eayw43fil2nzqrmzlqo435k24ha-savasanlar-ve-savasmayanlar-cepheye-cagrilan-ukraynalilar-ve-rusyadaki-putin-kusagi\/\">Sava\u015fanlar ve sava\u015fmayanlar: Cepheye \u00e7a\u011fr\u0131lan Ukraynal\u0131lar ve Rusya'daki \"Putin Ku\u015fa\u011f\u0131\"<\/a><\/h2>\r\n\t\t\t\t\t<div class=\"post-excerpt\">\r\n\t\t\t\t\t\tS\u00fcrg\u00fcndeki ba\u011f\u0131ms\u0131z Rus gazetesi Meduza uzun bir makale (orjinali Rus\u00e7a bir b\u00fclten olan Signal'da yay\u0131nland\u0131) \"re\u015fit oldular ve \u015fimdi Rusya'da Vladimir Putin'den sonra gelecekleri miras alacak gen\u00e7 yeti\u015fkinler grubunu olu\u015fturuyorlar\". Bu grup, bas\u0131n taraf\u0131ndan \"Putin Ku\u015fa\u011f\u0131\" olarak adland\u0131r\u0131lan ve Rus liderin 1999'dan bu yana, toplam 26 y\u0131ld\u0131r iktidarda oldu\u011fu d\u00fc\u015f\u00fcn\u00fcld\u00fc\u011f\u00fcnde belki de uygunsuz olan bir&hellip;\t\t\t\t\t<\/div>\r\n\t\t\t\t\t<div class=\"post-meta\">\r\n\t\t\t\t\t\t<span class=\"post-date\">\r\n\t\t\t\t\t\t\t10 February, 2025\t\t\t\t\t\t<\/span>\r\n\r\n\t\t\t\t\t\t<div class=\"post-icons\">\r\n\t\t\t\t\t\t\t\t\t\t\t\t\t\t\t\t\t\t\t\t<\/div>\r\n\t\t\t\t\t<\/div>\r\n\t\t\t\t<\/div>\r\n\t\t\t<\/div>\r\n\r\n\t\t\r\n\t\t\t<div class=\"post-item post-item-eayw42hwmynzarwlsnjj6rxd4uo\">\r\n\t\t\t\t<div class=\"thumbnail-wrapper\">\r\n\t\t\t\t\t<a href=\"https:\/\/archive.displayeurope.eu\/tr\/preview\/eayw42hwmynzarwlsnjj6rxd4uo-andrei-kurkov-ukraynanin-rusyadan-farkli-oldugunu-gostermek-icin-bir-savasa-ihtiyacimiz-vardi\/\">\r\n\t\t\t\t\t\t<img decoding=\"async\" class=\"thumbnail-image\" src=\"https:\/\/voxeurop.eu\/wp-content\/uploads\/2025\/02\/Kurkov-Ferrara-3.jpg\">\r\n\t\t\t\t\t<\/a>\r\n\t\t\t\t<\/div>\r\n\t\t\t\t<div class=\"post-content\">\r\n\t\t\t\t\t<div class=\"author-meta\">\r\n\t\t\t\t\t\t\r\n\t\t\t\t\t\t\t\t\t\t\t\t\t\t<a target=\"_blank\" href=\"https:\/\/archive.displayeurope.eu\/tr\/authors\/voxeurop\/\">\r\n\t\t\t\t\t\t\t\r\n\t\t\t\t\t\t\t\t\t\t\t\t\t\t\t<img decoding=\"async\" class=\"author-image-in-list\" src=\"https:\/\/archive.displayeurope.eu\/wp-content\/uploads\/2023\/12\/Logo_actuel_de_Voxeurop.png\" alt=\"Voxeurop\">\r\n\t\t\t\t\t\t\t\r\n\t\t\t\t\t\t\t\t\t\t\t\t\t\t<\/a>\r\n\t\t\t\t\t\t\t\r\n\t\t\t\t\t\t\r\n\t\t\t\t\t\t\t\t\t\t\t\t\t<span class=\"origin-badge origin-badge-federated\">Federatif i\u00e7erik<\/span>\r\n\t\t\t\t\t\t\t\t\t\t\t<\/div>\r\n\t\t\t\t\t<h2 class=\"post-title\"><a href=\"https:\/\/archive.displayeurope.eu\/tr\/preview\/eayw42hwmynzarwlsnjj6rxd4uo-andrei-kurkov-ukraynanin-rusyadan-farkli-oldugunu-gostermek-icin-bir-savasa-ihtiyacimiz-vardi\/\">Andrei Kurkov: 'Ukrayna'n\u0131n Rusya'dan farkl\u0131 oldu\u011funu g\u00f6stermek i\u00e7in bir sava\u015fa ihtiyac\u0131m\u0131z vard\u0131'<\/a><\/h2>\r\n\t\t\t\t\t<div class=\"post-excerpt\">\r\n\t\t\t\t\t\tAndrei Kurkov (d. 1961) Ukrayna'n\u0131n en \u00fcretken ve eklektik yazarlar\u0131ndan biridir. Ukrayna'n\u0131n yak\u0131n tarihiyle ba\u011flant\u0131l\u0131 \u00e7e\u015fitli temalar\u0131 ele alm\u0131\u015ft\u0131r -&nbsp;\u00f6zellikle 2004 Turuncu devriminden sonra, Sovyetler Birli\u011fi'nin \u00e7\u00f6k\u00fc\u015f\u00fcn\u00fc takip eden y\u0131llarda ge\u00e7en, baz\u0131lar\u0131 neredeyse ger\u00e7ek\u00fcst\u00fc olan birka\u00e7 gerilim \u00f6yk\u00fcs\u00fcn\u00fcn yan\u0131 s\u0131ra En \u00fcnl\u00fc roman\u0131 Death and the Penguin (Vintage Publishing, 2002) . Ukrayna G\u00fcnl\u00fckleri (Vintage Yay\u0131nc\u0131l\u0131k,&hellip;\t\t\t\t\t<\/div>\r\n\t\t\t\t\t<div class=\"post-meta\">\r\n\t\t\t\t\t\t<span class=\"post-date\">\r\n\t\t\t\t\t\t\t10 February, 2025\t\t\t\t\t\t<\/span>\r\n\r\n\t\t\t\t\t\t<div class=\"post-icons\">\r\n\t\t\t\t\t\t\t\t\t\t\t\t\t\t\t\t\t\t\t\t<\/div>\r\n\t\t\t\t\t<\/div>\r\n\t\t\t\t<\/div>\r\n\t\t\t<\/div>\r\n\r\n\t\t\t<\/div>\r\n\r\n\t\t\t<div class=\"autload-on-scroll\">\r\n\t\t\t<div class=\"text-center loading\" style=\"display: none;\">\r\n\t\t\t\t<div class=\"lds-ellipsis\"><div><\/div><div><\/div><div><\/div><div><\/div><\/div>\r\n\t\t\t<\/div>\r\n\t\t\t<form action=\"https:\/\/archive.displayeurope.eu\/wp-admin\/admin-ajax.php\" method=\"POST\" class=\"form-autoload\">\r\n\t\t\t\t<input type=\"hidden\" name=\"action\" value=\"dispeu_load_more\">\r\n\t\t\t\t\t\t\t\t\t<input type=\"hidden\" name=\"dispeu_group_id\" value=\"42976\">\r\n\t\t\t\t\t\t\t\t\t<input type=\"hidden\" name=\"dispeu_group_page\" value=\"2\">\r\n\t\t\t\t\t\t\t<\/form>\r\n\t\t<\/div>\r\n\t\r\n\n","protected":false},"excerpt":{"rendered":"","protected":false},"author":1,"featured_media":0,"parent":0,"menu_order":0,"comment_status":"closed","ping_status":"closed","template":"","meta":{"footnotes":""},"class_list":["post-16431","page","type-page","status-publish","hentry"],"_links":{"self":[{"href":"https:\/\/archive.displayeurope.eu\/tr\/wp-json\/wp\/v2\/pages\/16431","targetHints":{"allow":["GET"]}}],"collection":[{"href":"https:\/\/archive.displayeurope.eu\/tr\/wp-json\/wp\/v2\/pages"}],"about":[{"href":"https:\/\/archive.displayeurope.eu\/tr\/wp-json\/wp\/v2\/types\/page"}],"author":[{"embeddable":true,"href":"https:\/\/archive.displayeurope.eu\/tr\/wp-json\/wp\/v2\/users\/1"}],"replies":[{"embeddable":true,"href":"https:\/\/archive.displayeurope.eu\/tr\/wp-json\/wp\/v2\/comments?post=16431"}],"version-history":[{"count":1,"href":"https:\/\/archive.displayeurope.eu\/tr\/wp-json\/wp\/v2\/pages\/16431\/revisions"}],"predecessor-version":[{"id":44613,"href":"https:\/\/archive.displayeurope.eu\/tr\/wp-json\/wp\/v2\/pages\/16431\/revisions\/44613"}],"wp:attachment":[{"href":"https:\/\/archive.displayeurope.eu\/tr\/wp-json\/wp\/v2\/media?parent=16431"}],"curies":[{"name":"wp","href":"https:\/\/api.w.org\/{rel}","templated":true}]}}