{"id":36221,"date":"2024-04-17T11:55:28","date_gmt":"2024-04-17T09:55:28","guid":{"rendered":"https:\/\/archive.displayeurope.eu\/avrupa-gorusmeleri\/"},"modified":"2024-08-28T15:05:42","modified_gmt":"2024-08-28T13:05:42","slug":"avrupa-konusmalari","status":"publish","type":"page","link":"https:\/\/archive.displayeurope.eu\/tr\/avrupa-konusmalari\/","title":{"rendered":"Avrupa G\u00f6r\u00fc\u015fmeleri"},"content":{"rendered":"<style>\/*! elementor - v3.20.0 - 26-03-2024 *\/\n.elementor-heading-title{padding:0;margin:0;line-height:1}.elementor-widget-heading .elementor-heading-title[class*=elementor-size-]>a{color:inherit;font-size:inherit;line-height:inherit}.elementor-widget-heading .elementor-heading-title.elementor-size-small{font-size:15px}.elementor-widget-heading .elementor-heading-title.elementor-size-medium{font-size:19px}.elementor-widget-heading .elementor-heading-title.elementor-size-large{font-size:29px}.elementor-widget-heading .elementor-heading-title.elementor-size-xl{font-size:39px}.elementor-widget-heading .elementor-heading-title.elementor-size-xxl{font-size:59px}<\/style>\n<h2>Avrupa Konu\u015fmalar\u0131 2024 i\u00e7in kaydolun<\/h2>\n<h4>Berlin&#8217;de ilk kez oy kullanacaklar i\u00e7in Europe Talks program\u0131na kat\u0131l\u0131n!<\/h4>\n<p>18-22 ya\u015f aras\u0131 bir AB vatanda\u015f\u0131 m\u0131s\u0131n\u0131z? Yakla\u015fan AB Parlamentosu se\u00e7imlerinden \u00f6nce bir g\u00fcnl\u00fck program\u0131m\u0131za kat\u0131l\u0131n. Seyahat finansman\u0131 mevcuttur!<\/p>\n<p>\t\t\t<a href=\"https:\/\/www.mycountrytalks.org\/events\/europe-talks\/first-voters-event-berlin\" target=\"_blank\" rel=\"noopener\"><br \/>\n\t\t\t\t\t\tDaha fazla bilgi edinin<br \/>\n\t\t\t\t\t<\/a><\/p>\n","protected":false},"excerpt":{"rendered":"<p>Avrupa Konu\u015fmalar\u0131 2024 i\u00e7in kaydolun Berlin&#8217;de ilk kez oy kullanacaklar i\u00e7in Europe Talks program\u0131na kat\u0131l\u0131n! 18-22 ya\u015f aras\u0131 bir AB vatanda\u015f\u0131 m\u0131s\u0131n\u0131z? Yakla\u015fan AB Parlamentosu se\u00e7imlerinden \u00f6nce bir g\u00fcnl\u00fck program\u0131m\u0131za kat\u0131l\u0131n. Seyahat finansman\u0131 mevcuttur! Daha fazla bilgi edinin<\/p>\n","protected":false},"author":35,"featured_media":0,"parent":0,"menu_order":0,"comment_status":"closed","ping_status":"closed","template":"","meta":{"footnotes":""},"class_list":["post-36221","page","type-page","status-publish","hentry"],"_links":{"self":[{"href":"https:\/\/archive.displayeurope.eu\/tr\/wp-json\/wp\/v2\/pages\/36221","targetHints":{"allow":["GET"]}}],"collection":[{"href":"https:\/\/archive.displayeurope.eu\/tr\/wp-json\/wp\/v2\/pages"}],"about":[{"href":"https:\/\/archive.displayeurope.eu\/tr\/wp-json\/wp\/v2\/types\/page"}],"author":[{"embeddable":true,"href":"https:\/\/archive.displayeurope.eu\/tr\/wp-json\/wp\/v2\/users\/35"}],"replies":[{"embeddable":true,"href":"https:\/\/archive.displayeurope.eu\/tr\/wp-json\/wp\/v2\/comments?post=36221"}],"version-history":[{"count":1,"href":"https:\/\/archive.displayeurope.eu\/tr\/wp-json\/wp\/v2\/pages\/36221\/revisions"}],"predecessor-version":[{"id":45959,"href":"https:\/\/archive.displayeurope.eu\/tr\/wp-json\/wp\/v2\/pages\/36221\/revisions\/45959"}],"wp:attachment":[{"href":"https:\/\/archive.displayeurope.eu\/tr\/wp-json\/wp\/v2\/media?parent=36221"}],"curies":[{"name":"wp","href":"https:\/\/api.w.org\/{rel}","templated":true}]}}